{"id":559,"date":"2022-01-29T20:13:36","date_gmt":"2022-01-29T19:13:36","guid":{"rendered":"https:\/\/agora.xtec.cat\/insagmundet\/?page_id=559"},"modified":"2022-02-04T09:40:08","modified_gmt":"2022-02-04T08:40:08","slug":"eso","status":"publish","type":"page","link":"https:\/\/agora.xtec.cat\/insagmundet\/estudis\/eso\/","title":{"rendered":"ESO"},"content":{"rendered":"<header class=\"entry-header\"><img loading=\"lazy\" decoding=\"async\" class=\"aligncenter wp-image-812 \" src=\"https:\/\/agora.xtec.cat\/insagmundet\/wp-content\/uploads\/usu2223\/2022\/02\/pati-ESO-HDR-1024x510-1.jpg\" alt=\"\" width=\"473\" height=\"236\" srcset=\"https:\/\/agora.xtec.cat\/insagmundet\/wp-content\/uploads\/usu2223\/2022\/02\/pati-ESO-HDR-1024x510-1.jpg 1024w, https:\/\/agora.xtec.cat\/insagmundet\/wp-content\/uploads\/usu2223\/2022\/02\/pati-ESO-HDR-1024x510-1-300x149.jpg 300w, https:\/\/agora.xtec.cat\/insagmundet\/wp-content\/uploads\/usu2223\/2022\/02\/pati-ESO-HDR-1024x510-1-768x383.jpg 768w\" sizes=\"auto, (max-width: 473px) 100vw, 473px\" \/><\/header>\n<div class=\"entry-content\">\n<div class=\"elementor elementor-322\" data-elementor-type=\"wp-post\" data-elementor-id=\"322\" data-elementor-settings=\"[]\">\n<div class=\"elementor-inner\">\n<div class=\"elementor-section-wrap\">\n<section class=\"elementor-section elementor-top-section elementor-element elementor-element-5954df6 elementor-section-boxed elementor-section-height-default elementor-section-height-default\" data-id=\"5954df6\" data-element_type=\"section\">\n<div class=\"elementor-container elementor-column-gap-default\">\n<div class=\"elementor-row\">\n<div class=\"elementor-column elementor-col-100 elementor-top-column elementor-element elementor-element-7e959c9\" data-id=\"7e959c9\" data-element_type=\"column\">\n<div class=\"elementor-column-wrap elementor-element-populated\">\n<div class=\"elementor-widget-wrap\">\n<div class=\"elementor-image\"><\/div>\n<\/div>\n<\/div>\n<\/div>\n<\/div>\n<\/div>\n<\/section>\n<section class=\"elementor-section elementor-top-section elementor-element elementor-element-13c36c7f elementor-section-boxed elementor-section-height-default elementor-section-height-default\" data-id=\"13c36c7f\" data-element_type=\"section\">\n<div class=\"elementor-container elementor-column-gap-default\">\n<div class=\"elementor-row\">\n<div class=\"elementor-column elementor-col-100 elementor-top-column elementor-element elementor-element-7ccf621f\" data-id=\"7ccf621f\" data-element_type=\"column\">\n<div class=\"elementor-column-wrap elementor-element-populated\">\n<div class=\"elementor-widget-wrap\">\n<div class=\"elementor-element elementor-element-5742ef00 elementor-widget elementor-widget-text-editor\" data-id=\"5742ef00\" data-element_type=\"widget\" data-widget_type=\"text-editor.default\">\n<div class=\"elementor-widget-container\">\n<div class=\"elementor-text-editor elementor-clearfix\">\n<div class=\"vce-row-container\">\n<div id=\"el-bda37024\" class=\"vce-row vce-row--col-gap-30 vce-row-columns--top vce-row-content--top\" data-vce-do-apply=\"all el-bda37024\">\n<div class=\"vce-row-content\" data-vce-element-content=\"true\">\n<div id=\"el-697a59a9\" class=\"vce-col vce-col--md-100p vce-col--xs-1 vce-col--xs-last vce-col--xs-first vce-col--sm-last vce-col--sm-first vce-col--md-last vce-col--lg-last vce-col--xl-last vce-col--md-first vce-col--lg-first vce-col--xl-first\" data-vce-do-apply=\"background border el-697a59a9\">\n<div class=\"vce-col-inner\" data-vce-element-content=\"true\" data-vce-do-apply=\"padding margin el-697a59a9\">\n<div class=\"vce-shortcode\">\n<div id=\"el-4d50f8e9\" class=\"vce-shortcode-wrapper vce\" data-vce-do-apply=\"all el-4d50f8e9\">\n<p>&nbsp;<\/p>\n<div id=\"tab_container_317\">\n<div id=\"tab-content_317\" class=\"tab-content\">\n<div id=\"tabs_desc_317_1\" class=\"tab-pane in active \" role=\"tabpanel\">\n<table style=\"width: 100.174%; height: 429px;\">\n<thead>\n<tr style=\"height: 33px;\">\n<th style=\"width: 44.5957%; height: 33px;\">1r Curs<\/th>\n<th style=\"width: 140.897%; height: 33px;\">2n ESO<\/th>\n<\/tr>\n<\/thead>\n<tbody>\n<tr style=\"height: 33px;\">\n<td style=\"width: 44.5957%; height: 33px;\">Tutoria i SIA (seguiment i acompanyament ) (2h)<\/td>\n<td style=\"width: 140.897%; height: 33px;\">Tutoria i SIA (seguiment i acompanyament ) (2h)<\/td>\n<\/tr>\n<tr style=\"height: 33px;\">\n<td style=\"width: 44.5957%; height: 33px;\">Optatives: Agroecologia, rob\u00f2tica i taller esportiu (2h)<\/td>\n<td style=\"width: 140.897%; height: 33px;\">Optatives: Educaci\u00f3 per a la salut, franc\u00e8s i Our World (2h)<\/td>\n<\/tr>\n<tr style=\"height: 33px;\">\n<td style=\"width: 44.5957%; height: 33px;\">Educaci\u00f3 f\u00edsica (2h)<\/td>\n<td style=\"width: 140.897%; height: 33px;\">Educaci\u00f3 f\u00edsica (2h)<\/td>\n<\/tr>\n<tr style=\"height: 33px;\">\n<td style=\"width: 44.5957%; height: 33px;\">Educaci\u00f3 visual i pl\u00e0stica (2h)<\/td>\n<td style=\"width: 140.897%; height: 33px;\"><span style=\"background-color: #ffffff;\">Tecnologia (2h)<\/span><\/td>\n<\/tr>\n<tr style=\"height: 33px;\">\n<td style=\"width: 44.5957%; height: 33px;\">Tecnologia (2h)<\/td>\n<td style=\"width: 140.897%; height: 33px;\"><span style=\"background-color: #f9f9f9;\">M\u00fasica (2h)<\/span><\/td>\n<\/tr>\n<tr style=\"height: 33px;\">\n<td style=\"width: 44.5957%; height: 33px;\">M\u00fasica (2h)<\/td>\n<td style=\"width: 140.897%; height: 33px;\"><span style=\"background-color: #ffffff;\">Matem\u00e0tiques (4h)<\/span><\/td>\n<\/tr>\n<tr style=\"height: 33px;\">\n<td style=\"width: 44.5957%; height: 33px;\">Matem\u00e0tiques (3h)<\/td>\n<td style=\"width: 140.897%; height: 33px;\"><span style=\"background-color: #f9f9f9;\">Llengua i literatura catalana (3h)<\/span><\/td>\n<\/tr>\n<tr style=\"height: 33px;\">\n<td style=\"width: 44.5957%; height: 33px;\"><span style=\"background-color: #f9f9f9;\">Llengua i literatura catalana (3h)<\/span><\/td>\n<td style=\"width: 140.897%; height: 33px;\"><span style=\"background-color: #ffffff;\">Llengua i literatura castellana (3h)<\/span><\/td>\n<\/tr>\n<tr style=\"height: 33px;\">\n<td style=\"width: 44.5957%; height: 33px;\"><span style=\"background-color: #ffffff;\">Llengua i literatura castellana (3h)<\/span><\/td>\n<td style=\"width: 140.897%; height: 33px;\"><span style=\"background-color: #f9f9f9;\">Llengua anglesa (4h)<\/span><\/td>\n<\/tr>\n<tr style=\"height: 33px;\">\n<td style=\"width: 44.5957%; height: 33px;\">Llengua anglesa (3h)<\/td>\n<td style=\"width: 140.897%; height: 33px;\"><span style=\"background-color: #ffffff;\">Ci\u00e8ncies socials (3h)<\/span><\/td>\n<\/tr>\n<tr style=\"height: 33px;\">\n<td style=\"width: 44.5957%; height: 33px;\">Ci\u00e8ncies socials (3h)<\/td>\n<td style=\"width: 140.897%; height: 33px;\"><span style=\"background-color: #f9f9f9;\">Ci\u00e8ncies naturals (3h)<\/span><\/td>\n<\/tr>\n<tr style=\"height: 33px;\">\n<td style=\"width: 44.5957%; height: 33px;\">Ci\u00e8ncies naturals (3h)<\/td>\n<td style=\"width: 140.897%; height: 33px;\"><\/td>\n<\/tr>\n<\/tbody>\n<\/table>\n<table style=\"border-collapse: collapse; width: 100%;\">\n<tbody>\n<tr style=\"height: 33px;\">\n<th style=\"width: 44.7117%; height: 33px; text-align: left;\">3r Curs<\/th>\n<th style=\"width: 135.711%; height: 33px; text-align: left;\">4t ESO<\/th>\n<\/tr>\n<tr style=\"height: 33px;\">\n<td style=\"width: 44.7117%; height: 33px;\">Tutoria i SIA (seguiment i acompanyament ) (2h)<\/td>\n<td style=\"width: 135.711%; height: 33px;\">Tutoria i SIA (seguiment i acompanyament ) (2h)<\/td>\n<\/tr>\n<tr style=\"height: 33px;\">\n<td style=\"width: 44.7117%; height: 33px;\">Optatives: franc\u00e8s, cultura cl\u00e0ssica,\u00a0 rob\u00f2tica i salut i esport (2h)<\/td>\n<td style=\"width: 135.711%; height: 33px;\">Espec\u00edfiques: educaci\u00f3 visual i pl\u00e0stica, m\u00fasica, tecnologia, inform\u00e0tica, franc\u00e8s, llat\u00ed, f\u00edsica i qu\u00edmica, biologia i geologia, ecomomia (9h)<\/td>\n<\/tr>\n<tr style=\"height: 33px;\">\n<td style=\"width: 44.7117%; height: 33px;\"><\/td>\n<td style=\"width: 135.711%; height: 33px;\">Educaci\u00f3 f\u00edsica (2h)<\/td>\n<\/tr>\n<tr style=\"height: 33px;\">\n<td style=\"width: 44.7117%; height: 33px;\">Educaci\u00f3 visual i pl\u00e0stica (2h)<\/td>\n<td style=\"width: 135.711%; height: 33px;\">Matem\u00e0tiques (4h)<\/td>\n<\/tr>\n<tr style=\"height: 33px;\">\n<td style=\"width: 44.7117%; height: 33px;\">Tecnologia (2h)<\/td>\n<td style=\"width: 135.711%; height: 33px;\">Llengua i literatura catalana (3h)<\/td>\n<\/tr>\n<tr style=\"height: 33px;\">\n<td style=\"width: 44.7117%; height: 33px;\"><span style=\"background-color: #f9f9f9;\">Matem\u00e0tiques (4h)<\/span><\/td>\n<td style=\"width: 135.711%; height: 33px;\">Llengua i literatura castellana (3h)<\/td>\n<\/tr>\n<tr style=\"height: 33px;\">\n<td style=\"width: 44.7117%; height: 33px;\">Llengua i literatura catalana (3h)<\/td>\n<td style=\"width: 135.711%; height: 33px;\">Llengua anglesa (3h)<\/td>\n<\/tr>\n<tr style=\"height: 33px;\">\n<td style=\"width: 44.7117%; height: 33px;\">Llengua i literatura castellana (3h)<\/td>\n<td style=\"width: 135.711%; height: 33px;\">Ci\u00e8ncies socials (3h)<\/td>\n<\/tr>\n<tr style=\"height: 33px;\">\n<td style=\"width: 44.7117%; height: 33px;\"><span style=\"background-color: #ffffff;\">Llengua anglesa (3h)<\/span><\/td>\n<td style=\"width: 135.711%; height: 33px;\">Aprenentatge i servei comunitari (1h)<\/td>\n<\/tr>\n<tr style=\"height: 33px;\">\n<td style=\"width: 44.7117%; height: 33px;\"><span style=\"background-color: #f9f9f9;\">Ci\u00e8ncies socials (3h)<\/span><\/td>\n<td style=\"width: 135.711%; height: 33px;\"><\/td>\n<\/tr>\n<tr style=\"height: 33px;\">\n<td style=\"width: 44.7117%; height: 33px;\"><span style=\"background-color: #ffffff;\">Biologia i geologia (2h)<\/span><\/td>\n<td style=\"width: 135.711%; height: 33px;\"><\/td>\n<\/tr>\n<tr style=\"height: 33px;\">\n<td style=\"width: 44.7117%; height: 33px;\">F\u00edsica i qu\u00edmica (2h)<\/td>\n<td style=\"width: 135.711%; height: 33px;\"><\/td>\n<\/tr>\n<\/tbody>\n<\/table>\n<\/div>\n<\/div>\n<\/div>\n<\/div>\n<\/div>\n<\/div>\n<\/div>\n<\/div>\n<\/div>\n<\/div>\n<div class=\"vce-row-container\"><\/div>\n<div class=\"vce-row-container\">\n<div id=\"el-bdad5fca\" class=\"vce-row vce-row--col-gap-30 vce-row-columns--top vce-row-content--top\" data-vce-do-apply=\"all el-bdad5fca\">\n<div class=\"vce-row-content\" data-vce-element-content=\"true\">\n<div id=\"el-562a754d\" class=\"vce-col vce-col--md-100p vce-col--xs-1 vce-col--xs-last vce-col--xs-first vce-col--sm-last vce-col--sm-first vce-col--md-last vce-col--lg-last vce-col--xl-last vce-col--md-first vce-col--lg-first vce-col--xl-first\" data-vce-do-apply=\"background border el-562a754d\">\n<div class=\"vce-col-inner\" data-vce-element-content=\"true\" data-vce-do-apply=\"padding margin el-562a754d\">\n<div class=\"vce-text-block\">\n<div id=\"el-f77019c4\" class=\"vce-text-block-wrapper vce\" data-vce-do-apply=\"all el-f77019c4\">\n<div>\n<p>&nbsp;<\/p>\n<\/div>\n<\/div>\n<\/div>\n<\/div>\n<\/div>\n<\/div>\n<\/div>\n<\/div>\n<\/div>\n<\/div>\n<\/div>\n<\/div>\n<\/div>\n<\/div>\n<\/div>\n<\/div>\n<\/section>\n<\/div>\n<\/div>\n<\/div>\n<\/div>\n","protected":false},"excerpt":{"rendered":"<p>&nbsp;<\/p>\n<p>1r Curs<br \/>\n2n ESO<\/p>\n<p>Tutoria i SIA (seguiment i acompanyament ) (2h)<br \/>\nTutoria i SIA (seguiment i acompanyament ) (2h)<\/p>\n<p>Optatives: Agroecologia, rob\u00f2tica i taller esportiu (2h)<br \/>\nOptatives: Educaci\u00f3 per a la salut, franc\u00e8s i Our World (2h)<\/p>\n<p>Educaci\u00f3 f\u00edsica (2h)<br \/>\nEducaci\u00f3 f\u00edsica (2h)<\/p>\n<p>Educaci\u00f3 visual i pl\u00e0stica (2h)<br \/>\nTecnologia (2h)<\/p>\n<p>Tecnologia (2h)<br \/>\nM\u00fasica (2h)<\/p>\n<p>M\u00fasica (2h)<br \/>\nMatem\u00e0tiques&hellip;  <a href=\"https:\/\/agora.xtec.cat\/insagmundet\/estudis\/eso\/\" title=\"Read ESO\">Llegeix m\u00e9s\u00bb<\/a><\/p>\n","protected":false},"author":1,"featured_media":0,"parent":195,"menu_order":0,"comment_status":"closed","ping_status":"closed","template":"page-templates\/side-menu.php","meta":{"_bbp_topic_count":0,"_bbp_reply_count":0,"_bbp_total_topic_count":0,"_bbp_total_reply_count":0,"_bbp_voice_count":0,"_bbp_anonymous_reply_count":0,"_bbp_topic_count_hidden":0,"_bbp_reply_count_hidden":0,"_bbp_forum_subforum_count":0,"footnotes":""},"class_list":["post-559","page","type-page","status-publish","hentry"],"post_mailing_queue_ids":[],"_links":{"self":[{"href":"https:\/\/agora.xtec.cat\/insagmundet\/wp-json\/wp\/v2\/pages\/559","targetHints":{"allow":["GET"]}}],"collection":[{"href":"https:\/\/agora.xtec.cat\/insagmundet\/wp-json\/wp\/v2\/pages"}],"about":[{"href":"https:\/\/agora.xtec.cat\/insagmundet\/wp-json\/wp\/v2\/types\/page"}],"author":[{"embeddable":true,"href":"https:\/\/agora.xtec.cat\/insagmundet\/wp-json\/wp\/v2\/users\/1"}],"replies":[{"embeddable":true,"href":"https:\/\/agora.xtec.cat\/insagmundet\/wp-json\/wp\/v2\/comments?post=559"}],"version-history":[{"count":4,"href":"https:\/\/agora.xtec.cat\/insagmundet\/wp-json\/wp\/v2\/pages\/559\/revisions"}],"predecessor-version":[{"id":865,"href":"https:\/\/agora.xtec.cat\/insagmundet\/wp-json\/wp\/v2\/pages\/559\/revisions\/865"}],"up":[{"embeddable":true,"href":"https:\/\/agora.xtec.cat\/insagmundet\/wp-json\/wp\/v2\/pages\/195"}],"wp:attachment":[{"href":"https:\/\/agora.xtec.cat\/insagmundet\/wp-json\/wp\/v2\/media?parent=559"}],"curies":[{"name":"wp","href":"https:\/\/api.w.org\/{rel}","templated":true}]}}