{"id":552,"date":"2022-01-29T20:04:55","date_gmt":"2022-01-29T19:04:55","guid":{"rendered":"https:\/\/agora.xtec.cat\/insagmundet\/?page_id=552"},"modified":"2022-12-19T11:11:39","modified_gmt":"2022-12-19T10:11:39","slug":"politica-de-qualitat","status":"publish","type":"page","link":"https:\/\/agora.xtec.cat\/insagmundet\/projecte-educatiu\/politica-de-qualitat\/","title":{"rendered":"Pol\u00edtica de Qualitat"},"content":{"rendered":"<p>Podeu consultar l&#8217;arxiu clicant el seg\u00fcent enlla\u00e7:<\/p>\n<p><a href=\"https:\/\/agora.xtec.cat\/insagmundet\/wp-content\/uploads\/usu2223\/2022\/12\/Politica-qualitat-3.pdf\">Pol\u00edtica de Q<\/a><a href=\"https:\/\/agora.xtec.cat\/insagmundet\/wp-content\/uploads\/usu2223\/2022\/12\/Politica-qualitat-3.pdf\">ualitat<\/a><\/p>\n","protected":false},"excerpt":{"rendered":"<p>Podeu consultar l&#8217;arxiu clicant el seg\u00fcent enlla\u00e7:<br \/>\n<a href=\"https:\/\/agora.xtec.cat\/insagmundet\/wp-content\/uploads\/usu2223\/2022\/12\/Politica-qualitat-3.pdf\">Pol\u00edtica de Q<\/a><a href=\"https:\/\/agora.xtec.cat\/insagmundet\/wp-content\/uploads\/usu2223\/2022\/12\/Politica-qualitat-3.pdf\">ualitat<\/a><\/p>\n","protected":false},"author":1,"featured_media":0,"parent":57,"menu_order":60,"comment_status":"closed","ping_status":"closed","template":"page-templates\/side-menu.php","meta":{"_bbp_topic_count":0,"_bbp_reply_count":0,"_bbp_total_topic_count":0,"_bbp_total_reply_count":0,"_bbp_voice_count":0,"_bbp_anonymous_reply_count":0,"_bbp_topic_count_hidden":0,"_bbp_reply_count_hidden":0,"_bbp_forum_subforum_count":0,"footnotes":""},"class_list":["post-552","page","type-page","status-publish","hentry"],"post_mailing_queue_ids":[],"_links":{"self":[{"href":"https:\/\/agora.xtec.cat\/insagmundet\/wp-json\/wp\/v2\/pages\/552","targetHints":{"allow":["GET"]}}],"collection":[{"href":"https:\/\/agora.xtec.cat\/insagmundet\/wp-json\/wp\/v2\/pages"}],"about":[{"href":"https:\/\/agora.xtec.cat\/insagmundet\/wp-json\/wp\/v2\/types\/page"}],"author":[{"embeddable":true,"href":"https:\/\/agora.xtec.cat\/insagmundet\/wp-json\/wp\/v2\/users\/1"}],"replies":[{"embeddable":true,"href":"https:\/\/agora.xtec.cat\/insagmundet\/wp-json\/wp\/v2\/comments?post=552"}],"version-history":[{"count":3,"href":"https:\/\/agora.xtec.cat\/insagmundet\/wp-json\/wp\/v2\/pages\/552\/revisions"}],"predecessor-version":[{"id":1199,"href":"https:\/\/agora.xtec.cat\/insagmundet\/wp-json\/wp\/v2\/pages\/552\/revisions\/1199"}],"up":[{"embeddable":true,"href":"https:\/\/agora.xtec.cat\/insagmundet\/wp-json\/wp\/v2\/pages\/57"}],"wp:attachment":[{"href":"https:\/\/agora.xtec.cat\/insagmundet\/wp-json\/wp\/v2\/media?parent=552"}],"curies":[{"name":"wp","href":"https:\/\/api.w.org\/{rel}","templated":true}]}}