{"id":49,"date":"2014-09-17T16:55:55","date_gmt":"2014-09-17T14:55:55","guid":{"rendered":"http:\/\/agora.xtec.cat\/insagmundet\/?page_id=49"},"modified":"2024-12-02T12:25:14","modified_gmt":"2024-12-02T11:25:14","slug":"normes-dorganitzacio-i-funcionament","status":"publish","type":"page","link":"https:\/\/agora.xtec.cat\/insagmundet\/projecte-educatiu\/normes-dorganitzacio-i-funcionament\/","title":{"rendered":"Normes d&#8217;Organitzaci\u00f3 i Funcionament de Centre (NOFC)"},"content":{"rendered":"<p><a href=\"https:\/\/drive.google.com\/file\/d\/1bDXocVNNLdlB7XFDjzvdll-fA-JL0zyL\/view?usp=sharing\">Introducci\u00f3, objectius generals, aprovaci\u00f3 i revisi\u00f3<\/a><\/p>\n<p><a href=\"https:\/\/drive.google.com\/file\/d\/1rhSJfrZY0fAH0fWrHdmUhVU7OEYD3Ded\/view?usp=drive_link\">De la conviv\u00e8ncia en el centre<\/a><\/p>\n<p><a href=\"https:\/\/drive.google.com\/file\/d\/1hRFaPWFoR4IFtHWUgwHMYPMo_yvdQfSB\/view?usp=sharing\">Col\u00b7laboraci\u00f3 i participaci\u00f3 dels sectors de la comunitat escolar<\/a><\/p>\n<p><a href=\"https:\/\/drive.google.com\/file\/d\/1jGVKlFu15ZXXATU-Tzu3nxLrstK8oObM\/view?usp=sharing\">Funcionament del centre<\/a><\/p>\n<p><a href=\"https:\/\/drive.google.com\/file\/d\/1UjYAQdm_qUKBYO28QWJmYaageAGfI8rw\/view?usp=sharing\">Estructura organitzativa de govern i de coordinaci\u00f3 del centre<\/a><\/p>\n<p><a href=\"https:\/\/drive.google.com\/file\/d\/14isGiCoAprN2zW83xjMDn9wzJ1WalzHM\/view?usp=sharing\">Organitzaci\u00f3 del centre<\/a><\/p>\n<p><a href=\"https:\/\/drive.google.com\/file\/d\/12FsuuZ6C9QQLpipBsiq6h9PTkIdpyBlh\/view?usp=drive_link\">Normes de funcionament del personal de la comunitat educativa<\/a><\/p>\n","protected":false},"excerpt":{"rendered":"<p><a href=\"https:\/\/drive.google.com\/file\/d\/1bDXocVNNLdlB7XFDjzvdll-fA-JL0zyL\/view?usp=sharing\">Introducci\u00f3, objectius generals, aprovaci\u00f3 i revisi\u00f3<\/a><br \/>\n<a href=\"https:\/\/drive.google.com\/file\/d\/1rhSJfrZY0fAH0fWrHdmUhVU7OEYD3Ded\/view?usp=drive_link\">De la conviv\u00e8ncia en el centre<\/a><br \/>\n<a href=\"https:\/\/drive.google.com\/file\/d\/1hRFaPWFoR4IFtHWUgwHMYPMo_yvdQfSB\/view?usp=sharing\">Col\u00b7laboraci\u00f3 i participaci\u00f3 dels sectors de la comunitat escolar<\/a><br \/>\n<a href=\"https:\/\/drive.google.com\/file\/d\/1jGVKlFu15ZXXATU-Tzu3nxLrstK8oObM\/view?usp=sharing\">Funcionament del centre<\/a><br \/>\n<a href=\"https:\/\/drive.google.com\/file\/d\/1UjYAQdm_qUKBYO28QWJmYaageAGfI8rw\/view?usp=sharing\">Estructura organitzativa de govern i de coordinaci\u00f3 del centre<\/a><br \/>\n<a href=\"https:\/\/drive.google.com\/file\/d\/14isGiCoAprN2zW83xjMDn9wzJ1WalzHM\/view?usp=sharing\">Organitzaci\u00f3 del centre<\/a><br \/>\n<a href=\"https:\/\/drive.google.com\/file\/d\/12FsuuZ6C9QQLpipBsiq6h9PTkIdpyBlh\/view?usp=drive_link\">Normes de funcionament del personal de la comunitat&hellip;  <a href=\"https:\/\/agora.xtec.cat\/insagmundet\/projecte-educatiu\/normes-dorganitzacio-i-funcionament\/\" title=\"Read Normes d&#8217;Organitzaci\u00f3 i Funcionament de Centre (NOFC)\">Llegeix m\u00e9s\u00bb<\/a><\/p>\n","protected":false},"author":1,"featured_media":0,"parent":57,"menu_order":10,"comment_status":"closed","ping_status":"closed","template":"page-templates\/side-menu.php","meta":{"_bbp_topic_count":0,"_bbp_reply_count":0,"_bbp_total_topic_count":0,"_bbp_total_reply_count":0,"_bbp_voice_count":0,"_bbp_anonymous_reply_count":0,"_bbp_topic_count_hidden":0,"_bbp_reply_count_hidden":0,"_bbp_forum_subforum_count":0,"footnotes":""},"class_list":["post-49","page","type-page","status-publish","hentry"],"post_mailing_queue_ids":[],"_links":{"self":[{"href":"https:\/\/agora.xtec.cat\/insagmundet\/wp-json\/wp\/v2\/pages\/49","targetHints":{"allow":["GET"]}}],"collection":[{"href":"https:\/\/agora.xtec.cat\/insagmundet\/wp-json\/wp\/v2\/pages"}],"about":[{"href":"https:\/\/agora.xtec.cat\/insagmundet\/wp-json\/wp\/v2\/types\/page"}],"author":[{"embeddable":true,"href":"https:\/\/agora.xtec.cat\/insagmundet\/wp-json\/wp\/v2\/users\/1"}],"replies":[{"embeddable":true,"href":"https:\/\/agora.xtec.cat\/insagmundet\/wp-json\/wp\/v2\/comments?post=49"}],"version-history":[{"count":7,"href":"https:\/\/agora.xtec.cat\/insagmundet\/wp-json\/wp\/v2\/pages\/49\/revisions"}],"predecessor-version":[{"id":2054,"href":"https:\/\/agora.xtec.cat\/insagmundet\/wp-json\/wp\/v2\/pages\/49\/revisions\/2054"}],"up":[{"embeddable":true,"href":"https:\/\/agora.xtec.cat\/insagmundet\/wp-json\/wp\/v2\/pages\/57"}],"wp:attachment":[{"href":"https:\/\/agora.xtec.cat\/insagmundet\/wp-json\/wp\/v2\/media?parent=49"}],"curies":[{"name":"wp","href":"https:\/\/api.w.org\/{rel}","templated":true}]}}