{"id":43,"date":"2014-09-17T16:45:07","date_gmt":"2014-09-17T14:45:07","guid":{"rendered":"http:\/\/agora.xtec.cat\/insagmundet\/?page_id=43"},"modified":"2026-03-06T13:59:53","modified_gmt":"2026-03-06T12:59:53","slug":"consell-escolar","status":"publish","type":"page","link":"https:\/\/agora.xtec.cat\/insagmundet\/linstitut\/consell-escolar\/","title":{"rendered":"Consell escolar"},"content":{"rendered":"<table style=\"border-collapse: collapse; width: 100%; height: 534px;\">\n<tbody>\n<tr style=\"height: 32px;\">\n<td style=\"width: 35.0377%; height: 32px;\" data-sheets-value=\"{&quot;1&quot;:2,&quot;2&quot;:&quot;Presidenta&quot;}\">Presidenta<\/td>\n<td style=\"width: 64.8967%; height: 32px;\" data-sheets-value=\"{&quot;1&quot;:2,&quot;2&quot;:&quot;Miriam Go\u00f1i Mart\u00ednez&quot;}\"><strong>Miriam Go\u00f1i Mart\u00ednez<\/strong><\/td>\n<\/tr>\n<tr style=\"height: 32px;\">\n<td style=\"width: 35.0377%; height: 32px;\" data-sheets-value=\"{&quot;1&quot;:2,&quot;2&quot;:&quot;Cap d'estudis&quot;}\">Cap d&#8217;estudis<\/td>\n<td style=\"width: 64.8967%; height: 32px;\" data-sheets-value=\"{&quot;1&quot;:2,&quot;2&quot;:&quot;Maria Ter\u00e1n Masa&quot;}\"><strong>Maria Ter\u00e1n Masa<\/strong><\/td>\n<\/tr>\n<tr style=\"height: 32px;\">\n<td style=\"width: 35.0377%; height: 32px;\" data-sheets-value=\"{&quot;1&quot;:2,&quot;2&quot;:&quot;Secretari acad\u00e8mic&quot;}\">Secretari acad\u00e8mic<\/td>\n<td style=\"width: 64.8967%; height: 32px;\" data-sheets-value=\"{&quot;1&quot;:2,&quot;2&quot;:&quot;Jes\u00fas Alcaraz i Casademunt&quot;}\"><strong>Jes\u00fas Alcaraz Casademunt<\/strong><\/td>\n<\/tr>\n<tr style=\"height: 32px;\">\n<td style=\"width: 35.0377%; height: 192px;\" rowspan=\"6\" data-sheets-value=\"{&quot;1&quot;:2,&quot;2&quot;:&quot;Representants del claustre&quot;}\">\n<div>Representants del claustre<\/div>\n<\/td>\n<td style=\"width: 64.8967%; height: 32px;\" data-sheets-value=\"{&quot;1&quot;:2,&quot;2&quot;:&quot;Sergio De Blas Pe\u00f1a&quot;}\"><strong>Amparo Molina Romero<\/strong>, professora de la fam\u00edlia de t\u00e8xtil-moda<\/td>\n<\/tr>\n<tr style=\"height: 32px;\">\n<td style=\"width: 64.8967%; height: 32px;\" data-sheets-value=\"{&quot;1&quot;:2,&quot;2&quot;:&quot;Esther Domingo Olaria&quot;}\"><strong>Juli\u00e1n Moreno Mantas<\/strong>, professor de la fam\u00edlia d&#8217;electricitat i electr\u00f2nica<\/td>\n<\/tr>\n<tr style=\"height: 32px;\">\n<td style=\"width: 64.8967%; height: 32px;\" data-sheets-value=\"{&quot;1&quot;:2,&quot;2&quot;:&quot;Carlos Garc\u00eda Calvo&quot;}\"><b>Laura Villar Assens<\/b>, professora de la fam\u00edlia de t\u00e8xtil-moda<\/td>\n<\/tr>\n<tr style=\"height: 32px;\">\n<td style=\"width: 64.8967%; height: 32px;\" data-sheets-value=\"{&quot;1&quot;:2,&quot;2&quot;:&quot;Jordi Mogas Segu\u00ed&quot;}\"><b>Merl\u00edn Fontana Mart\u00edn<\/b>, professor de l&#8217;\u00e0mbit de lleng\u00fces<\/td>\n<\/tr>\n<tr style=\"height: 32px;\">\n<td style=\"width: 64.8967%; height: 32px;\" data-sheets-value=\"{&quot;1&quot;:2,&quot;2&quot;:&quot;Maria Mart\u00ed Vilavella&quot;}\"><b>Mar\u00eda Jos\u00e9 Copons Gallo<\/b>, professora de la fam\u00edlia de t\u00e8xtil-moda<\/td>\n<\/tr>\n<tr style=\"height: 32px;\">\n<td style=\"width: 64.8967%; height: 32px;\" data-sheets-value=\"{&quot;1&quot;:2,&quot;2&quot;:&quot;Santi Ventura Mensa&quot;}\"><b>N\u00faria Varella Forcada<\/b>, professora de la fam\u00edlia de t\u00e8xtil-moda<\/td>\n<\/tr>\n<tr style=\"height: 32px;\">\n<td style=\"width: 35.0377%; height: 64px; background-color: #ffffff;\" rowspan=\"2\" data-sheets-value=\"{&quot;1&quot;:2,&quot;2&quot;:&quot;Representants de les fam\u00edlies&quot;}\">\n<div>Representants de les fam\u00edlies<\/div>\n<\/td>\n<td style=\"width: 64.8967%; height: 32px;\" data-sheets-value=\"{&quot;1&quot;:2,&quot;2&quot;:&quot;Francisca Mart\u00edn Almendros&quot;}\"><b>Ainhoa Fontana Cassado<\/b><\/td>\n<\/tr>\n<tr style=\"height: 32px;\">\n<td style=\"width: 64.8967%; height: 32px;\" data-sheets-value=\"{&quot;1&quot;:2,&quot;2&quot;:&quot;Esther Nieto Ortiz&quot;}\"><b>Raquel Mart\u00edn Pe\u00f1a<\/b><\/td>\n<\/tr>\n<tr style=\"height: 32px;\">\n<td style=\"width: 35.0377%; height: 32px;\" data-sheets-value=\"{&quot;1&quot;:2,&quot;2&quot;:&quot;Representants de l'AMPA&quot;}\">Representants de l&#8217;AMPA<\/td>\n<td style=\"width: 64.8967%; height: 32px;\" data-sheets-value=\"{&quot;1&quot;:2,&quot;2&quot;:&quot;Sandra S\u00e1nchez Palacios&quot;}\"><strong>P\u00edo Mart\u00edn Gonz\u00e1lez<\/strong><\/td>\n<\/tr>\n<tr style=\"height: 32px;\">\n<td style=\"width: 35.0377%; height: 32px;\" data-sheets-value=\"{&quot;1&quot;:2,&quot;2&quot;:&quot;Representant del PAS&quot;}\">Representant del PAS<\/td>\n<td style=\"width: 64.8967%; height: 32px;\" data-sheets-value=\"{&quot;1&quot;:2,&quot;2&quot;:&quot;Luc\u00eda Albarr\u00e1n Romero&quot;}\"><strong>Luc\u00eda Albarr\u00e1n Romero<\/strong><\/td>\n<\/tr>\n<tr style=\"height: 32px;\">\n<td style=\"width: 35.0377%; height: 32px;\" data-sheets-value=\"{&quot;1&quot;:2,&quot;2&quot;:&quot;Representant de l'Ajuntament de Barcelona&quot;}\">Representant de l&#8217;Ajuntament de Barcelona<\/td>\n<td style=\"width: 64.8967%; height: 32px;\" data-sheets-value=\"{&quot;1&quot;:2,&quot;2&quot;:&quot;Montserrat Clotet Sensada&quot;}\"><b>Elisa Regueiro Ant\u00f3n<\/b><\/td>\n<\/tr>\n<tr style=\"height: 32px;\">\n<td style=\"width: 35.0377%; height: 86px;\" rowspan=\"3\" data-sheets-value=\"{&quot;1&quot;:2,&quot;2&quot;:&quot;Representants de l'alumnat&quot;}\">\n<div>Representants de l&#8217;alumnat<\/div>\n<div><\/div>\n<\/td>\n<td style=\"width: 64.8967%; height: 44px;\" data-sheets-value=\"{&quot;1&quot;:2,&quot;2&quot;:&quot;Lincoln Alvarado Arreaga&quot;}\"><b>Oscar Hemu Moreno Borr\u00e1s <\/b>alumne de 1r CFGS Patronatge<\/td>\n<\/tr>\n<tr style=\"height: 32.5px;\">\n<td style=\"width: 64.8967%; height: 10px;\" data-sheets-value=\"{&quot;1&quot;:2,&quot;2&quot;:&quot;Luc\u00eda Zambrano&quot;}\"><b>Natalia Lumbreras Su\u00e1rez <\/b>alumne de 3r ESO<\/td>\n<\/tr>\n<tr style=\"height: 32px;\">\n<td style=\"width: 64.8967%; height: 32px;\"><b>Natalia Lumbreras Su\u00e1rez <\/b>alumne de 3r ESO<\/td>\n<\/tr>\n<\/tbody>\n<\/table>\n","protected":false},"excerpt":{"rendered":"<p>Presidenta<br \/>\nMiriam Go\u00f1i Mart\u00ednez<\/p>\n<p>Cap d&#8217;estudis<br \/>\nMaria Ter\u00e1n Masa<\/p>\n<p>Secretari acad\u00e8mic<br \/>\nJes\u00fas Alcaraz Casademunt<\/p>\n<p>Representants del claustre<\/p>\n<p>Amparo Molina Romero, professora de la fam\u00edlia de t\u00e8xtil-moda<\/p>\n<p>Juli\u00e1n Moreno Mantas, professor de la fam\u00edlia d&#8217;electricitat i electr\u00f2nica<\/p>\n<p>Laura Villar Assens, professora de la fam\u00edlia de t\u00e8xtil-moda<\/p>\n<p>Merl\u00edn Fontana Mart\u00edn, professor de l&#8217;\u00e0mbit de lleng\u00fces<\/p>\n<p>Mar\u00eda Jos\u00e9 Copons&hellip;  <a href=\"https:\/\/agora.xtec.cat\/insagmundet\/linstitut\/consell-escolar\/\" title=\"Read Consell escolar\">Llegeix m\u00e9s\u00bb<\/a><\/p>\n","protected":false},"author":1,"featured_media":0,"parent":19,"menu_order":28,"comment_status":"closed","ping_status":"closed","template":"page-templates\/side-menu.php","meta":{"_bbp_topic_count":0,"_bbp_reply_count":0,"_bbp_total_topic_count":0,"_bbp_total_reply_count":0,"_bbp_voice_count":0,"_bbp_anonymous_reply_count":0,"_bbp_topic_count_hidden":0,"_bbp_reply_count_hidden":0,"_bbp_forum_subforum_count":0,"footnotes":""},"class_list":["post-43","page","type-page","status-publish","hentry"],"post_mailing_queue_ids":[],"_links":{"self":[{"href":"https:\/\/agora.xtec.cat\/insagmundet\/wp-json\/wp\/v2\/pages\/43","targetHints":{"allow":["GET"]}}],"collection":[{"href":"https:\/\/agora.xtec.cat\/insagmundet\/wp-json\/wp\/v2\/pages"}],"about":[{"href":"https:\/\/agora.xtec.cat\/insagmundet\/wp-json\/wp\/v2\/types\/page"}],"author":[{"embeddable":true,"href":"https:\/\/agora.xtec.cat\/insagmundet\/wp-json\/wp\/v2\/users\/1"}],"replies":[{"embeddable":true,"href":"https:\/\/agora.xtec.cat\/insagmundet\/wp-json\/wp\/v2\/comments?post=43"}],"version-history":[{"count":6,"href":"https:\/\/agora.xtec.cat\/insagmundet\/wp-json\/wp\/v2\/pages\/43\/revisions"}],"predecessor-version":[{"id":2355,"href":"https:\/\/agora.xtec.cat\/insagmundet\/wp-json\/wp\/v2\/pages\/43\/revisions\/2355"}],"up":[{"embeddable":true,"href":"https:\/\/agora.xtec.cat\/insagmundet\/wp-json\/wp\/v2\/pages\/19"}],"wp:attachment":[{"href":"https:\/\/agora.xtec.cat\/insagmundet\/wp-json\/wp\/v2\/media?parent=43"}],"curies":[{"name":"wp","href":"https:\/\/api.w.org\/{rel}","templated":true}]}}