{"id":39,"date":"2014-09-17T16:36:44","date_gmt":"2014-09-17T14:36:44","guid":{"rendered":"http:\/\/agora.xtec.cat\/insagmundet\/?page_id=39"},"modified":"2022-02-07T08:52:04","modified_gmt":"2022-02-07T07:52:04","slug":"instal%c2%b7lacions","status":"publish","type":"page","link":"https:\/\/agora.xtec.cat\/insagmundet\/linstitut\/instal%c2%b7lacions\/","title":{"rendered":"Instal\u00b7lacions"},"content":{"rendered":"<p>L\u2019INS est\u00e0 situat en els l\u00edmits del Parc Natural de Collserola.<\/p>\n<p>El Recinte de Mundet, s\u2019est\u00e0 convertint, cada cop m\u00e9s, en un referent educatiu de la Ciutat.<\/p>\n<p>Aix\u00f2 fa, que hi hagi for\u00e7a serveis que s\u00f3n a l\u2019abast dels nostres estudiants:<\/p>\n<p><img decoding=\"async\" src=\"https:\/\/agmundet.es\/wp-content\/uploads\/2019\/08\/1-1024x680.jpg\" \/><\/p>\n<p>Transports:<\/p>\n<p>Metro: L3 Mundet \u2013 Autobusos: 27, 60, H4, 76<br \/>\nTransport Intern Gratu\u00eft<\/p>\n<p>Jardins P\u00fablics amb esp\u00e8cies catalogades:<\/p>\n<p><img decoding=\"async\" src=\"https:\/\/agmundet.es\/wp-content\/uploads\/2019\/08\/RotondaEscaleras-1024x680.jpg\" \/><\/p>\n<p><img decoding=\"async\" src=\"https:\/\/agmundet.es\/wp-content\/uploads\/2019\/08\/LaberintoMundet2.jpg\" \/><\/p>\n<p>Instal\u00b7lacions poliesportives a l\u2019aire lliure.<\/p>\n<p><iframe loading=\"lazy\" style=\"border: 0;\" src=\"https:\/\/www.google.com\/maps\/embed?pb=!4v1643503356830!6m8!1m7!1sCAoSLEFGMVFpcE1ZNEpTTXVTUklTaFZpOTlZWHBVRlFfOUNYNUt0TTd3SkV0SW8z!2m2!1d41.437044038883!2d2.1435097210516!3f278.469482421875!4f0!5f0.7820865974627469\" width=\"600\" height=\"450\" allowfullscreen=\"allowfullscreen\"><\/iframe><\/p>\n<p>Instal\u00b7lacions poliesportives cobertes<\/p>\n<p><img decoding=\"async\" src=\"https:\/\/agmundet.es\/wp-content\/uploads\/2019\/08\/prueba.png\" \/><\/p>\n<p>Biblioteca<\/p>\n<p><iframe loading=\"lazy\" style=\"border: 0;\" src=\"https:\/\/www.google.com\/maps\/embed?pb=!4v1643503430270!6m8!1m7!1sCAoSLEFGMVFpcE0yWUVVX3dFTzVZbDVtejF1eTB5c3B4djNaSDlNWC1GbjVfVjlG!2m2!1d41.437019135494!2d2.1436161223659!3f171.8990020751953!4f0!5f0.7820865974627469\" width=\"600\" height=\"450\" allowfullscreen=\"allowfullscreen\"><\/iframe><\/p>\n<p>Aules\u00a0amb\u00a0projector i\u00a0Wifi a tota\u00a0l\u2019escola<\/p>\n<p><iframe loading=\"lazy\" style=\"border: 0;\" src=\"https:\/\/www.google.com\/maps\/embed?pb=!4v1643503497901!6m8!1m7!1sCAoSLEFGMVFpcE5TaVFDM01ITGxENF91VlhnNTRjRWhCQ19qWW51OWRjaVM1cS1U!2m2!1d41.436947675108!2d2.1432343808677!3f346.0653412965608!4f-2.80460543586274!5f0.7820865974627469\" width=\"600\" height=\"450\" allowfullscreen=\"allowfullscreen\"><\/iframe><\/p>\n<p>31 Aules\u00a0multim\u00e8dia\u00a0amb\u00a0pissarra\u00a0digital\u00a0interactiva<\/p>\n<p>Educat\u00a02.0 per\u00a0tota\u00a0l\u2019ESO<\/p>\n<p><iframe loading=\"lazy\" style=\"border: 0;\" src=\"https:\/\/www.google.com\/maps\/embed?pb=!4v1643503546861!6m8!1m7!1sCAoSLEFGMVFpcE9CTFFVNUhXUUNnenJTOWJic0xrWGdoRE5ONjBmdTRCMHRkeWpJ!2m2!1d41.436995738671!2d2.1435378328752!3f340.51001820854566!4f-4.7523069475275435!5f0.7820865974627469\" width=\"600\" height=\"450\" allowfullscreen=\"allowfullscreen\"><\/iframe><\/p>\n<p>3 Aules-tallers de tecnologia<\/p>\n<p><iframe loading=\"lazy\" style=\"border: 0;\" src=\"https:\/\/www.google.com\/maps\/embed?pb=!4v1643503578979!6m8!1m7!1sCAoSLEFGMVFpcE5ESU1rNDMyNWo0SlV2V0VxZjY0UVZfcDg4Y2VMRlptdFU4LUl6!2m2!1d41.436970707469!2d2.1432023904429!3f11.76990985870361!4f0!5f0.7820865974627469\" width=\"600\" height=\"450\" allowfullscreen=\"allowfullscreen\"><\/iframe><br \/>\n<iframe loading=\"lazy\" style=\"border: 0;\" src=\"https:\/\/www.google.com\/maps\/embed?pb=!4v1643503598843!6m8!1m7!1sCAoSLEFGMVFpcE14ZnBfY0J5SVdxeGhzVmQ4cGhNdXduOUxQaHpYSUR0aTQwR0Vt!2m2!1d41.436926124385!2d2.1431786612761!3f196.02270030999682!4f-13.931057993751054!5f0.7820865974627469\" width=\"600\" height=\"450\" allowfullscreen=\"allowfullscreen\"><\/iframe><\/p>\n<p>Aula de m\u00fasica<\/p>\n<p><img decoding=\"async\" src=\"https:\/\/agmundet.es\/wp-content\/uploads\/2019\/08\/musica-300x199.jpg\" \/><\/p>\n<p>7 aules d\u2019inform\u00e0tica<\/p>\n<p><iframe loading=\"lazy\" style=\"border: 0;\" src=\"https:\/\/www.google.com\/maps\/embed?pb=!4v1643503664197!6m8!1m7!1sCAoSLEFGMVFpcE5WQjlKQVVUWXFtai1jVFhsYTQ3M25LWTl4QjhEZWJFVGhvOXRi!2m2!1d41.437039456646!2d2.1435368130303!3f322.3999938964844!4f0!5f0.7820865974627469\" width=\"600\" height=\"450\" allowfullscreen=\"allowfullscreen\"><\/iframe><br \/>\n<iframe loading=\"lazy\" style=\"border: 0;\" src=\"https:\/\/www.google.com\/maps\/embed?pb=!4v1643503688187!6m8!1m7!1sCAoSLEFGMVFpcE9fbkF5aW5vTWZEZjJxSEVqZk43NFNDNWl5SnRrcVF6QUZVbjVk!2m2!1d41.436945404381!2d2.1434284781483!3f284!4f0!5f0.7820865974627469\" width=\"600\" height=\"450\" allowfullscreen=\"allowfullscreen\"><\/iframe><br \/>\n<iframe loading=\"lazy\" style=\"border: 0;\" src=\"https:\/\/www.google.com\/maps\/embed?pb=!4v1643503707901!6m8!1m7!1sCAoSLEFGMVFpcE5vc0VfSHd2ejMxV29UUjZERmdjb09OaHE5Y2YtS0JFRU9nQk90!2m2!1d41.437016098747!2d2.143503452284!3f112.2674454336682!4f-12.851944254871142!5f0.7820865974627469\" width=\"600\" height=\"450\" allowfullscreen=\"allowfullscreen\"><\/iframe><\/p>\n<p>Laboratoris de F\u00edsica i Qu\u00edmica.<br \/>\n<iframe loading=\"lazy\" style=\"border: 0;\" src=\"https:\/\/www.google.com\/maps\/embed?pb=!4v1643503767016!6m8!1m7!1sCAoSLEFGMVFpcFBRRElKMWhXMWhnSUE1N3B1MGpTR2dZc1pvQkFibml4MnpwVFQ0!2m2!1d41.436939155285!2d2.1433303523513!3f338.23176823161566!4f-4.652062577334675!5f0.7820865974627469\" width=\"600\" height=\"450\" allowfullscreen=\"allowfullscreen\"><\/iframe><\/p>\n<p>Laboratori de Biologia<br \/>\n<iframe loading=\"lazy\" style=\"border: 0;\" src=\"https:\/\/www.google.com\/maps\/embed?pb=!4v1643503792209!6m8!1m7!1sCAoSLEFGMVFpcE9ydnpZOHlxUGdGSHM5WHRfYndPTi1GWlVSSU1QeEtXVjZtMzhK!2m2!1d41.437053775493!2d2.1436359210707!3f88.5999984741211!4f0!5f0.7820865974627469\" width=\"600\" height=\"450\" allowfullscreen=\"allowfullscreen\"><\/iframe><\/p>\n<p><iframe loading=\"lazy\" style=\"border: 0;\" src=\"https:\/\/www.google.com\/maps\/embed?pb=!4v1643503808483!6m8!1m7!1sCAoSLEFGMVFpcE1VUV9FNVBRZ0ZPcGxyVDdRemNIUU9ycmcyeHQ0TGtOVU05a3RD!2m2!1d41.436945415599!2d2.1433132554052!3f71.01658630371094!4f0!5f0.7820865974627469\" width=\"600\" height=\"450\" allowfullscreen=\"allowfullscreen\"><\/iframe><\/p>\n<p>Laboratori d\u2019Imatge i So (estudi de R\u00e0dio i TV).<br \/>\n<iframe loading=\"lazy\" style=\"border: 0;\" src=\"https:\/\/www.google.com\/maps\/embed?pb=!4v1643503876188!6m8!1m7!1sCAoSLEFGMVFpcE9pbmExUHoybnNsRDE1MlBqU0ZzbFdmMTNvZ2F0Z2lTSl9SbUFH!2m2!1d41.436922729322!2d2.1432591928992!3f191.94355286374173!4f-4.4224433263275955!5f0.7820865974627469\" width=\"600\" height=\"450\" allowfullscreen=\"allowfullscreen\"><\/iframe><\/p>\n<p>Laboratori de Telecomunicacions i telefonia<br \/>\n<iframe loading=\"lazy\" style=\"border: 0;\" src=\"https:\/\/www.google.com\/maps\/embed?pb=!4v1643503904385!6m8!1m7!1sCAoSLEFGMVFpcE5Mem8wWWVaT19iaklCMUwtUTlabjZQbElwZzgxMzhyTEJkbDJm!2m2!1d41.436996534199!2d2.1432035020684!3f358.5747680664062!4f0!5f0.7820865974627469\" width=\"600\" height=\"450\" allowfullscreen=\"allowfullscreen\"><\/iframe><\/p>\n<p>Laboratori de CISCO \u2013 Inform\u00e0tica<\/p>\n<p>Laboratori de Rob\u00f2tica \u2013 Automatismes<br \/>\n<iframe loading=\"lazy\" style=\"border: 0;\" src=\"https:\/\/www.google.com\/maps\/embed?pb=!4v1643503931256!6m8!1m7!1sCAoSLEFGMVFpcE54MDJjYkhOYmRjeWtBcFdCWjBfOXpQMmtvRTk5d2swZDd5V29Q!2m2!1d41.437002283855!2d2.1432321681772!3f183.6279449462891!4f0!5f0.7820865974627469\" width=\"600\" height=\"450\" allowfullscreen=\"allowfullscreen\"><\/iframe><\/p>\n<p>Laboratori de Radiofreq\u00fc\u00e8ncia i ICT<\/p>\n<p>Laboratoris de Rob\u00f2tica i automatismes<\/p>\n<p><img decoding=\"async\" src=\"https:\/\/agmundet.es\/wp-content\/uploads\/2019\/08\/robotica-300x199.jpg\" \/><\/p>\n<p>Taller de mec\u00e0nica, electromec\u00e0nica, metrologia<\/p>\n<p><img decoding=\"async\" src=\"https:\/\/agmundet.es\/wp-content\/uploads\/2019\/08\/taller-300x199.jpg\" \/><\/p>\n<p>Taller de Control Num\u00e8ric<\/p>\n<p><img decoding=\"async\" src=\"https:\/\/agmundet.es\/wp-content\/uploads\/2019\/08\/control_numerico-300x199.jpg\" \/><\/p>\n<p>Taller de soldadura<\/p>\n<p><img decoding=\"async\" src=\"https:\/\/agmundet.es\/wp-content\/uploads\/2019\/08\/soldadura-300x199.jpg\" \/><\/p>\n<p>Tallers d\u2019instal\u00b7lacions de fred i calor<\/p>\n<p><img decoding=\"async\" src=\"https:\/\/agmundet.es\/wp-content\/uploads\/2019\/08\/frio_calor-300x199.jpg\" \/><\/p>\n<p>Tallers de confecci\u00f3, moda i pell<\/p>\n<p><img decoding=\"async\" src=\"https:\/\/agmundet.es\/wp-content\/uploads\/2019\/08\/confeccion-300x199.jpg\" \/><\/p>\n<p>Laboratori d\u2019estudis de materials i teixits<\/p>\n<p><img decoding=\"async\" src=\"https:\/\/agmundet.es\/wp-content\/uploads\/2019\/08\/patronaje-300x199.jpg\" \/><\/p>\n<p><img decoding=\"async\" src=\"https:\/\/agmundet.es\/wp-content\/uploads\/2019\/08\/laboratorio_textil-300x199.jpg\" \/><\/p>\n","protected":false},"excerpt":{"rendered":"<p>L\u2019INS est\u00e0 situat en els l\u00edmits del Parc Natural de Collserola.<br \/>\nEl Recinte de Mundet, s\u2019est\u00e0 convertint, cada cop m\u00e9s, en un referent educatiu de la Ciutat.<br \/>\nAix\u00f2 fa, que hi hagi for\u00e7a serveis que s\u00f3n a l\u2019abast dels nostres estudiants:<\/p>\n<p>Transports:<br \/>\nMetro: L3 Mundet \u2013 Autobusos: 27, 60,&hellip;  <a href=\"https:\/\/agora.xtec.cat\/insagmundet\/linstitut\/instal%c2%b7lacions\/\" title=\"Read Instal\u00b7lacions\">Llegeix m\u00e9s\u00bb<\/a><\/p>\n","protected":false},"author":1,"featured_media":0,"parent":19,"menu_order":10,"comment_status":"closed","ping_status":"closed","template":"page-templates\/side-menu.php","meta":{"_bbp_topic_count":0,"_bbp_reply_count":0,"_bbp_total_topic_count":0,"_bbp_total_reply_count":0,"_bbp_voice_count":0,"_bbp_anonymous_reply_count":0,"_bbp_topic_count_hidden":0,"_bbp_reply_count_hidden":0,"_bbp_forum_subforum_count":0,"footnotes":""},"class_list":["post-39","page","type-page","status-publish","hentry"],"post_mailing_queue_ids":[],"_links":{"self":[{"href":"https:\/\/agora.xtec.cat\/insagmundet\/wp-json\/wp\/v2\/pages\/39","targetHints":{"allow":["GET"]}}],"collection":[{"href":"https:\/\/agora.xtec.cat\/insagmundet\/wp-json\/wp\/v2\/pages"}],"about":[{"href":"https:\/\/agora.xtec.cat\/insagmundet\/wp-json\/wp\/v2\/types\/page"}],"author":[{"embeddable":true,"href":"https:\/\/agora.xtec.cat\/insagmundet\/wp-json\/wp\/v2\/users\/1"}],"replies":[{"embeddable":true,"href":"https:\/\/agora.xtec.cat\/insagmundet\/wp-json\/wp\/v2\/comments?post=39"}],"version-history":[{"count":4,"href":"https:\/\/agora.xtec.cat\/insagmundet\/wp-json\/wp\/v2\/pages\/39\/revisions"}],"predecessor-version":[{"id":922,"href":"https:\/\/agora.xtec.cat\/insagmundet\/wp-json\/wp\/v2\/pages\/39\/revisions\/922"}],"up":[{"embeddable":true,"href":"https:\/\/agora.xtec.cat\/insagmundet\/wp-json\/wp\/v2\/pages\/19"}],"wp:attachment":[{"href":"https:\/\/agora.xtec.cat\/insagmundet\/wp-json\/wp\/v2\/media?parent=39"}],"curies":[{"name":"wp","href":"https:\/\/api.w.org\/{rel}","templated":true}]}}