{"id":2332,"date":"2026-03-06T11:51:07","date_gmt":"2026-03-06T10:51:07","guid":{"rendered":"https:\/\/agora.xtec.cat\/insagmundet\/?page_id=2332"},"modified":"2026-03-06T12:17:08","modified_gmt":"2026-03-06T11:17:08","slug":"projecte-erasmus-2024-2-es01-ka210-vet-000284451","status":"publish","type":"page","link":"https:\/\/agora.xtec.cat\/insagmundet\/erasmus\/projecte-erasmus-2024-2-es01-ka210-vet-000284451\/","title":{"rendered":"PROJECTE ERASMUS + 2024-2-ES01-KA210-VET-000284451"},"content":{"rendered":"<p><b>Renew the Energy, Save the Future! (Renova l\u2019energia, salva el futur!)<\/b><\/p>\n<p><span style=\"font-weight: 400;\">El projecte \u00abRenew the Energy, Save the Future!\u00bb, desenvolupat dins del programa Erasmus+, t\u00e9 com a prop\u00f2sit principal apropar la transici\u00f3 energ\u00e8tica al m\u00f3n de la formaci\u00f3 professional i al teixit de les pimes. Per fer-ho, promou l\u2019adquisici\u00f3 de compet\u00e8ncies pr\u00e0ctiques en \u00e0mbits clau com les energies renovables, l\u2019efici\u00e8ncia energ\u00e8tica i l\u2019\u00fas d\u2019eines digitals aplicades a la gesti\u00f3 de l\u2019energia.<\/span><\/p>\n<p><span style=\"font-weight: 400;\">La iniciativa es basa en la cooperaci\u00f3 entre centres educatius i organitzacions d\u2019Espanya, Pa\u00efsos Baixos i Turquia, que treballen conjuntament per crear una xarxa internacional orientada a impulsar la sostenibilitat, la innovaci\u00f3 i l\u2019aprenentatge aplicat. Aquesta col\u00b7laboraci\u00f3 permet compartir coneixement, experi\u00e8ncies i bones pr\u00e0ctiques entre diferents contextos educatius i professionals.<\/span><\/p>\n<p><span style=\"font-weight: 400;\">A trav\u00e9s del projecte, professors, estudiants i professionals tenen l\u2019oportunitat de formar-se en tecnologies d\u2019energia renovable i en sistemes de gesti\u00f3 energ\u00e8tica intel\u00b7ligent. Al mateix temps, es desenvolupen recursos educatius actuals, pr\u00e0ctics i f\u00e0cils d\u2019utilitzar, que integren la formaci\u00f3 t\u00e8cnica amb la digitalitzaci\u00f3 i faciliten la seva aplicaci\u00f3 tant en centres de formaci\u00f3 professional com en petites i mitjanes empreses.<\/span><\/p>\n<p><b>Participants:<\/b><\/p>\n<p><a href=\"https:\/\/agora.xtec.cat\/insagmundet\/wp-content\/uploads\/usu2223\/2026\/03\/cliensol.png\"><img loading=\"lazy\" decoding=\"async\" class=\"alignnone size-full wp-image-2333\" src=\"https:\/\/agora.xtec.cat\/insagmundet\/wp-content\/uploads\/usu2223\/2026\/03\/cliensol.png\" alt=\"\" width=\"391\" height=\"129\" srcset=\"https:\/\/agora.xtec.cat\/insagmundet\/wp-content\/uploads\/usu2223\/2026\/03\/cliensol.png 391w, https:\/\/agora.xtec.cat\/insagmundet\/wp-content\/uploads\/usu2223\/2026\/03\/cliensol-300x99.png 300w\" sizes=\"auto, (max-width: 391px) 100vw, 391px\" \/><\/a> <a href=\"https:\/\/agora.xtec.cat\/insagmundet\/wp-content\/uploads\/usu2223\/2026\/03\/logomundet-transparent.png\"><img loading=\"lazy\" decoding=\"async\" class=\"alignnone wp-image-2334\" src=\"https:\/\/agora.xtec.cat\/insagmundet\/wp-content\/uploads\/usu2223\/2026\/03\/logomundet-transparent-1024x1024.png\" alt=\"\" width=\"217\" height=\"217\" srcset=\"https:\/\/agora.xtec.cat\/insagmundet\/wp-content\/uploads\/usu2223\/2026\/03\/logomundet-transparent-1024x1024.png 1024w, https:\/\/agora.xtec.cat\/insagmundet\/wp-content\/uploads\/usu2223\/2026\/03\/logomundet-transparent-300x300.png 300w, https:\/\/agora.xtec.cat\/insagmundet\/wp-content\/uploads\/usu2223\/2026\/03\/logomundet-transparent-150x150.png 150w, https:\/\/agora.xtec.cat\/insagmundet\/wp-content\/uploads\/usu2223\/2026\/03\/logomundet-transparent-768x768.png 768w, https:\/\/agora.xtec.cat\/insagmundet\/wp-content\/uploads\/usu2223\/2026\/03\/logomundet-transparent-1536x1536.png 1536w, https:\/\/agora.xtec.cat\/insagmundet\/wp-content\/uploads\/usu2223\/2026\/03\/logomundet-transparent.png 1600w\" sizes=\"auto, (max-width: 217px) 100vw, 217px\" \/><\/a> <a href=\"https:\/\/agora.xtec.cat\/insagmundet\/wp-content\/uploads\/usu2223\/2026\/03\/Van-GEn.png\"><img loading=\"lazy\" decoding=\"async\" class=\"alignnone wp-image-2335\" src=\"https:\/\/agora.xtec.cat\/insagmundet\/wp-content\/uploads\/usu2223\/2026\/03\/Van-GEn-1024x351.png\" alt=\"\" width=\"362\" height=\"124\" srcset=\"https:\/\/agora.xtec.cat\/insagmundet\/wp-content\/uploads\/usu2223\/2026\/03\/Van-GEn-1024x351.png 1024w, https:\/\/agora.xtec.cat\/insagmundet\/wp-content\/uploads\/usu2223\/2026\/03\/Van-GEn-300x103.png 300w, https:\/\/agora.xtec.cat\/insagmundet\/wp-content\/uploads\/usu2223\/2026\/03\/Van-GEn-768x264.png 768w, https:\/\/agora.xtec.cat\/insagmundet\/wp-content\/uploads\/usu2223\/2026\/03\/Van-GEn-1536x527.png 1536w, https:\/\/agora.xtec.cat\/insagmundet\/wp-content\/uploads\/usu2223\/2026\/03\/Van-GEn.png 1748w\" sizes=\"auto, (max-width: 362px) 100vw, 362px\" \/><\/a> <a href=\"https:\/\/agora.xtec.cat\/insagmundet\/wp-content\/uploads\/usu2223\/2026\/03\/Eupro.png\"><img loading=\"lazy\" decoding=\"async\" class=\"alignnone wp-image-2336\" src=\"https:\/\/agora.xtec.cat\/insagmundet\/wp-content\/uploads\/usu2223\/2026\/03\/Eupro-1024x268.png\" alt=\"\" width=\"440\" height=\"115\" srcset=\"https:\/\/agora.xtec.cat\/insagmundet\/wp-content\/uploads\/usu2223\/2026\/03\/Eupro-1024x268.png 1024w, https:\/\/agora.xtec.cat\/insagmundet\/wp-content\/uploads\/usu2223\/2026\/03\/Eupro-300x78.png 300w, https:\/\/agora.xtec.cat\/insagmundet\/wp-content\/uploads\/usu2223\/2026\/03\/Eupro-768x201.png 768w, https:\/\/agora.xtec.cat\/insagmundet\/wp-content\/uploads\/usu2223\/2026\/03\/Eupro-1536x401.png 1536w, https:\/\/agora.xtec.cat\/insagmundet\/wp-content\/uploads\/usu2223\/2026\/03\/Eupro.png 2048w\" sizes=\"auto, (max-width: 440px) 100vw, 440px\" \/><\/a><\/p>\n<p><a href=\"https:\/\/agora.xtec.cat\/insagmundet\/general\/primera-activitat-del-projecte-renew-the-energy-save-the-future-renova-lenergia-salva-el-futur\/\"><strong>PRIMERA ACTIVITAT<\/strong><\/a><\/p>\n<p><a href=\"https:\/\/agora.xtec.cat\/insagmundet\/general\/segona-activitat-del-projecte-renew-the-energy-save-the-future-renova-lenergia-salva-el-futur\/\"><strong>SEGONA ACTIVITAT<\/strong><\/a><\/p>\n","protected":false},"excerpt":{"rendered":"<p>Renew the Energy, Save the Future! (Renova l\u2019energia, salva el futur!)<br \/>\nEl projecte \u00abRenew the Energy, Save the Future!\u00bb, desenvolupat dins del programa Erasmus+, t\u00e9 com a prop\u00f2sit principal apropar la transici\u00f3 energ\u00e8tica al m\u00f3n de la formaci\u00f3 professional i al teixit de les pimes. Per&hellip;  <a href=\"https:\/\/agora.xtec.cat\/insagmundet\/erasmus\/projecte-erasmus-2024-2-es01-ka210-vet-000284451\/\" title=\"Read PROJECTE ERASMUS + 2024-2-ES01-KA210-VET-000284451\">Llegeix m\u00e9s\u00bb<\/a><\/p>\n","protected":false},"author":3,"featured_media":0,"parent":1695,"menu_order":0,"comment_status":"closed","ping_status":"closed","template":"","meta":{"_bbp_topic_count":0,"_bbp_reply_count":0,"_bbp_total_topic_count":0,"_bbp_total_reply_count":0,"_bbp_voice_count":0,"_bbp_anonymous_reply_count":0,"_bbp_topic_count_hidden":0,"_bbp_reply_count_hidden":0,"_bbp_forum_subforum_count":0,"footnotes":""},"class_list":["post-2332","page","type-page","status-publish","hentry"],"post_mailing_queue_ids":[],"_links":{"self":[{"href":"https:\/\/agora.xtec.cat\/insagmundet\/wp-json\/wp\/v2\/pages\/2332","targetHints":{"allow":["GET"]}}],"collection":[{"href":"https:\/\/agora.xtec.cat\/insagmundet\/wp-json\/wp\/v2\/pages"}],"about":[{"href":"https:\/\/agora.xtec.cat\/insagmundet\/wp-json\/wp\/v2\/types\/page"}],"author":[{"embeddable":true,"href":"https:\/\/agora.xtec.cat\/insagmundet\/wp-json\/wp\/v2\/users\/3"}],"replies":[{"embeddable":true,"href":"https:\/\/agora.xtec.cat\/insagmundet\/wp-json\/wp\/v2\/comments?post=2332"}],"version-history":[{"count":5,"href":"https:\/\/agora.xtec.cat\/insagmundet\/wp-json\/wp\/v2\/pages\/2332\/revisions"}],"predecessor-version":[{"id":2350,"href":"https:\/\/agora.xtec.cat\/insagmundet\/wp-json\/wp\/v2\/pages\/2332\/revisions\/2350"}],"up":[{"embeddable":true,"href":"https:\/\/agora.xtec.cat\/insagmundet\/wp-json\/wp\/v2\/pages\/1695"}],"wp:attachment":[{"href":"https:\/\/agora.xtec.cat\/insagmundet\/wp-json\/wp\/v2\/media?parent=2332"}],"curies":[{"name":"wp","href":"https:\/\/api.w.org\/{rel}","templated":true}]}}