{"id":19,"date":"2014-09-17T14:56:56","date_gmt":"2014-09-17T14:56:56","guid":{"rendered":"http:\/\/agora.xtec.cat\/insagmundet\/?page_id=19"},"modified":"2022-02-04T16:56:50","modified_gmt":"2022-02-04T15:56:50","slug":"linstitut","status":"publish","type":"page","link":"https:\/\/agora.xtec.cat\/insagmundet\/linstitut\/","title":{"rendered":"L&#8217;institut"},"content":{"rendered":"<p><a href=\"https:\/\/agora.xtec.cat\/insagmundet\/wp-content\/uploads\/usu2223\/2022\/01\/agm_landscape_600x200.jpg\"><img loading=\"lazy\" decoding=\"async\" class=\"wp-image-496 aligncenter\" src=\"https:\/\/agora.xtec.cat\/insagmundet\/wp-content\/uploads\/usu2223\/2022\/01\/agm_landscape_600x200.jpg\" alt=\"Foto institut Ana Gironella Mundet\" width=\"816\" height=\"272\" srcset=\"https:\/\/agora.xtec.cat\/insagmundet\/wp-content\/uploads\/usu2223\/2022\/01\/agm_landscape_600x200.jpg 600w, https:\/\/agora.xtec.cat\/insagmundet\/wp-content\/uploads\/usu2223\/2022\/01\/agm_landscape_600x200-300x100.jpg 300w\" sizes=\"auto, (max-width: 816px) 100vw, 816px\" \/><\/a><\/p>\n<p style=\"color: #444444;\">L\u2019Institut Anna Gironella de Mundet \u00e9s un centre on s\u2019imparteixen estudis d\u2019ESO, Batxillerat, Cicles formatius de Grau Mitj\u00e0 i Superior i ensenyaments no reglats. Tamb\u00e9 est\u00e0 autoritzat per la Generalitat de Catalunya per dur a terme l\u2019acreditaci\u00f3 de compet\u00e8ncies professionals, i proves lliures per a l\u2019obtenci\u00f3 de carnets professionals. La gesti\u00f3 del centre es fonamenta en el treball en equip i en la gesti\u00f3 per processos. L\u2019Institut t\u00e9 una antiguitat de m\u00e9s de 60 anys i \u00e9s essencialment plural, la qual cosa garanteix el respecte de totes les persones, creences i ideologies, dins les normes \u00e8tiques que regulen la conviv\u00e8ncia educativa.<\/p>\n<p>L\u2019Institut es defineix com una escola p\u00fablica catalana, laica, no discriminat\u00f2ria, democr\u00e0tica, europeista i professionalitzadora, i s\u00f3n eixos transversals del nostre centre la salut, la conviv\u00e8ncia, l&#8217;\u00fas responsable de les tecnologies digitals com a eines d&#8217;aprenentatge, l&#8217;orientaci\u00f3 i l&#8217;acompanyament, els idiomes i la cultura catalana.<\/p>\n","protected":false},"excerpt":{"rendered":"<p><a href=\"https:\/\/agora.xtec.cat\/insagmundet\/wp-content\/uploads\/usu2223\/2022\/01\/agm_landscape_600x200.jpg\"><\/a><br \/>\nL\u2019Institut Anna Gironella de Mundet \u00e9s un centre on s\u2019imparteixen estudis d\u2019ESO, Batxillerat, Cicles formatius de Grau Mitj\u00e0 i Superior i ensenyaments no reglats. Tamb\u00e9 est\u00e0 autoritzat per la Generalitat de Catalunya per dur a terme l\u2019acreditaci\u00f3 de compet\u00e8ncies professionals, i proves lliures per&hellip;  <a href=\"https:\/\/agora.xtec.cat\/insagmundet\/linstitut\/\" title=\"Read L&#8217;institut\">Llegeix m\u00e9s\u00bb<\/a><\/p>\n","protected":false},"author":1,"featured_media":0,"parent":0,"menu_order":0,"comment_status":"closed","ping_status":"closed","template":"page-templates\/side-menu.php","meta":{"_bbp_topic_count":0,"_bbp_reply_count":0,"_bbp_total_topic_count":0,"_bbp_total_reply_count":0,"_bbp_voice_count":0,"_bbp_anonymous_reply_count":0,"_bbp_topic_count_hidden":0,"_bbp_reply_count_hidden":0,"_bbp_forum_subforum_count":0,"footnotes":""},"class_list":["post-19","page","type-page","status-publish","hentry"],"post_mailing_queue_ids":[],"_links":{"self":[{"href":"https:\/\/agora.xtec.cat\/insagmundet\/wp-json\/wp\/v2\/pages\/19","targetHints":{"allow":["GET"]}}],"collection":[{"href":"https:\/\/agora.xtec.cat\/insagmundet\/wp-json\/wp\/v2\/pages"}],"about":[{"href":"https:\/\/agora.xtec.cat\/insagmundet\/wp-json\/wp\/v2\/types\/page"}],"author":[{"embeddable":true,"href":"https:\/\/agora.xtec.cat\/insagmundet\/wp-json\/wp\/v2\/users\/1"}],"replies":[{"embeddable":true,"href":"https:\/\/agora.xtec.cat\/insagmundet\/wp-json\/wp\/v2\/comments?post=19"}],"version-history":[{"count":3,"href":"https:\/\/agora.xtec.cat\/insagmundet\/wp-json\/wp\/v2\/pages\/19\/revisions"}],"predecessor-version":[{"id":897,"href":"https:\/\/agora.xtec.cat\/insagmundet\/wp-json\/wp\/v2\/pages\/19\/revisions\/897"}],"wp:attachment":[{"href":"https:\/\/agora.xtec.cat\/insagmundet\/wp-json\/wp\/v2\/media?parent=19"}],"curies":[{"name":"wp","href":"https:\/\/api.w.org\/{rel}","templated":true}]}}