{"id":1267,"date":"2023-06-08T23:36:48","date_gmt":"2023-06-08T21:36:48","guid":{"rendered":"https:\/\/agora.xtec.cat\/insagmundet\/?page_id=1267"},"modified":"2025-05-28T13:22:56","modified_gmt":"2025-05-28T11:22:56","slug":"curs-despecialitzacio-en-ciberseguretat","status":"publish","type":"page","link":"https:\/\/agora.xtec.cat\/insagmundet\/estudis\/cicles-formatius\/cursos-despecialitzacio\/curs-despecialitzacio-en-ciberseguretat\/","title":{"rendered":"Curs d&#8217;especialitzaci\u00f3 en CIBERSEGURETAT"},"content":{"rendered":"<h1>Ciberseguretat en entorns de tecnologies d\u2019operaci\u00f3 (OT)<\/h1>\n<h2><a href=\"https:\/\/youtu.be\/ZRKJklznzuo\">V\u00eddeo <em>Ciberseguretat OT<\/em><\/a><\/h2>\n<p>Places limitades<\/p>\n<p>Trobareu m\u00e9s informaci\u00f3 en aquests enlla\u00e7os:<\/p>\n<p><a href=\"https:\/\/triaeducativa.gencat.cat\/ca\/estudis?ciberseguretat-entorns-tecnologies-operacio&amp;p_id=5030\"><em>Tria educativa -gencat.cat<\/em> \u2013 Ciberseguretat en entorns d\u2019operaci\u00f3<\/a><\/p>\n","protected":false},"excerpt":{"rendered":"<p>Ciberseguretat en entorns de tecnologies d\u2019operaci\u00f3 (OT)<br \/>\n<a href=\"https:\/\/youtu.be\/ZRKJklznzuo\">V\u00eddeo Ciberseguretat OT<\/a><br \/>\nPlaces limitades<br \/>\nTrobareu m\u00e9s informaci\u00f3 en aquests enlla\u00e7os:<br \/>\n<a href=\"https:\/\/triaeducativa.gencat.cat\/ca\/estudis?ciberseguretat-entorns-tecnologies-operacio&amp;p_id=5030\">Tria educativa -gencat.cat \u2013 Ciberseguretat en entorns d\u2019operaci\u00f3<\/a><\/p>\n","protected":false},"author":5,"featured_media":0,"parent":1406,"menu_order":0,"comment_status":"closed","ping_status":"closed","template":"page-templates\/side-menu.php","meta":{"_bbp_topic_count":0,"_bbp_reply_count":0,"_bbp_total_topic_count":0,"_bbp_total_reply_count":0,"_bbp_voice_count":0,"_bbp_anonymous_reply_count":0,"_bbp_topic_count_hidden":0,"_bbp_reply_count_hidden":0,"_bbp_forum_subforum_count":0,"footnotes":""},"class_list":["post-1267","page","type-page","status-publish","hentry"],"post_mailing_queue_ids":[],"_links":{"self":[{"href":"https:\/\/agora.xtec.cat\/insagmundet\/wp-json\/wp\/v2\/pages\/1267","targetHints":{"allow":["GET"]}}],"collection":[{"href":"https:\/\/agora.xtec.cat\/insagmundet\/wp-json\/wp\/v2\/pages"}],"about":[{"href":"https:\/\/agora.xtec.cat\/insagmundet\/wp-json\/wp\/v2\/types\/page"}],"author":[{"embeddable":true,"href":"https:\/\/agora.xtec.cat\/insagmundet\/wp-json\/wp\/v2\/users\/5"}],"replies":[{"embeddable":true,"href":"https:\/\/agora.xtec.cat\/insagmundet\/wp-json\/wp\/v2\/comments?post=1267"}],"version-history":[{"count":4,"href":"https:\/\/agora.xtec.cat\/insagmundet\/wp-json\/wp\/v2\/pages\/1267\/revisions"}],"predecessor-version":[{"id":2139,"href":"https:\/\/agora.xtec.cat\/insagmundet\/wp-json\/wp\/v2\/pages\/1267\/revisions\/2139"}],"up":[{"embeddable":true,"href":"https:\/\/agora.xtec.cat\/insagmundet\/wp-json\/wp\/v2\/pages\/1406"}],"wp:attachment":[{"href":"https:\/\/agora.xtec.cat\/insagmundet\/wp-json\/wp\/v2\/media?parent=1267"}],"curies":[{"name":"wp","href":"https:\/\/api.w.org\/{rel}","templated":true}]}}