{"id":57,"date":"2014-09-17T17:01:07","date_gmt":"2014-09-17T17:01:07","guid":{"rendered":"http:\/\/agora.xtec.cat\/insaferrer\/?page_id=57"},"modified":"2023-12-28T19:01:16","modified_gmt":"2023-12-28T18:01:16","slug":"projecte-educatiu","status":"publish","type":"page","link":"https:\/\/agora.xtec.cat\/insaferrer\/projecte-educatiu\/","title":{"rendered":"Projecte educatiu"},"content":{"rendered":"<p style=\"color: #444444;\">L\u2019<strong>Institut Angeleta Ferrer<\/strong> neix el curs 2021\/2022 amb la intenci\u00f3 de ser un centre integrat al barri de l\u2019Eixample, amb determinades singularitats:<\/p>\n<ul>\n<li style=\"color: #444444;\">comprom\u00e8s en l\u2019experimentaci\u00f3 de models avan\u00e7ats d\u2019aprenentatge actiu: <strong>competencial, globalitzat i personalitzat.<\/strong><\/li>\n<li style=\"color: #444444;\">amb especial inter\u00e8s per l\u2019aprenentatge STEAM, cient\u00edfic i tecnol\u00f2gic vinculat a la recerca dels centres BIST (<a href=\"https:\/\/bist.eu\/\">Barcelona Institute of Science and Technology<\/a>).<\/li>\n<li style=\"color: #444444;\">vinculat a la <strong>formaci\u00f3 i desenvolupament professional dels docents<\/strong>.<\/li>\n<li style=\"color: #444444;\">cercador de l\u2019<strong>equitat de g\u00e8nere<\/strong>, amb una especial atenci\u00f3 a la promoci\u00f3 de les noies en els aprenentatges STEAM.<\/li>\n<li style=\"color: #444444;\">vetllador de l\u2019equitat socioecon\u00f2mica de l\u2019alumnat i l\u2019educaci\u00f3 <strong>inclusiva, participativa, orientadora i oberta.<\/strong><\/li>\n<li style=\"color: #444444;\">membre d\u2019una xarxa de centres educatius compromesos amb <strong>la transformaci\u00f3 educativa<\/strong> i la promoci\u00f3 de la cultura cient\u00edfico-tecnol\u00f2gica al conjunt de la societat.<\/li>\n<\/ul>\n<p style=\"text-align: center;\"><iframe loading=\"lazy\" title=\"YouTube video player\" src=\"https:\/\/www.youtube-nocookie.com\/embed\/ParhyIXOcgU?controls=0\" width=\"560\" height=\"315\" frameborder=\"0\" allowfullscreen=\"allowfullscreen\"><\/iframe><\/p>\n<p>A l&#8217;Institut Angeleta Ferrer de Barcelona tamb\u00e9 es desenvolupa el <a href=\"https:\/\/agora.xtec.cat\/insaferrer\/programa-angeleta-ferrer\/\">Programa Angeleta Ferrer<\/a>, un programa de recerca, innovaci\u00f3 educativa i formaci\u00f3 del professorat en l&#8217;\u00e0mbit de la ci\u00e8ncia, la tecnologia, l&#8217;enginyeria, les arts i les matem\u00e0tiques \u00e9s un recurs destinat a la millora del sistema educatiu que ha de permetre afavorir l&#8217;\u00e8xit educatiu de tot l&#8217;alumnat en l&#8217;\u00e0mbit STEAM, amb la finalitat de millorar les compet\u00e8ncies professionals docents i actualitzar les pr\u00e0ctiques educatives, generant un espai per a l&#8217;especialitzaci\u00f3 del professorat a trav\u00e9s de la innovaci\u00f3 organitzativa i metodol\u00f2gica, la recerca educativa i les evid\u00e8ncies aplicades a la pr\u00e0ctica docent.<\/p>\n<p><strong>L&#8217;Institut Angeleta Ferrer, doncs, integra i vertebra l&#8217;acci\u00f3 educativa pr\u00f2pia d&#8217;un centre educatiu amb un projecte de recerca cient\u00edfica i educativa, la innovaci\u00f3 pedag\u00f2gica i un projecte de formaci\u00f3 del professorat.<\/strong><\/p>\n<p>&nbsp;<\/p>\n<div class=\"mceTemp\"><\/div>\n","protected":false},"excerpt":{"rendered":"<p>L\u2019Institut Angeleta Ferrer neix el curs 2021\/2022 amb la intenci\u00f3 de ser un centre integrat al barri de l\u2019Eixample, amb determinades singularitats:<\/p>\n<ul>\n<li style=\"color: #444444;\">comprom\u00e8s en l\u2019experimentaci\u00f3 de models avan\u00e7ats d\u2019aprenentatge actiu: competencial, globalitzat i personalitzat.<\/li>\n<li style=\"color: #444444;\">amb especial inter\u00e8s per l\u2019aprenentatge STEAM, cient\u00edfic i tecnol\u00f2gic&hellip;  <a href=\"https:\/\/agora.xtec.cat\/insaferrer\/projecte-educatiu\/\" title=\"Read Projecte educatiu\">Llegeix m\u00e9s\u00bb<\/a><br \/>\n","protected":false},"author":1,"featured_media":0,"parent":0,"menu_order":0,"comment_status":"closed","ping_status":"closed","template":"page-templates\/side-menu.php","meta":{"_bbp_topic_count":0,"_bbp_reply_count":0,"_bbp_total_topic_count":0,"_bbp_total_reply_count":0,"_bbp_voice_count":0,"_bbp_anonymous_reply_count":0,"_bbp_topic_count_hidden":0,"_bbp_reply_count_hidden":0,"_bbp_forum_subforum_count":0,"footnotes":""},"class_list":["post-57","page","type-page","status-publish","hentry"],"post_mailing_queue_ids":[],"_links":{"self":[{"href":"https:\/\/agora.xtec.cat\/insaferrer\/wp-json\/wp\/v2\/pages\/57","targetHints":{"allow":["GET"]}}],"collection":[{"href":"https:\/\/agora.xtec.cat\/insaferrer\/wp-json\/wp\/v2\/pages"}],"about":[{"href":"https:\/\/agora.xtec.cat\/insaferrer\/wp-json\/wp\/v2\/types\/page"}],"author":[{"embeddable":true,"href":"https:\/\/agora.xtec.cat\/insaferrer\/wp-json\/wp\/v2\/users\/1"}],"replies":[{"embeddable":true,"href":"https:\/\/agora.xtec.cat\/insaferrer\/wp-json\/wp\/v2\/comments?post=57"}],"version-history":[{"count":6,"href":"https:\/\/agora.xtec.cat\/insaferrer\/wp-json\/wp\/v2\/pages\/57\/revisions"}],"predecessor-version":[{"id":1863,"href":"https:\/\/agora.xtec.cat\/insaferrer\/wp-json\/wp\/v2\/pages\/57\/revisions\/1863"}],"wp:attachment":[{"href":"https:\/\/agora.xtec.cat\/insaferrer\/wp-json\/wp\/v2\/media?parent=57"}],"curies":[{"name":"wp","href":"https:\/\/api.w.org\/{rel}","templated":true}]}}