{"id":195,"date":"2014-09-22T10:39:39","date_gmt":"2014-09-22T10:39:39","guid":{"rendered":"http:\/\/agora.xtec.cat\/insaferrer\/?page_id=195"},"modified":"2025-09-09T09:40:17","modified_gmt":"2025-09-09T07:40:17","slug":"estudis","status":"publish","type":"page","link":"https:\/\/agora.xtec.cat\/insaferrer\/estudis\/","title":{"rendered":"Ensenyaments que s&#8217;ofereixen"},"content":{"rendered":"<div class=\"entry-content\" style=\"color: #444444;\">\n<div class=\"entry-content\">\n<h3 class=\"ng-scope\" translate=\"\">Ensenyaments que s&#8217;ofereixen<\/h3>\n<ul class=\"list-unstyled m-top-sm\">\n<li class=\"ng-binding ng-scope\">Educaci\u00f3 secund\u00e0ria obligat\u00f2ria (12-16 anys)\n<ul class=\"section-colored\" aria-hidden=\"false\">\n<li class=\"ng-scope\" aria-hidden=\"false\">\u00a0<span class=\"ng-binding\" aria-hidden=\"false\">Educaci\u00f3 secund\u00e0ria obligat\u00f2ria<\/span><\/li>\n<\/ul>\n<\/li>\n<li class=\"ng-binding ng-scope\">Batxillerat (16-18 anys)\n<ul class=\"section-colored\" aria-hidden=\"false\">\n<li class=\"ng-scope\" aria-hidden=\"false\">\u00a0<span class=\"ng-binding\" aria-hidden=\"false\">Batxillerat de ci\u00e8ncies i tecnologia STEAM<\/span><\/li>\n<\/ul>\n<\/li>\n<\/ul>\n<h3 class=\"ng-scope\" translate=\"Adscripcions\">Adscripcions<\/h3>\n<ul class=\"list-unstyled m-top-sm\" aria-hidden=\"false\">\n<li class=\"ng-binding ng-scope\"><span class=\"ng-scope\" translate=\"\">Acc\u00e9s a<\/span>\u00a0Batxillerat<span class=\"ng-scope\" translate=\"\">Centre adscrit a<\/span>:\n<ul class=\"section-colored\">\n<li class=\"ng-scope\">\u00a0<a class=\"event-centres-detall-centre_adscrit_a ng-binding\" href=\"https:\/\/www.edubcn.cat\/ca\/centres_serveis_educatius\/centres_educatius\/cercador#centre\/08014206\">Institut Caterina Albert<\/a><\/li>\n<li class=\"ng-scope\">\u00a0<a class=\"event-centres-detall-centre_adscrit_a ng-binding\" href=\"https:\/\/www.edubcn.cat\/ca\/centres_serveis_educatius\/centres_educatius\/cercador#centre\/08040849\">Institut Fort Pius<\/a><\/li>\n<\/ul>\n<\/li>\n<\/ul>\n<ul>\n<li style=\"list-style-type: none;\">\n<ul class=\"list-unstyled m-top-sm\" aria-hidden=\"false\">\n<li class=\"ng-binding ng-scope\"><span class=\"ng-scope\" translate=\"\">Acc\u00e9s a<\/span>\u00a0Batxillerat<span class=\"ng-scope\" translate=\"\">Centres adscrits<\/span>:\n<ul class=\"section-colored\">\n<li class=\"ng-scope\">\u00a0<a class=\"event-centres-detall-centres_adscrits ng-binding\" href=\"https:\/\/www.edubcn.cat\/ca\/centres_serveis_educatius\/centres_educatius\/cercador#centre\/08077149\">Institut Escola Eixample<\/a><\/li>\n<li class=\"ng-scope\">\u00a0<a class=\"event-centres-detall-centres_adscrits ng-binding\" href=\"https:\/\/www.edubcn.cat\/ca\/centres_serveis_educatius\/centres_educatius\/cercador#centre\/08077496\">Institut Escola Sic\u00edlia<\/a><\/li>\n<\/ul>\n<\/li>\n<li class=\"ng-binding ng-scope\"><span class=\"ng-scope\" translate=\"\">Acc\u00e9s a<\/span> Educaci\u00f3 Secund\u00e0ria Obligat\u00f2ria<span class=\"ng-scope\" translate=\"\">Centres adscrits<\/span>:\n<ul class=\"section-colored\">\n<li class=\"ng-scope\">\u00a0<a class=\"event-centres-detall-centres_adscrits ng-binding\" href=\"https:\/\/www.edubcn.cat\/ca\/centres_serveis_educatius\/centres_educatius\/cercador#centre\/08001777\">Escola Ramon Llull<\/a><\/li>\n<li class=\"ng-scope\">\u00a0<a class=\"event-centres-detall-centres_adscrits ng-binding\" href=\"https:\/\/www.edubcn.cat\/ca\/centres_serveis_educatius\/centres_educatius\/cercador#centre\/08052657\">Escola Fort Pienc<\/a><\/li>\n<li class=\"ng-scope\">\u00a0<a class=\"event-centres-detall-centres_adscrits ng-binding\" href=\"https:\/\/www.edubcn.cat\/ca\/centres_serveis_educatius\/centres_educatius\/cercador#centre\/08066462\">Escola dels Encants<\/a><\/li>\n<\/ul>\n<\/li>\n<\/ul>\n<\/li>\n<\/ul>\n<\/div>\n<\/div>\n<header class=\"entry-header\" style=\"color: #444444;\"><\/header>\n<div class=\"entry-content\" style=\"color: #444444;\">\n<div class=\"entry-content\"><\/div>\n<\/div>\n","protected":false},"excerpt":{"rendered":"<p>Ensenyaments que s&#8217;ofereixen<\/p>\n<ul class=\"list-unstyled m-top-sm\">\n<li class=\"ng-binding ng-scope\">Educaci\u00f3 secund\u00e0ria obligat\u00f2ria (12-16 anys)\n<ul class=\"section-colored\" aria-hidden=\"false\">\n<li class=\"ng-scope\" aria-hidden=\"false\">\u00a0Educaci\u00f3 secund\u00e0ria obligat\u00f2ria<\/li>\n<\/ul>\n<\/li>\n<li class=\"ng-binding ng-scope\">Batxillerat (16-18 anys)\n<ul class=\"section-colored\" aria-hidden=\"false\">\n<li class=\"ng-scope\" aria-hidden=\"false\">\u00a0Batxillerat de ci\u00e8ncies i tecnologia STEAM<\/li>\n<\/ul>\n<\/li>\n<\/ul>\n<p>Adscripcions<\/p>\n<ul class=\"list-unstyled m-top-sm\" aria-hidden=\"false\">\n<li class=\"ng-binding ng-scope\">Acc\u00e9s a\u00a0BatxilleratCentre adscrit a:\n<ul class=\"section-colored\">\n<li class=\"ng-scope\">\u00a0<a class=\"event-centres-detall-centre_adscrit_a ng-binding\" href=\"https:\/\/www.edubcn.cat\/ca\/centres_serveis_educatius\/centres_educatius\/cercador#centre\/08014206\">Institut Caterina Albert<\/a><\/li>\n<li&hellip;  <a href=\"https:\/\/agora.xtec.cat\/insaferrer\/estudis\/\" title=\"Read Ensenyaments que s&#8217;ofereixen\">Llegeix m\u00e9s\u00bb<\/a><br \/>\n","protected":false},"author":1,"featured_media":0,"parent":0,"menu_order":0,"comment_status":"closed","ping_status":"closed","template":"","meta":{"_bbp_topic_count":0,"_bbp_reply_count":0,"_bbp_total_topic_count":0,"_bbp_total_reply_count":0,"_bbp_voice_count":0,"_bbp_anonymous_reply_count":0,"_bbp_topic_count_hidden":0,"_bbp_reply_count_hidden":0,"_bbp_forum_subforum_count":0,"footnotes":""},"class_list":["post-195","page","type-page","status-publish","hentry"],"post_mailing_queue_ids":[],"_links":{"self":[{"href":"https:\/\/agora.xtec.cat\/insaferrer\/wp-json\/wp\/v2\/pages\/195","targetHints":{"allow":["GET"]}}],"collection":[{"href":"https:\/\/agora.xtec.cat\/insaferrer\/wp-json\/wp\/v2\/pages"}],"about":[{"href":"https:\/\/agora.xtec.cat\/insaferrer\/wp-json\/wp\/v2\/types\/page"}],"author":[{"embeddable":true,"href":"https:\/\/agora.xtec.cat\/insaferrer\/wp-json\/wp\/v2\/users\/1"}],"replies":[{"embeddable":true,"href":"https:\/\/agora.xtec.cat\/insaferrer\/wp-json\/wp\/v2\/comments?post=195"}],"version-history":[{"count":3,"href":"https:\/\/agora.xtec.cat\/insaferrer\/wp-json\/wp\/v2\/pages\/195\/revisions"}],"predecessor-version":[{"id":2887,"href":"https:\/\/agora.xtec.cat\/insaferrer\/wp-json\/wp\/v2\/pages\/195\/revisions\/2887"}],"wp:attachment":[{"href":"https:\/\/agora.xtec.cat\/insaferrer\/wp-json\/wp\/v2\/media?parent=195"}],"curies":[{"name":"wp","href":"https:\/\/api.w.org\/{rel}","templated":true}]}}