{"id":9767,"date":"2023-06-01T20:09:17","date_gmt":"2023-06-01T18:09:17","guid":{"rendered":"https:\/\/agora.xtec.cat\/ins25desetembre\/?page_id=9767"},"modified":"2023-06-01T20:09:17","modified_gmt":"2023-06-01T18:09:17","slug":"avaluacio","status":"publish","type":"page","link":"https:\/\/agora.xtec.cat\/ins25desetembre\/avaluacio\/","title":{"rendered":"Avaluaci\u00f3"},"content":{"rendered":"<p><span style=\"font-weight: 400;\">El proc\u00e9s d\u2019avaluaci\u00f3 es duu a terme de manera cont\u00ednua i anual per seguir i modificar, si escau, l\u2019Estrat\u00e8gia Digital de Centre.<\/span><\/p>\n<p><span style=\"font-weight: 400;\">La comissi\u00f3 digital del centre revisa la temporalitzaci\u00f3 dels objectius en finalitzar el curs\u00a0 i l\u2019estat en qu\u00e8 es troben respecte de la previsi\u00f3 inicial.<\/span><\/p>\n<p><span style=\"font-weight: 400;\">El calendari i la seva temporalitzaci\u00f3 s\u2019actualitzen, si escau, i les activitats acabades es comprova si s\u2019han assolit o no els objectius a trav\u00e9s dels indicadors d\u2019impacte i dels criteris d\u2019acompliment de cada una d\u2019elles.<\/span><\/p>\n<p><span style=\"font-weight: 400;\">Un cop feta la revisi\u00f3 dels objectius es revisen aquells que no s\u2019han assolit o han tingut mancances i es busquen formes o activitats per millorar-los. Un cop el nombre d\u2019objectius s\u2019hagi redu\u00eft, es tornar\u00e0 a fer una diagnosi per veure la nova situaci\u00f3 del centre i si calen fer nous objectius a desenvolupar.<\/span><\/p>\n","protected":false},"excerpt":{"rendered":"<p>El proc\u00e9s d\u2019avaluaci\u00f3 es duu a terme de manera cont\u00ednua i anual per seguir i modificar, si escau, l\u2019Estrat\u00e8gia Digital de Centre.<br \/>\nLa comissi\u00f3 digital del centre revisa la temporalitzaci\u00f3 dels objectius en finalitzar el curs\u00a0 i l\u2019estat en qu\u00e8 es troben respecte de la previsi\u00f3&hellip;  <a href=\"https:\/\/agora.xtec.cat\/ins25desetembre\/avaluacio\/\" title=\"Read Avaluaci\u00f3\">Llegeix m\u00e9s\u00bb<\/a><\/p>\n","protected":false},"author":1,"featured_media":0,"parent":0,"menu_order":0,"comment_status":"closed","ping_status":"closed","template":"","meta":{"_bbp_topic_count":0,"_bbp_reply_count":0,"_bbp_total_topic_count":0,"_bbp_total_reply_count":0,"_bbp_voice_count":0,"_bbp_anonymous_reply_count":0,"_bbp_topic_count_hidden":0,"_bbp_reply_count_hidden":0,"_bbp_forum_subforum_count":0,"footnotes":""},"class_list":["post-9767","page","type-page","status-publish","hentry"],"post_mailing_queue_ids":[],"_links":{"self":[{"href":"https:\/\/agora.xtec.cat\/ins25desetembre\/wp-json\/wp\/v2\/pages\/9767","targetHints":{"allow":["GET"]}}],"collection":[{"href":"https:\/\/agora.xtec.cat\/ins25desetembre\/wp-json\/wp\/v2\/pages"}],"about":[{"href":"https:\/\/agora.xtec.cat\/ins25desetembre\/wp-json\/wp\/v2\/types\/page"}],"author":[{"embeddable":true,"href":"https:\/\/agora.xtec.cat\/ins25desetembre\/wp-json\/wp\/v2\/users\/1"}],"replies":[{"embeddable":true,"href":"https:\/\/agora.xtec.cat\/ins25desetembre\/wp-json\/wp\/v2\/comments?post=9767"}],"version-history":[{"count":1,"href":"https:\/\/agora.xtec.cat\/ins25desetembre\/wp-json\/wp\/v2\/pages\/9767\/revisions"}],"predecessor-version":[{"id":9769,"href":"https:\/\/agora.xtec.cat\/ins25desetembre\/wp-json\/wp\/v2\/pages\/9767\/revisions\/9769"}],"wp:attachment":[{"href":"https:\/\/agora.xtec.cat\/ins25desetembre\/wp-json\/wp\/v2\/media?parent=9767"}],"curies":[{"name":"wp","href":"https:\/\/api.w.org\/{rel}","templated":true}]}}