{"id":8982,"date":"2023-02-16T19:40:52","date_gmt":"2023-02-16T18:40:52","guid":{"rendered":"https:\/\/agora.xtec.cat\/ins25desetembre\/?page_id=8982"},"modified":"2023-06-01T19:40:44","modified_gmt":"2023-06-01T17:40:44","slug":"diagnosi","status":"publish","type":"page","link":"https:\/\/agora.xtec.cat\/ins25desetembre\/diagnosi\/","title":{"rendered":"Diagnosi"},"content":{"rendered":"<p><span style=\"font-weight: 400;\">Per elaborar l\u2019EDC es van passar les seg\u00fcents eines de diagnosi per tal de detectar quines eren les possibles mesures de millora en l\u2019\u00e0mbit digital:<\/span><\/p>\n<ul>\n<li style=\"font-weight: 400;\" aria-checked=\"true\" aria-level=\"1\"><span style=\"font-weight: 400;\">Selfie<\/span><\/li>\n<li style=\"font-weight: 400;\" aria-checked=\"true\" aria-level=\"1\"><span style=\"font-weight: 400;\">Selfie for teachers<\/span><\/li>\n<li style=\"font-weight: 400;\" aria-checked=\"true\" aria-level=\"1\"><span style=\"font-weight: 400;\">Entrevistes a fam\u00edlies<\/span><\/li>\n<li style=\"font-weight: 400;\" aria-checked=\"true\" aria-level=\"1\"><span style=\"font-weight: 400;\">\u00cdtems Pla Tac<\/span><\/li>\n<li style=\"font-weight: 400;\" aria-checked=\"true\" aria-level=\"1\"><span style=\"font-weight: 400;\">Q\u00fcestionaris a fam\u00edlies<\/span><\/li>\n<li style=\"font-weight: 400;\" aria-checked=\"true\" aria-level=\"1\"><span style=\"font-weight: 400;\">Q\u00fcestionaris a alumnes<\/span><\/li>\n<li style=\"font-weight: 400;\" aria-checked=\"true\" aria-level=\"1\"><span style=\"font-weight: 400;\">Q\u00fcestionaris a docents<\/span><\/li>\n<\/ul>\n<p><span style=\"font-weight: 400;\">Els resultats principals trobats en la diagnosi trets de l&#8217;an\u00e0lisi de la situaci\u00f3 del centre s\u00f3n els seg\u00fcents representats al gr\u00e0fic:<\/span><a href=\"https:\/\/agora.xtec.cat\/ins25desetembre\/wp-content\/uploads\/usu1400\/2023\/06\/unnamed.png\"><img loading=\"lazy\" decoding=\"async\" class=\"wp-image-9754 aligncenter\" src=\"https:\/\/agora.xtec.cat\/ins25desetembre\/wp-content\/uploads\/usu1400\/2023\/06\/unnamed.png\" alt=\"\" width=\"507\" height=\"320\" srcset=\"https:\/\/agora.xtec.cat\/ins25desetembre\/wp-content\/uploads\/usu1400\/2023\/06\/unnamed.png 659w, https:\/\/agora.xtec.cat\/ins25desetembre\/wp-content\/uploads\/usu1400\/2023\/06\/unnamed-300x189.png 300w\" sizes=\"auto, (max-width: 507px) 100vw, 507px\" \/><\/a><\/p>\n<p style=\"text-align: center;\"><i><span style=\"font-weight: 400;\">Gr\u00e0fic extret dels resultats de la diagnosi<\/span><\/i><\/p>\n<p><span style=\"font-weight: 400;\">La comissi\u00f3 digital, gr\u00e0cies a la diagnosi realitzada en el centre va enumerar els punts forts i els punts febles principals que es van detectar i que serviren per definir els objectius.\u00a0<\/span><\/p>\n<p><span style=\"font-weight: 400;\">Segons els resultats obtinguts de l\u2019eina SELFIE, es van extreure les seg\u00fcents valoracions: <\/span><a href=\"https:\/\/agora.xtec.cat\/ins25desetembre\/wp-content\/uploads\/usu1400\/2023\/04\/Resultats-diagnosi.png\"><br \/>\n<img loading=\"lazy\" decoding=\"async\" class=\"wp-image-9409 aligncenter\" src=\"https:\/\/agora.xtec.cat\/ins25desetembre\/wp-content\/uploads\/usu1400\/2023\/04\/Resultats-diagnosi-1024x544.png\" alt=\"\" width=\"782\" height=\"415\" srcset=\"https:\/\/agora.xtec.cat\/ins25desetembre\/wp-content\/uploads\/usu1400\/2023\/04\/Resultats-diagnosi-1024x544.png 1024w, https:\/\/agora.xtec.cat\/ins25desetembre\/wp-content\/uploads\/usu1400\/2023\/04\/Resultats-diagnosi-300x159.png 300w, https:\/\/agora.xtec.cat\/ins25desetembre\/wp-content\/uploads\/usu1400\/2023\/04\/Resultats-diagnosi-768x408.png 768w, https:\/\/agora.xtec.cat\/ins25desetembre\/wp-content\/uploads\/usu1400\/2023\/04\/Resultats-diagnosi.png 1326w\" sizes=\"auto, (max-width: 782px) 100vw, 782px\" \/><\/a><\/p>\n<p><span style=\"font-weight: 400;\">Segons les eines utilitzades s\u2019extreu la seg\u00fcent informaci\u00f3 on es poden diferenciar els punts febles i els punts forts:<\/span><a href=\"https:\/\/agora.xtec.cat\/ins25desetembre\/wp-content\/uploads\/usu1400\/2023\/06\/unnamed-1.png\"><img loading=\"lazy\" decoding=\"async\" class=\"wp-image-9755 aligncenter\" src=\"https:\/\/agora.xtec.cat\/ins25desetembre\/wp-content\/uploads\/usu1400\/2023\/06\/unnamed-1-1024x385.png\" alt=\"\" width=\"906\" height=\"341\" srcset=\"https:\/\/agora.xtec.cat\/ins25desetembre\/wp-content\/uploads\/usu1400\/2023\/06\/unnamed-1-1024x385.png 1024w, https:\/\/agora.xtec.cat\/ins25desetembre\/wp-content\/uploads\/usu1400\/2023\/06\/unnamed-1-300x113.png 300w, https:\/\/agora.xtec.cat\/ins25desetembre\/wp-content\/uploads\/usu1400\/2023\/06\/unnamed-1-768x289.png 768w, https:\/\/agora.xtec.cat\/ins25desetembre\/wp-content\/uploads\/usu1400\/2023\/06\/unnamed-1.png 1392w\" sizes=\"auto, (max-width: 906px) 100vw, 906px\" \/><\/a><\/p>\n<p><span style=\"font-weight: 400;\">Amb les dades obtingudes, la comissi\u00f3 valora la necessitat de millorar aspectes de l\u2019avaluaci\u00f3 introduint substituint l\u2019avaluaci\u00f3 m\u00e9s tradicional per un conjunt de pr\u00e0ctiques m\u00e9s ampli centrades en l\u2019alumne, m\u00e9s personalitzades i adaptades a l\u2019actual ensenyament.<\/span><\/p>\n<p><span style=\"font-weight: 400;\">En l\u2019aspecte del desenvolupament professional el centre veu la necessitat de tenir una formaci\u00f3 continuada en les noves tecnologies que se centrin m\u00e9s en la millora del que ja es fa i d\u2019aquesta manera s\u2019afavoreix la millora de l\u2019aprenentatge.<\/span><\/p>\n<p><span style=\"font-weight: 400;\">Pel que fa a la compet\u00e8ncia digital de l\u2019alumnat es valora la necessitat de donar import\u00e0ncia a la verificaci\u00f3 de la qualitat de la informaci\u00f3 i es nota una mancan\u00e7a en la resoluci\u00f3 de problemes t\u00e8cnics.<\/span><a href=\"https:\/\/agora.xtec.cat\/ins25desetembre\/wp-content\/uploads\/usu1400\/2023\/06\/unnamed-2.png\"><img loading=\"lazy\" decoding=\"async\" class=\"wp-image-9756 aligncenter\" src=\"https:\/\/agora.xtec.cat\/ins25desetembre\/wp-content\/uploads\/usu1400\/2023\/06\/unnamed-2-1024x208.png\" alt=\"\" width=\"932\" height=\"189\" srcset=\"https:\/\/agora.xtec.cat\/ins25desetembre\/wp-content\/uploads\/usu1400\/2023\/06\/unnamed-2-1024x208.png 1024w, https:\/\/agora.xtec.cat\/ins25desetembre\/wp-content\/uploads\/usu1400\/2023\/06\/unnamed-2-300x61.png 300w, https:\/\/agora.xtec.cat\/ins25desetembre\/wp-content\/uploads\/usu1400\/2023\/06\/unnamed-2-768x156.png 768w, https:\/\/agora.xtec.cat\/ins25desetembre\/wp-content\/uploads\/usu1400\/2023\/06\/unnamed-2.png 1391w\" sizes=\"auto, (max-width: 932px) 100vw, 932px\" \/><\/a><\/p>\n<p><span style=\"font-weight: 400;\">Pel que fa a les infraestructures i serveis, cal continuar refor\u00e7ant l\u2019\u00fas dels entorns virtuals d\u2019aprenentatge. Els recursos educatius en l\u00ednia es continuen utilitzant com a eina de treball, gr\u00e0cies al gran nombre de dispositius digitals de qu\u00e8 disposa el centre.<\/span><\/p>\n<p><span style=\"font-weight: 400;\">La comissi\u00f3 valora positivament la compet\u00e8ncia de l\u2019alumnat pel que fa a les habilitats digitals donat que fa molt de temps que el centre usa una metodologia que fa \u00fas d\u2019aquestes habilitats i les incorpora a les seves aules constantment.<\/span><\/p>\n","protected":false},"excerpt":{"rendered":"<p>Per elaborar l\u2019EDC es van passar les seg\u00fcents eines de diagnosi per tal de detectar quines eren les possibles mesures de millora en l\u2019\u00e0mbit digital:<\/p>\n<ul>\n<li style=\"font-weight: 400;\" aria-checked=\"true\" aria-level=\"1\">Selfie<\/li>\n<li style=\"font-weight: 400;\" aria-checked=\"true\" aria-level=\"1\">Selfie for teachers<\/li>\n<li style=\"font-weight: 400;\" aria-checked=\"true\" aria-level=\"1\">Entrevistes a fam\u00edlies<\/li>\n<li style=\"font-weight: 400;\" aria-checked=\"true\" aria-level=\"1\">\u00cdtems&hellip;  <a href=\"https:\/\/agora.xtec.cat\/ins25desetembre\/diagnosi\/\" title=\"Read Diagnosi\">Llegeix m\u00e9s\u00bb<\/a><br \/>\n","protected":false},"author":1,"featured_media":0,"parent":0,"menu_order":0,"comment_status":"closed","ping_status":"closed","template":"","meta":{"_bbp_topic_count":0,"_bbp_reply_count":0,"_bbp_total_topic_count":0,"_bbp_total_reply_count":0,"_bbp_voice_count":0,"_bbp_anonymous_reply_count":0,"_bbp_topic_count_hidden":0,"_bbp_reply_count_hidden":0,"_bbp_forum_subforum_count":0,"footnotes":""},"class_list":["post-8982","page","type-page","status-publish","hentry"],"post_mailing_queue_ids":[],"_links":{"self":[{"href":"https:\/\/agora.xtec.cat\/ins25desetembre\/wp-json\/wp\/v2\/pages\/8982","targetHints":{"allow":["GET"]}}],"collection":[{"href":"https:\/\/agora.xtec.cat\/ins25desetembre\/wp-json\/wp\/v2\/pages"}],"about":[{"href":"https:\/\/agora.xtec.cat\/ins25desetembre\/wp-json\/wp\/v2\/types\/page"}],"author":[{"embeddable":true,"href":"https:\/\/agora.xtec.cat\/ins25desetembre\/wp-json\/wp\/v2\/users\/1"}],"replies":[{"embeddable":true,"href":"https:\/\/agora.xtec.cat\/ins25desetembre\/wp-json\/wp\/v2\/comments?post=8982"}],"version-history":[{"count":3,"href":"https:\/\/agora.xtec.cat\/ins25desetembre\/wp-json\/wp\/v2\/pages\/8982\/revisions"}],"predecessor-version":[{"id":9758,"href":"https:\/\/agora.xtec.cat\/ins25desetembre\/wp-json\/wp\/v2\/pages\/8982\/revisions\/9758"}],"wp:attachment":[{"href":"https:\/\/agora.xtec.cat\/ins25desetembre\/wp-json\/wp\/v2\/media?parent=8982"}],"curies":[{"name":"wp","href":"https:\/\/api.w.org\/{rel}","templated":true}]}}