{"id":8978,"date":"2023-02-16T19:08:58","date_gmt":"2023-02-16T18:08:58","guid":{"rendered":"https:\/\/agora.xtec.cat\/ins25desetembre\/?page_id=8978"},"modified":"2023-06-01T19:58:51","modified_gmt":"2023-06-01T17:58:51","slug":"objectius","status":"publish","type":"page","link":"https:\/\/agora.xtec.cat\/ins25desetembre\/objectius\/","title":{"rendered":"Objectius"},"content":{"rendered":"<p><span style=\"font-weight: 400;\">Definici\u00f3 dels objectius (espec\u00edfics, mesurables, realistes i temporals) a assolir una vegada identificades les necessitats, amb els indicadors i els criteris d\u2019acompliment.<\/span><a href=\"https:\/\/agora.xtec.cat\/ins25desetembre\/wp-content\/uploads\/usu1400\/2023\/06\/unnamed-3.png\"><img loading=\"lazy\" decoding=\"async\" class=\"wp-image-9759 aligncenter\" src=\"https:\/\/agora.xtec.cat\/ins25desetembre\/wp-content\/uploads\/usu1400\/2023\/06\/unnamed-3-1024x305.png\" alt=\"\" width=\"996\" height=\"297\" srcset=\"https:\/\/agora.xtec.cat\/ins25desetembre\/wp-content\/uploads\/usu1400\/2023\/06\/unnamed-3-1024x305.png 1024w, https:\/\/agora.xtec.cat\/ins25desetembre\/wp-content\/uploads\/usu1400\/2023\/06\/unnamed-3-300x89.png 300w, https:\/\/agora.xtec.cat\/ins25desetembre\/wp-content\/uploads\/usu1400\/2023\/06\/unnamed-3-768x228.png 768w, https:\/\/agora.xtec.cat\/ins25desetembre\/wp-content\/uploads\/usu1400\/2023\/06\/unnamed-3-1536x457.png 1536w, https:\/\/agora.xtec.cat\/ins25desetembre\/wp-content\/uploads\/usu1400\/2023\/06\/unnamed-3.png 1600w\" sizes=\"auto, (max-width: 996px) 100vw, 996px\" \/><\/a><\/p>\n<p><span style=\"font-weight: 400;\">A partir de la valoraci\u00f3 segons la necessitat, la viabilitat, els recursos i el grau d\u2019impacte es redacten els seg\u00fcents objectius en l\u2019ordre que decideix la comissi\u00f3 digital del centre:<\/span><\/p>\n<ul>\n<li><b>Objectiu 1: <\/b><span style=\"font-weight: 400;\">Confeccionar pautes d\u2019actuaci\u00f3 per resoldre problemes t\u00e8cnics espec\u00edfics de la compet\u00e8ncia digital de l\u2019alumnat.<\/span><\/li>\n<li><b>Objectiu 2:<\/b><span style=\"font-weight: 400;\"> Implicar docents i alumnat en la verificaci\u00f3 de la qualitat de la informaci\u00f3 i ser capa\u00e7 de recon\u00e8ixer el treball dels altres per afavorir la compet\u00e8ncia digital docent i el desenvolupament professional.<\/span><\/li>\n<li><b>Objectiu 3:<\/b><span style=\"font-weight: 400;\">\u00a0 Analitzar els diferents recursos digitals i explorar-ne de nous per tal d\u2019augmentar les habilitats digitals de l\u2019alumnat.<\/span><\/li>\n<li><b>Objectiu 4:<\/b><span style=\"font-weight: 400;\"> Oferir formaci\u00f3 a fam\u00edlies sobre el classroom, ieduca, seguretat a la xarxa i control parental.<\/span><\/li>\n<\/ul>\n<p><span style=\"font-weight: 400;\">La comissi\u00f3 digital a partir dels objectius proposats per dur a terme en el centre, dissenya un seguit d\u2019activitats a desenvolupar.<\/span><\/p>\n","protected":false},"excerpt":{"rendered":"<p>Definici\u00f3 dels objectius (espec\u00edfics, mesurables, realistes i temporals) a assolir una vegada identificades les necessitats, amb els indicadors i els criteris d\u2019acompliment.<a href=\"https:\/\/agora.xtec.cat\/ins25desetembre\/wp-content\/uploads\/usu1400\/2023\/06\/unnamed-3.png\"><\/a><br \/>\nA partir de la valoraci\u00f3 segons la necessitat, la viabilitat, els recursos i el grau d\u2019impacte es redacten els seg\u00fcents objectius en l\u2019ordre&hellip;  <a href=\"https:\/\/agora.xtec.cat\/ins25desetembre\/objectius\/\" title=\"Read Objectius\">Llegeix m\u00e9s\u00bb<\/a><\/p>\n","protected":false},"author":1,"featured_media":0,"parent":0,"menu_order":0,"comment_status":"closed","ping_status":"closed","template":"","meta":{"_bbp_topic_count":0,"_bbp_reply_count":0,"_bbp_total_topic_count":0,"_bbp_total_reply_count":0,"_bbp_voice_count":0,"_bbp_anonymous_reply_count":0,"_bbp_topic_count_hidden":0,"_bbp_reply_count_hidden":0,"_bbp_forum_subforum_count":0,"footnotes":""},"class_list":["post-8978","page","type-page","status-publish","hentry"],"post_mailing_queue_ids":[],"_links":{"self":[{"href":"https:\/\/agora.xtec.cat\/ins25desetembre\/wp-json\/wp\/v2\/pages\/8978","targetHints":{"allow":["GET"]}}],"collection":[{"href":"https:\/\/agora.xtec.cat\/ins25desetembre\/wp-json\/wp\/v2\/pages"}],"about":[{"href":"https:\/\/agora.xtec.cat\/ins25desetembre\/wp-json\/wp\/v2\/types\/page"}],"author":[{"embeddable":true,"href":"https:\/\/agora.xtec.cat\/ins25desetembre\/wp-json\/wp\/v2\/users\/1"}],"replies":[{"embeddable":true,"href":"https:\/\/agora.xtec.cat\/ins25desetembre\/wp-json\/wp\/v2\/comments?post=8978"}],"version-history":[{"count":3,"href":"https:\/\/agora.xtec.cat\/ins25desetembre\/wp-json\/wp\/v2\/pages\/8978\/revisions"}],"predecessor-version":[{"id":9764,"href":"https:\/\/agora.xtec.cat\/ins25desetembre\/wp-json\/wp\/v2\/pages\/8978\/revisions\/9764"}],"wp:attachment":[{"href":"https:\/\/agora.xtec.cat\/ins25desetembre\/wp-json\/wp\/v2\/media?parent=8978"}],"curies":[{"name":"wp","href":"https:\/\/api.w.org\/{rel}","templated":true}]}}