{"id":8074,"date":"2022-06-06T19:48:40","date_gmt":"2022-06-06T17:48:40","guid":{"rendered":"https:\/\/agora.xtec.cat\/ins25desetembre\/?page_id=8074"},"modified":"2025-06-13T10:20:26","modified_gmt":"2025-06-13T08:20:26","slug":"calendari-de-recuperacions-juny-2022-2","status":"publish","type":"page","link":"https:\/\/agora.xtec.cat\/ins25desetembre\/calendari-de-recuperacions-juny-2022-2\/","title":{"rendered":"Calendari de recuperacions juny 2025"},"content":{"rendered":"<p>&nbsp;<\/p>\n<ul>\n<li><a href=\"https:\/\/drive.google.com\/file\/d\/1NzbD0Z4qSzcZ7UU9tN3tiPOufMWLIhrL\/view?usp=sharing\" target=\"_blank\" rel=\"noopener\">Calendari dels ex\u00e0mens recuperaci\u00f3 final extraordin\u00e0ria 1r Batxillerat &#8211; Cliqueu aqu\u00ed.<\/a><\/li>\n<li>Calendari dels ex\u00e0mens recuperaci\u00f3 final extraordin\u00e0ria 2n Batxillerat<\/li>\n<\/ul>\n","protected":false},"excerpt":{"rendered":"<p>&nbsp;<\/p>\n<ul>\n<li><a href=\"https:\/\/drive.google.com\/file\/d\/1NzbD0Z4qSzcZ7UU9tN3tiPOufMWLIhrL\/view?usp=sharing\" target=\"_blank\" rel=\"noopener\">Calendari dels ex\u00e0mens recuperaci\u00f3 final extraordin\u00e0ria 1r Batxillerat &#8211; Cliqueu aqu\u00ed.<\/a><\/li>\n<li>Calendari dels ex\u00e0mens recuperaci\u00f3 final extraordin\u00e0ria 2n Batxillerat<\/li>\n<\/ul>\n","protected":false},"author":5,"featured_media":0,"parent":0,"menu_order":0,"comment_status":"closed","ping_status":"closed","template":"","meta":{"_bbp_topic_count":0,"_bbp_reply_count":0,"_bbp_total_topic_count":0,"_bbp_total_reply_count":0,"_bbp_voice_count":0,"_bbp_anonymous_reply_count":0,"_bbp_topic_count_hidden":0,"_bbp_reply_count_hidden":0,"_bbp_forum_subforum_count":0,"footnotes":""},"class_list":["post-8074","page","type-page","status-publish","hentry"],"post_mailing_queue_ids":[],"_links":{"self":[{"href":"https:\/\/agora.xtec.cat\/ins25desetembre\/wp-json\/wp\/v2\/pages\/8074","targetHints":{"allow":["GET"]}}],"collection":[{"href":"https:\/\/agora.xtec.cat\/ins25desetembre\/wp-json\/wp\/v2\/pages"}],"about":[{"href":"https:\/\/agora.xtec.cat\/ins25desetembre\/wp-json\/wp\/v2\/types\/page"}],"author":[{"embeddable":true,"href":"https:\/\/agora.xtec.cat\/ins25desetembre\/wp-json\/wp\/v2\/users\/5"}],"replies":[{"embeddable":true,"href":"https:\/\/agora.xtec.cat\/ins25desetembre\/wp-json\/wp\/v2\/comments?post=8074"}],"version-history":[{"count":7,"href":"https:\/\/agora.xtec.cat\/ins25desetembre\/wp-json\/wp\/v2\/pages\/8074\/revisions"}],"predecessor-version":[{"id":12861,"href":"https:\/\/agora.xtec.cat\/ins25desetembre\/wp-json\/wp\/v2\/pages\/8074\/revisions\/12861"}],"wp:attachment":[{"href":"https:\/\/agora.xtec.cat\/ins25desetembre\/wp-json\/wp\/v2\/media?parent=8074"}],"curies":[{"name":"wp","href":"https:\/\/api.w.org\/{rel}","templated":true}]}}