{"id":7852,"date":"2022-05-18T18:25:37","date_gmt":"2022-05-18T16:25:37","guid":{"rendered":"https:\/\/agora.xtec.cat\/ins25desetembre\/?page_id=7852"},"modified":"2023-11-22T13:38:35","modified_gmt":"2023-11-22T12:38:35","slug":"edc-estrategia-digital-de-centre","status":"publish","type":"page","link":"https:\/\/agora.xtec.cat\/ins25desetembre\/edc-estrategia-digital-de-centre\/","title":{"rendered":"EDC (Estrat\u00e8gia Digital de Centre)"},"content":{"rendered":"<p>En aquest apartat es recullen totes les accions per part de l&#8217;institut que es realitzen per aconseguir la m\u00e0xima compet\u00e8ncia digital de l&#8217;alumnat, del professorat i del centre educatiu.<\/p>\n<p>T\u00e9 com a referent el <a href=\"https:\/\/educacio.gencat.cat\/ca\/departament\/linies-estrategiques\/pla-educacio-digital\/\" target=\"_blank\" rel=\"noopener\">Pla d&#8217;educaci\u00f3 digital de Catalunya (<span class=\"hiddenSpellError\">PEDC<\/span>)<\/a>, on s&#8217;indica la necessitat d&#8217;assolir la fita d&#8217;una societat digitalment competent, fent \u00e8mfasi en l&#8217;equitat i tenint en compte l&#8217;evoluci\u00f3 del context social i tecnol\u00f2gic.<\/p>\n<p><a href=\"https:\/\/agora.xtec.cat\/ins25desetembre\/wp-content\/uploads\/usu1400\/2023\/04\/LOGOS-NOUS-NEXT-1.jpg\"><img loading=\"lazy\" decoding=\"async\" class=\"wp-image-9421 aligncenter\" src=\"https:\/\/agora.xtec.cat\/ins25desetembre\/wp-content\/uploads\/usu1400\/2023\/04\/LOGOS-NOUS-NEXT-1-1024x122.jpg\" alt=\"\" width=\"563\" height=\"67\" srcset=\"https:\/\/agora.xtec.cat\/ins25desetembre\/wp-content\/uploads\/usu1400\/2023\/04\/LOGOS-NOUS-NEXT-1-1024x122.jpg 1024w, https:\/\/agora.xtec.cat\/ins25desetembre\/wp-content\/uploads\/usu1400\/2023\/04\/LOGOS-NOUS-NEXT-1-300x36.jpg 300w, https:\/\/agora.xtec.cat\/ins25desetembre\/wp-content\/uploads\/usu1400\/2023\/04\/LOGOS-NOUS-NEXT-1-768x92.jpg 768w, https:\/\/agora.xtec.cat\/ins25desetembre\/wp-content\/uploads\/usu1400\/2023\/04\/LOGOS-NOUS-NEXT-1.jpg 1307w\" sizes=\"auto, (max-width: 563px) 100vw, 563px\" \/><\/a><\/p>\n","protected":false},"excerpt":{"rendered":"<p>En aquest apartat es recullen totes les accions per part de l&#8217;institut que es realitzen per aconseguir la m\u00e0xima compet\u00e8ncia digital de l&#8217;alumnat, del professorat i del centre educatiu.<br \/>\nT\u00e9 com a referent el <a href=\"https:\/\/educacio.gencat.cat\/ca\/departament\/linies-estrategiques\/pla-educacio-digital\/\" target=\"_blank\" rel=\"noopener\">Pla d&#8217;educaci\u00f3 digital de Catalunya (PEDC)<\/a>, on s&#8217;indica la&hellip;  <a href=\"https:\/\/agora.xtec.cat\/ins25desetembre\/edc-estrategia-digital-de-centre\/\" title=\"Read EDC (Estrat\u00e8gia Digital de Centre)\">Llegeix m\u00e9s\u00bb<\/a><\/p>\n","protected":false},"author":1,"featured_media":0,"parent":0,"menu_order":0,"comment_status":"closed","ping_status":"closed","template":"","meta":{"_bbp_topic_count":0,"_bbp_reply_count":0,"_bbp_total_topic_count":0,"_bbp_total_reply_count":0,"_bbp_voice_count":0,"_bbp_anonymous_reply_count":0,"_bbp_topic_count_hidden":0,"_bbp_reply_count_hidden":0,"_bbp_forum_subforum_count":0,"footnotes":""},"class_list":["post-7852","page","type-page","status-publish","hentry"],"post_mailing_queue_ids":[],"_links":{"self":[{"href":"https:\/\/agora.xtec.cat\/ins25desetembre\/wp-json\/wp\/v2\/pages\/7852","targetHints":{"allow":["GET"]}}],"collection":[{"href":"https:\/\/agora.xtec.cat\/ins25desetembre\/wp-json\/wp\/v2\/pages"}],"about":[{"href":"https:\/\/agora.xtec.cat\/ins25desetembre\/wp-json\/wp\/v2\/types\/page"}],"author":[{"embeddable":true,"href":"https:\/\/agora.xtec.cat\/ins25desetembre\/wp-json\/wp\/v2\/users\/1"}],"replies":[{"embeddable":true,"href":"https:\/\/agora.xtec.cat\/ins25desetembre\/wp-json\/wp\/v2\/comments?post=7852"}],"version-history":[{"count":5,"href":"https:\/\/agora.xtec.cat\/ins25desetembre\/wp-json\/wp\/v2\/pages\/7852\/revisions"}],"predecessor-version":[{"id":10350,"href":"https:\/\/agora.xtec.cat\/ins25desetembre\/wp-json\/wp\/v2\/pages\/7852\/revisions\/10350"}],"wp:attachment":[{"href":"https:\/\/agora.xtec.cat\/ins25desetembre\/wp-json\/wp\/v2\/media?parent=7852"}],"curies":[{"name":"wp","href":"https:\/\/api.w.org\/{rel}","templated":true}]}}