{"id":759,"date":"2016-11-08T11:42:23","date_gmt":"2016-11-08T10:42:23","guid":{"rendered":"http:\/\/agora.xtec.cat\/ins25desetembre\/?page_id=759"},"modified":"2019-09-20T11:59:41","modified_gmt":"2019-09-20T09:59:41","slug":"que-podras-trobar-a-la-biblioteca","status":"publish","type":"page","link":"https:\/\/agora.xtec.cat\/ins25desetembre\/biblioteca\/que-podras-trobar-a-la-biblioteca\/","title":{"rendered":"Qu\u00e8 podr\u00e0s trobar a la biblioteca?"},"content":{"rendered":"<p><span style=\"color: #008000;\">La biblioteca del Torrent dels Alous est\u00e0 creixent a poc a poc. A hores d&#8217;ara, els alumnes poden venir a gaudir-la a les hores del pati, on poden fer els deures i estudiar. Tamb\u00e9 poden trobar a la nostra petita biblioteca tot d&#8217;aventures, amor, riure, pirates, extraterrestres, ci\u00e8ncia, ll\u00e0grimes, nous mons per explorar&#8230; Tamb\u00e9 tenim grans obres de teatre, c\u00f2mics europeus i manga. En definitiva, tot el que sura en els llibres. Per aix\u00f2 nom\u00e9s t&#8217;has de submergir en la seva lectura<\/span>.<\/p>\n<p><a href=\"http:\/\/agora.xtec.cat\/ins25desetembre\/wp-content\/uploads\/usu1400\/2016\/11\/book-1014197_960_720.jpg\"><img loading=\"lazy\" decoding=\"async\" class=\" wp-image-763 aligncenter\" src=\"http:\/\/agora.xtec.cat\/ins25desetembre\/wp-content\/uploads\/usu1400\/2016\/11\/book-1014197_960_720.jpg\" alt=\"book-1014197_960_720\" width=\"562\" height=\"296\" srcset=\"https:\/\/agora.xtec.cat\/ins25desetembre\/wp-content\/uploads\/usu1400\/2016\/11\/book-1014197_960_720.jpg 960w, https:\/\/agora.xtec.cat\/ins25desetembre\/wp-content\/uploads\/usu1400\/2016\/11\/book-1014197_960_720-300x158.jpg 300w, https:\/\/agora.xtec.cat\/ins25desetembre\/wp-content\/uploads\/usu1400\/2016\/11\/book-1014197_960_720-768x405.jpg 768w\" sizes=\"auto, (max-width: 562px) 100vw, 562px\" \/><\/a><\/p>\n","protected":false},"excerpt":{"rendered":"<p>La biblioteca del Torrent dels Alous est\u00e0 creixent a poc a poc. A hores d&#8217;ara, els alumnes poden venir a gaudir-la a les hores del pati, on poden fer els deures i estudiar. Tamb\u00e9 poden trobar a la nostra petita biblioteca tot d&#8217;aventures, amor, riure,&hellip;  <a href=\"https:\/\/agora.xtec.cat\/ins25desetembre\/biblioteca\/que-podras-trobar-a-la-biblioteca\/\" title=\"Read Qu\u00e8 podr\u00e0s trobar a la biblioteca?\">Llegeix m\u00e9s\u00bb<\/a><\/p>\n","protected":false},"author":1,"featured_media":0,"parent":694,"menu_order":0,"comment_status":"closed","ping_status":"closed","template":"","meta":{"_bbp_topic_count":0,"_bbp_reply_count":0,"_bbp_total_topic_count":0,"_bbp_total_reply_count":0,"_bbp_voice_count":0,"_bbp_anonymous_reply_count":0,"_bbp_topic_count_hidden":0,"_bbp_reply_count_hidden":0,"_bbp_forum_subforum_count":0,"footnotes":""},"class_list":["post-759","page","type-page","status-publish","hentry"],"post_mailing_queue_ids":[],"_links":{"self":[{"href":"https:\/\/agora.xtec.cat\/ins25desetembre\/wp-json\/wp\/v2\/pages\/759","targetHints":{"allow":["GET"]}}],"collection":[{"href":"https:\/\/agora.xtec.cat\/ins25desetembre\/wp-json\/wp\/v2\/pages"}],"about":[{"href":"https:\/\/agora.xtec.cat\/ins25desetembre\/wp-json\/wp\/v2\/types\/page"}],"author":[{"embeddable":true,"href":"https:\/\/agora.xtec.cat\/ins25desetembre\/wp-json\/wp\/v2\/users\/1"}],"replies":[{"embeddable":true,"href":"https:\/\/agora.xtec.cat\/ins25desetembre\/wp-json\/wp\/v2\/comments?post=759"}],"version-history":[{"count":3,"href":"https:\/\/agora.xtec.cat\/ins25desetembre\/wp-json\/wp\/v2\/pages\/759\/revisions"}],"predecessor-version":[{"id":4784,"href":"https:\/\/agora.xtec.cat\/ins25desetembre\/wp-json\/wp\/v2\/pages\/759\/revisions\/4784"}],"up":[{"embeddable":true,"href":"https:\/\/agora.xtec.cat\/ins25desetembre\/wp-json\/wp\/v2\/pages\/694"}],"wp:attachment":[{"href":"https:\/\/agora.xtec.cat\/ins25desetembre\/wp-json\/wp\/v2\/media?parent=759"}],"curies":[{"name":"wp","href":"https:\/\/api.w.org\/{rel}","templated":true}]}}