{"id":7418,"date":"2022-03-09T16:51:32","date_gmt":"2022-03-09T15:51:32","guid":{"rendered":"https:\/\/agora.xtec.cat\/ins25desetembre\/?page_id=7418"},"modified":"2022-03-09T16:51:32","modified_gmt":"2022-03-09T15:51:32","slug":"numero-compte-bancari-de-linstitut-torrent-dels-alous","status":"publish","type":"page","link":"https:\/\/agora.xtec.cat\/ins25desetembre\/secretaria\/numero-compte-bancari-de-linstitut-torrent-dels-alous\/","title":{"rendered":"N\u00famero compte bancari de l&#8217;Institut Torrent dels Alous"},"content":{"rendered":"<p>El n\u00famero del compte bancari de l&#8217;Institut Torrent dels Alous, per si heu de fer algun ingr\u00e9s \u00e9s:<\/p>\n<p>ES73 0081 00140100 0188 8898<\/p>\n<p>Recordeu sempre posar en &#8220;Concepte&#8221; el <em><strong>nom del vostre fill\/a, curs i el concepte de l&#8217;ingr\u00e9s<\/strong><\/em>.<\/p>\n","protected":false},"excerpt":{"rendered":"<p>El n\u00famero del compte bancari de l&#8217;Institut Torrent dels Alous, per si heu de fer algun ingr\u00e9s \u00e9s:<br \/>\nES73 0081 00140100 0188 8898<br \/>\nRecordeu sempre posar en &#8220;Concepte&#8221; el nom del vostre fill\/a, curs i el concepte de l&#8217;ingr\u00e9s.<\/p>\n","protected":false},"author":5,"featured_media":0,"parent":81,"menu_order":0,"comment_status":"closed","ping_status":"closed","template":"","meta":{"_bbp_topic_count":0,"_bbp_reply_count":0,"_bbp_total_topic_count":0,"_bbp_total_reply_count":0,"_bbp_voice_count":0,"_bbp_anonymous_reply_count":0,"_bbp_topic_count_hidden":0,"_bbp_reply_count_hidden":0,"_bbp_forum_subforum_count":0,"footnotes":""},"class_list":["post-7418","page","type-page","status-publish","hentry"],"post_mailing_queue_ids":[],"_links":{"self":[{"href":"https:\/\/agora.xtec.cat\/ins25desetembre\/wp-json\/wp\/v2\/pages\/7418","targetHints":{"allow":["GET"]}}],"collection":[{"href":"https:\/\/agora.xtec.cat\/ins25desetembre\/wp-json\/wp\/v2\/pages"}],"about":[{"href":"https:\/\/agora.xtec.cat\/ins25desetembre\/wp-json\/wp\/v2\/types\/page"}],"author":[{"embeddable":true,"href":"https:\/\/agora.xtec.cat\/ins25desetembre\/wp-json\/wp\/v2\/users\/5"}],"replies":[{"embeddable":true,"href":"https:\/\/agora.xtec.cat\/ins25desetembre\/wp-json\/wp\/v2\/comments?post=7418"}],"version-history":[{"count":1,"href":"https:\/\/agora.xtec.cat\/ins25desetembre\/wp-json\/wp\/v2\/pages\/7418\/revisions"}],"predecessor-version":[{"id":7419,"href":"https:\/\/agora.xtec.cat\/ins25desetembre\/wp-json\/wp\/v2\/pages\/7418\/revisions\/7419"}],"up":[{"embeddable":true,"href":"https:\/\/agora.xtec.cat\/ins25desetembre\/wp-json\/wp\/v2\/pages\/81"}],"wp:attachment":[{"href":"https:\/\/agora.xtec.cat\/ins25desetembre\/wp-json\/wp\/v2\/media?parent=7418"}],"curies":[{"name":"wp","href":"https:\/\/api.w.org\/{rel}","templated":true}]}}