{"id":7,"date":"2014-09-12T10:14:31","date_gmt":"2014-09-12T10:14:31","guid":{"rendered":"http:\/\/agora.xtec.cat\/ins25desetembre\/?page_id=7"},"modified":"2026-04-17T20:02:50","modified_gmt":"2026-04-17T18:02:50","slug":"pagines-dinici","status":"publish","type":"page","link":"https:\/\/agora.xtec.cat\/ins25desetembre\/","title":{"rendered":"PORTADA"},"content":{"rendered":"<h3><a href=\"https:\/\/agora.xtec.cat\/ins25desetembre\/wp-content\/uploads\/usu1400\/2026\/01\/20240123_135338-1-scaled.jpg\"><img loading=\"lazy\" decoding=\"async\" class=\"wp-image-13416 alignnone\" src=\"https:\/\/agora.xtec.cat\/ins25desetembre\/wp-content\/uploads\/usu1400\/2026\/01\/20240123_135338-1-1024x768.jpg\" alt=\"\" width=\"192\" height=\"144\" srcset=\"https:\/\/agora.xtec.cat\/ins25desetembre\/wp-content\/uploads\/usu1400\/2026\/01\/20240123_135338-1-1024x768.jpg 1024w, https:\/\/agora.xtec.cat\/ins25desetembre\/wp-content\/uploads\/usu1400\/2026\/01\/20240123_135338-1-300x225.jpg 300w, https:\/\/agora.xtec.cat\/ins25desetembre\/wp-content\/uploads\/usu1400\/2026\/01\/20240123_135338-1-768x576.jpg 768w, https:\/\/agora.xtec.cat\/ins25desetembre\/wp-content\/uploads\/usu1400\/2026\/01\/20240123_135338-1-1536x1152.jpg 1536w, https:\/\/agora.xtec.cat\/ins25desetembre\/wp-content\/uploads\/usu1400\/2026\/01\/20240123_135338-1-2048x1536.jpg 2048w, https:\/\/agora.xtec.cat\/ins25desetembre\/wp-content\/uploads\/usu1400\/2026\/01\/20240123_135338-1-200x150.jpg 200w\" sizes=\"auto, (max-width: 192px) 100vw, 192px\" \/> <\/a><em><strong>INFORMACI\u00d3 PREINSCRIPCI\u00d3 I MATR\u00cdCULA DE BATXILLERAT A L&#8217;INSTITUT TORRENT DELS ALOUS &#8211; CURS 2026\/27<\/strong><\/em><\/h3>\n<p><a href=\"https:\/\/agora.xtec.cat\/ins25desetembre\/informacio-preinscripcio-i-matricula-batxillerat-2020-21\/\" target=\"_blank\" rel=\"noopener\">Si voleu tenir tota la informaci\u00f3 sobre la <strong>presentaci\u00f3 de les portes obertes del passat 24 i 26 de mar\u00e7,<\/strong> aix\u00ed com <strong>tota la informaci\u00f3 sobre la preinscripci\u00f3 i matr\u00edcula del batxillerat<\/strong> per al curs 2026\/27. <strong>CLIQUEU AQU\u00cd.<\/strong><\/a><\/p>\n<h4><\/h4>\n<h4><strong><em><a href=\"https:\/\/agora.xtec.cat\/ins25desetembre\/wp-content\/uploads\/usu1400\/2026\/02\/info-803717_1280-1016x1024-1.png\"><img loading=\"lazy\" decoding=\"async\" class=\"alignnone wp-image-13469\" src=\"https:\/\/agora.xtec.cat\/ins25desetembre\/wp-content\/uploads\/usu1400\/2026\/02\/info-803717_1280-1016x1024-1.png\" alt=\"\" width=\"119\" height=\"120\" srcset=\"https:\/\/agora.xtec.cat\/ins25desetembre\/wp-content\/uploads\/usu1400\/2026\/02\/info-803717_1280-1016x1024-1.png 1016w, https:\/\/agora.xtec.cat\/ins25desetembre\/wp-content\/uploads\/usu1400\/2026\/02\/info-803717_1280-1016x1024-1-298x300.png 298w, https:\/\/agora.xtec.cat\/ins25desetembre\/wp-content\/uploads\/usu1400\/2026\/02\/info-803717_1280-1016x1024-1-150x150.png 150w, https:\/\/agora.xtec.cat\/ins25desetembre\/wp-content\/uploads\/usu1400\/2026\/02\/info-803717_1280-1016x1024-1-768x774.png 768w\" sizes=\"auto, (max-width: 119px) 100vw, 119px\" \/> <\/a>INFORMACI\u00d3 PREINSCRIPCI\u00d3 I MATR\u00cdCULA ESO A L&#8217;INSTITUT TORRENT DELS ALOUS &#8211; CURS 2026\/27<\/em><\/strong><\/h4>\n<p>Si voleu tenir la informaci\u00f3 de la <em><strong>presentaci\u00f3 de les portes obertes del passat 25 de febrer<\/strong><\/em>, aix\u00ed com <em><strong>tota la informaci\u00f3 sobre la preinscripci\u00f3 i matr\u00edcula de l&#8217;ESO<\/strong><\/em> per al curs 2026727, <a href=\"https:\/\/agora.xtec.cat\/ins25desetembre\/secretaria\/preinscripcio-i-matricula\/\" target=\"_blank\" rel=\"noopener\">CLIQUEU AQU\u00cd.<\/a><\/p>\n<p>&nbsp;<\/p>\n<p>&nbsp;<\/p>\n","protected":false},"excerpt":{"rendered":"<p><a href=\"https:\/\/agora.xtec.cat\/ins25desetembre\/wp-content\/uploads\/usu1400\/2026\/01\/20240123_135338-1-scaled.jpg\"> <\/a>INFORMACI\u00d3 PREINSCRIPCI\u00d3 I MATR\u00cdCULA DE BATXILLERAT A L&#8217;INSTITUT TORRENT DELS ALOUS &#8211; CURS 2026\/27<br \/>\n<a href=\"https:\/\/agora.xtec.cat\/ins25desetembre\/informacio-preinscripcio-i-matricula-batxillerat-2020-21\/\" target=\"_blank\" rel=\"noopener\">Si voleu tenir tota la informaci\u00f3 sobre la presentaci\u00f3 de les portes obertes del passat 24 i 26 de mar\u00e7, aix\u00ed com tota la informaci\u00f3 sobre la&hellip;  <a href=\"https:\/\/agora.xtec.cat\/ins25desetembre\/\" title=\"Read PORTADA\">Llegeix m\u00e9s\u00bb<\/a><\/p>\n","protected":false},"author":1,"featured_media":0,"parent":0,"menu_order":0,"comment_status":"closed","ping_status":"closed","template":"","meta":{"_bbp_topic_count":0,"_bbp_reply_count":0,"_bbp_total_topic_count":0,"_bbp_total_reply_count":0,"_bbp_voice_count":0,"_bbp_anonymous_reply_count":0,"_bbp_topic_count_hidden":0,"_bbp_reply_count_hidden":0,"_bbp_forum_subforum_count":0,"footnotes":""},"class_list":["post-7","page","type-page","status-publish","hentry"],"post_mailing_queue_ids":[],"_links":{"self":[{"href":"https:\/\/agora.xtec.cat\/ins25desetembre\/wp-json\/wp\/v2\/pages\/7","targetHints":{"allow":["GET"]}}],"collection":[{"href":"https:\/\/agora.xtec.cat\/ins25desetembre\/wp-json\/wp\/v2\/pages"}],"about":[{"href":"https:\/\/agora.xtec.cat\/ins25desetembre\/wp-json\/wp\/v2\/types\/page"}],"author":[{"embeddable":true,"href":"https:\/\/agora.xtec.cat\/ins25desetembre\/wp-json\/wp\/v2\/users\/1"}],"replies":[{"embeddable":true,"href":"https:\/\/agora.xtec.cat\/ins25desetembre\/wp-json\/wp\/v2\/comments?post=7"}],"version-history":[{"count":8,"href":"https:\/\/agora.xtec.cat\/ins25desetembre\/wp-json\/wp\/v2\/pages\/7\/revisions"}],"predecessor-version":[{"id":13657,"href":"https:\/\/agora.xtec.cat\/ins25desetembre\/wp-json\/wp\/v2\/pages\/7\/revisions\/13657"}],"wp:attachment":[{"href":"https:\/\/agora.xtec.cat\/ins25desetembre\/wp-json\/wp\/v2\/media?parent=7"}],"curies":[{"name":"wp","href":"https:\/\/api.w.org\/{rel}","templated":true}]}}