{"id":622,"date":"2016-10-04T06:18:02","date_gmt":"2016-10-04T04:18:02","guid":{"rendered":"http:\/\/agora.xtec.cat\/ins25desetembre\/?page_id=622"},"modified":"2026-01-21T09:50:22","modified_gmt":"2026-01-21T08:50:22","slug":"documents-alumnat","status":"publish","type":"page","link":"https:\/\/agora.xtec.cat\/ins25desetembre\/estudis\/documents-alumnat\/","title":{"rendered":"Documents alumnat"},"content":{"rendered":"<p>&nbsp;<\/p>\n<ul style=\"list-style-type: square;\">\n<li><a href=\"https:\/\/drive.google.com\/file\/d\/1_yn1nCLwVG3eEcfL-fMcr1BpkxJzXYXJ\/view?usp=sharing\" target=\"_blank\" rel=\"noopener noreferrer\">BATXILLERAT: Autoritzaci\u00f3 per sortir a l&#8217;hora del pati i primeres i \u00faltimes hores en cas abs\u00e8ncia professorat<\/a><\/li>\n<li><a href=\"https:\/\/drive.google.com\/file\/d\/1z2ft4JBUHW7ufNaSYLhJ-kPyskNVyo-N\/view?usp=sharing\" target=\"_blank\" rel=\"noopener noreferrer\">Model de portada general\u00a0<\/a><\/li>\n<li><a href=\"https:\/\/drive.google.com\/file\/d\/1dXU_msKcldrD7AgWKTQX0d7nKkBFKxef\/view?usp=sharing\" target=\"_blank\" rel=\"noopener noreferrer\">Model de portada de dossier en angl\u00e8s<\/a><\/li>\n<li><a href=\"https:\/\/drive.google.com\/file\/d\/1YaXfJ7jCb29V5RIwtVlYXASd0t9G7Y-0\/view?usp=sharing\" target=\"_blank\" rel=\"noopener noreferrer\">Model de portada de dossier en alemany<\/a><\/li>\n<li><a href=\"https:\/\/drive.google.com\/file\/d\/1UrBo-s1c2k3_gxeY81oIEnytloz95WJF\/view?usp=sharing\" target=\"_blank\" rel=\"noopener\">Protocol per poder exercir el dret a inassist\u00e8ncia col\u00b7lectiva<\/a><\/li>\n<\/ul>\n","protected":false},"excerpt":{"rendered":"<p>&nbsp;<\/p>\n<ul style=\"list-style-type: square;\">\n<li><a href=\"https:\/\/drive.google.com\/file\/d\/1_yn1nCLwVG3eEcfL-fMcr1BpkxJzXYXJ\/view?usp=sharing\" target=\"_blank\" rel=\"noopener noreferrer\">BATXILLERAT: Autoritzaci\u00f3 per sortir a l&#8217;hora del pati i primeres i \u00faltimes hores en cas abs\u00e8ncia professorat<\/a><\/li>\n<li><a href=\"https:\/\/drive.google.com\/file\/d\/1z2ft4JBUHW7ufNaSYLhJ-kPyskNVyo-N\/view?usp=sharing\" target=\"_blank\" rel=\"noopener noreferrer\">Model de portada general\u00a0<\/a><\/li>\n<li><a href=\"https:\/\/drive.google.com\/file\/d\/1dXU_msKcldrD7AgWKTQX0d7nKkBFKxef\/view?usp=sharing\" target=\"_blank\" rel=\"noopener noreferrer\">Model de portada de dossier en angl\u00e8s<\/a><\/li>\n<li><a href=\"https:\/\/drive.google.com\/file\/d\/1YaXfJ7jCb29V5RIwtVlYXASd0t9G7Y-0\/view?usp=sharing\" target=\"_blank\" rel=\"noopener noreferrer\">Model de&hellip;  <a href=\"https:\/\/agora.xtec.cat\/ins25desetembre\/estudis\/documents-alumnat\/\" title=\"Read Documents alumnat\">Llegeix m\u00e9s\u00bb<\/a><br \/>\n","protected":false},"author":7,"featured_media":0,"parent":195,"menu_order":0,"comment_status":"closed","ping_status":"closed","template":"","meta":{"_bbp_topic_count":0,"_bbp_reply_count":0,"_bbp_total_topic_count":0,"_bbp_total_reply_count":0,"_bbp_voice_count":0,"_bbp_anonymous_reply_count":0,"_bbp_topic_count_hidden":0,"_bbp_reply_count_hidden":0,"_bbp_forum_subforum_count":0,"footnotes":""},"class_list":["post-622","page","type-page","status-publish","hentry"],"post_mailing_queue_ids":[],"_links":{"self":[{"href":"https:\/\/agora.xtec.cat\/ins25desetembre\/wp-json\/wp\/v2\/pages\/622","targetHints":{"allow":["GET"]}}],"collection":[{"href":"https:\/\/agora.xtec.cat\/ins25desetembre\/wp-json\/wp\/v2\/pages"}],"about":[{"href":"https:\/\/agora.xtec.cat\/ins25desetembre\/wp-json\/wp\/v2\/types\/page"}],"author":[{"embeddable":true,"href":"https:\/\/agora.xtec.cat\/ins25desetembre\/wp-json\/wp\/v2\/users\/7"}],"replies":[{"embeddable":true,"href":"https:\/\/agora.xtec.cat\/ins25desetembre\/wp-json\/wp\/v2\/comments?post=622"}],"version-history":[{"count":7,"href":"https:\/\/agora.xtec.cat\/ins25desetembre\/wp-json\/wp\/v2\/pages\/622\/revisions"}],"predecessor-version":[{"id":13421,"href":"https:\/\/agora.xtec.cat\/ins25desetembre\/wp-json\/wp\/v2\/pages\/622\/revisions\/13421"}],"up":[{"embeddable":true,"href":"https:\/\/agora.xtec.cat\/ins25desetembre\/wp-json\/wp\/v2\/pages\/195"}],"wp:attachment":[{"href":"https:\/\/agora.xtec.cat\/ins25desetembre\/wp-json\/wp\/v2\/media?parent=622"}],"curies":[{"name":"wp","href":"https:\/\/api.w.org\/{rel}","templated":true}]}}