{"id":5834,"date":"2020-09-14T18:49:22","date_gmt":"2020-09-14T16:49:22","guid":{"rendered":"http:\/\/agora.xtec.cat\/ins25desetembre\/?page_id=5834"},"modified":"2026-01-12T12:19:32","modified_gmt":"2026-01-12T11:19:32","slug":"servei-de-menjador","status":"publish","type":"page","link":"https:\/\/agora.xtec.cat\/ins25desetembre\/servei-de-menjador\/","title":{"rendered":"Servei de MENJADOR"},"content":{"rendered":"<ul>\n<li>Hi ha servei de menjador de 14:40 a 15:30h a l&#8217;Institut.<\/li>\n<li>Si teniu algun dubte o q\u00fcesti\u00f3 us podeu posar en contacte amb l&#8217;empresa CAMPOS ESTELA, podeu mirar els mails i serveis de contacte al document &#8220;Informaci\u00f3 important sobre menjador a l&#8217;institut&#8221; penjat aqu\u00ed sota.<\/li>\n<\/ul>\n<ul>\n<li><a href=\"https:\/\/drive.google.com\/file\/d\/1H96uB-4fvw-qBZtRTeIvEPMWKpr2e0qY\/view?usp=sharing\" target=\"_blank\" rel=\"noopener\">Informaci\u00f3 important sobre menjador a l&#8217;institut &#8211; cliqueu aqu\u00ed<\/a>.<\/li>\n<li>MEN\u00da 1r trimestre (setembre-desembre).<\/li>\n<li><a href=\"https:\/\/drive.google.com\/file\/d\/1IZimId613TXeesJkn3xQ_WFo6b07-Wsf\/view?usp=sharing\" target=\"_blank\" rel=\"noopener\">MEN\u00da 2n trimestre (gener-mar\u00e7). Cliqueu aqu\u00ed<\/a>.<\/li>\n<li>MEN\u00da 3r trimestre (abril-juny) &#8211; cliqueu aqu\u00ed. PENDENT<\/li>\n<\/ul>\n","protected":false},"excerpt":{"rendered":"<ul>\n<li>Hi ha servei de menjador de 14:40 a 15:30h a l&#8217;Institut.<\/li>\n<li>Si teniu algun dubte o q\u00fcesti\u00f3 us podeu posar en contacte amb l&#8217;empresa CAMPOS ESTELA, podeu mirar els mails i serveis de contacte al document &#8220;Informaci\u00f3 important sobre menjador a l&#8217;institut&#8221; penjat aqu\u00ed sota.<\/li>\n<\/ul>\n<ul>\n<li><a href=\"https:\/\/drive.google.com\/file\/d\/1H96uB-4fvw-qBZtRTeIvEPMWKpr2e0qY\/view?usp=sharing\"&hellip;  <a href=\"https:\/\/agora.xtec.cat\/ins25desetembre\/servei-de-menjador\/\" title=\"Read Servei de MENJADOR\">Llegeix m\u00e9s\u00bb<\/a><br \/>\n","protected":false},"author":5,"featured_media":0,"parent":0,"menu_order":0,"comment_status":"closed","ping_status":"closed","template":"","meta":{"_bbp_topic_count":0,"_bbp_reply_count":0,"_bbp_total_topic_count":0,"_bbp_total_reply_count":0,"_bbp_voice_count":0,"_bbp_anonymous_reply_count":0,"_bbp_topic_count_hidden":0,"_bbp_reply_count_hidden":0,"_bbp_forum_subforum_count":0,"footnotes":""},"class_list":["post-5834","page","type-page","status-publish","hentry"],"post_mailing_queue_ids":[],"_links":{"self":[{"href":"https:\/\/agora.xtec.cat\/ins25desetembre\/wp-json\/wp\/v2\/pages\/5834","targetHints":{"allow":["GET"]}}],"collection":[{"href":"https:\/\/agora.xtec.cat\/ins25desetembre\/wp-json\/wp\/v2\/pages"}],"about":[{"href":"https:\/\/agora.xtec.cat\/ins25desetembre\/wp-json\/wp\/v2\/types\/page"}],"author":[{"embeddable":true,"href":"https:\/\/agora.xtec.cat\/ins25desetembre\/wp-json\/wp\/v2\/users\/5"}],"replies":[{"embeddable":true,"href":"https:\/\/agora.xtec.cat\/ins25desetembre\/wp-json\/wp\/v2\/comments?post=5834"}],"version-history":[{"count":7,"href":"https:\/\/agora.xtec.cat\/ins25desetembre\/wp-json\/wp\/v2\/pages\/5834\/revisions"}],"predecessor-version":[{"id":13408,"href":"https:\/\/agora.xtec.cat\/ins25desetembre\/wp-json\/wp\/v2\/pages\/5834\/revisions\/13408"}],"wp:attachment":[{"href":"https:\/\/agora.xtec.cat\/ins25desetembre\/wp-json\/wp\/v2\/media?parent=5834"}],"curies":[{"name":"wp","href":"https:\/\/api.w.org\/{rel}","templated":true}]}}