{"id":5786,"date":"2020-09-09T13:21:36","date_gmt":"2020-09-09T11:21:36","guid":{"rendered":"http:\/\/agora.xtec.cat\/ins25desetembre\/?page_id=5786"},"modified":"2024-09-08T10:47:27","modified_gmt":"2024-09-08T08:47:27","slug":"llistat-de-beques-escolars-concedides","status":"publish","type":"page","link":"https:\/\/agora.xtec.cat\/ins25desetembre\/llistat-de-beques-escolars-concedides\/","title":{"rendered":"Llistat de beques escolars MENJADOR concedides 2024\/25"},"content":{"rendered":"<p>&#8211; Llistat beques MENJADOR concedides o amb incid\u00e8ncies 2024\/25 &#8211; <span style=\"text-decoration: underline;\"><strong>JA S&#8217;HA INFORMAT PER EMAIL A TOTES LES FAM\u00cdLIES QUE TENEN CONCEDIDA LA BECA MENJADOR (JA SIGUI AL 70% O AL 100%. TAMB\u00c9 S&#8217;HA AVISAT A LES FAM\u00cdLIES QUE NO HAN REBUT LA BECA MENJADOR.<\/strong><\/span><\/p>\n<p>Us fem arribar tamb\u00e9 la informaci\u00f3 que ens indica l\u2019Ajuntament en refer\u00e8ncia a les beques. Si teniu qualsevol dubte,\u00a0<em><strong>adreceu-vos al mail i tel\u00e8fons que s\u2019indiquen aqu\u00ed sota (I NO AL CENTRE ESCOLAR JA QUE NOSALTRES NO TENIM LA INFORMACI\u00d3):<\/strong><\/em><\/p>\n<ol>\n<li>Us recordem que tal com indiquen les bases de la convocat\u00f2ria els dies de compactacions han de estar repartits durant tot el curs escolar, i per tant,\u00a0<u>s\u2019ha de fer \u00fas del servei totes les setmanes del curs<\/u>. Aquest curs l\u2019ajuda \u00e9s d\u2019un 70% i per tant, el nombre de dies que tindran dret la fam\u00edlia si compacta l\u2019ajut ser\u00e0 proporcional a aquest percentatge.<\/li>\n<\/ol>\n<p>El servei s\u2019ha d\u2019utilitzar alternant setmanes de 3 dies i setmanes de 4 dies, fins\u00a0<u>un m\u00e0xim de 123 dies<\/u>, per aquell alumnat\u00a0amb ajut atorgat amb data inici de curs,\u00a0l\u2019alumnat\u00a0amb un ajut atorgat un cop iniciat\u00a0el curs escolar, el nombre de dies compactats ser\u00e0 proporcional als dies d\u2019ajut concedit.<\/p>\n<p>No \u00e9s possible fer \u00fas del servei 4 o 5 dies a la setmana fins exhaurir\u00a0els dies de drets ajuts compactat i, no fer \u00fas del menjador la resta de setmanes del curs.<\/p>\n<p><strong>Ser\u00e0 imprescindible que les fam\u00edlies dels alumnes ho comuniquin a l\u2019escola mitjan\u00e7ant el\u00a0<\/strong><strong>document (<a href=\"https:\/\/drive.google.com\/file\/d\/1DfD2wKdlOKqlxWak6rS33NHkUwO2hqDF\/view?usp=sharing\" target=\"_blank\" rel=\"noopener\">CLICA AQU\u00cd PER OBTENIR EL MODEL DE COMPACTACI\u00d3<\/a>). L\u2019escola ens traslladar\u00e0 mitjan\u00e7ant un llistat els noms, cognoms i n\u00famero d\u2019expedient a Serveis Socials (c. General Prim, 33-35 2a planta).<\/strong><\/p>\n<p>2. Si la fam\u00edlia desestima l\u2019ajut, ens haureu de passar a l\u2019escola la ren\u00fancia signada (<a href=\"https:\/\/drive.google.com\/file\/d\/1R1miP3UXOL8iYcPLC01IJE0t4vliSiDG\/view?usp=sharing\" target=\"_blank\" rel=\"noopener\">CLIQUEU AQU\u00cd PER AL MODEL DE REN\u00daNCIA<\/a>).<\/p>\n<p>3. Us recordem que:<\/p>\n<p>\u2013\u00a0\u00a0\u00a0\u00a0\u00a0\u00a0\u00a0Si un alumne es queda a dinar i l\u2019escola no ha rebut l\u2019aprovaci\u00f3 per part de l\u2019Ajuntament,\u00a0<strong>ser\u00e0 la fam\u00edlia qui es far\u00e0 c\u00e0rrec d\u2019aquest import<\/strong>.<\/p>\n<p>\u2013\u00a0\u00a0\u00a0\u00a0\u00a0\u00a0\u00a0Encara que veieu a l\u2019aplicatiu \u201cajut aprovat\u201d heu\u00a0<strong>d\u2019esperar l\u2019av\u00eds de l\u2019Ajuntament<\/strong>.<\/p>\n<p>4. El dispositiu d\u2019atenci\u00f3 a les incid\u00e8ncies vinculades amb les beques menjador:\u00a0<strong>Ser\u00e0 telef\u00f2nic,\u00a0<\/strong>els n\u00fameros de tel\u00e8fons habilitats s\u00f3n els seg\u00fcents:<\/p>\n<p>o\u00a0\u00a0\u00a0627 071 076<\/p>\n<p>o\u00a0\u00a0\u00a0630 788 458<\/p>\n<p>o\u00a0\u00a0\u00a0637 831 003<\/p>\n<p><strong>\u00a05.\u00a0<\/strong>Les\u00a0<strong>persones hauran de presentar a Prim la documentaci\u00f3 indicada per les persones que formen el dispositiu per poder fer les esmenes a la seva sol\u00b7licitud.<\/strong><\/p>\n<p>&nbsp;<\/p>\n","protected":false},"excerpt":{"rendered":"<p>&#8211; Llistat beques MENJADOR concedides o amb incid\u00e8ncies 2024\/25 &#8211; JA S&#8217;HA INFORMAT PER EMAIL A TOTES LES FAM\u00cdLIES QUE TENEN CONCEDIDA LA BECA MENJADOR (JA SIGUI AL 70% O AL 100%. TAMB\u00c9 S&#8217;HA AVISAT A LES FAM\u00cdLIES QUE NO HAN REBUT LA BECA MENJADOR.<br \/>\nUs&hellip;  <a href=\"https:\/\/agora.xtec.cat\/ins25desetembre\/llistat-de-beques-escolars-concedides\/\" title=\"Read Llistat de beques escolars MENJADOR concedides 2024\/25\">Llegeix m\u00e9s\u00bb<\/a><\/p>\n","protected":false},"author":5,"featured_media":0,"parent":0,"menu_order":0,"comment_status":"closed","ping_status":"closed","template":"","meta":{"_bbp_topic_count":0,"_bbp_reply_count":0,"_bbp_total_topic_count":0,"_bbp_total_reply_count":0,"_bbp_voice_count":0,"_bbp_anonymous_reply_count":0,"_bbp_topic_count_hidden":0,"_bbp_reply_count_hidden":0,"_bbp_forum_subforum_count":0,"footnotes":""},"class_list":["post-5786","page","type-page","status-publish","hentry"],"post_mailing_queue_ids":[],"_links":{"self":[{"href":"https:\/\/agora.xtec.cat\/ins25desetembre\/wp-json\/wp\/v2\/pages\/5786","targetHints":{"allow":["GET"]}}],"collection":[{"href":"https:\/\/agora.xtec.cat\/ins25desetembre\/wp-json\/wp\/v2\/pages"}],"about":[{"href":"https:\/\/agora.xtec.cat\/ins25desetembre\/wp-json\/wp\/v2\/types\/page"}],"author":[{"embeddable":true,"href":"https:\/\/agora.xtec.cat\/ins25desetembre\/wp-json\/wp\/v2\/users\/5"}],"replies":[{"embeddable":true,"href":"https:\/\/agora.xtec.cat\/ins25desetembre\/wp-json\/wp\/v2\/comments?post=5786"}],"version-history":[{"count":4,"href":"https:\/\/agora.xtec.cat\/ins25desetembre\/wp-json\/wp\/v2\/pages\/5786\/revisions"}],"predecessor-version":[{"id":11644,"href":"https:\/\/agora.xtec.cat\/ins25desetembre\/wp-json\/wp\/v2\/pages\/5786\/revisions\/11644"}],"wp:attachment":[{"href":"https:\/\/agora.xtec.cat\/ins25desetembre\/wp-json\/wp\/v2\/media?parent=5786"}],"curies":[{"name":"wp","href":"https:\/\/api.w.org\/{rel}","templated":true}]}}