{"id":57,"date":"2014-09-17T17:01:07","date_gmt":"2014-09-17T17:01:07","guid":{"rendered":"http:\/\/agora.xtec.cat\/ins25desetembre\/?page_id=57"},"modified":"2019-01-14T19:05:10","modified_gmt":"2019-01-14T18:05:10","slug":"projecte-educatiu","status":"publish","type":"page","link":"https:\/\/agora.xtec.cat\/ins25desetembre\/projecte-educatiu\/","title":{"rendered":"Projecte educatiu"},"content":{"rendered":"<p><span style=\"font-size: medium;\"><span lang=\"CA\">L\u2019Institut Torrent dels Alous\u00a0compta amb un equip de professorat molt il\u00b7lusionat. Es tracta d\u2019un equip amb un grau de comprom\u00eds molt profund i una gran vocaci\u00f3 professional, que estima i respecta l\u2019alumnat, i a la vegada aplica el m\u00e0xim nivell d\u2019exig\u00e8ncia, tant a nivell acad\u00e8mic com a nivell relacional.\u00a0<\/span><\/span><\/p>\n<p><span style=\"font-size: medium;\"><span lang=\"CA\">Volem educar els alumnes des de la realitat de Rub\u00ed i projectar-los cap al futur en un context internacional. Treballem en equip. Prioritzem l\u2019atenci\u00f3 personalitzada i fomentem\u00a0el gust per la lectura, l\u2019esport i la natura, la m\u00fasica i la creativiat. L\u2019objectiu prioritari \u00e9s que el m\u00e0xim nombre d\u2019alumnes obtingui el graduat d\u2019ensenyament secundari i pugui fer els estudis posteriors que desitgi.<\/span><\/span><\/p>\n<p><span style=\"font-size: medium;\"><span lang=\"CA\">Els\u00a0<b>objectius principals<\/b>\u00a0del nostre projecte educatiu s\u00f3n:<\/span><\/span><\/p>\n<p><span style=\"font-size: medium;\"><b><span lang=\"CA\">1) posar els mecanismes per garantir l&#8217;\u00e8xit escolar per tothom<\/span><\/b><span lang=\"CA\">, de manera que tot l&#8217;alumnat rebi l&#8217;atenci\u00f3 adequada segons les seves necessitats i hi hagi el menor percentatge de frac\u00e0s escolar possible.<\/span><\/span><\/p>\n<p><span style=\"font-size: medium;\"><b><span lang=\"CA\">2) aconseguir les compet\u00e8ncies b\u00e0siques necess\u00e0ries per viure i conviure al m\u00f3n<\/span><\/b><span lang=\"CA\">, especialment focalitzades en la comprensi\u00f3 lectora i escrita en totes les \u00e0rees, \u00e9s a dir, dominar la lectura i escriptura.<\/span><\/span><\/p>\n<p><span style=\"font-size: medium;\"><b><span lang=\"CA\">3) donar import\u00e0ncia cabdal al domini de les lleng\u00fces curriculars i les lleng\u00fces estrangeres<\/span><\/b><span lang=\"CA\">. En acabar l&#8217;ESO l&#8217;alumnat ha de ser competent en castell\u00e0, catal\u00e0, angl\u00e8s i franc\u00e8s o alemany, si \u00e9s el cas.<\/span><\/span><\/p>\n<p><span style=\"font-size: medium;\"><b><span lang=\"CA\">4) integrar les tecnologies de la informaci\u00f3 i la comunicaci\u00f3<\/span><\/b><span lang=\"CA\">\u00a0en totes les accions comunicatives, tant les que tenen lloc dins de l&#8217;aula (proc\u00e9s d&#8217;ensenyament-aprenentatge), com al centre (intranet, moodle, classroom), comunicaci\u00f3 amb les fam\u00edlies (via correu electr\u00f2nic, web, programa inform\u00e0tic de tutoria), com amb l&#8217;entorn i la projecci\u00f3 exterior (p\u00e0gina web, revista).<\/span><\/span><\/p>\n<p><span style=\"font-size: medium;\"><b><span lang=\"CA\">5) formar ciutadans respectuosos amb el medi ambient, tolerants amb totes les idees i creences, amb capacitat cr\u00edtica per analitzar la realitat i preocupats per la seva salut i benestar.<\/span><\/b><\/span><\/p>\n<p><span style=\"font-size: medium;\"><span lang=\"CA\">Posem \u00e8mfasi en el\u00a0<b>seguiment individualitzat<\/b>\u00a0des de dos punt de vista:<\/span><\/span><\/p>\n<ul style=\"list-style-type: disc;\">\n<li><span style=\"font-size: medium;\"><span lang=\"CA\"><b>Acad\u00e8micament<\/b>: seguiment dels deures i resultats de les proves i ex\u00e0mens. Tenim un dia establert per castigats per no fer deures.\u00a0La biblioteca \u00e9s oberta a l&#8217;hora del pati per llegir o fer deures.<\/span><\/span><\/li>\n<\/ul>\n<ul style=\"list-style-type: disc;\">\n<li><span style=\"font-size: medium;\"><span lang=\"CA\" style=\"font-size: medium;\"><b>Control i conviv\u00e8ncia<\/b>: cada dia pel mat\u00ed s&#8217;envia un missatge a la fam\u00edlia d\u2019un alumne que no ha vingut a classe i setmanalment s&#8217;envien informes de totes les incid\u00e8ncies. Per altra banda, posem negatius per mal comportament o si la falta \u00e9s greu fem comunicat per escrit a les fam\u00edlies que ens l\u2019han de retornar signat. Qualsevol baralla amb agressi\u00f3 f\u00edsica ser\u00e0 motiu d\u2019obertura d\u2019expedient disciplinari. Tamb\u00e9 es posen positius per la feina ben feta. A l\u2019hora de la sortida l\u2019equip directiu fa torns per acomiadar els alumnes en la porta.\u00a0<\/span><\/span><\/li>\n<\/ul>\n","protected":false},"excerpt":{"rendered":"<p>L\u2019Institut Torrent dels Alous\u00a0compta amb un equip de professorat molt il\u00b7lusionat. Es tracta d\u2019un equip amb un grau de comprom\u00eds molt profund i una gran vocaci\u00f3 professional, que estima i respecta l\u2019alumnat, i a la vegada aplica el m\u00e0xim nivell d\u2019exig\u00e8ncia, tant a nivell acad\u00e8mic&hellip;  <a href=\"https:\/\/agora.xtec.cat\/ins25desetembre\/projecte-educatiu\/\" title=\"Read Projecte educatiu\">Llegeix m\u00e9s\u00bb<\/a><\/p>\n","protected":false},"author":1,"featured_media":0,"parent":0,"menu_order":0,"comment_status":"closed","ping_status":"closed","template":"page-templates\/side-menu.php","meta":{"_bbp_topic_count":0,"_bbp_reply_count":0,"_bbp_total_topic_count":0,"_bbp_total_reply_count":0,"_bbp_voice_count":0,"_bbp_anonymous_reply_count":0,"_bbp_topic_count_hidden":0,"_bbp_reply_count_hidden":0,"_bbp_forum_subforum_count":0,"footnotes":""},"class_list":["post-57","page","type-page","status-publish","hentry"],"post_mailing_queue_ids":[],"_links":{"self":[{"href":"https:\/\/agora.xtec.cat\/ins25desetembre\/wp-json\/wp\/v2\/pages\/57","targetHints":{"allow":["GET"]}}],"collection":[{"href":"https:\/\/agora.xtec.cat\/ins25desetembre\/wp-json\/wp\/v2\/pages"}],"about":[{"href":"https:\/\/agora.xtec.cat\/ins25desetembre\/wp-json\/wp\/v2\/types\/page"}],"author":[{"embeddable":true,"href":"https:\/\/agora.xtec.cat\/ins25desetembre\/wp-json\/wp\/v2\/users\/1"}],"replies":[{"embeddable":true,"href":"https:\/\/agora.xtec.cat\/ins25desetembre\/wp-json\/wp\/v2\/comments?post=57"}],"version-history":[{"count":4,"href":"https:\/\/agora.xtec.cat\/ins25desetembre\/wp-json\/wp\/v2\/pages\/57\/revisions"}],"predecessor-version":[{"id":4198,"href":"https:\/\/agora.xtec.cat\/ins25desetembre\/wp-json\/wp\/v2\/pages\/57\/revisions\/4198"}],"wp:attachment":[{"href":"https:\/\/agora.xtec.cat\/ins25desetembre\/wp-json\/wp\/v2\/media?parent=57"}],"curies":[{"name":"wp","href":"https:\/\/api.w.org\/{rel}","templated":true}]}}