{"id":555,"date":"2016-09-26T22:51:55","date_gmt":"2016-09-26T20:51:55","guid":{"rendered":"http:\/\/agora.xtec.cat\/ins25desetembre\/?page_id=555"},"modified":"2023-09-10T17:22:42","modified_gmt":"2023-09-10T15:22:42","slug":"projectes-i-activitats","status":"publish","type":"page","link":"https:\/\/agora.xtec.cat\/ins25desetembre\/projecte-educatiu\/projectes-i-activitats\/","title":{"rendered":"Projectes i activitats"},"content":{"rendered":"<p><strong>PROJECTES I ACTIVITATS DEL CENTRE PEL CURS 2023\/24<br \/>\n<\/strong><\/p>\n<ul>\n<li>Biblioteca i Temps de Lectura: foment de la lectura. Promoci\u00f3 de la comprensi\u00f3 lectora des de totes les \u00e0rees.<\/li>\n<li>Reutilitzaci\u00f3 de llibres Batxillerat. Gesti\u00f3 amb l&#8217;empresa <a href=\"http:\/\/microsites.iddink.es\/460_institut_torrent_dels_alous\" target=\"_blank\" rel=\"noopener noreferrer\">Iddink<\/a>.<\/li>\n<li>Aprenentatge amb noves tecnologies i materials creats pel professorat (Google Classroom) i ordinador a l&#8217;aula com a eina.<\/li>\n<li>Projectes de lleng\u00fces estrangeres: altres mat\u00e8ries en angl\u00e8s i franc\u00e8s (ci\u00e8ncies de la naturalesa en angl\u00e8s, ci\u00e8ncies socials en franc\u00e8s), estades ling\u00fc\u00edstiques, viatges a l\u2019estranger, intercanvis. Introducci\u00f3 de l&#8217;alemany com a segona llengua estrangera, juntament amb el franc\u00e8s.<\/li>\n<li><a href=\"http:\/\/blocs.xtec.cat\/aulesacollidores\/\" target=\"_blank\" rel=\"noopener noreferrer\">Aula d&#8217;acollida<\/a><\/li>\n<li>M\u00fasica: optatives relacionades amb la m\u00fasica i optativa de relaxaci\u00f3<\/li>\n<li>Projectes amb la comunitat: Servei Comunitari.<\/li>\n<li>Activitats interdepartamentals i mini-projectes trimestrals<\/li>\n<li>Sortides educatives: teatre en tots els nivells, col\u00f2nies a 1r d\u2019ESO, esquiada a 2n ESO i 1r Batxillerat, col\u00f2nies esportives a 3r ESO, estada ling\u00fc\u00edstica a Fran\u00e7a a 3r d\u2019ESO, viatge d&#8217;estudis internacional 4t d\u2019ESO.<\/li>\n<li>Medi ambient i salut: esport, sortides a la natura, esmorzar saludable i ecol\u00f2gic, activitat de nataci\u00f3 a 1r i 2n d&#8217;ESO, brigada de neteja, Citizenship a 4t ESO.<\/li>\n<li>Projecte transversal art\u00edstic i internivells: aquest curs el projecte t\u00e9 per t\u00edtol &#8220;LLUM, C\u00c0MERA, ACCI\u00d3? &#8221; es dedicar\u00e0 a elaborar diferents projectes amb la tem\u00e0tica dels contes. Altres cursos hem fet: <a href=\"https:\/\/sites.google.com\/site\/greasetorrentdelsalous\/home\" target=\"_blank\" rel=\"noopener noreferrer\"><em>Grease<\/em>, <\/a><a href=\"https:\/\/sites.google.com\/a\/xtec.cat\/institut-torrenr-dels-alous\/01-biblioteca\" target=\"_blank\" rel=\"noopener noreferrer\">Caf\u00e8-teatre<\/a>, <a href=\"https:\/\/plus.google.com\/photos\/110107387661684518607\/albums\/6160999576239066177\" target=\"_blank\" rel=\"noopener noreferrer\"><em>Un vol pel m\u00f3n: espai art\u00edstic<\/em><\/a>, <a href=\"https:\/\/goo.gl\/photos\/MtuEmHhNzRcUdu647\">Mercat medieval<\/a>, Torrent Magazine (canal de televisi\u00f3), Les d\u00e8cades del segle XX, Millorem el nostre entorn, <a href=\"https:\/\/youtu.be\/s6UUMzAvSec\" target=\"_blank\" rel=\"noopener\">Jocs Ol\u00edmpics 2021<\/a>, <a href=\"https:\/\/youtu.be\/N6xO8bpgqH4\" target=\"_blank\" rel=\"noopener\">Un Torrent de Contes<\/a>, Llum, C\u00e0mera i Acci\u00f3.<\/li>\n<li>Projecte &#8220;Cercle d&#8217;amics&#8221; (ESO I Batxillerat) i &#8220;Tutoria entre iguals&#8221; (1r i 3r d&#8217;ESO)<\/li>\n<li><a href=\"http:\/\/agora.xtec.cat\/ins25desetembre\/categoria\/pro-inter\/\" target=\"_blank\" rel=\"noopener noreferrer\">Erasmus+<\/a>. Preparaci\u00f3 de futurs projectes.<\/li>\n<li>Formaci\u00f3 del professorat: assessorament en treball per projectes, treball de les intel\u00b7lig\u00e8ncies m\u00faltiples i dos professors a l&#8217;aula o &#8220;tandem-teaching&#8221;. Reflexi\u00f3 sobre noves metodologies a l&#8217;aula. AVANCEM (Programa d&#8217;Innovaci\u00f3 sobre el tractament integral de les lleng\u00fces ja realitzat), STEAM (Programa d&#8217;Innovaci\u00f3 sobre el foment de les vocacions cient\u00edfic-teconol\u00f2giques), CREATIVITAT, espai creatiu per desenvolupar els projectes transversals de centre.<\/li>\n<li>Projectes AVANCEM, STEAM, PROJECTE TRANSVERSAL.<\/li>\n<li>Celebracions: final de 1r trimestre, carnaval, setmana cultural, final de curs, commemoracions.<\/li>\n<li>Projectes Escola Verda.<\/li>\n<\/ul>\n","protected":false},"excerpt":{"rendered":"<p>PROJECTES I ACTIVITATS DEL CENTRE PEL CURS 2023\/24<\/p>\n<ul>\n<li>Biblioteca i Temps de Lectura: foment de la lectura. Promoci\u00f3 de la comprensi\u00f3 lectora des de totes les \u00e0rees.<\/li>\n<li>Reutilitzaci\u00f3 de llibres Batxillerat. Gesti\u00f3 amb l&#8217;empresa <a href=\"http:\/\/microsites.iddink.es\/460_institut_torrent_dels_alous\" target=\"_blank\" rel=\"noopener noreferrer\">Iddink<\/a>.<\/li>\n<li>Aprenentatge amb noves tecnologies i materials creats pel professorat&hellip;  <a href=\"https:\/\/agora.xtec.cat\/ins25desetembre\/projecte-educatiu\/projectes-i-activitats\/\" title=\"Read Projectes i activitats\">Llegeix m\u00e9s\u00bb<\/a><br \/>\n","protected":false},"author":7,"featured_media":0,"parent":57,"menu_order":2,"comment_status":"closed","ping_status":"closed","template":"page-templates\/side-menu.php","meta":{"_bbp_topic_count":0,"_bbp_reply_count":0,"_bbp_total_topic_count":0,"_bbp_total_reply_count":0,"_bbp_voice_count":0,"_bbp_anonymous_reply_count":0,"_bbp_topic_count_hidden":0,"_bbp_reply_count_hidden":0,"_bbp_forum_subforum_count":0,"footnotes":""},"class_list":["post-555","page","type-page","status-publish","hentry"],"post_mailing_queue_ids":[],"_links":{"self":[{"href":"https:\/\/agora.xtec.cat\/ins25desetembre\/wp-json\/wp\/v2\/pages\/555","targetHints":{"allow":["GET"]}}],"collection":[{"href":"https:\/\/agora.xtec.cat\/ins25desetembre\/wp-json\/wp\/v2\/pages"}],"about":[{"href":"https:\/\/agora.xtec.cat\/ins25desetembre\/wp-json\/wp\/v2\/types\/page"}],"author":[{"embeddable":true,"href":"https:\/\/agora.xtec.cat\/ins25desetembre\/wp-json\/wp\/v2\/users\/7"}],"replies":[{"embeddable":true,"href":"https:\/\/agora.xtec.cat\/ins25desetembre\/wp-json\/wp\/v2\/comments?post=555"}],"version-history":[{"count":5,"href":"https:\/\/agora.xtec.cat\/ins25desetembre\/wp-json\/wp\/v2\/pages\/555\/revisions"}],"predecessor-version":[{"id":9979,"href":"https:\/\/agora.xtec.cat\/ins25desetembre\/wp-json\/wp\/v2\/pages\/555\/revisions\/9979"}],"up":[{"embeddable":true,"href":"https:\/\/agora.xtec.cat\/ins25desetembre\/wp-json\/wp\/v2\/pages\/57"}],"wp:attachment":[{"href":"https:\/\/agora.xtec.cat\/ins25desetembre\/wp-json\/wp\/v2\/media?parent=555"}],"curies":[{"name":"wp","href":"https:\/\/api.w.org\/{rel}","templated":true}]}}