{"id":5549,"date":"2020-05-15T16:20:49","date_gmt":"2020-05-15T14:20:49","guid":{"rendered":"http:\/\/agora.xtec.cat\/ins25desetembre\/?page_id=5549"},"modified":"2026-04-08T09:39:40","modified_gmt":"2026-04-08T07:39:40","slug":"informacio-preinscripcio-i-matricula-batxillerat-2020-21","status":"publish","type":"page","link":"https:\/\/agora.xtec.cat\/ins25desetembre\/informacio-preinscripcio-i-matricula-batxillerat-2020-21\/","title":{"rendered":"Informaci\u00f3 Preinscripci\u00f3 i matr\u00edcula Batxillerat 2026\/27"},"content":{"rendered":"<p>&nbsp;<\/p>\n<ul>\n<li>\n<h4><a href=\"https:\/\/drive.google.com\/file\/d\/1l0tScdRir-ffFekPzGQG8yc-pnIeLYL0\/view?usp=sharing\" target=\"_blank\" rel=\"noopener\"><strong>Powerpoint informaci\u00f3 1r Batxillerat 2026\/27\u00a0<\/strong><\/a><\/h4>\n<\/li>\n<li>\n<h4><a href=\"https:\/\/drive.google.com\/file\/d\/1XukY0LjUAh7lBX9rZcfUleWA3_2h9TCh\/view?usp=sharing\" target=\"_blank\" rel=\"noopener\"><strong>Tr\u00edptic promocional Batxillerat Torrent dels Alous 2026\/27<\/strong><\/a>.<\/h4>\n<\/li>\n<li>\n<h4><a href=\"https:\/\/drive.google.com\/file\/d\/1hHZSUU8S_PnZL1NVoOWTTQOHz_q9sBt7\/view?usp=sharing\" target=\"_blank\" rel=\"noopener\"><strong>Full tria modalitat i optatives <span style=\"text-decoration: underline;\"><em>1r Batxillerat<\/em><\/span> 2026\/27<\/strong><\/a>.<\/h4>\n<\/li>\n<li>\n<h4><a href=\"https:\/\/drive.google.com\/file\/d\/1gFwluVfvk7W05zx-NnD8IdEFetNJuHD8\/view?usp=sharing\" target=\"_blank\" rel=\"noopener\"><strong>Full tria modalitat i optatives <\/strong><span style=\"text-decoration: underline;\"><em>2n Batxillerat<\/em><\/span><strong> 2026\/27<\/strong><\/a>.<\/h4>\n<\/li>\n<li>\n<h4><a href=\"https:\/\/drive.google.com\/file\/d\/1lhRnai4nSD009bSEjfQCEQFcWExnEJeU\/view?usp=sharing\" target=\"_blank\" rel=\"noopener\"><em><strong>Oferta inicial ensenyaments Batxillerat 2026\/27 <\/strong><\/em><em><strong>Institut Torrent dels Alous &#8211; Places vacants &#8211; <\/strong><\/em>Publicat 8\/4\/2026<\/a><\/h4>\n<\/li>\n<li>\n<h4>Publicaci\u00f3 de la llista de sol\u00b7licituds que han demanat el centre i l&#8217;ensenyament en primera petici\u00f3 amb el barem provisional &#8211; Batxillerat &#8211; PENDENT<\/h4>\n<\/li>\n<li>\n<h4>Publicaci\u00f3 de la llista de sol\u00b7licituds que han demanat el centre i l&#8217;ensenyament en primera petici\u00f3 amb el barem resoltes les reclamacions &#8211; Batxillerat &#8211; PENDENT<\/h4>\n<\/li>\n<li>N\u00famero de desempat: PENDENT<\/li>\n<li>\n<h4>Publicaci\u00f3 de la llista de sol\u00b7licituds que han demanat el centre i l&#8217;ensenyament en primera petici\u00f3 ordenada &#8211; Batxillerat &#8211; PENDENT<\/h4>\n<\/li>\n<li>\n<h4>NO CALDR\u00c0 CITA PR\u00c8VIA PER REALITZAR LA MATR\u00cdCULA. INFORMAREM PER TEL\u00c8FON.<\/h4>\n<\/li>\n<li>\n<h4>Publicaci\u00f3 de l&#8217;oferta definitiva de places Batxillerat 2025\/26 &#8211; PENDENT.<\/h4>\n<\/li>\n<li>\n<h4>Alumnes assignats al Centre Torrent dels Alous amb indicaci\u00f3 de la primera petici\u00f3 &#8211; PENDENT<\/h4>\n<\/li>\n<li>\n<h4><strong>Alumnes en llista d&#8217;espera del centre Torrent dels Alous &#8211; PENDENT<\/strong><\/h4>\n<\/li>\n<li>DOCUMENTACI\u00d3 NECESS\u00c0RIA PER FORMALITZAR LA MATR\u00cdCULA DE BATXILLERAT:\n<ul>\n<li>DNI de l&#8217;alumne\/a<\/li>\n<li>DNI dels progenitors<\/li>\n<li>Llibre de fam\u00edlia<\/li>\n<li>Targeta sanit\u00e0ria<\/li>\n<li>Resguard t\u00edtol ESO (nom\u00e9s alumnes que venen d&#8217;altres centres)<\/li>\n<\/ul>\n<\/li>\n<li>DOCUMENTACI\u00d3 <em><strong>NOM\u00c9S<\/strong> <\/em>NECESS\u00c0RIA EN CAS QUE S&#8217;ALEGUI ALGUNA DE LES SITUACIONS:\n<ul>\n<li>\n<div>Carnet de fam\u00edlia monoparental<\/div>\n<\/li>\n<li>\n<div>Carnet de fam\u00edlia nombrosa<\/div>\n<\/li>\n<li>\n<div>Carnet de discapacitat (alumne, tutors o germans)<\/div>\n<\/li>\n<li>\n<div>Ser bess\u00f3 o trigemin<\/div>\n<\/li>\n<li>\n<div>Situaci\u00f3 d&#8217;acolliment familiar<\/div>\n<\/li>\n<li>\n<div>Ser perceptors de la renda garantida de ciutadania<\/div>\n<\/li>\n<li>\n<div>Pare, mare o tutor\/a legal treballant al centre educatiu<\/div>\n<\/li>\n<li>\n<div>Tenir la condici\u00f3 de v\u00edctima de viol\u00e8ncia de g\u00e8nere o terrorisme<\/div>\n<\/li>\n<\/ul>\n<\/li>\n<\/ul>\n<p>&nbsp;<\/p>\n<div><strong>E-mail del centre<\/strong>: a8072401@xtec.cat<\/div>\n<div><\/div>\n<div><\/div>\n<div><strong>Tel\u00e8fon del centre<\/strong>: 938393714<\/div>\n<div><strong>Horari previst d&#8217;atenci\u00f3 al p\u00fablic<\/strong>: 9:00 a 13:30h<\/div>\n<h3>Per a m\u00e9s informaci\u00f3: <i><a href=\"http:\/\/queestudiar.gencat.cat\/ca\/preinscripcio\" target=\"_blank\" rel=\"nofollow noopener noreferrer\">Enlla\u00e7 Departament d&#8217;Educaci\u00f3<\/a><\/i><\/h3>\n","protected":false},"excerpt":{"rendered":"<p>&nbsp;<\/p>\n<ul>\n<li>\n<a href=\"https:\/\/drive.google.com\/file\/d\/1l0tScdRir-ffFekPzGQG8yc-pnIeLYL0\/view?usp=sharing\" target=\"_blank\" rel=\"noopener\">Powerpoint informaci\u00f3 1r Batxillerat 2026\/27\u00a0<\/a>\n<\/li>\n<li>\n<a href=\"https:\/\/drive.google.com\/file\/d\/1XukY0LjUAh7lBX9rZcfUleWA3_2h9TCh\/view?usp=sharing\" target=\"_blank\" rel=\"noopener\">Tr\u00edptic promocional Batxillerat Torrent dels Alous 2026\/27<\/a>.\n<\/li>\n<li>\n<a href=\"https:\/\/drive.google.com\/file\/d\/1hHZSUU8S_PnZL1NVoOWTTQOHz_q9sBt7\/view?usp=sharing\" target=\"_blank\" rel=\"noopener\">Full tria modalitat i optatives 1r Batxillerat 2026\/27<\/a>.\n<\/li>\n<li>\n<a href=\"https:\/\/drive.google.com\/file\/d\/1gFwluVfvk7W05zx-NnD8IdEFetNJuHD8\/view?usp=sharing\" target=\"_blank\" rel=\"noopener\">Full tria modalitat i optatives 2n Batxillerat 2026\/27<\/a>.\n<\/li>\n<li>\n<a href=\"https:\/\/drive.google.com\/file\/d\/1lhRnai4nSD009bSEjfQCEQFcWExnEJeU\/view?usp=sharing\" target=\"_blank\" rel=\"noopener\">Oferta inicial ensenyaments Batxillerat 2026\/27 Institut&hellip;  <a href=\"https:\/\/agora.xtec.cat\/ins25desetembre\/informacio-preinscripcio-i-matricula-batxillerat-2020-21\/\" title=\"Read Informaci\u00f3 Preinscripci\u00f3 i matr\u00edcula Batxillerat 2026\/27\">Llegeix m\u00e9s\u00bb<\/a><\/p>\n","protected":false},"author":5,"featured_media":0,"parent":0,"menu_order":0,"comment_status":"closed","ping_status":"closed","template":"","meta":{"_bbp_topic_count":0,"_bbp_reply_count":0,"_bbp_total_topic_count":0,"_bbp_total_reply_count":0,"_bbp_voice_count":0,"_bbp_anonymous_reply_count":0,"_bbp_topic_count_hidden":0,"_bbp_reply_count_hidden":0,"_bbp_forum_subforum_count":0,"footnotes":""},"class_list":["post-5549","page","type-page","status-publish","hentry"],"post_mailing_queue_ids":[],"_links":{"self":[{"href":"https:\/\/agora.xtec.cat\/ins25desetembre\/wp-json\/wp\/v2\/pages\/5549","targetHints":{"allow":["GET"]}}],"collection":[{"href":"https:\/\/agora.xtec.cat\/ins25desetembre\/wp-json\/wp\/v2\/pages"}],"about":[{"href":"https:\/\/agora.xtec.cat\/ins25desetembre\/wp-json\/wp\/v2\/types\/page"}],"author":[{"embeddable":true,"href":"https:\/\/agora.xtec.cat\/ins25desetembre\/wp-json\/wp\/v2\/users\/5"}],"replies":[{"embeddable":true,"href":"https:\/\/agora.xtec.cat\/ins25desetembre\/wp-json\/wp\/v2\/comments?post=5549"}],"version-history":[{"count":6,"href":"https:\/\/agora.xtec.cat\/ins25desetembre\/wp-json\/wp\/v2\/pages\/5549\/revisions"}],"predecessor-version":[{"id":13633,"href":"https:\/\/agora.xtec.cat\/ins25desetembre\/wp-json\/wp\/v2\/pages\/5549\/revisions\/13633"}],"wp:attachment":[{"href":"https:\/\/agora.xtec.cat\/ins25desetembre\/wp-json\/wp\/v2\/media?parent=5549"}],"curies":[{"name":"wp","href":"https:\/\/api.w.org\/{rel}","templated":true}]}}