{"id":535,"date":"2016-09-26T18:35:21","date_gmt":"2016-09-26T16:35:21","guid":{"rendered":"http:\/\/agora.xtec.cat\/ins25desetembre\/?page_id=535"},"modified":"2026-03-03T10:36:47","modified_gmt":"2026-03-03T09:36:47","slug":"preinscripcio-i-matricula","status":"publish","type":"page","link":"https:\/\/agora.xtec.cat\/ins25desetembre\/secretaria\/preinscripcio-i-matricula\/","title":{"rendered":"Informaci\u00f3 Preinscripci\u00f3 i matr\u00edcula ESO 2026\/27"},"content":{"rendered":"<div>\n<ul>\n<li><a href=\"https:\/\/drive.google.com\/file\/d\/1hsL4A9eCEaolZO6No-ctUBjG7GFCQkj8\/view?usp=sharing\" target=\"_blank\" rel=\"noopener\">Presentaci\u00f3 ESO feta el dia 25 de febrer 2026 &#8211; consulta el projecte pedag\u00f2gic del centre i altres informacions d&#8217;inter\u00e8s. Clica aqu\u00ed.\u00a0<\/a><\/li>\n<li><a href=\"https:\/\/drive.google.com\/file\/d\/1CYg9cDGowBOQlIm8pwhFXUjd7Pgwp6y8\/view?usp=sharing\" target=\"_blank\" rel=\"noopener\">Tr\u00edptic informatiu ESO. Clica aqu\u00ed<\/a>.<\/li>\n<li>Per demanar CITA PR\u00c8VIA per fer la preinscripci\u00f3 ESO (si teniu dificultats en fer la preinscripci\u00f3 de forma telem\u00e0tica i NOM\u00c9S si demaneu el nostre centre en primera opci\u00f3), trucar al tel\u00e8fon 938393714.<\/li>\n<\/ul>\n<\/div>\n<div><\/div>\n<div><\/div>\n<h6><i><\/i><a href=\"https:\/\/preinscripcio.gencat.cat\/ca\/estudis\/eso\/informat\/calendari\/\" target=\"_blank\" rel=\"noopener\"><i>&#8211; Calendari preinscripci\u00f3 2026\/27 &#8211; Cliqueu aqu\u00ed.\u00a0<\/i><\/a><\/h6>\n<h6>&#8211; <a href=\"https:\/\/drive.google.com\/file\/d\/1sMZ8WzeNlAoMFsl168dywoWVcLYw9GWr\/view?usp=sharing\" target=\"_blank\" rel=\"noopener\"><em>Oferta inicial ensenyaments obligatoris 2026\/27 &#8211; Cliqueu aqu\u00ed &#8211; Publicat en data 3\/3\/2026<\/em><\/a><\/h6>\n<ul>\n<li>\n<h6><em><strong>Oferta final ensenyaments obligatoris 2025\/26 &#8211; PENDENT<\/strong><\/em><\/h6>\n<\/li>\n<li>Quadre de places vacants a secund\u00e0ria del nostre municipi, resultants del proc\u00e9s d&#8217;assignaci\u00f3 (Preinscripci\u00f3 2025\/26) &#8211; PENDENT<\/li>\n<li>Publicaci\u00f3 de la llista de sol\u00b7licituds que han demanat el centre i l&#8217;ensenyament en primera petici\u00f3 amb el barem <span style=\"text-decoration: underline;\"><strong>provisional<\/strong><\/span> &#8211; PENDENT<\/li>\n<\/ul>\n<p>Presentaci\u00f3 de reclamacions a la llista amb la puntuaci\u00f3 provisional: Del 15 al 20 abril 2026.<\/p>\n<ul>\n<li>Publicaci\u00f3 de la llista de sol\u00b7licituds que han demanat el centre i l&#8217;ensenyament en primera petici\u00f3 amb el barem <span style=\"text-decoration: underline;\"><strong>resoltes les reclamacions<\/strong><\/span>\u00a0 &#8211; PENDENT<\/li>\n<li>N\u00famero de desempat: PENDENT<\/li>\n<li>Publicaci\u00f3 de la llista de sol\u00b7licituds que han demanat el centre i l&#8217;ensenyament en primera petici\u00f3 <span style=\"text-decoration: underline;\"><strong>ordenada<\/strong>\u00a0<\/span>&#8211; PENDENT<\/li>\n<li>Publicaci\u00f3 de la llista d&#8217;assignacions al nostre centre &#8211; PENDENT<\/li>\n<li>Publicaci\u00f3 de la llista d&#8217;espera al nostre centre &#8211; PENDENT<\/li>\n<li>Publicaci\u00f3 de la llista de preinscrits i centre assignat &#8211; PENDENT<\/li>\n<li>RECLAMACIONS a la llista d&#8217;assignacions i llista d&#8217;espera PENDENT &#8211; Nom\u00e9s es podran presentar reclamacions omplint aquest formulari. El formulari s&#8217;activar\u00e0 el dia xxxx &#8211; PENDENT<\/li>\n<li><span style=\"text-decoration: underline;\"><strong>CITA PR\u00c8VIA PER VENIR A PORTAR DOCUMENTACI\u00d3 PER A LA MATR\u00cdCULA<\/strong><\/span> &#8211; L&#8217;aplicatiu per demanar cita pr\u00e8via s&#8217;activar\u00e0, un cop s&#8217;hagi publicat la llista d&#8217;admesos.<\/li>\n<\/ul>\n<h5><\/h5>\n<div><\/div>\n<div><\/div>\n<div><\/div>\n<p>&nbsp;<\/p>\n<div><strong>E-mail del centre Institut Torrent dels Alous<\/strong>: a8072401@xtec.cat<\/div>\n<div><strong>Tel\u00e8fon del centre Institut Torrent dels Alous<\/strong>: 938393714<\/div>\n<h3><\/h3>\n<h3><i><a href=\"https:\/\/agora.xtec.cat\/ins25desetembre\/wp-content\/uploads\/usu1400\/2021\/03\/Preinscripci\u00f3.jpg\"><img loading=\"lazy\" decoding=\"async\" class=\"alignnone wp-image-6372\" src=\"https:\/\/agora.xtec.cat\/ins25desetembre\/wp-content\/uploads\/usu1400\/2021\/03\/Preinscripci\u00f3.jpg\" alt=\"\" width=\"187\" height=\"145\" \/> <\/a><\/i>Per a m\u00e9s informaci\u00f3: <i><a href=\"https:\/\/preinscripcio.gencat.cat\/ca\/estudis\/eso\/inici\/\" target=\"_blank\" rel=\"nofollow noopener noreferrer\">Enlla\u00e7 Departament d&#8217;Educaci\u00f3<\/a><\/i><\/h3>\n","protected":false},"excerpt":{"rendered":"<ul>\n<li><a href=\"https:\/\/drive.google.com\/file\/d\/1hsL4A9eCEaolZO6No-ctUBjG7GFCQkj8\/view?usp=sharing\" target=\"_blank\" rel=\"noopener\">Presentaci\u00f3 ESO feta el dia 25 de febrer 2026 &#8211; consulta el projecte pedag\u00f2gic del centre i altres informacions d&#8217;inter\u00e8s. Clica aqu\u00ed.\u00a0<\/a><\/li>\n<li><a href=\"https:\/\/drive.google.com\/file\/d\/1CYg9cDGowBOQlIm8pwhFXUjd7Pgwp6y8\/view?usp=sharing\" target=\"_blank\" rel=\"noopener\">Tr\u00edptic informatiu ESO. Clica aqu\u00ed<\/a>.<\/li>\n<li>Per demanar CITA PR\u00c8VIA per fer la preinscripci\u00f3 ESO (si teniu dificultats en fer&hellip;  <a href=\"https:\/\/agora.xtec.cat\/ins25desetembre\/secretaria\/preinscripcio-i-matricula\/\" title=\"Read Informaci\u00f3 Preinscripci\u00f3 i matr\u00edcula ESO 2026\/27\">Llegeix m\u00e9s\u00bb<\/a><br \/>\n","protected":false},"author":7,"featured_media":0,"parent":81,"menu_order":0,"comment_status":"closed","ping_status":"closed","template":"","meta":{"_bbp_topic_count":0,"_bbp_reply_count":0,"_bbp_total_topic_count":0,"_bbp_total_reply_count":0,"_bbp_voice_count":0,"_bbp_anonymous_reply_count":0,"_bbp_topic_count_hidden":0,"_bbp_reply_count_hidden":0,"_bbp_forum_subforum_count":0,"footnotes":""},"class_list":["post-535","page","type-page","status-publish","hentry"],"post_mailing_queue_ids":[],"_links":{"self":[{"href":"https:\/\/agora.xtec.cat\/ins25desetembre\/wp-json\/wp\/v2\/pages\/535","targetHints":{"allow":["GET"]}}],"collection":[{"href":"https:\/\/agora.xtec.cat\/ins25desetembre\/wp-json\/wp\/v2\/pages"}],"about":[{"href":"https:\/\/agora.xtec.cat\/ins25desetembre\/wp-json\/wp\/v2\/types\/page"}],"author":[{"embeddable":true,"href":"https:\/\/agora.xtec.cat\/ins25desetembre\/wp-json\/wp\/v2\/users\/7"}],"replies":[{"embeddable":true,"href":"https:\/\/agora.xtec.cat\/ins25desetembre\/wp-json\/wp\/v2\/comments?post=535"}],"version-history":[{"count":7,"href":"https:\/\/agora.xtec.cat\/ins25desetembre\/wp-json\/wp\/v2\/pages\/535\/revisions"}],"predecessor-version":[{"id":13543,"href":"https:\/\/agora.xtec.cat\/ins25desetembre\/wp-json\/wp\/v2\/pages\/535\/revisions\/13543"}],"up":[{"embeddable":true,"href":"https:\/\/agora.xtec.cat\/ins25desetembre\/wp-json\/wp\/v2\/pages\/81"}],"wp:attachment":[{"href":"https:\/\/agora.xtec.cat\/ins25desetembre\/wp-json\/wp\/v2\/media?parent=535"}],"curies":[{"name":"wp","href":"https:\/\/api.w.org\/{rel}","templated":true}]}}