{"id":46,"date":"2014-09-17T16:53:45","date_gmt":"2014-09-17T16:53:45","guid":{"rendered":"http:\/\/agora.xtec.cat\/ins25desetembre\/?page_id=46"},"modified":"2025-11-19T16:53:41","modified_gmt":"2025-11-19T15:53:41","slug":"organigrama","status":"publish","type":"page","link":"https:\/\/agora.xtec.cat\/ins25desetembre\/linstitut\/organigrama\/","title":{"rendered":"Organigrama 2025\/26"},"content":{"rendered":"<p><strong>PROFESSORAT<br \/>\n<\/strong><\/p>\n<p><strong>\u00a0Equip directiu 2025-26<br \/>\n<\/strong><\/p>\n<table style=\"height: 160px;\" width=\"593\">\n<tbody>\n<tr>\n<td width=\"194\"><strong>Directora<\/strong><\/p>\n<p><strong>Cap d\u2019estudis<\/strong><\/p>\n<p><strong>Coordinadora pedag\u00f2gica<\/strong><\/p>\n<p><strong>Secretari<\/strong><\/td>\n<td width=\"383\">TERESA PARDO (tpardo@instorrentdelsalous.cat) &#8211; <a href=\"https:\/\/drive.google.com\/file\/d\/1Pqm2Dew5C6SvMXgRSxjHJczCu0hLoYNP\/view?usp=sharing\" target=\"_blank\" rel=\"noopener noreferrer\">Clica aqu\u00ed per con\u00e8ixer el perfil i traject\u00f2ria professional<\/a><\/p>\n<p>SARA L\u00d3PEZ (slopez@instorrentdelsalous.cat) &#8211; <a href=\"https:\/\/drive.google.com\/file\/d\/1i63-t4szOi8A3UI7WjyZb1v95qi5QJqf\/view?usp=sharing\" target=\"_blank\" rel=\"noopener\">Clica aqu\u00ed per con\u00e8ixer el perfil i traject\u00f2ria professional<\/a><\/p>\n<p>ANNA MALONDA (amalonda@instorrentdelsalous.cat) &#8211; <a href=\"https:\/\/drive.google.com\/file\/d\/1VXkPu0e3VCeSUF5-rThwu6jvpiR65SAt\/view?usp=share_link\" target=\"_blank\" rel=\"noopener\">Clica aqu\u00ed per con\u00e8ixer el perfil i traject\u00f2ria professional<\/a><\/p>\n<p>FRAN MU\u00d1OZ (fmunoz@instorrentdelsalous.cat) &#8211; <a href=\"https:\/\/drive.google.com\/file\/d\/1co0ynzGsRNfQduRz2Bl5hLbLagG-R2Sm\/view?usp=sharing\" target=\"_blank\" rel=\"noopener noreferrer\">Clica aqu\u00ed per con\u00e8ixer el perfil i traject\u00f2ria professional<\/a><\/td>\n<\/tr>\n<\/tbody>\n<\/table>\n<table style=\"height: 2462px; width: 810px;\">\n<tbody>\n<tr style=\"height: 33px;\">\n<td style=\"height: 33px; width: 808px;\" colspan=\"2\"><b>Departaments Curs 2025-26<br \/>\n<\/b><\/td>\n<\/tr>\n<tr style=\"height: 217px;\">\n<td style=\"height: 217px; width: 256px;\">Llengua Catalana i Literatura<\/p>\n<p>&nbsp;<\/td>\n<td style=\"height: 217px; width: 552px;\"><b>HERN\u00c1NDEZ\u00a0 ESTER (CAP DEPARTAMENT CATAL\u00c0)<\/b><\/p>\n<p><span style=\"font-weight: 400;\">BAYOT, MARTA (TUTORA 1r BAT A)<\/span><\/p>\n<p><span style=\"font-weight: 400;\">CARRILLO, ENCARNA (CAP EQUIP 2ESO I AULA ACOLLIDA)<\/span><\/p>\n<p>GONZ\u00c1LEZ, SANDRA (TUTORA 2n BAT C)<\/p>\n<p>MORENO, CARMEN<\/p>\n<p>ORTIZ, ALBA (TUTORA 1r BAT D)<\/p>\n<p><span style=\"font-weight: 400;\">RENOM, MARIA SALUT (AULA ACOLLIDA I LIC)<\/span><\/p>\n<p>TRIVI\u00d1O, ALEJANDRO<\/td>\n<\/tr>\n<tr style=\"height: 177px;\">\n<td style=\"height: 177px; width: 256px;\">Llengua Castellana i Literatura<\/p>\n<p>&nbsp;<\/p>\n<p>&nbsp;<\/p>\n<p>&nbsp;<\/p>\n<p>&nbsp;<\/p>\n<p>Llat\u00ed i cultura cl\u00e0ssica<\/td>\n<td style=\"height: 177px; width: 552px;\"><strong>CUEVA, IN\u00c9S (CAP DEPARTAMENT CASTELL\u00c0 I SC)<\/strong><\/p>\n<p>AYUSO, SHEILA (TUTORA 1ESO D)<\/p>\n<p>HERN\u00c1NDEZ, DAVID (TUTOR 3 ESO D)<\/p>\n<p>PORRAS, CARLA (AVANCEM)<\/p>\n<p>PUERTA, VICTORIA (TUTORA 2n BAT A)<\/p>\n<p>S\u00c1NCHEZ, CRISTINA<\/td>\n<\/tr>\n<tr>\n<td style=\"width: 256px;\">Ci\u00e8ncies Socials<\/p>\n<p>&nbsp;<\/p>\n<p>&nbsp;<\/p>\n<p>&nbsp;<\/p>\n<p>&nbsp;<\/p>\n<p>&nbsp;<\/p>\n<p>Filosofia<\/td>\n<td style=\"width: 552px;\"><strong>VARGAS, DANIEL (CAP DEPARTAMENT CI\u00c8NCIES SOCIALS I FILOSOFIA)<\/strong><\/p>\n<p>ARIAS, JUAN DIEGO<\/p>\n<p>CASAS,\u00a0 MARTA (TUTORA 1ESO A)<\/p>\n<p>G\u00d3MEZ, NEREA (REFERENT AULA OBERTA)<\/p>\n<p>MONTOLIU, CARLOS<\/p>\n<p>PE\u00d1ALVER, ELENA (TUTORA 2ESO B)<\/p>\n<p>PRADOS, MILENA (TUTORA 3ESO B)<\/p>\n<p>SALVAD\u00d3, JORDI (TUTOR 4ESO B)<\/p>\n<p>TRIVI\u00d1O, ALEJANDRO<\/td>\n<\/tr>\n<tr style=\"height: 297px;\">\n<td style=\"height: 297px; width: 256px;\">Matem\u00e0tiques i Economia<\/td>\n<td style=\"height: 297px; width: 552px;\"><b>CORRAL, \u00d3SCAR (CAP DEPARTAMENT MATEM\u00c0TIQUES)<\/b><\/p>\n<p>LUCAS URIBE J\u00daLIA (TUTORA 2n BAT B)<\/p>\n<p>L\u00d3PEZ, CARLOS (TUTOR 3ESO C)<\/p>\n<p>MU\u00d1OZ, FRANCISCO (SECRETARI)<\/p>\n<p>POMAR, ANA<\/p>\n<p><span style=\"font-weight: 400;\">RAM\u00cdREZ, CRISTINA (COORDINADORA DIGITAL)\u00a0<\/span><\/p>\n<p>RODR\u00cdGUEZ, PAULINA (TUTORA 4ESO D)<\/p>\n<p>SUBIR\u00c0, CRISTINA (TUTORA 1r BAT C)<\/p>\n<p><span style=\"font-weight: 400;\">TRIVI\u00d1O, JOSE (TUTOR 1ESO E)<\/span><\/p>\n<p>TUCA, MIREIA (TUTORA 4ESO C)<\/td>\n<\/tr>\n<tr style=\"height: 177px;\">\n<td style=\"height: 177px; width: 256px;\">Tecnologia<\/td>\n<td style=\"height: 177px; width: 552px;\"><b>G\u00d3MEZ, GL\u00d2RIA\u00a0 (CAP DEPARTAMENT TECNOLOGIA I COORDINADORA RISCOS LABORALS)<\/b><\/p>\n<p><span style=\"font-weight: 400;\">AULADELL, MARICEL\u00a0<\/span><\/p>\n<p><span style=\"font-weight: 400;\">MUNTADA, CORI (TUTORA 2ESO E)<\/span><\/p>\n<p>TARR\u00c9S, AINHOA (TUTORA 2ESO C)<\/p>\n<p>T\u00c9LLEZ, DOMINGO<\/td>\n<\/tr>\n<tr style=\"height: 257px;\">\n<td style=\"height: 257px; width: 256px;\">Ci\u00e8ncies Experimentals<\/p>\n<p>(FIS I QUIM) i\u00a0(BIO I GEO)<\/td>\n<td style=\"height: 257px; width: 552px;\"><b>S\u00c1NCHEZ , ANABEL<\/b>\u00a0<b>(CAP DEPARTAMENT CI\u00c8NCIES EXPERIMENTALS)<\/b><\/p>\n<p>FEIXA, XAVIER (TUTOR 1ESO B)<\/p>\n<p>MART\u00cd, IGNASI (TUTOR 1ESO C)<\/p>\n<p>MART\u00cdN, RAQUEL (CAP EQUIP 3r ESO)<\/p>\n<p>MUNTEANU, ANDREEA (COORDINADORA STEAM)<\/p>\n<p><span style=\"font-weight: 400;\">PARDO, TERESA (DIRECTORA)<\/span><\/p>\n<p><span style=\"font-weight: 400;\">P\u00c9REZ,\u00a0 ROC\u00cdO (ORGANITZACI\u00d3 ACTIVITATS I SORTIDES, XXSS I WEB)<\/span><\/p>\n<p>P\u00c9REZ, ROGER<\/p>\n<p>SANXO, EUDALD<\/td>\n<\/tr>\n<tr>\n<td style=\"width: 256px;\">Lleng\u00fces Estrangeres (ANGL\u00c8S)<\/p>\n<p>&nbsp;<\/p>\n<p>&nbsp;<\/p>\n<p>&nbsp;<\/p>\n<p>&nbsp;<\/p>\n<p>&nbsp;<\/p>\n<p>&nbsp;<\/p>\n<p>Lleng\u00fces Estrangeres (ALEMANY)<\/p>\n<p>Lleng\u00fces Estrangeres (FRANC\u00c8S)<\/td>\n<td style=\"width: 552px;\"><strong>PADILLA, JENIFER (CAP DEPARTAMENT LLENG\u00dcES ESTRANGERES)<\/strong><\/p>\n<p>BELTR\u00c1N, MEL\u00c0NIA (CAP D&#8217;EQUIP BATXILLERAT)<\/p>\n<p>BOTE, MARTA (TUTORA 2ESO D)<\/p>\n<p>GRAS, MARIA ELISABET<\/p>\n<p>L\u00d3PEZ, SARA (CAP D&#8217;ESTUDIS)<\/p>\n<p>VIDAL, EMMA (TUTORA 2ESO A)<\/p>\n<p>&nbsp;<\/p>\n<p>MALONDA,\u00a0 ANNA (COORDINADORA PEDAG\u00d2GICA)<\/p>\n<p>COLOMINA, ANA (CAP EQUIP 4ESO)<\/td>\n<\/tr>\n<tr style=\"height: 297px;\">\n<td style=\"height: 10px; width: 256px;\">Expressi\u00f3<\/p>\n<p>&nbsp;<\/p>\n<p>VIP I AUDIOVISUALS<\/p>\n<p>&nbsp;<\/p>\n<p>&nbsp;<\/p>\n<p>&nbsp;<\/p>\n<p>&nbsp;<\/p>\n<p>&nbsp;<\/p>\n<p>&nbsp;<\/p>\n<p>EF<\/p>\n<p>&nbsp;<\/p>\n<p>&nbsp;<\/p>\n<p>M\u00daSICA<\/p>\n<p>&nbsp;<\/td>\n<td style=\"height: 10px; width: 552px;\"><b>FELIU, MIREIA <\/b><b>(CAP DEPARTAMENT EXPRESSI\u00d3)<\/b><\/p>\n<p>&nbsp;<\/p>\n<p>L\u00d3PEZ, L\u00cdDIA (CAP EQUIP DE 1ESO)<\/p>\n<p>COLETO, NATALIA (TUTORA 3ESO A, REFERENT COEDUCACI\u00d3)<\/p>\n<p>PANADERO, M. ELENA<\/p>\n<p>PARRAL, LAIA (REFERENT AUDIOVISUALS)<\/p>\n<p>&nbsp;<\/p>\n<p>ESTRUCH, DAVID (TUTOR 1ESO C)<\/p>\n<p>G\u00d3MEZ, CRISTIAN<\/p>\n<p><span style=\"font-weight: 400;\">N\u00da\u00d1EZ, YOLANDA (TUTORA 3r ESO E)<\/span><\/p>\n<p>ORETEGA, T\u00c0NIA (TUTORA 4t ESO E)<\/p>\n<p>&nbsp;<\/p>\n<p>BELTRAN, LLU\u00cfSA (COORDINADORA PROJECTE TRANSVERSAL)<\/td>\n<\/tr>\n<tr style=\"height: 177px;\">\n<td style=\"height: 177px; width: 256px;\">Orientaci\u00f3 i Atenci\u00f3 Diversitat<\/td>\n<td style=\"height: 177px; width: 552px;\"><b>SENDRA ELISENDA (CAP DEPARTAMENT DOE) <\/b><span style=\"font-weight: 400;\">(ORIENTADORA 2n ESO i 1r BAT)<\/span><\/p>\n<p>BARCEL\u00d3, ROSER (ORIENTADORA 1r ESO i 2n BAT)<\/p>\n<p>L\u00d3PEZ, BERTA (ORIENTADORA 3r ESO)<\/p>\n<p><span style=\"font-weight: 400;\">TARR\u00c9S, MARTA (ORIENTADORA 4t ESO i REFERENT COCOBE)<\/span><\/td>\n<\/tr>\n<\/tbody>\n<\/table>\n<p>&nbsp;<\/p>\n","protected":false},"excerpt":{"rendered":"<p>PROFESSORAT<\/p>\n<p>\u00a0Equip directiu 2025-26<\/p>\n<p>Directora<br \/>\nCap d\u2019estudis<br \/>\nCoordinadora pedag\u00f2gica<br \/>\nSecretari<br \/>\nTERESA PARDO (tpardo@instorrentdelsalous.cat) &#8211; <a href=\"https:\/\/drive.google.com\/file\/d\/1Pqm2Dew5C6SvMXgRSxjHJczCu0hLoYNP\/view?usp=sharing\" target=\"_blank\" rel=\"noopener noreferrer\">Clica aqu\u00ed per con\u00e8ixer el perfil i traject\u00f2ria professional<\/a><br \/>\nSARA L\u00d3PEZ (slopez@instorrentdelsalous.cat) &#8211; <a href=\"https:\/\/drive.google.com\/file\/d\/1i63-t4szOi8A3UI7WjyZb1v95qi5QJqf\/view?usp=sharing\" target=\"_blank\" rel=\"noopener\">Clica aqu\u00ed per con\u00e8ixer el perfil i traject\u00f2ria professional<\/a><br \/>\nANNA MALONDA (amalonda@instorrentdelsalous.cat) &#8211; <a href=\"https:\/\/drive.google.com\/file\/d\/1VXkPu0e3VCeSUF5-rThwu6jvpiR65SAt\/view?usp=share_link\" target=\"_blank\" rel=\"noopener\">Clica aqu\u00ed per&hellip;  <a href=\"https:\/\/agora.xtec.cat\/ins25desetembre\/linstitut\/organigrama\/\" title=\"Read Organigrama 2025\/26\">Llegeix m\u00e9s\u00bb<\/a><\/p>\n","protected":false},"author":1,"featured_media":0,"parent":19,"menu_order":50,"comment_status":"closed","ping_status":"closed","template":"page-templates\/side-menu.php","meta":{"_bbp_topic_count":0,"_bbp_reply_count":0,"_bbp_total_topic_count":0,"_bbp_total_reply_count":0,"_bbp_voice_count":0,"_bbp_anonymous_reply_count":0,"_bbp_topic_count_hidden":0,"_bbp_reply_count_hidden":0,"_bbp_forum_subforum_count":0,"footnotes":""},"class_list":["post-46","page","type-page","status-publish","hentry"],"post_mailing_queue_ids":[],"_links":{"self":[{"href":"https:\/\/agora.xtec.cat\/ins25desetembre\/wp-json\/wp\/v2\/pages\/46","targetHints":{"allow":["GET"]}}],"collection":[{"href":"https:\/\/agora.xtec.cat\/ins25desetembre\/wp-json\/wp\/v2\/pages"}],"about":[{"href":"https:\/\/agora.xtec.cat\/ins25desetembre\/wp-json\/wp\/v2\/types\/page"}],"author":[{"embeddable":true,"href":"https:\/\/agora.xtec.cat\/ins25desetembre\/wp-json\/wp\/v2\/users\/1"}],"replies":[{"embeddable":true,"href":"https:\/\/agora.xtec.cat\/ins25desetembre\/wp-json\/wp\/v2\/comments?post=46"}],"version-history":[{"count":7,"href":"https:\/\/agora.xtec.cat\/ins25desetembre\/wp-json\/wp\/v2\/pages\/46\/revisions"}],"predecessor-version":[{"id":13239,"href":"https:\/\/agora.xtec.cat\/ins25desetembre\/wp-json\/wp\/v2\/pages\/46\/revisions\/13239"}],"up":[{"embeddable":true,"href":"https:\/\/agora.xtec.cat\/ins25desetembre\/wp-json\/wp\/v2\/pages\/19"}],"wp:attachment":[{"href":"https:\/\/agora.xtec.cat\/ins25desetembre\/wp-json\/wp\/v2\/media?parent=46"}],"curies":[{"name":"wp","href":"https:\/\/api.w.org\/{rel}","templated":true}]}}