{"id":4201,"date":"2019-01-14T19:32:51","date_gmt":"2019-01-14T18:32:51","guid":{"rendered":"http:\/\/agora.xtec.cat\/ins25desetembre\/?page_id=4201"},"modified":"2022-12-02T17:50:19","modified_gmt":"2022-12-02T16:50:19","slug":"projecte-linguistic","status":"publish","type":"page","link":"https:\/\/agora.xtec.cat\/ins25desetembre\/projecte-educatiu\/projecte-linguistic\/","title":{"rendered":"Projecte ling\u00fc\u00edstic"},"content":{"rendered":"<p><a href=\"https:\/\/drive.google.com\/file\/d\/1wKmfVC7VTBQn2bh-ckaR-CIvGQRMouwc\/view?usp=share_link\" target=\"_blank\" rel=\"noopener\">Cliqueu aqu\u00ed per consultar el nostre Projecte Ling\u00fc\u00edstic de Centre<\/a>.<\/p>\n","protected":false},"excerpt":{"rendered":"<p><a href=\"https:\/\/drive.google.com\/file\/d\/1wKmfVC7VTBQn2bh-ckaR-CIvGQRMouwc\/view?usp=share_link\" target=\"_blank\" rel=\"noopener\">Cliqueu aqu\u00ed per consultar el nostre Projecte Ling\u00fc\u00edstic de Centre<\/a>.<\/p>\n","protected":false},"author":7,"featured_media":0,"parent":57,"menu_order":3,"comment_status":"closed","ping_status":"closed","template":"","meta":{"_bbp_topic_count":0,"_bbp_reply_count":0,"_bbp_total_topic_count":0,"_bbp_total_reply_count":0,"_bbp_voice_count":0,"_bbp_anonymous_reply_count":0,"_bbp_topic_count_hidden":0,"_bbp_reply_count_hidden":0,"_bbp_forum_subforum_count":0,"footnotes":""},"class_list":["post-4201","page","type-page","status-publish","hentry"],"post_mailing_queue_ids":[],"_links":{"self":[{"href":"https:\/\/agora.xtec.cat\/ins25desetembre\/wp-json\/wp\/v2\/pages\/4201","targetHints":{"allow":["GET"]}}],"collection":[{"href":"https:\/\/agora.xtec.cat\/ins25desetembre\/wp-json\/wp\/v2\/pages"}],"about":[{"href":"https:\/\/agora.xtec.cat\/ins25desetembre\/wp-json\/wp\/v2\/types\/page"}],"author":[{"embeddable":true,"href":"https:\/\/agora.xtec.cat\/ins25desetembre\/wp-json\/wp\/v2\/users\/7"}],"replies":[{"embeddable":true,"href":"https:\/\/agora.xtec.cat\/ins25desetembre\/wp-json\/wp\/v2\/comments?post=4201"}],"version-history":[{"count":5,"href":"https:\/\/agora.xtec.cat\/ins25desetembre\/wp-json\/wp\/v2\/pages\/4201\/revisions"}],"predecessor-version":[{"id":8705,"href":"https:\/\/agora.xtec.cat\/ins25desetembre\/wp-json\/wp\/v2\/pages\/4201\/revisions\/8705"}],"up":[{"embeddable":true,"href":"https:\/\/agora.xtec.cat\/ins25desetembre\/wp-json\/wp\/v2\/pages\/57"}],"wp:attachment":[{"href":"https:\/\/agora.xtec.cat\/ins25desetembre\/wp-json\/wp\/v2\/media?parent=4201"}],"curies":[{"name":"wp","href":"https:\/\/api.w.org\/{rel}","templated":true}]}}