{"id":195,"date":"2014-09-22T10:39:39","date_gmt":"2014-09-22T10:39:39","guid":{"rendered":"http:\/\/agora.xtec.cat\/ins25desetembre\/?page_id=195"},"modified":"2022-09-08T11:09:12","modified_gmt":"2022-09-08T09:09:12","slug":"estudis","status":"publish","type":"page","link":"https:\/\/agora.xtec.cat\/ins25desetembre\/estudis\/","title":{"rendered":"Estudis"},"content":{"rendered":"<div class=\"sites-layout-tile sites-tile-name-header\">\n<div dir=\"ltr\">\n<div>\n<div class=\"sites-layout-tile sites-tile-name-header\">\n<div dir=\"ltr\">\n<div>El curs 2022-23 impartim:<\/div>\n<div><\/div>\n<\/div>\n<\/div>\n<ul>\n<li>1r ESO: 5 grups (4 oficials de Dept. Educaci\u00f3)<\/li>\n<li>2n ESO: 6 grups (5 oficials de Dept. Educaci\u00f3)<\/li>\n<li>3r ESO: 5 grups (4 oficials de Dept. Educaci\u00f3)<\/li>\n<li>4t ESO: 6 grups (5 oficials de Dept. Educaci\u00f3)<\/li>\n<li>1r Batx.: 3 grups (modalitats: human\u00edstic, social, cient\u00edfic i tecnol\u00f2gic)<\/li>\n<li>2n Batx.: 2 grup (modalitats: human\u00edstic, social, cient\u00edfic i tecnol\u00f2gic)<\/li>\n<\/ul>\n<\/div>\n<div><\/div>\n<div><span style=\"font-size: small;\"><b>\u00a0<\/b><\/span><\/div>\n<\/div>\n<\/div>\n<p>&nbsp;<\/p>\n<div class=\"entry-content\" style=\"color: #444444;\"><\/div>\n<p>&nbsp;<\/p>\n","protected":false},"excerpt":{"rendered":"<p>El curs 2022-23 impartim:<\/p>\n<ul>\n<li>1r ESO: 5 grups (4 oficials de Dept. Educaci\u00f3)<\/li>\n<li>2n ESO: 6 grups (5 oficials de Dept. Educaci\u00f3)<\/li>\n<li>3r ESO: 5 grups (4 oficials de Dept. Educaci\u00f3)<\/li>\n<li>4t ESO: 6 grups (5 oficials de Dept. Educaci\u00f3)<\/li>\n<li>1r Batx.: 3 grups (modalitats: human\u00edstic, social, cient\u00edfic i tecnol\u00f2gic)<\/li>\n<li>2n&hellip;  <a href=\"https:\/\/agora.xtec.cat\/ins25desetembre\/estudis\/\" title=\"Read Estudis\">Llegeix m\u00e9s\u00bb<\/a><br \/>\n","protected":false},"author":1,"featured_media":0,"parent":0,"menu_order":0,"comment_status":"closed","ping_status":"closed","template":"","meta":{"_bbp_topic_count":0,"_bbp_reply_count":0,"_bbp_total_topic_count":0,"_bbp_total_reply_count":0,"_bbp_voice_count":0,"_bbp_anonymous_reply_count":0,"_bbp_topic_count_hidden":0,"_bbp_reply_count_hidden":0,"_bbp_forum_subforum_count":0,"footnotes":""},"class_list":["post-195","page","type-page","status-publish","hentry"],"post_mailing_queue_ids":[],"_links":{"self":[{"href":"https:\/\/agora.xtec.cat\/ins25desetembre\/wp-json\/wp\/v2\/pages\/195","targetHints":{"allow":["GET"]}}],"collection":[{"href":"https:\/\/agora.xtec.cat\/ins25desetembre\/wp-json\/wp\/v2\/pages"}],"about":[{"href":"https:\/\/agora.xtec.cat\/ins25desetembre\/wp-json\/wp\/v2\/types\/page"}],"author":[{"embeddable":true,"href":"https:\/\/agora.xtec.cat\/ins25desetembre\/wp-json\/wp\/v2\/users\/1"}],"replies":[{"embeddable":true,"href":"https:\/\/agora.xtec.cat\/ins25desetembre\/wp-json\/wp\/v2\/comments?post=195"}],"version-history":[{"count":4,"href":"https:\/\/agora.xtec.cat\/ins25desetembre\/wp-json\/wp\/v2\/pages\/195\/revisions"}],"predecessor-version":[{"id":8312,"href":"https:\/\/agora.xtec.cat\/ins25desetembre\/wp-json\/wp\/v2\/pages\/195\/revisions\/8312"}],"wp:attachment":[{"href":"https:\/\/agora.xtec.cat\/ins25desetembre\/wp-json\/wp\/v2\/media?parent=195"}],"curies":[{"name":"wp","href":"https:\/\/api.w.org\/{rel}","templated":true}]}}