{"id":19,"date":"2014-09-17T14:56:56","date_gmt":"2014-09-17T14:56:56","guid":{"rendered":"http:\/\/agora.xtec.cat\/ins25desetembre\/?page_id=19"},"modified":"2021-09-19T11:54:40","modified_gmt":"2021-09-19T09:54:40","slug":"linstitut","status":"publish","type":"page","link":"https:\/\/agora.xtec.cat\/ins25desetembre\/linstitut\/","title":{"rendered":"L&#8217;institut"},"content":{"rendered":"<p>L\u2019Institut Torrent dels Alous \u00e9s un centre amb 10 anys d&#8217;hist\u00f2ria, ubicat al barri 25 de Setembre de Rub\u00ed. Va iniciar la seva oferta educativa el curs escolar 2011-12 amb dos grups de primer d\u2019ESO i un total de 60 alumnes i va compartir les instal\u00b7lacions de l&#8217;Escola 25 de Setembre.<\/p>\n<p>El curs 2012-13 es van comen\u00e7ar a construir aules prefabricades a la zona de l&#8217;antic edifici de l&#8217;Escola 25 de Setembre. El curs 2016-17 es va consolidar la nostra oferta educativa des de 1r d&#8217;ESO a 2n de Batxillerat. Durant el curs 2017-18 es va construir el nou edifici. El curs 2018\/19 s&#8217;inicien les classes en el nou edifici amb un total de 19 grups (16 de l&#8217;ESO i 3 de Batxillerat), al juny s&#8217;entrega l&#8217;\u00faltima fase de construcci\u00f3: el gimn\u00e0s i les pistes. El curs 2019\/20 comen\u00e7a amb l&#8217;edifici ja finalitzat del tot. Actualment (curs 2021\/22), tenim un total de 28 grups i amb m\u00e9s de 700 alumnes.<\/p>\n","protected":false},"excerpt":{"rendered":"<p>L\u2019Institut Torrent dels Alous \u00e9s un centre amb 10 anys d&#8217;hist\u00f2ria, ubicat al barri 25 de Setembre de Rub\u00ed. Va iniciar la seva oferta educativa el curs escolar 2011-12 amb dos grups de primer d\u2019ESO i un total de 60 alumnes i va compartir les&hellip;  <a href=\"https:\/\/agora.xtec.cat\/ins25desetembre\/linstitut\/\" title=\"Read L&#8217;institut\">Llegeix m\u00e9s\u00bb<\/a><\/p>\n","protected":false},"author":1,"featured_media":0,"parent":0,"menu_order":0,"comment_status":"closed","ping_status":"closed","template":"page-templates\/side-menu.php","meta":{"_bbp_topic_count":0,"_bbp_reply_count":0,"_bbp_total_topic_count":0,"_bbp_total_reply_count":0,"_bbp_voice_count":0,"_bbp_anonymous_reply_count":0,"_bbp_topic_count_hidden":0,"_bbp_reply_count_hidden":0,"_bbp_forum_subforum_count":0,"footnotes":""},"class_list":["post-19","page","type-page","status-publish","hentry"],"post_mailing_queue_ids":[],"_links":{"self":[{"href":"https:\/\/agora.xtec.cat\/ins25desetembre\/wp-json\/wp\/v2\/pages\/19","targetHints":{"allow":["GET"]}}],"collection":[{"href":"https:\/\/agora.xtec.cat\/ins25desetembre\/wp-json\/wp\/v2\/pages"}],"about":[{"href":"https:\/\/agora.xtec.cat\/ins25desetembre\/wp-json\/wp\/v2\/types\/page"}],"author":[{"embeddable":true,"href":"https:\/\/agora.xtec.cat\/ins25desetembre\/wp-json\/wp\/v2\/users\/1"}],"replies":[{"embeddable":true,"href":"https:\/\/agora.xtec.cat\/ins25desetembre\/wp-json\/wp\/v2\/comments?post=19"}],"version-history":[{"count":4,"href":"https:\/\/agora.xtec.cat\/ins25desetembre\/wp-json\/wp\/v2\/pages\/19\/revisions"}],"predecessor-version":[{"id":6833,"href":"https:\/\/agora.xtec.cat\/ins25desetembre\/wp-json\/wp\/v2\/pages\/19\/revisions\/6833"}],"wp:attachment":[{"href":"https:\/\/agora.xtec.cat\/ins25desetembre\/wp-json\/wp\/v2\/media?parent=19"}],"curies":[{"name":"wp","href":"https:\/\/api.w.org\/{rel}","templated":true}]}}