{"id":12129,"date":"2025-01-14T13:06:10","date_gmt":"2025-01-14T12:06:10","guid":{"rendered":"https:\/\/agora.xtec.cat\/ins25desetembre\/?page_id=12129"},"modified":"2025-01-14T13:06:10","modified_gmt":"2025-01-14T12:06:10","slug":"a-propos-de-nous","status":"publish","type":"page","link":"https:\/\/agora.xtec.cat\/ins25desetembre\/a-propos-de-nous\/","title":{"rendered":"\u00c0 PROPOS DE NOUS"},"content":{"rendered":"<p><b>Comment nous trouver<\/b><\/p>\n<p><strong>Institut Torrent dels Alous<\/strong><br \/>\nPassatge Marconi 13-15<br \/>\n08191 Rub\u00ed (Barcelone)<br \/>\nTf : 0034 93 839 37 14<\/p>\n<p><iframe loading=\"lazy\" src=\"https:\/\/www.google.com\/maps\/embed?pb=%211m18%211m12%211m3%211d2883.0934537083535%212d2.037578468058509%213d41.483947807613966%212m3%211f0%212f0%213f0%213m2%211i1024%212i768%214f13.1%213m3%211m2%211s0x12a4916cd0bb114b%3A0x10f5cbb1f565532c%212sIns+Torrent+Dels+Alous%215e0%213m2%211sca%212ses%214v1468276951734\" width=\"600\" height=\"450\" frameborder=\"0\" allowfullscreen=\"allowfullscreen\" data-mce-fragment=\"1\"><\/iframe><\/p>\n<p><b>Comment s&#8217;y rendre<\/b><\/p>\n<ul>\n<li><span style=\"font-weight: 400;\">Par le syst\u00e8me ferroviaire catalan (FGC) : ligne S1<\/span><\/li>\n<\/ul>\n<p><b>Contacts avec le coll\u00e8ge<\/b><\/p>\n<ul>\n<li><span style=\"font-weight: 400;\">Adresse \u00e9lectronique de l&#8217;\u00e9cole<\/span>:\u00a0 <a href=\"mailto:a8072401@xtec.cat\">a8072401@xtec.cat<\/a><\/li>\n<li><span style=\"font-weight: 400;\">Directrice\/Proviseure de l\u2019\u00e9tablissement<\/span> (Teresa Pardo): <a href=\"mailto:tpardo@instorrentdelsalous.cat\">tpardo@instorrentdelsalous.cat<\/a><\/li>\n<li><span style=\"font-weight: 400;\">Conseill\u00e8re principale d&#8217;\u00e9ducation<\/span> (Sara L\u00f3pez): <a href=\"mailto:slopez@instorrentdelsalous.cat\">slopez@instorrentdelsalous.cat<\/a><\/li>\n<li><span style=\"font-weight: 400;\">Coordinatrice p\u00e9dagogique<\/span> (Anna Malonda): <a href=\"mailto:amalonda@instorrentdelsalous.cat\">amalonda@instorrentdelsalous.cat<\/a><\/li>\n<li><span style=\"font-weight: 400;\">Administrateur<\/span> (Fran Mu\u00f1oz): <a href=\"mailto:fmunoz@instorrentdelsalous.cat\">fmunoz@instorrentdelsalous.cat<\/a><\/li>\n<\/ul>\n<p><b>Informations<\/b><\/p>\n<p style=\"text-align: justify;\"><span style=\"font-weight: 400;\">Notre \u00e9tablissement est un coll\u00e8ge-lyc\u00e9e situ\u00e9 \u00e0 Rub\u00ed \u00e0 20 km de Barcelone.<\/span><\/p>\n<p style=\"text-align: justify;\"><span style=\"font-weight: 400;\">L&#8217;institut a ouvert ses portes au cours de l&#8217;ann\u00e9e scolaire 2011-12. Aujourd&#8217;hui, nous accueillons environ 700 \u00e9tudiants et 57 enseignants. Nous proposons des \u00e9tudes de l&#8217;enseignement secondaire obligatoire \u201cESO\u201d(12-16 ans) et des \u00e9tudes &#8220;Batxillerat&#8221; (16-18 ans) \u00e9quivalentes au Baccalaur\u00e9at.<\/span><\/p>\n<p style=\"text-align: justify;\"><span style=\"font-weight: 400;\">Notre devise c\u2019est \u201cLa qualit\u00e9, c&#8217;est l&#8217;humain\u201d. Notre objectif \u00e0 l&#8217;Institut Torrent dels Alous est de faire en sorte que les enseignants, les \u00e9l\u00e8ves, les parents et la communaut\u00e9 travaillent ensemble pour r\u00e9ussir et de permettre \u00e0 tous les \u00e9tudiants de r\u00e9aliser leur potentiel et de les pr\u00e9parer au mieux \u00e0 leurs choix futurs.<\/span><\/p>\n<p><span style=\"font-weight: 400;\">Notre principale force est une \u00e9quipe d&#8217;enseignants d\u00e9vou\u00e9s \u00e0 leurs \u00e9l\u00e8ves, un accompagnement et un compromis bas\u00e9s sur deux aspects principaux : le soutien acad\u00e9mique et le d\u00e9veloppement de la personnalit\u00e9 et de la vie sociale.<\/span><\/p>\n<div class=\"entry-content\">\n<p><span style=\"font-weight: 400;\">Nos principaux <\/span><b>objectifs<\/b><span style=\"font-weight: 400;\"> sont ax\u00e9s sur :<\/span><\/p>\n<p><span style=\"font-weight: 400;\">1)<\/span><b> LA R\u00c9USSITE INDIVIDUELLE<\/b><span style=\"font-weight: 400;\"> en veillant \u00e0 ce que chaque \u00e9l\u00e8ve d\u00e9veloppe son propre potentiel.<\/span><\/p>\n<p><span style=\"font-weight: 400;\">2) <\/span><b>LES COMP\u00c9TENCES POUR LE MONDE<\/b><span style=\"font-weight: 400;\"> en insistant sur les aspects pratiques des sciences, des math\u00e9matiques, de la technologie et de la communication.<\/span><\/p>\n<p><span style=\"font-weight: 400;\">3)<\/span><b> LES LANGUES<\/b><span style=\"font-weight: 400;\"> en insistant sur les comp\u00e9tences \u00e9crites et orales et la ma\u00eetrise des langues \u00e9trang\u00e8res.<\/span><\/p>\n<p><span style=\"font-weight: 400;\">4) <\/span><b>LA TECHNOLOGIE<\/b><span style=\"font-weight: 400;\"> utilis\u00e9e en classe, pour communiquer avec les familles, pour notre site internet et nos r\u00e9seaux sociaux.<\/span><\/p>\n<p><span style=\"font-weight: 400;\">5) <\/span><b>L&#8217;\u00c9DUCATION \u00c0 LA CITOYENNET\u00c9<\/b><span style=\"font-weight: 400;\"> avec la mise en place de diff\u00e9rents projets et la promotion des valeurs sociales et humaines.<\/span><\/p>\n<p><span style=\"font-weight: 400;\">6)<\/span><b> LE PLAISIR<\/b><span style=\"font-weight: 400;\"> de l&#8217;art et de la musique.<\/span><\/p>\n<p><b>Nos projets et activit\u00e9s\u00a0<\/b><\/p>\n<ul>\n<li style=\"font-weight: 400;\" aria-level=\"1\"><span style=\"font-weight: 400;\">\u00a0M\u00e9thodologie d&#8217;enseignement et d&#8217;apprentissage :<\/span>\n<ul>\n<li style=\"font-weight: 400;\" aria-level=\"2\"><span style=\"font-weight: 400;\">M\u00e9thodologie mixte : mat\u00e9riel et programme de classe cr\u00e9\u00e9s par les enseignants.<\/span><\/li>\n<li style=\"font-weight: 400;\" aria-level=\"2\"><span style=\"font-weight: 400;\">Programmes bas\u00e9s sur un processus d&#8217;apprentissage pratique combinant les nouvelles technologies avec d&#8217;autres supports \u00e9ducatifs.<\/span><\/li>\n<li style=\"font-weight: 400;\" aria-level=\"2\"><span style=\"font-weight: 400;\">Projets transversaux et mini-projets th\u00e9matiques dans plusieurs mati\u00e8res.<\/span><\/li>\n<li style=\"font-weight: 400;\" aria-level=\"2\"><span style=\"font-weight: 400;\">Enseignement en tandem.<\/span><\/li>\n<\/ul>\n<\/li>\n<\/ul>\n<ul>\n<li style=\"font-weight: 400;\" aria-level=\"1\"><span style=\"font-weight: 400;\">Langues \u00e9trang\u00e8res (anglais, fran\u00e7ais, allemand) :<\/span>\n<ul>\n<li style=\"font-weight: 400;\" aria-level=\"2\"><span style=\"font-weight: 400;\">Anglais : CLIL Science, voyage scolaire final dans un pays \u00e9tranger.<\/span><\/li>\n<li style=\"font-weight: 400;\" aria-level=\"2\"><span style=\"font-weight: 400;\">Fran\u00e7ais 2\u00e8me langue : EMILE Sciences sociales, voyages en France, pr\u00e9paration aux examens officiels DELF, niveaux A2 et B1.<\/span><\/li>\n<li style=\"font-weight: 400;\" aria-level=\"2\"><span style=\"font-weight: 400;\">Allemand 2\u00e8me langue : projet Etwinning.<\/span><\/li>\n<\/ul>\n<\/li>\n<\/ul>\n<ul>\n<li style=\"font-weight: 400;\" aria-level=\"1\"><span style=\"font-weight: 400;\">Projets avec la Communaut\u00e9 :<\/span>\n<ul>\n<li style=\"font-weight: 400;\" aria-level=\"2\"><span style=\"font-weight: 400;\">Une journ\u00e9e avec l&#8217;\u00e9cole Ca n&#8217;Oriol pour les adolescents en situation de handicap.<\/span><\/li>\n<li style=\"font-weight: 400;\" aria-level=\"2\"><span style=\"font-weight: 400;\">Barris (&#8220;Quartiers&#8221;) : collaboration avec le conseil municipal pour l&#8217;am\u00e9lioration de l&#8217;environnement scolaire et de la communaut\u00e9.<\/span><\/li>\n<\/ul>\n<\/li>\n<\/ul>\n<ul>\n<li style=\"font-weight: 400;\" aria-level=\"1\"><span style=\"font-weight: 400;\">Projets de citoyennet\u00e9 :<\/span>\n<ul>\n<li style=\"font-weight: 400;\" aria-level=\"2\"><span style=\"font-weight: 400;\">Projet artistique transversal et mixte : chaque ann\u00e9e, nous pr\u00e9parons une repr\u00e9sentation vivante d&#8217;une grande exposition ou d&#8217;un spectacle cr\u00e9\u00e9 par des \u00e9l\u00e8ves de diff\u00e9rents niveaux (de la premi\u00e8re \u00e0 la troisi\u00e8me ann\u00e9e de l&#8217;ESO, \u00e2g\u00e9s de 12 \u00e0 15 ans).<\/span><\/li>\n<li style=\"font-weight: 400;\" aria-level=\"2\"><span style=\"font-weight: 400;\">Projet &#8220;Cercle d&#8217;amis&#8221; et &#8220;Guidance par les pairs&#8221;.<\/span><\/li>\n<li style=\"font-weight: 400;\" aria-level=\"2\"><span style=\"font-weight: 400;\">Sant\u00e9 : promotion du sport et de bonnes pratiques alimentaires.<\/span><\/li>\n<li style=\"font-weight: 400;\" aria-level=\"2\"><span style=\"font-weight: 400;\">Projets environnementaux :<\/span>\n<ul>\n<li style=\"font-weight: 400;\" aria-level=\"3\"><span style=\"font-weight: 400;\">&#8220;Activit\u00e9s scolaires vertes&#8221;.<\/span><\/li>\n<li style=\"font-weight: 400;\" aria-level=\"3\"><span style=\"font-weight: 400;\">Projet scientifique.<\/span><\/li>\n<\/ul>\n<\/li>\n<\/ul>\n<\/li>\n<\/ul>\n<ul>\n<li style=\"font-weight: 400;\" aria-level=\"1\"><span style=\"font-weight: 400;\">Projets internationaux :<\/span>\n<ul>\n<li style=\"font-weight: 400;\" aria-level=\"2\"><span style=\"font-weight: 400;\">ERASMUS +.\u00a0<\/span><\/li>\n<li style=\"font-weight: 400;\" aria-level=\"2\"><span style=\"font-weight: 400;\">\u00c9cole partenaire au Danemark et en Allemagne.<\/span><\/li>\n<li style=\"font-weight: 400;\" aria-level=\"2\"><span style=\"font-weight: 400;\">\u00c9change scolaire avec l&#8217;Allemagne : Projet Etwinning.<\/span><\/li>\n<\/ul>\n<\/li>\n<\/ul>\n<\/div>\n<p><b>Horaire pour 2024-25<\/b><\/p>\n<ul>\n<li><span style=\"font-weight: 400;\">Du lundi au vendredi de 8h00 \u00e0 14h30 avec une pause pour se d\u00e9tendre et une autre pour lire.<\/span><\/li>\n<\/ul>\n<p><strong>Calendrier<\/strong><\/p>\n<table style=\"width: 825px;\">\n<tbody>\n<tr style=\"height: 33px;\">\n<td style=\"width: 178px; height: 33px;\"><span style=\"font-weight: 400;\">Ann\u00e9e scolaire 2024-25<\/span><\/td>\n<td style=\"width: 638px; height: 33px;\"><span style=\"font-weight: 400;\">9 septembre &#8211; 20 juin<\/span><\/td>\n<\/tr>\n<tr style=\"height: 95px;\">\n<td style=\"width: 178px; height: 95px;\"><span style=\"font-weight: 400;\">Vacances scolaires<\/span><\/td>\n<td style=\"width: 638px; height: 95px;\"><span style=\"font-weight: 400;\">No\u00ebl : <\/span><span style=\"font-weight: 400;\">\u00a0\u00a0\u00a0<\/span><span style=\"font-weight: 400;\"> \u00a0Du 21 d\u00e9cembre au 7 janvier<\/span><\/p>\n<p><span style=\"font-weight: 400;\">P\u00e2ques :\u00a0 Du 12 avril au 21 avril<\/span><\/p>\n<p><span style=\"font-weight: 400;\">Jours f\u00e9ri\u00e9s : 11 octobre &#8211; 5 d\u00e9cembre- 10 f\u00e9vrier- 3 mars- 2 mai <\/span><\/td>\n<\/tr>\n<\/tbody>\n<\/table>\n","protected":false},"excerpt":{"rendered":"<p>Comment nous trouver<br \/>\nInstitut Torrent dels Alous<br \/>\nPassatge Marconi 13-15<br \/>\n08191 Rub\u00ed (Barcelone)<br \/>\nTf : 0034 93 839 37 14<\/p>\n<p>Comment s&#8217;y rendre<\/p>\n<ul>\n<li>Par le syst\u00e8me ferroviaire catalan (FGC) : ligne S1<\/li>\n<\/ul>\n<p>Contacts avec le coll\u00e8ge<\/p>\n<ul>\n<li>Adresse \u00e9lectronique de l&#8217;\u00e9cole:\u00a0 <a href=\"mailto:a8072401@xtec.cat\">a8072401@xtec.cat<\/a><\/li>\n<li>Directrice\/Proviseure de l\u2019\u00e9tablissement (Teresa Pardo): <a href=\"mailto:tpardo@instorrentdelsalous.cat\">tpardo@instorrentdelsalous.cat<\/a><\/li>\n<li>Conseill\u00e8re principale d&#8217;\u00e9ducation (Sara L\u00f3pez): <a&hellip;  <a href=\"https:\/\/agora.xtec.cat\/ins25desetembre\/a-propos-de-nous\/\" title=\"Read \u00c0 PROPOS DE NOUS\">Llegeix m\u00e9s\u00bb<\/a><br \/>\n","protected":false},"author":1,"featured_media":0,"parent":0,"menu_order":0,"comment_status":"closed","ping_status":"closed","template":"","meta":{"_bbp_topic_count":0,"_bbp_reply_count":0,"_bbp_total_topic_count":0,"_bbp_total_reply_count":0,"_bbp_voice_count":0,"_bbp_anonymous_reply_count":0,"_bbp_topic_count_hidden":0,"_bbp_reply_count_hidden":0,"_bbp_forum_subforum_count":0,"footnotes":""},"class_list":["post-12129","page","type-page","status-publish","hentry"],"post_mailing_queue_ids":[],"_links":{"self":[{"href":"https:\/\/agora.xtec.cat\/ins25desetembre\/wp-json\/wp\/v2\/pages\/12129","targetHints":{"allow":["GET"]}}],"collection":[{"href":"https:\/\/agora.xtec.cat\/ins25desetembre\/wp-json\/wp\/v2\/pages"}],"about":[{"href":"https:\/\/agora.xtec.cat\/ins25desetembre\/wp-json\/wp\/v2\/types\/page"}],"author":[{"embeddable":true,"href":"https:\/\/agora.xtec.cat\/ins25desetembre\/wp-json\/wp\/v2\/users\/1"}],"replies":[{"embeddable":true,"href":"https:\/\/agora.xtec.cat\/ins25desetembre\/wp-json\/wp\/v2\/comments?post=12129"}],"version-history":[{"count":6,"href":"https:\/\/agora.xtec.cat\/ins25desetembre\/wp-json\/wp\/v2\/pages\/12129\/revisions"}],"predecessor-version":[{"id":12135,"href":"https:\/\/agora.xtec.cat\/ins25desetembre\/wp-json\/wp\/v2\/pages\/12129\/revisions\/12135"}],"wp:attachment":[{"href":"https:\/\/agora.xtec.cat\/ins25desetembre\/wp-json\/wp\/v2\/media?parent=12129"}],"curies":[{"name":"wp","href":"https:\/\/api.w.org\/{rel}","templated":true}]}}