{"id":10352,"date":"2023-11-22T13:44:11","date_gmt":"2023-11-22T12:44:11","guid":{"rendered":"https:\/\/agora.xtec.cat\/ins25desetembre\/?page_id=10352"},"modified":"2024-10-10T13:45:10","modified_gmt":"2024-10-10T11:45:10","slug":"formacio-a-les-families-del-classroom-i-drive-curs-23-24","status":"publish","type":"page","link":"https:\/\/agora.xtec.cat\/ins25desetembre\/edc-estrategia-digital-de-centre\/formacio-a-les-families-del-classroom-i-drive-curs-23-24\/","title":{"rendered":"Formaci\u00f3 a les fam\u00edlies: iEduca, Classroom i Drive curs 2024\/25"},"content":{"rendered":"<p><a href=\"https:\/\/drive.google.com\/file\/d\/1Lj53ulxGuwMxnm2_UO-w2ugmoq-Q69XR\/view?usp=sharing\" target=\"_blank\" rel=\"noopener\">Presentaci\u00f3 formaci\u00f3 a les fam\u00edlies de l&#8217;iEduca curs 2024\/25<\/a><\/p>\n<p><a href=\"https:\/\/drive.google.com\/file\/d\/11E3BZ70dn9Lg4E04F7ua_1zfQmc-2Ss-\/view?usp=sharing\" target=\"_blank\" rel=\"noopener\">Presentaci\u00f3 formaci\u00f3 a les fam\u00edlies del Classroom i Drive curs 2024\/25<\/a><\/p>\n","protected":false},"excerpt":{"rendered":"<p><a href=\"https:\/\/drive.google.com\/file\/d\/1Lj53ulxGuwMxnm2_UO-w2ugmoq-Q69XR\/view?usp=sharing\" target=\"_blank\" rel=\"noopener\">Presentaci\u00f3 formaci\u00f3 a les fam\u00edlies de l&#8217;iEduca curs 2024\/25<\/a><br \/>\n<a href=\"https:\/\/drive.google.com\/file\/d\/11E3BZ70dn9Lg4E04F7ua_1zfQmc-2Ss-\/view?usp=sharing\" target=\"_blank\" rel=\"noopener\">Presentaci\u00f3 formaci\u00f3 a les fam\u00edlies del Classroom i Drive curs 2024\/25<\/a><\/p>\n","protected":false},"author":1,"featured_media":0,"parent":7852,"menu_order":0,"comment_status":"closed","ping_status":"closed","template":"","meta":{"_bbp_topic_count":0,"_bbp_reply_count":0,"_bbp_total_topic_count":0,"_bbp_total_reply_count":0,"_bbp_voice_count":0,"_bbp_anonymous_reply_count":0,"_bbp_topic_count_hidden":0,"_bbp_reply_count_hidden":0,"_bbp_forum_subforum_count":0,"footnotes":""},"class_list":["post-10352","page","type-page","status-publish","hentry"],"post_mailing_queue_ids":[],"_links":{"self":[{"href":"https:\/\/agora.xtec.cat\/ins25desetembre\/wp-json\/wp\/v2\/pages\/10352","targetHints":{"allow":["GET"]}}],"collection":[{"href":"https:\/\/agora.xtec.cat\/ins25desetembre\/wp-json\/wp\/v2\/pages"}],"about":[{"href":"https:\/\/agora.xtec.cat\/ins25desetembre\/wp-json\/wp\/v2\/types\/page"}],"author":[{"embeddable":true,"href":"https:\/\/agora.xtec.cat\/ins25desetembre\/wp-json\/wp\/v2\/users\/1"}],"replies":[{"embeddable":true,"href":"https:\/\/agora.xtec.cat\/ins25desetembre\/wp-json\/wp\/v2\/comments?post=10352"}],"version-history":[{"count":5,"href":"https:\/\/agora.xtec.cat\/ins25desetembre\/wp-json\/wp\/v2\/pages\/10352\/revisions"}],"predecessor-version":[{"id":11783,"href":"https:\/\/agora.xtec.cat\/ins25desetembre\/wp-json\/wp\/v2\/pages\/10352\/revisions\/11783"}],"up":[{"embeddable":true,"href":"https:\/\/agora.xtec.cat\/ins25desetembre\/wp-json\/wp\/v2\/pages\/7852"}],"wp:attachment":[{"href":"https:\/\/agora.xtec.cat\/ins25desetembre\/wp-json\/wp\/v2\/media?parent=10352"}],"curies":[{"name":"wp","href":"https:\/\/api.w.org\/{rel}","templated":true}]}}