{"id":10186,"date":"2023-11-01T10:23:12","date_gmt":"2023-11-01T09:23:12","guid":{"rendered":"https:\/\/agora.xtec.cat\/ins25desetembre\/?page_id=10186"},"modified":"2025-12-11T12:39:01","modified_gmt":"2025-12-11T11:39:01","slug":"eleccions-consell-escolar-2023-24","status":"publish","type":"page","link":"https:\/\/agora.xtec.cat\/ins25desetembre\/eleccions-consell-escolar-2023-24\/","title":{"rendered":"ELECCIONS CONSELL ESCOLAR 2025\/26"},"content":{"rendered":"<p>En aquesta p\u00e0gina podreu trobar tota la informaci\u00f3 sobre les eleccions al Consell Escolar de l&#8217;Institut Torrent dels Alous. Aquest any toca renovar els sectors de pares\/mares\/alumnes (3 alumnes) i alguns membres dels sector del professorat (3 membres).<\/p>\n<h3><span style=\"text-decoration: underline;\"><em><strong>INFORMACI\u00d3 ELECCIONS SECTOR PARES\/MARES\/ALUMNES:<\/strong><\/em><\/span><\/h3>\n<ul>\n<li>Cliqueu aqu\u00ed per veure una presentaci\u00f3 amb TOTA LA INFORMACI\u00d3 sobre les eleccions al consell escolar. &#8211; PENDENT<\/li>\n<\/ul>\n<p>&#8211;&gt; Si ALUMNES US voleu presentar, haureu d&#8217;omplir uns documents. La presentaci\u00f3 de candidatures ser\u00e0 del <strong>31 octubre al 7 de novembre<\/strong>. Animeu-vos a presentar-vos-hi!<\/p>\n<ul>\n<li>Fitxa de candidatura: la podreu trobar al Classroom de tutoria. Caldr\u00e0 que l&#8217;ompliu i envieu a l&#8217;adre\u00e7a d&#8217;email de la coordinadora pedag\u00f2gica: amalonda@instorrentdelsalous.c at. Un cop validada la candidatura, caldr\u00e0 que l&#8217;alumne\/a presenti la candidatura a secretaria (veure punt de sota).<\/li>\n<li><span style=\"font-weight: 400;\"><strong>Entrar la candidatura per registre<\/strong> a la secretaria del centre<\/span> <span style=\"font-weight: 400;\">omplint la <\/span><b>\u201cSol\u00b7licitud oficial de candidatura al consell escolar: sector alumnes\u201d. Aquesta sol\u00b7licitud la trobar\u00e0s a la secretaria del centre, a partir del 31 d&#8217;octubre.<\/b><\/li>\n<\/ul>\n<p>Les eleccions tindran lloc el dia 19 de novembre en horari de mat\u00ed<\/p>\n<h3>&#8211;&gt; RESULTATS ELECCIONS ALUMNES:<\/h3>\n<p>El resultat de les eleccions ha estat: Veure composici\u00f3 Consell Escolar al men\u00fa del web.<\/p>\n<p>&nbsp;<\/p>\n<h3><\/h3>\n<p>&nbsp;<\/p>\n","protected":false},"excerpt":{"rendered":"<p>En aquesta p\u00e0gina podreu trobar tota la informaci\u00f3 sobre les eleccions al Consell Escolar de l&#8217;Institut Torrent dels Alous. Aquest any toca renovar els sectors de pares\/mares\/alumnes (3 alumnes) i alguns membres dels sector del professorat (3 membres).<br \/>\nINFORMACI\u00d3 ELECCIONS SECTOR PARES\/MARES\/ALUMNES:<\/p>\n<ul>\n<li>Cliqueu aqu\u00ed per veure una&hellip;  <a href=\"https:\/\/agora.xtec.cat\/ins25desetembre\/eleccions-consell-escolar-2023-24\/\" title=\"Read ELECCIONS CONSELL ESCOLAR 2025\/26\">Llegeix m\u00e9s\u00bb<\/a><br \/>\n","protected":false},"author":5,"featured_media":0,"parent":0,"menu_order":0,"comment_status":"closed","ping_status":"closed","template":"","meta":{"_bbp_topic_count":0,"_bbp_reply_count":0,"_bbp_total_topic_count":0,"_bbp_total_reply_count":0,"_bbp_voice_count":0,"_bbp_anonymous_reply_count":0,"_bbp_topic_count_hidden":0,"_bbp_reply_count_hidden":0,"_bbp_forum_subforum_count":0,"footnotes":""},"class_list":["post-10186","page","type-page","status-publish","hentry"],"post_mailing_queue_ids":[],"_links":{"self":[{"href":"https:\/\/agora.xtec.cat\/ins25desetembre\/wp-json\/wp\/v2\/pages\/10186","targetHints":{"allow":["GET"]}}],"collection":[{"href":"https:\/\/agora.xtec.cat\/ins25desetembre\/wp-json\/wp\/v2\/pages"}],"about":[{"href":"https:\/\/agora.xtec.cat\/ins25desetembre\/wp-json\/wp\/v2\/types\/page"}],"author":[{"embeddable":true,"href":"https:\/\/agora.xtec.cat\/ins25desetembre\/wp-json\/wp\/v2\/users\/5"}],"replies":[{"embeddable":true,"href":"https:\/\/agora.xtec.cat\/ins25desetembre\/wp-json\/wp\/v2\/comments?post=10186"}],"version-history":[{"count":7,"href":"https:\/\/agora.xtec.cat\/ins25desetembre\/wp-json\/wp\/v2\/pages\/10186\/revisions"}],"predecessor-version":[{"id":13332,"href":"https:\/\/agora.xtec.cat\/ins25desetembre\/wp-json\/wp\/v2\/pages\/10186\/revisions\/13332"}],"wp:attachment":[{"href":"https:\/\/agora.xtec.cat\/ins25desetembre\/wp-json\/wp\/v2\/media?parent=10186"}],"curies":[{"name":"wp","href":"https:\/\/api.w.org\/{rel}","templated":true}]}}