{"id":10010,"date":"2023-09-19T09:28:29","date_gmt":"2023-09-19T07:28:29","guid":{"rendered":"https:\/\/agora.xtec.cat\/ins25desetembre\/?page_id=10010"},"modified":"2024-11-06T12:14:10","modified_gmt":"2024-11-06T11:14:10","slug":"auxiliar-de-conversa","status":"publish","type":"page","link":"https:\/\/agora.xtec.cat\/ins25desetembre\/auxiliar-de-conversa\/","title":{"rendered":"Auxiliar de conversa"},"content":{"rendered":"<div>\r\n\t<div class=\"slideshow_container slideshow_container_style-light\" style=\"height: 500px; \" data-slideshow-id=\"11843\" data-style-name=\"style-light\" data-style-version=\"2.3.1\" >\r\n\r\n\t\t\t\t\t<div class=\"slideshow_loading_icon\"><\/div>\r\n\t\t\r\n\t\t<div class=\"slideshow_content\" style=\"display: none;\">\r\n\r\n\t\t\t<div class=\"slideshow_view\">\r\n\t\t\t\t<div class=\"slideshow_slide slideshow_slide_image\">\r\n\t\t\t\t\t\t\t\t\t\t\t<img src=\"https:\/\/agora.xtec.cat\/ins25desetembre\/wp-content\/uploads\/usu1400\/2024\/11\/anahi2.jpg\" alt=\"anahi2\" width=\"1601\" height=\"2048\" \/>\r\n\t\t\t\t\t\t\t\t\t\t<div class=\"slideshow_description_box slideshow_transparent\">\r\n\t\t\t\t\t\t<div class=\"slideshow_title\">anahi2<\/div>\t\t\t\t\t\t\t\t\t\t\t<\/div>\r\n\t\t\t\t<\/div>\r\n\r\n\t\t\t\t\t\t<div style=\"clear: both;\"><\/div><\/div><div class=\"slideshow_view\">\r\n\t\t\t\t<div class=\"slideshow_slide slideshow_slide_image\">\r\n\t\t\t\t\t\t\t\t\t\t\t<img src=\"https:\/\/agora.xtec.cat\/ins25desetembre\/wp-content\/uploads\/usu1400\/2024\/11\/anahi1.jpg\" alt=\"anahi1\" width=\"1342\" height=\"612\" \/>\r\n\t\t\t\t\t\t\t\t\t\t<div class=\"slideshow_description_box slideshow_transparent\">\r\n\t\t\t\t\t\t<div class=\"slideshow_title\">anahi1<\/div>\t\t\t\t\t\t\t\t\t\t\t<\/div>\r\n\t\t\t\t<\/div>\r\n\r\n\t\t\t\t\t\t<div style=\"clear: both;\"><\/div><\/div>\r\n\t\t<\/div>\r\n\r\n\t\t<div class=\"slideshow_controlPanel slideshow_transparent\" style=\"display: none;\"><ul><li class=\"slideshow_togglePlay\" data-play-text=\"Visualitza\" data-pause-text=\"Pausa\"><\/li><\/ul><\/div>\r\n\r\n\t\t<div class=\"slideshow_button slideshow_previous slideshow_transparent\" role=\"button\" data-previous-text=\"Anterior\" style=\"display: none;\"><\/div>\r\n\t\t<div class=\"slideshow_button slideshow_next slideshow_transparent\" role=\"button\" data-next-text=\"Seg\u00fcent\" style=\"display: none;\"><\/div>\r\n\r\n\t\t<div class=\"slideshow_pagination\" style=\"display: none;\" data-go-to-text=\"V\u00e9s a la diapositiva\"><div class=\"slideshow_pagination_center\"><\/div><\/div>\r\n\r\n\t\t<!-- WordPress Slideshow Version 2.3.1 -->\r\n\r\n\t\t\t<\/div>\r\n\r\n<\/div>\n<div><\/div>\n<div>\n<p style=\"text-align: justify;\">Aquest curs el nostre centre gaudir\u00e0 novament de la pres\u00e8ncia i participaci\u00f3 activa a les classes de Franc\u00e8s 2a llengua estrangera d&#8217;una auxiliar de conversa en llengua francesa. Aix\u00ed doncs, els nostres alumnes de franc\u00e8s podran practicar i millorar la seva compet\u00e8ncia oral en aquesta llengua.<br \/>\nDes de principis d\u2019octubre i fins a finals del mes de maig del 2025, s\u2019incorpora al nostre centre, l\u2019Anah\u00ed Miranda que ve des de Grenoble, capital dels Alps francesos.<\/p>\n<p style=\"text-align: justify;\">L\u2019Anah\u00ed \u00e9s una apassionada d\u2019altres cultures i dels viatges. \u00c9s aix\u00ed com es va enamorar de Barcelona i ve amb moltes ganes d&#8217;aprendre la cultura i la llengua catalana. \u00c9s Llicenciada en Langues, Litt\u00e9rature et Civilisation per la Universit\u00e9 de Paris-Nanterre.<\/p>\n<p style=\"text-align: justify;\">La participaci\u00f3 com a parlant nadiu d&#8217;una llengua estrangera estimula l&#8217;aprenentatge dels alumnes d&#8217;una forma natural i directa.<\/p>\n<p style=\"text-align: justify;\">A m\u00e9s del refor\u00e7 oral a l\u2019optativa de franc\u00e8s de tots els cursos, l\u2019auxiliar tamb\u00e9 col\u00b7laborar\u00e0 puntualment a altres classes o activitats del centre.<\/p>\n<p style=\"text-align: justify;\">\u2013 A Ci\u00e8ncies Socials de 3r ESO, on els alumnes de Franc\u00e8s 2a llengua estrangera realitzen una hora setmanal de la mat\u00e8ria en aquesta llengua (projecte EMILE).<\/p>\n<p style=\"text-align: justify;\">\u2013 A l&#8217;hora de Temps de lectura, on els alumnes de Franc\u00e8s 2a llengua estrangera de 3r ESO tindran l\u2019oportunitat de participar en activitats relacionades (Club de lectura, dramatitzaci\u00f3 de lectures, etc.).<\/p>\n<p style=\"text-align: justify;\">\u2013 A les festes del centre, en les quals l\u2019auxiliar de conversa mostrar\u00e0 alguns trets espec\u00edfics de les celebracions culturals de Fran\u00e7a. Per als estudiants i als docents l\u2019auxiliar actua com un ambaixador cultural a trav\u00e9s de qui poden aprendre altres maneres de viure, costums, i formes d&#8217;entendre el m\u00f3n.<\/p>\n<p style=\"text-align: justify;\">\u2013 A R\u00c0DIO TORRENT, amb la realitzaci\u00f3 de podcast amb els alumnes de 3r i 4t ESO.<\/p>\n<p style=\"text-align: justify;\">Aix\u00ed mateix, tamb\u00e9 s\u2019ocupar\u00e0 de la preparaci\u00f3 intensiva a l&#8217;oral per als ex\u00e0mens oficials del DELF (Dipl\u00f4me d&#8217;\u00c9tude en Langue Fran\u00e7aise) i crear\u00e0 un banc de materials que quedar\u00e0 permanentment al nostre centre per a les properes generacions d\u2019estudiants de Franc\u00e8s i que s\u2019afegir\u00e0 a tots els materials que les anteriors auxiliars ja han anat aportant.<\/p>\n<p style=\"text-align: justify;\">Tot i que la primera setmana \u00e9s d&#8217;observaci\u00f3 a l&#8217;aula, l\u2019Anah\u00ed va voler participar activament en les classes des del primer dia i intercanviar impressions amb els nostres alumnes. Tamb\u00e9 ha comen\u00e7at a relacionar-se amb el claustre de professors i a integrar-se a la nostra comunitat educativa.<\/p>\n<p style=\"text-align: justify;\">Benvinguda Anah\u00ed!!! Esperem que l\u2019estada al nostre institut sigui molt feli\u00e7 i profitosa.<\/p>\n<p>Autora: Ana Colomina<\/p>\n<\/div>\n","protected":false},"excerpt":{"rendered":"<p>\t\t\t\t\t\tanahi2\t\t\t\t\t\t\t\t\t\t\t<\/p>\n<p>\t\t\t\t\t\tanahi1\t\t\t\t\t\t\t\t\t\t\t<\/p>\n<ul>\n<li class=\"slideshow_togglePlay\" data-play-text=\"Visualitza\" data-pause-text=\"Pausa\"><\/li>\n<\/ul>\n<p>Aquest curs el nostre centre gaudir\u00e0 novament de la pres\u00e8ncia i participaci\u00f3 activa a les classes de Franc\u00e8s 2a llengua estrangera d&#8217;una auxiliar de conversa en llengua francesa. Aix\u00ed doncs, els nostres alumnes de franc\u00e8s podran practicar i millorar la seva compet\u00e8ncia&hellip;  <a href=\"https:\/\/agora.xtec.cat\/ins25desetembre\/auxiliar-de-conversa\/\" title=\"Read Auxiliar de conversa\">Llegeix m\u00e9s\u00bb<\/a><\/p>\n","protected":false},"author":1,"featured_media":0,"parent":0,"menu_order":0,"comment_status":"closed","ping_status":"closed","template":"","meta":{"_bbp_topic_count":0,"_bbp_reply_count":0,"_bbp_total_topic_count":0,"_bbp_total_reply_count":0,"_bbp_voice_count":0,"_bbp_anonymous_reply_count":0,"_bbp_topic_count_hidden":0,"_bbp_reply_count_hidden":0,"_bbp_forum_subforum_count":0,"footnotes":""},"class_list":["post-10010","page","type-page","status-publish","hentry"],"post_mailing_queue_ids":[],"_links":{"self":[{"href":"https:\/\/agora.xtec.cat\/ins25desetembre\/wp-json\/wp\/v2\/pages\/10010","targetHints":{"allow":["GET"]}}],"collection":[{"href":"https:\/\/agora.xtec.cat\/ins25desetembre\/wp-json\/wp\/v2\/pages"}],"about":[{"href":"https:\/\/agora.xtec.cat\/ins25desetembre\/wp-json\/wp\/v2\/types\/page"}],"author":[{"embeddable":true,"href":"https:\/\/agora.xtec.cat\/ins25desetembre\/wp-json\/wp\/v2\/users\/1"}],"replies":[{"embeddable":true,"href":"https:\/\/agora.xtec.cat\/ins25desetembre\/wp-json\/wp\/v2\/comments?post=10010"}],"version-history":[{"count":4,"href":"https:\/\/agora.xtec.cat\/ins25desetembre\/wp-json\/wp\/v2\/pages\/10010\/revisions"}],"predecessor-version":[{"id":11853,"href":"https:\/\/agora.xtec.cat\/ins25desetembre\/wp-json\/wp\/v2\/pages\/10010\/revisions\/11853"}],"wp:attachment":[{"href":"https:\/\/agora.xtec.cat\/ins25desetembre\/wp-json\/wp\/v2\/media?parent=10010"}],"curies":[{"name":"wp","href":"https:\/\/api.w.org\/{rel}","templated":true}]}}