{"id":903,"date":"2020-06-16T12:43:55","date_gmt":"2020-06-16T10:43:55","guid":{"rendered":"https:\/\/agora.xtec.cat\/ins-sarriadeter\/?page_id=903"},"modified":"2024-09-03T18:10:29","modified_gmt":"2024-09-03T16:10:29","slug":"espai-europeu","status":"publish","type":"page","link":"https:\/\/agora.xtec.cat\/ins-sarriadeter\/espai-europeu\/","title":{"rendered":"Espai europeu"},"content":{"rendered":"<p style=\"text-align: right;\"><a href=\"https:\/\/agora.xtec.cat\/ins-sarriadeter\/espai-europeu\/angles\/\"><img loading=\"lazy\" decoding=\"async\" class=\"alignnone wp-image-1033\" src=\"https:\/\/agora.xtec.cat\/ins-sarriadeter\/wp-content\/uploads\/usu333\/2020\/09\/banderes_Mesa-de-trabajo-1.jpg\" alt=\"\" width=\"112\" height=\"56\" srcset=\"https:\/\/agora.xtec.cat\/ins-sarriadeter\/wp-content\/uploads\/usu333\/2020\/09\/banderes_Mesa-de-trabajo-1.jpg 615w, https:\/\/agora.xtec.cat\/ins-sarriadeter\/wp-content\/uploads\/usu333\/2020\/09\/banderes_Mesa-de-trabajo-1-300x151.jpg 300w\" sizes=\"auto, (max-width: 112px) 100vw, 112px\" \/> \u00a0 \u00a0 \u00a0<\/a><a href=\"https:\/\/agora.xtec.cat\/ins-sarriadeter\/espai-europeu\/frances\/\"><img loading=\"lazy\" decoding=\"async\" class=\"alignnone wp-image-1032\" src=\"https:\/\/agora.xtec.cat\/ins-sarriadeter\/wp-content\/uploads\/usu333\/2020\/09\/banderes_Mesa-de-trabajo-1-copia.jpg\" alt=\"\" width=\"115\" height=\"58\" srcset=\"https:\/\/agora.xtec.cat\/ins-sarriadeter\/wp-content\/uploads\/usu333\/2020\/09\/banderes_Mesa-de-trabajo-1-copia.jpg 615w, https:\/\/agora.xtec.cat\/ins-sarriadeter\/wp-content\/uploads\/usu333\/2020\/09\/banderes_Mesa-de-trabajo-1-copia-300x151.jpg 300w\" sizes=\"auto, (max-width: 115px) 100vw, 115px\" \/><\/a><\/p>\n<p><b>Intercanvis i programes europeus de mobilitat.<\/b><\/p>\n<p><span style=\"font-weight: 400;\">Hem participat amb el Consorci Europeu per l\u2019educaci\u00f3 del <strong><a href=\"https:\/\/sites.google.com\/xtec.cat\/eramus-ka121-curs-23-24\/about-the-project\" target=\"_blank\" rel=\"noopener\"><span style=\"text-decoration: underline;\">Centre de Recursos Pedag\u00f2gics del Giron\u00e8s<\/span><\/a><\/strong> al llarg dels cursos 2022-2023 i 2023-2024.<\/span><\/p>\n<p><span style=\"font-weight: 400;\">Ens hem acreditat durant el febrer del 2024 pels pr\u00f2xims 3 cursos acad\u00e8mics.\u00a0\u00a0<\/span><\/p>\n<p><span style=\"font-weight: 400;\">El projecte d\u2019internacionalitzaci\u00f3 del nostre centre, que, lligat al programa Erasmus+, t\u00e9 com a objectius principals:<\/span><\/p>\n<ol>\n<li style=\"list-style-type: none;\">\n<ol>\n<li style=\"font-weight: 400;\" aria-level=\"1\"><span style=\"font-weight: 400;\">Fomentar els valors de la Uni\u00f3 Europea mitjan\u00e7ant la cooperaci\u00f3 entre nacions, fomentant una mirada globalitzada a un m\u00f3n pluricultural.<\/span><\/li>\n<li style=\"font-weight: 400;\" aria-level=\"1\"><span style=\"font-weight: 400;\">La millora de les lleng\u00fces estrangeres d\u2019alumnes i professorat per la cooperaci\u00f3 internacional i una educaci\u00f3 de qualitat.<\/span><\/li>\n<li style=\"font-weight: 400;\" aria-level=\"1\"><span style=\"font-weight: 400;\">Impulsar i dissenyar estrat\u00e8gies i recursos pedag\u00f2gics per fomentar la inclusi\u00f3, la diversitat, la toler\u00e0ncia i la perspectiva de g\u00e8nere.<\/span><\/li>\n<li style=\"font-weight: 400;\" aria-level=\"1\"><span style=\"font-weight: 400;\">Millorar el coneixement de l\u2019alumnat sobre la sostenibilitat mediambiental i promoure i executar accions sostenibles en el seu entorn m\u00e9s proper.<\/span><\/li>\n<\/ol>\n<\/li>\n<\/ol>\n<p><span style=\"font-weight: 400;\">Per aconseguir tot aix\u00f2, s\u2019ofereix:<\/span><\/p>\n<p><b>Mobilitat de professorat:<\/b><span style=\"font-weight: 400;\"> Per tal de millorar les nostres pr\u00e0ctiques docents, s\u2019ofereix al nostre professorat Job Shadowings, per tal de visitar centres educatius europeus, observar i aprendre bones pr\u00e0ctiques dels nostres socis, podent aix\u00ed aplicar-ho a les aules.\u00a0 Tamb\u00e9 s\u2019ofereixen cursos estructurals amb el mateix objectiu, compartint experi\u00e8ncies amb altres docents europeus, i millorant les compet\u00e8ncies del nostre professorat.\u00a0 Tot aix\u00f2 amb l\u2019objectiu de traslladar-ho a les aules i incrementar la nostra qualitat educativa.<\/span><\/p>\n<p><b>Mobilitat dels nostres alumnes<\/b><span style=\"font-weight: 400;\">:\u00a0 Realitzem un intercanvi a 3r d\u2019ESO als Pa\u00efsos Baixos,\u00a0 i un a 1r de Batxillerat a \u00c0ustria, on els nostres alumnes prenen contacte amb una altra cultura, allotjant-se amb fam\u00edlies locals, i desenvolupant activitats culturals i de lleure en el pa\u00eds dest\u00ed. Al mateix temps, els alumnes estrangers tamb\u00e9 ens visiten, compartint aix\u00ed espais a casa nostra, ensenyant-los-hi qui som, la nostra cultura i gastronomia.<\/span><\/p>\n<p><span style=\"font-weight: 400;\">Tamb\u00e9 oferim mobilitats a tota l\u2019etapa de l\u2019ESO a Fran\u00e7a, on els alumnes fan visites culturals al nostre pa\u00eds ve\u00ed.<\/span><\/p>\n<p><strong>ACTIVITATS REALITZADES<\/strong><\/p>\n<p>Curs 2022-2023:<\/p>\n<ul>\n<li style=\"list-style-type: none;\">\n<ul>\n<li><a href=\"https:\/\/drive.google.com\/file\/d\/1R-W-3DJgy4LSWKBdTOTexGgYhMR-FyBo\/view?usp=drive_link\" target=\"_blank\" rel=\"noopener\">Mobilitat de l&#8217;alumnat de 3r d&#8217;ESO al Haarlemmermeer Lyceum. Pa\u00efsos Baixos<\/a><\/li>\n<li><a href=\"https:\/\/drive.google.com\/file\/d\/1CjChC4t8OoKpVorBDhCZTCiLKgyIPOQP\/view?usp=drive_link\" target=\"_blank\" rel=\"noopener\">Job Shadowings d&#8217;en Marc Nogu\u00e9 a Haarlemmermeer Lyceum. Pa\u00efsos Baixos<\/a><\/li>\n<li><a href=\"https:\/\/drive.google.com\/file\/d\/1diZT_HNmomykMWpyqH-GgFSm6x1x3Tcz\/view?usp=drive_link\" target=\"_blank\" rel=\"noopener\">Job Shadowings d&#8217;en Pol Pujol\u00e0s a Haarlemmermeer Lyceum. Pa\u00efsos Baixos<\/a><\/li>\n<\/ul>\n<\/li>\n<\/ul>\n<p>Curs 2023-2024:<\/p>\n<ul>\n<li style=\"list-style-type: none;\">\n<ul>\n<li style=\"list-style-type: none\">\n<ul>\n<li><a href=\"https:\/\/drive.google.com\/file\/d\/1_roOU-Sl7YhwhexOLshuPSB0O5MJ6sZi\/view?usp=drive_link\" target=\"_blank\" rel=\"noopener\">Mobilitat de l&#8217;alumnat de 3r d&#8217;ESO al Haarlemmermeer Lyceum. Pa\u00efsos Baixos<\/a><\/li>\n<li><a href=\"https:\/\/drive.google.com\/file\/d\/1YNZFr7NI-wNw3idZ9-cSRt2D1yC5QLPG\/view?usp=sharing\" target=\"_blank\" rel=\"noopener\">Curs Estructural de la Montse Quesada a Europass Teacher Academy. Roma. It\u00e0lia<\/a><\/li>\n<\/ul>\n<\/li>\n<\/ul>\n<\/li>\n<\/ul>\n","protected":false},"excerpt":{"rendered":"<p><a href=\"https:\/\/agora.xtec.cat\/ins-sarriadeter\/espai-europeu\/angles\/\"> \u00a0 \u00a0 \u00a0<\/a><a href=\"https:\/\/agora.xtec.cat\/ins-sarriadeter\/espai-europeu\/frances\/\"><\/a><br \/>\nIntercanvis i programes europeus de mobilitat.<br \/>\nHem participat amb el Consorci Europeu per l\u2019educaci\u00f3 del <a href=\"https:\/\/sites.google.com\/xtec.cat\/eramus-ka121-curs-23-24\/about-the-project\" target=\"_blank\" rel=\"noopener\">Centre de Recursos Pedag\u00f2gics del Giron\u00e8s<\/a> al llarg dels cursos 2022-2023 i 2023-2024.<br \/>\nEns hem acreditat durant el febrer del 2024 pels pr\u00f2xims 3&hellip;  <a href=\"https:\/\/agora.xtec.cat\/ins-sarriadeter\/espai-europeu\/\" title=\"Read Espai europeu\">Llegeix m\u00e9s\u00bb<\/a><\/p>\n","protected":false},"author":1,"featured_media":0,"parent":0,"menu_order":0,"comment_status":"closed","ping_status":"closed","template":"","meta":{"_bbp_topic_count":0,"_bbp_reply_count":0,"_bbp_total_topic_count":0,"_bbp_total_reply_count":0,"_bbp_voice_count":0,"_bbp_anonymous_reply_count":0,"_bbp_topic_count_hidden":0,"_bbp_reply_count_hidden":0,"_bbp_forum_subforum_count":0,"footnotes":""},"class_list":["post-903","page","type-page","status-publish","hentry"],"post_mailing_queue_ids":[],"_links":{"self":[{"href":"https:\/\/agora.xtec.cat\/ins-sarriadeter\/wp-json\/wp\/v2\/pages\/903","targetHints":{"allow":["GET"]}}],"collection":[{"href":"https:\/\/agora.xtec.cat\/ins-sarriadeter\/wp-json\/wp\/v2\/pages"}],"about":[{"href":"https:\/\/agora.xtec.cat\/ins-sarriadeter\/wp-json\/wp\/v2\/types\/page"}],"author":[{"embeddable":true,"href":"https:\/\/agora.xtec.cat\/ins-sarriadeter\/wp-json\/wp\/v2\/users\/1"}],"replies":[{"embeddable":true,"href":"https:\/\/agora.xtec.cat\/ins-sarriadeter\/wp-json\/wp\/v2\/comments?post=903"}],"version-history":[{"count":6,"href":"https:\/\/agora.xtec.cat\/ins-sarriadeter\/wp-json\/wp\/v2\/pages\/903\/revisions"}],"predecessor-version":[{"id":3055,"href":"https:\/\/agora.xtec.cat\/ins-sarriadeter\/wp-json\/wp\/v2\/pages\/903\/revisions\/3055"}],"wp:attachment":[{"href":"https:\/\/agora.xtec.cat\/ins-sarriadeter\/wp-json\/wp\/v2\/media?parent=903"}],"curies":[{"name":"wp","href":"https:\/\/api.w.org\/{rel}","templated":true}]}}