{"id":57,"date":"2014-09-17T17:01:07","date_gmt":"2014-09-17T17:01:07","guid":{"rendered":"http:\/\/agora.xtec.cat\/ins-sarriadeter\/?page_id=57"},"modified":"2021-10-09T18:47:45","modified_gmt":"2021-10-09T16:47:45","slug":"projecte-educatiu","status":"publish","type":"page","link":"https:\/\/agora.xtec.cat\/ins-sarriadeter\/projecte-educatiu\/","title":{"rendered":"Projecte educatiu"},"content":{"rendered":"<p><strong>VALORS DE L&#8217;INSTITUT DE SARRI\u00c0 DE TER<br \/>\n<\/strong>Tenint en compte l\u2019actualitat educativa i el context en qu\u00e8 s\u2019inicia el centre, es constaten uns principis generals perqu\u00e8 siguin assumits i valorats ( i si s\u2019escau, modificats) per tota la comunitat educativa que es concreten en:<\/p>\n<p style=\"padding-left: 40px;\">&#8211; El comprom\u00eds amb la qualitat i de la millora cont\u00ednua del centre com a organitzaci\u00f3 i del servei que ha de prestar.<br \/>\n&#8211; La col\u00b7laboraci\u00f3 activa amb l \u2019entorn fomentant el seu coneixement, el respecte i tamb\u00e9 els h\u00e0bits saludables i sostenibles.<br \/>\n&#8211; La voluntat de recerca d\u2019innovaci\u00f3 tecnol\u00f2gica i educativa des del rigor i des de la cerca de la millora de resultats.<br \/>\n&#8211; La valoraci\u00f3 de la diversitat com un fet natural i positiu.<br \/>\n&#8211; L&#8217;exercici de la democr\u00e0cia i el foment de la participaci\u00f3. Per tant, la valoraci\u00f3 de la pluralitat i de la transpar\u00e8ncia.<br \/>\n&#8211; La conviv\u00e8ncia com a requisit b\u00e0sic i com a pacte entre les persones.<\/p>\n<p><strong>MISSI\u00d3 DE L&#8217;INSTITUT DE SARRI\u00c0 DE TER<\/strong><br \/>\nL&#8217;Institut de Sarri\u00e0 de Ter, com a centre p\u00fablic que pertany a la xarxa d&#8217;equipaments<br \/>\nescolars del Departament d\u2019Educaci\u00f3 de la Generalitat de Catalunya, es regeix per la<br \/>\nLlei d&#8217;Educaci\u00f3 de Catalunya (LEC). Ara b\u00e9, d\u2019acord amb la seva identitat pr\u00f2pia, la missi\u00f3 del centre es concretar\u00e0 en:<\/p>\n<p style=\"padding-left: 40px;\">1. Una vocaci\u00f3 clara de ser socialment \u00fatil al municipi on es troba situat i als municipis a qu\u00e8 pertanyen les escoles adscrites, i per esdevenir un punt de refer\u00e8ncia a la vida educativa, cultural, industrial i associativa d\u2019aquesta zona.<br \/>\n2. El foment de la pluralitat, la inclusi\u00f3, la igualtat d\u2019oportunitats i l\u2019educaci\u00f3 d&#8217;acorda principis democr\u00e0tics.<br \/>\n3. L\u2019aposta per una educaci\u00f3 integral que formi persones \u00edntegres, cr\u00edtiques, aut\u00f2nomes i competents en un m\u00f3n canviant.<br \/>\n4. La voluntat d\u2019oferir una formaci\u00f3 s\u00f2lida, global i interdisciplin\u00e0ria.<br \/>\n5. La necessitat de connectar l&#8217;educaci\u00f3 amb el m\u00f3n real canviant, que permeti alsalumnes aprendre SABER, SABER FER, i SABER SER O ESTAR.<\/p>\n<p><strong>VISI\u00d3 DE L\u2019INSTITUT DE SARRI\u00c0 DE TER<\/strong><br \/>\nD&#8217;acord amb els valors i la missi\u00f3 exposada i despr\u00e9s de l&#8217;an\u00e0lisi i la reflexi\u00f3 sobre les necessitats del moment actual, VOLEM SER un centre de refer\u00e8ncia en:<\/p>\n<p style=\"padding-left: 40px;\">1. La tasca educativa i formativa en un marc acollidor i inclusiu, on es respecti la individualitat de cada alumne\/a i en qu\u00e8 la resoluci\u00f3 de conflictes es basi en el di\u00e0leg .<br \/>\n2. La vinculaci\u00f3 amb l\u2019entorn, funcionant com a dinamitzador cultural dins de la<br \/>\npoblaci\u00f3 que ens acull, les poblacions d\u2019on prov\u00e9 l\u2019alumnat i la comarca.<br \/>\n3. La utilitzaci\u00f3 de les TIC com a complement formatiu indispensable.<br \/>\n4. La formaci\u00f3 en recerca i l\u2019aprenentatge basat en l\u2019experi\u00e8ncia.<br \/>\n5. El bon \u00fas de les lleng\u00fces i l\u2019impuls de les lleng\u00fces estrangeres .<br \/>\n6. El bon clima, l\u2019acolliment i la cura de l\u2019equip hum\u00e0 que hi treballa.<br \/>\n7. La formaci\u00f3 art\u00edstica s\u00f2lida.<br \/>\n8. La projecci\u00f3 exterior amb intercanvis amb alumnat.<br \/>\n9. La capacitat per propiciar l\u2019excel\u00b7l\u00e8ncia.<br \/>\n10. La innovaci\u00f3 educativa, feta amb rigor i basada en constatacions de millora<a href=\"https:\/\/agora.xtec.cat\/ins-sarriadeter\/wp-content\/uploads\/usu333\/2021\/03\/dossier.jpg\"><img loading=\"lazy\" decoding=\"async\" class=\"alignleft size-large wp-image-1258\" src=\"https:\/\/agora.xtec.cat\/ins-sarriadeter\/wp-content\/uploads\/usu333\/2021\/03\/dossier-1024x640.jpg\" alt=\"\" width=\"1024\" height=\"640\" srcset=\"https:\/\/agora.xtec.cat\/ins-sarriadeter\/wp-content\/uploads\/usu333\/2021\/03\/dossier-1024x640.jpg 1024w, https:\/\/agora.xtec.cat\/ins-sarriadeter\/wp-content\/uploads\/usu333\/2021\/03\/dossier-300x188.jpg 300w, https:\/\/agora.xtec.cat\/ins-sarriadeter\/wp-content\/uploads\/usu333\/2021\/03\/dossier-768x480.jpg 768w\" sizes=\"auto, (max-width: 1024px) 100vw, 1024px\" \/><\/a><\/p>\n<p>&nbsp;<\/p>\n","protected":false},"excerpt":{"rendered":"<p>VALORS DE L&#8217;INSTITUT DE SARRI\u00c0 DE TER<br \/>\nTenint en compte l\u2019actualitat educativa i el context en qu\u00e8 s\u2019inicia el centre, es constaten uns principis generals perqu\u00e8 siguin assumits i valorats ( i si s\u2019escau, modificats) per tota la comunitat educativa que es concreten en:<br \/>\n&#8211; El comprom\u00eds&hellip;  <a href=\"https:\/\/agora.xtec.cat\/ins-sarriadeter\/projecte-educatiu\/\" title=\"Read Projecte educatiu\">Llegeix m\u00e9s\u00bb<\/a><\/p>\n","protected":false},"author":1,"featured_media":0,"parent":0,"menu_order":0,"comment_status":"closed","ping_status":"closed","template":"page-templates\/side-menu.php","meta":{"_bbp_topic_count":0,"_bbp_reply_count":0,"_bbp_total_topic_count":0,"_bbp_total_reply_count":0,"_bbp_voice_count":0,"_bbp_anonymous_reply_count":0,"_bbp_topic_count_hidden":0,"_bbp_reply_count_hidden":0,"_bbp_forum_subforum_count":0,"footnotes":""},"class_list":["post-57","page","type-page","status-publish","hentry"],"post_mailing_queue_ids":[],"_links":{"self":[{"href":"https:\/\/agora.xtec.cat\/ins-sarriadeter\/wp-json\/wp\/v2\/pages\/57","targetHints":{"allow":["GET"]}}],"collection":[{"href":"https:\/\/agora.xtec.cat\/ins-sarriadeter\/wp-json\/wp\/v2\/pages"}],"about":[{"href":"https:\/\/agora.xtec.cat\/ins-sarriadeter\/wp-json\/wp\/v2\/types\/page"}],"author":[{"embeddable":true,"href":"https:\/\/agora.xtec.cat\/ins-sarriadeter\/wp-json\/wp\/v2\/users\/1"}],"replies":[{"embeddable":true,"href":"https:\/\/agora.xtec.cat\/ins-sarriadeter\/wp-json\/wp\/v2\/comments?post=57"}],"version-history":[{"count":3,"href":"https:\/\/agora.xtec.cat\/ins-sarriadeter\/wp-json\/wp\/v2\/pages\/57\/revisions"}],"predecessor-version":[{"id":1561,"href":"https:\/\/agora.xtec.cat\/ins-sarriadeter\/wp-json\/wp\/v2\/pages\/57\/revisions\/1561"}],"wp:attachment":[{"href":"https:\/\/agora.xtec.cat\/ins-sarriadeter\/wp-json\/wp\/v2\/media?parent=57"}],"curies":[{"name":"wp","href":"https:\/\/api.w.org\/{rel}","templated":true}]}}