{"id":49,"date":"2014-09-17T16:55:55","date_gmt":"2014-09-17T16:55:55","guid":{"rendered":"http:\/\/agora.xtec.cat\/ins-sarriadeter\/?page_id=49"},"modified":"2020-10-18T23:45:51","modified_gmt":"2020-10-18T21:45:51","slug":"normes-dorganitzacio-i-funcionament","status":"publish","type":"page","link":"https:\/\/agora.xtec.cat\/ins-sarriadeter\/projecte-educatiu\/normes-dorganitzacio-i-funcionament\/","title":{"rendered":"Marc normatiu"},"content":{"rendered":"<p>L\u2019Institut de Sarri\u00e0 de Ter \u00e9s un centre educatiu per a nois i noies adolescents. En la seva activitat habitual hi intervenen professores i professors, alumnes i personal no docent. Ocasionalment tamb\u00e9 poden intervenir-hi altres persones educadores i fam\u00edlies de l\u2019alumnat. El centre t\u00e9 la voluntat d\u2019esdevenir un escenari permanent de conviv\u00e8ncia, de di\u00e0leg, de formaci\u00f3 i de promoci\u00f3 de la cultura, de valors humans i d\u2019h\u00e0bits saludables.<\/p>\n<p>D\u2019acord amb aquest plantejament s\u2019acorden tres normes fonamentals que ha de complir tota persona vinculada al centre:<\/p>\n<p>1a) Cal tenir <strong>RESPECTE<\/strong> per totes les persones de l\u2019Institut i per totes les persones amb qu\u00e8 ens relacionem aix\u00ed com per les indicacions donades pel professorat que \u00e9s el responsable del seu funcionament.<\/p>\n<p>2a) Cal tenir <strong>CURA<\/strong> de l\u2019equipament i del material aix\u00ed com de tots els equipaments i materials dels llocs que puguem visitar en sortides o activitats.<\/p>\n<p>3a) Nom\u00e9s es poden tenir <strong>ACTITUDS<\/strong> i realitzar <strong>ACTES<\/strong> propis d\u2019un centre d\u2019ensenyament on es ve a aprendre, a estudiar, a formar-se i a conviure amb les altres persones.<\/p>\n","protected":false},"excerpt":{"rendered":"<p>L\u2019Institut de Sarri\u00e0 de Ter \u00e9s un centre educatiu per a nois i noies adolescents. En la seva activitat habitual hi intervenen professores i professors, alumnes i personal no docent. Ocasionalment tamb\u00e9 poden intervenir-hi altres persones educadores i fam\u00edlies de l\u2019alumnat. El centre t\u00e9 la&hellip;  <a href=\"https:\/\/agora.xtec.cat\/ins-sarriadeter\/projecte-educatiu\/normes-dorganitzacio-i-funcionament\/\" title=\"Read Marc normatiu\">Llegeix m\u00e9s\u00bb<\/a><\/p>\n","protected":false},"author":1,"featured_media":0,"parent":57,"menu_order":0,"comment_status":"closed","ping_status":"closed","template":"page-templates\/side-menu.php","meta":{"_bbp_topic_count":0,"_bbp_reply_count":0,"_bbp_total_topic_count":0,"_bbp_total_reply_count":0,"_bbp_voice_count":0,"_bbp_anonymous_reply_count":0,"_bbp_topic_count_hidden":0,"_bbp_reply_count_hidden":0,"_bbp_forum_subforum_count":0,"footnotes":""},"class_list":["post-49","page","type-page","status-publish","hentry"],"post_mailing_queue_ids":[],"_links":{"self":[{"href":"https:\/\/agora.xtec.cat\/ins-sarriadeter\/wp-json\/wp\/v2\/pages\/49","targetHints":{"allow":["GET"]}}],"collection":[{"href":"https:\/\/agora.xtec.cat\/ins-sarriadeter\/wp-json\/wp\/v2\/pages"}],"about":[{"href":"https:\/\/agora.xtec.cat\/ins-sarriadeter\/wp-json\/wp\/v2\/types\/page"}],"author":[{"embeddable":true,"href":"https:\/\/agora.xtec.cat\/ins-sarriadeter\/wp-json\/wp\/v2\/users\/1"}],"replies":[{"embeddable":true,"href":"https:\/\/agora.xtec.cat\/ins-sarriadeter\/wp-json\/wp\/v2\/comments?post=49"}],"version-history":[{"count":3,"href":"https:\/\/agora.xtec.cat\/ins-sarriadeter\/wp-json\/wp\/v2\/pages\/49\/revisions"}],"predecessor-version":[{"id":1020,"href":"https:\/\/agora.xtec.cat\/ins-sarriadeter\/wp-json\/wp\/v2\/pages\/49\/revisions\/1020"}],"up":[{"embeddable":true,"href":"https:\/\/agora.xtec.cat\/ins-sarriadeter\/wp-json\/wp\/v2\/pages\/57"}],"wp:attachment":[{"href":"https:\/\/agora.xtec.cat\/ins-sarriadeter\/wp-json\/wp\/v2\/media?parent=49"}],"curies":[{"name":"wp","href":"https:\/\/api.w.org\/{rel}","templated":true}]}}