{"id":4075,"date":"2026-02-05T13:13:47","date_gmt":"2026-02-05T12:13:47","guid":{"rendered":"https:\/\/agora.xtec.cat\/ins-sarriadeter\/?page_id=4075"},"modified":"2026-03-04T09:30:04","modified_gmt":"2026-03-04T08:30:04","slug":"proves-per-obtenir-el-graduat-en-eso","status":"publish","type":"page","link":"https:\/\/agora.xtec.cat\/ins-sarriadeter\/secretaria\/proves-per-obtenir-el-graduat-en-eso\/","title":{"rendered":"Proves per obtenir el graduat en ESO"},"content":{"rendered":"<header class=\"entry-header \">\n<h1 class=\"entry-title\"><span style=\"color: #0e979e;\">PROVES PER OBTENIR EL GRADUAT EN ESO<\/span><\/h1>\n<p><span style=\"color: #1ca1a3;\"><strong>1. CONTINGUTS M\u00cdNIMS<\/strong><\/span><\/p>\n<\/header>\n<div class=\"entry-content clear\" data-ast-blocks-layout=\"true\">\n<p><span style=\"text-decoration: underline;\"><a href=\"https:\/\/agora.xtec.cat\/ins-sarriadeter\/wp-content\/uploads\/usu333\/2026\/03\/2526GESO-CONTINGUTS-MINIMS.pdf\" target=\"_blank\" rel=\"noopener\"><strong>Enlla\u00e7 als documents amb els continguts m\u00ednims per fer la prova d&#8217;obtenci\u00f3 dels graduat en ESO<\/strong><\/a><\/span><\/p>\n<p><span style=\"color: #1ca1a3;\"><strong>2. NORMATIVA<\/strong><\/span><\/p>\n<p>Obtenci\u00f3 del graduat en educaci\u00f3 secund\u00e0ria obligat\u00f2ria (alumnes que no l\u2019han obtingut en finalitzar l\u2019etapa)<\/p>\n<p>Els alumnes que no obtenen el t\u00edtol de graduat o graduada en educaci\u00f3 secund\u00e0ria obligat\u00f2ria en finalitzar l\u2019etapa es poden presentar a la prova que els centres organitzen el mes de mar\u00e7 de cada any. Aquestes proves es realitzaran al mateix Institut Ticeris de Sarri\u00e0 de Ter.<\/p>\n<p><span style=\"color: #1ca1a3;\"><strong>3. REQUISITS<\/strong><\/span><\/p>\n<p>Es poden presentar a la prova les persones que compleixen els dos requisits seg\u00fcents:<\/p>\n<ol class=\"wp-block-list\">\n<li>Tenir almenys 18 anys o complir-los l\u2019any 2026. L\u2019edat requerida es podr\u00e0 rebaixar fins als setze anys sempre que l\u2019alumne o alumna compleixi alguna de les condicions seg\u00fcents:\n<ul>\n<li style=\"list-style-type: none;\">\n<ul class=\"wp-block-list\">\n<li>Tenir un contracte laboral que els impedeixi d\u2019assistir al centre en r\u00e8gim ordinari,<\/li>\n<li>Trobar-se en proc\u00e9s d\u2019obtenir un perm\u00eds de treball,<\/li>\n<li>Ser esportista d\u2019alt rendiment (cal presentar una certificaci\u00f3 del Consell Catal\u00e0 de l\u2019Esport que acredita que consta en el programa de tecnificaci\u00f3 (ARC) de la federaci\u00f3 catalana corresponent) o<\/li>\n<li>Tenir un expedient d\u2019homologaci\u00f3 obert d\u2019estudis estrangers al t\u00edtol de GESO.<\/li>\n<\/ul>\n<\/li>\n<\/ul>\n<\/li>\n<li>Haver finalitzat l\u2019ESO l\u2019any 2024 o 2025 sense haver obtingut el t\u00edtol o haver finalitzat l\u2019equivalent del quart curs de l\u2019ESO en un sistema educatiu estranger amb mat\u00e8ries amb avaluaci\u00f3 negativa en cursos anteriors. De manera excepcional, tamb\u00e9 s\u2019hi poden acollir alumnes amb informe de reconeixement de necessitats educatives especials, em\u00e8s per l\u2019equip d\u2019assessorament psicopedag\u00f2gic (EAP), per als quals es va elaborar un pla de suport individualitzat durant el per\u00edode compr\u00e8s entre els cursos 2017-2018 i 2022-2023.<\/li>\n<\/ol>\n<p><span style=\"color: #1ca1a3;\"><strong>4. INSCRIPCI\u00d3 I REALITZACI\u00d3 DE LA PROVA<\/strong><\/span><\/p>\n<p style=\"padding-left: 40px;\"><span style=\"color: #1ca1a3;\"><strong>3.1. Sol\u00b7licitud<\/strong><\/span><\/p>\n<ul class=\"wp-block-list\">\n<li>Entre el 2 i el 13 de febrer\u00a0de 2026 i s\u2019ha de presentar a la secretaria del centre on la persona sol\u00b7licitant va estar matriculada de quart d\u2019ESO per \u00faltima vegada.<\/li>\n<li><span style=\"text-decoration: underline;\"><span style=\"color: #0000ff;\"><strong><a style=\"color: #0000ff; text-decoration: underline;\" href=\"https:\/\/agora.xtec.cat\/ins-sarriadeter\/wp-content\/uploads\/usu333\/2026\/02\/A665.pdf\">Enlla\u00e7 a la sol\u00b7licitud<\/a><\/strong><\/span><\/span><\/li>\n<\/ul>\n<p style=\"padding-left: 40px;\"><span style=\"color: #1ca1a3;\"><strong>3.2. Calendari i llistes de persones admeses i excloses<\/strong><\/span><\/p>\n<ul class=\"wp-block-list\">\n<li>Fins al 2 de mar\u00e7 de 2026, el centre publica el calendari de la prova i la\u00a0llista de persones admeses i excloses. Tamb\u00e9 s\u2019inclouran les mat\u00e8ries objecte de la prova.<br \/>\n<a href=\"https:\/\/agora.xtec.cat\/ins-sarriadeter\/wp-content\/uploads\/usu333\/2026\/03\/2526_GESO-1.pdf\" target=\"_blank\" rel=\"noopener\"><strong>LLISTAT D&#8217;ADMESOS I CALENDARI DE LES PROVES<\/strong><\/a><\/li>\n<li>Del 3 al 5 de mar\u00e7 de 2026, els aspirants exclosos poden presentar una reclamaci\u00f3 davant la direcci\u00f3 del centre.<\/li>\n<\/ul>\n<p style=\"padding-left: 40px;\"><span style=\"color: #1ca1a3;\"><strong>3.3. Realitzaci\u00f3 de la prova<\/strong><\/span><\/p>\n<ul class=\"wp-block-list\">\n<li>Data: dimecres 18 de mar\u00e7 de 2026.<\/li>\n<li>Lloc: Institut Ticeris de Sarri\u00e0 de Ter.<\/li>\n<li>Els alumnes han de portar l\u2019original del DNI, targeta de resid\u00e8ncia, passaport o qualsevol altre document identificatiu oficial en vigor.<\/li>\n<\/ul>\n<p><span style=\"color: #1ca1a3;\"><strong>4. AVALUACI\u00d3, QUALIFICACI\u00d3 I OBTENCI\u00d3 DEL T\u00cdTOL<\/strong><\/span><\/p>\n<p style=\"padding-left: 40px;\"><span style=\"color: #1ca1a3;\"><strong>4.1. Avaluaci\u00f3 i qualificacions<\/strong><\/span><\/p>\n<p>El centre informa, en el termini de deu dies lectius seg\u00fcents a la realitzaci\u00f3 de la prova i per mitj\u00e0 dels canals que tingui establerts, de la relaci\u00f3 d\u2019alumnes presentats i de les qualificacions obtingudes aplicant la normativa vigent de protecci\u00f3 de dades.<\/p>\n<p>L\u2019alumne o alumna que assoleixi les compet\u00e8ncies de totes les mat\u00e8ries que tenia amb avaluaci\u00f3 negativa obt\u00e9 el t\u00edtol de graduat o graduada en educaci\u00f3 secund\u00e0ria obligat\u00f2ria, a excepci\u00f3 dels alumnes que estan en proc\u00e9s d\u2019homologaci\u00f3 del t\u00edtol de GESO. En la sessi\u00f3 d\u2019avaluaci\u00f3 es pot decidir, de forma col\u00b7legiada i amb l\u2019acord de la majoria dels membres presents, que l\u2019alumne o alumna que no hagi assolit algunes de les compet\u00e8ncies podr\u00e0 obtenir la titulaci\u00f3.<\/p>\n<p>Per als alumnes amb pla de suport individualitzat, per a l\u2019obtenci\u00f3 del t\u00edtol es prenen com a referents les compet\u00e8ncies i els criteris d\u2019avaluaci\u00f3 establerts en el seu pla.<\/p>\n<p style=\"padding-left: 40px;\"><span style=\"color: #1ca1a3;\"><strong>4.2. Reclamacions<\/strong><\/span><\/p>\n<p>L\u2019alumne o alumna o, en cas que sigui menor d\u2019edat, el pare, mare o tutor o tutora legal, poden reclamar contra les qualificacions obtingudes en una o m\u00e9s mat\u00e8ries i contra les decisions que, com a resultat del proc\u00e9s d\u2019avaluaci\u00f3, s\u2019hagin adoptat. La reclamaci\u00f3 pot cursar-se durant els tres dies h\u00e0bils seg\u00fcents a la data d\u2019informaci\u00f3 dels resultats obtinguts, davant la direcci\u00f3 del centre, la qual ha de convocar una reuni\u00f3 extraordin\u00e0ria de la sessi\u00f3 d\u2019avaluaci\u00f3 en un termini de 48 hores.<\/p>\n<p>A la vista de la decisi\u00f3 presa en la sessi\u00f3 d\u2019avaluaci\u00f3, el director o directora del centre emet resoluci\u00f3 relativa a la reclamaci\u00f3 i es notifica a la persona interessada. L\u2019alumne o alumna o, en cas que sigui menor d\u2019edat, el pare, mare o tutor o tutora legal, poden rec\u00f3rrer contra la resoluci\u00f3 del director o directora, en el termini de cinc dies h\u00e0bils a comptar des de l\u2019endem\u00e0 de la seva notificaci\u00f3, davant els serveis territorials corresponents i, a la ciutat de Barcelona, el Consorci d\u2019Educaci\u00f3.<\/p>\n<p style=\"padding-left: 40px;\"><span style=\"color: #1ca1a3;\"><strong>4.3. Certificat<\/strong><\/span><\/p>\n<p>Els alumnes han de rebre una certificaci\u00f3 de les qualificacions obtingudes expedida per la secretaria del centre amb el vistiplau de la direcci\u00f3.<\/p>\n<\/div>\n","protected":false},"excerpt":{"rendered":"<p>PROVES PER OBTENIR EL GRADUAT EN ESO<br \/>\n1. CONTINGUTS M\u00cdNIMS<\/p>\n<p><a href=\"https:\/\/agora.xtec.cat\/ins-sarriadeter\/wp-content\/uploads\/usu333\/2026\/03\/2526GESO-CONTINGUTS-MINIMS.pdf\" target=\"_blank\" rel=\"noopener\">Enlla\u00e7 als documents amb els continguts m\u00ednims per fer la prova d&#8217;obtenci\u00f3 dels graduat en ESO<\/a><br \/>\n2. NORMATIVA<br \/>\nObtenci\u00f3 del graduat en educaci\u00f3 secund\u00e0ria obligat\u00f2ria (alumnes que no l\u2019han obtingut en finalitzar l\u2019etapa)<br \/>\nEls alumnes que no&hellip;  <a href=\"https:\/\/agora.xtec.cat\/ins-sarriadeter\/secretaria\/proves-per-obtenir-el-graduat-en-eso\/\" title=\"Read Proves per obtenir el graduat en ESO\">Llegeix m\u00e9s\u00bb<\/a><\/p>\n","protected":false},"author":1,"featured_media":0,"parent":584,"menu_order":5,"comment_status":"closed","ping_status":"closed","template":"page-templates\/side-menu.php","meta":{"_bbp_topic_count":0,"_bbp_reply_count":0,"_bbp_total_topic_count":0,"_bbp_total_reply_count":0,"_bbp_voice_count":0,"_bbp_anonymous_reply_count":0,"_bbp_topic_count_hidden":0,"_bbp_reply_count_hidden":0,"_bbp_forum_subforum_count":0,"footnotes":""},"class_list":["post-4075","page","type-page","status-publish","hentry"],"post_mailing_queue_ids":[],"_links":{"self":[{"href":"https:\/\/agora.xtec.cat\/ins-sarriadeter\/wp-json\/wp\/v2\/pages\/4075","targetHints":{"allow":["GET"]}}],"collection":[{"href":"https:\/\/agora.xtec.cat\/ins-sarriadeter\/wp-json\/wp\/v2\/pages"}],"about":[{"href":"https:\/\/agora.xtec.cat\/ins-sarriadeter\/wp-json\/wp\/v2\/types\/page"}],"author":[{"embeddable":true,"href":"https:\/\/agora.xtec.cat\/ins-sarriadeter\/wp-json\/wp\/v2\/users\/1"}],"replies":[{"embeddable":true,"href":"https:\/\/agora.xtec.cat\/ins-sarriadeter\/wp-json\/wp\/v2\/comments?post=4075"}],"version-history":[{"count":7,"href":"https:\/\/agora.xtec.cat\/ins-sarriadeter\/wp-json\/wp\/v2\/pages\/4075\/revisions"}],"predecessor-version":[{"id":4165,"href":"https:\/\/agora.xtec.cat\/ins-sarriadeter\/wp-json\/wp\/v2\/pages\/4075\/revisions\/4165"}],"up":[{"embeddable":true,"href":"https:\/\/agora.xtec.cat\/ins-sarriadeter\/wp-json\/wp\/v2\/pages\/584"}],"wp:attachment":[{"href":"https:\/\/agora.xtec.cat\/ins-sarriadeter\/wp-json\/wp\/v2\/media?parent=4075"}],"curies":[{"name":"wp","href":"https:\/\/api.w.org\/{rel}","templated":true}]}}