{"id":39,"date":"2014-09-17T16:36:44","date_gmt":"2014-09-17T16:36:44","guid":{"rendered":"http:\/\/agora.xtec.cat\/ins-sarriadeter\/?page_id=39"},"modified":"2024-07-30T13:29:45","modified_gmt":"2024-07-30T11:29:45","slug":"instal%c2%b7lacions","status":"publish","type":"page","link":"https:\/\/agora.xtec.cat\/ins-sarriadeter\/linstitut\/instal%c2%b7lacions\/","title":{"rendered":"Instal\u00b7lacions"},"content":{"rendered":"<p>1a fase ( cursos 2019-20 i 2020-21)<br \/>\nL\u2019Institut de Sarri\u00e0 de Ter s\u2019ubica a Sarri\u00e0 de Dalt, concretament al carrer Joan Fuster i Ortells n\u00fam 45. En aquesta direcci\u00f3 s\u2019hi ubica l\u2019edifici principal que consta de:<\/p>\n<p>\u2981 AULES PER A 1r d\u2019ESO<br \/>\n\u2981 AULES PER A 2n d\u2019ESO<br \/>\n\u2981 AULES PER A DESDOBLAMENTS<br \/>\n\u2981 LABORATORI DE CI\u00c8NCIES EXPERIMENTALS<br \/>\n\u2981 AULA DE TECNOLOGIA<br \/>\n\u2981 AULA DE M\u00daSICA<br \/>\n\u2981 AULA D\u2019EDUCACI\u00d3 VISUAL i PL\u00c0STICA<br \/>\n\u2981 BIBLIOTECA<br \/>\n\u2981 DESPATXOS i SALES DE REUNIONS<\/p>\n<p>La mat\u00e8ria d\u2019Educaci\u00f3 F\u00edsica es desenvolupa al Pavell\u00f3 Municipal, situat a pocs metres del centre.<br \/>\nTanmateix, l\u2019institut disposa del Teatre Municipal i del Centre C\u00edvic \u201cLA Cooperativa\u201d per tal de realitzar-hi activitats programades i tamb\u00e9 compta amb la predisposici\u00f3 dels ajuntaments de la zona adscrita per a l\u2019\u00fas de diversos equipaments municipals.<\/p>\n","protected":false},"excerpt":{"rendered":"<p>1a fase ( cursos 2019-20 i 2020-21)<br \/>\nL\u2019Institut de Sarri\u00e0 de Ter s\u2019ubica a Sarri\u00e0 de Dalt, concretament al carrer Joan Fuster i Ortells n\u00fam 45. En aquesta direcci\u00f3 s\u2019hi ubica l\u2019edifici principal que consta de:<br \/>\n\u2981 AULES PER A 1r d\u2019ESO<br \/>\n\u2981 AULES PER A 2n d\u2019ESO<br \/>\n\u2981&hellip;  <a href=\"https:\/\/agora.xtec.cat\/ins-sarriadeter\/linstitut\/instal%c2%b7lacions\/\" title=\"Read Instal\u00b7lacions\">Llegeix m\u00e9s\u00bb<\/a><\/p>\n","protected":false},"author":1,"featured_media":0,"parent":19,"menu_order":4,"comment_status":"closed","ping_status":"closed","template":"page-templates\/side-menu.php","meta":{"_bbp_topic_count":0,"_bbp_reply_count":0,"_bbp_total_topic_count":0,"_bbp_total_reply_count":0,"_bbp_voice_count":0,"_bbp_anonymous_reply_count":0,"_bbp_topic_count_hidden":0,"_bbp_reply_count_hidden":0,"_bbp_forum_subforum_count":0,"footnotes":""},"class_list":["post-39","page","type-page","status-publish","hentry"],"post_mailing_queue_ids":[],"_links":{"self":[{"href":"https:\/\/agora.xtec.cat\/ins-sarriadeter\/wp-json\/wp\/v2\/pages\/39","targetHints":{"allow":["GET"]}}],"collection":[{"href":"https:\/\/agora.xtec.cat\/ins-sarriadeter\/wp-json\/wp\/v2\/pages"}],"about":[{"href":"https:\/\/agora.xtec.cat\/ins-sarriadeter\/wp-json\/wp\/v2\/types\/page"}],"author":[{"embeddable":true,"href":"https:\/\/agora.xtec.cat\/ins-sarriadeter\/wp-json\/wp\/v2\/users\/1"}],"replies":[{"embeddable":true,"href":"https:\/\/agora.xtec.cat\/ins-sarriadeter\/wp-json\/wp\/v2\/comments?post=39"}],"version-history":[{"count":1,"href":"https:\/\/agora.xtec.cat\/ins-sarriadeter\/wp-json\/wp\/v2\/pages\/39\/revisions"}],"predecessor-version":[{"id":632,"href":"https:\/\/agora.xtec.cat\/ins-sarriadeter\/wp-json\/wp\/v2\/pages\/39\/revisions\/632"}],"up":[{"embeddable":true,"href":"https:\/\/agora.xtec.cat\/ins-sarriadeter\/wp-json\/wp\/v2\/pages\/19"}],"wp:attachment":[{"href":"https:\/\/agora.xtec.cat\/ins-sarriadeter\/wp-json\/wp\/v2\/media?parent=39"}],"curies":[{"name":"wp","href":"https:\/\/api.w.org\/{rel}","templated":true}]}}