{"id":3423,"date":"2025-03-24T09:52:25","date_gmt":"2025-03-24T08:52:25","guid":{"rendered":"https:\/\/agora.xtec.cat\/ins-sarriadeter\/?page_id=3423"},"modified":"2025-06-25T09:12:29","modified_gmt":"2025-06-25T07:12:29","slug":"revista-sarria-expres","status":"publish","type":"page","link":"https:\/\/agora.xtec.cat\/ins-sarriadeter\/revista-sarria-expres\/","title":{"rendered":"Revista Sarri\u00e0 Expr\u00e9s"},"content":{"rendered":"<p>Des de l&#8217;optativa de Comunicaci\u00f3 de 4t d&#8217;ESO del curs 2024-2025 hem creat, amb molt d&#8217;esfor\u00e7 i dedicaci\u00f3, una revista sobre l&#8217;institut i per a l&#8217;institut. Com veureu, cada n\u00famero desenvolupa una tem\u00e0tica concreta.<\/p>\n<p><a href=\"https:\/\/drive.google.com\/file\/d\/1KwvvK7z6V6Sg3RZZ8NBmcVhheO0vKB-B\/view?usp=sharing\" target=\"_blank\" rel=\"noopener\">N\u00famero 1<\/a><\/p>\n<p><a href=\"https:\/\/drive.google.com\/file\/d\/1KwvvK7z6V6Sg3RZZ8NBmcVhheO0vKB-B\/view?usp=sharing\"><img loading=\"lazy\" decoding=\"async\" class=\"size-medium wp-image-3425 alignleft\" src=\"https:\/\/agora.xtec.cat\/ins-sarriadeter\/wp-content\/uploads\/usu333\/2025\/03\/Captura-de-pantalla-2025-03-24-095131-231x300.png\" alt=\"\" width=\"231\" height=\"300\" srcset=\"https:\/\/agora.xtec.cat\/ins-sarriadeter\/wp-content\/uploads\/usu333\/2025\/03\/Captura-de-pantalla-2025-03-24-095131-231x300.png 231w, https:\/\/agora.xtec.cat\/ins-sarriadeter\/wp-content\/uploads\/usu333\/2025\/03\/Captura-de-pantalla-2025-03-24-095131.png 595w\" sizes=\"auto, (max-width: 231px) 100vw, 231px\" \/><\/a><\/p>\n<p>&nbsp;<\/p>\n<p>&nbsp;<\/p>\n<p>&nbsp;<\/p>\n<p>&nbsp;<\/p>\n<p>&nbsp;<\/p>\n<p>&nbsp;<\/p>\n<p>&nbsp;<\/p>\n<p><a href=\"https:\/\/drive.google.com\/file\/d\/1vAOxRdLmHkTBm1mdAqB3_-jTsGBny3gf\/view?usp=sharing\" target=\"_blank\" rel=\"noopener\">N\u00famero 2<\/a><\/p>\n<p><a href=\"https:\/\/drive.google.com\/file\/d\/1vAOxRdLmHkTBm1mdAqB3_-jTsGBny3gf\/view?usp=sharing\"><img loading=\"lazy\" decoding=\"async\" class=\"alignleft wp-image-3424 size-medium\" src=\"https:\/\/agora.xtec.cat\/ins-sarriadeter\/wp-content\/uploads\/usu333\/2025\/03\/Captura-de-pantalla-2025-03-24-094908-231x300.png\" alt=\"\" width=\"231\" height=\"300\" srcset=\"https:\/\/agora.xtec.cat\/ins-sarriadeter\/wp-content\/uploads\/usu333\/2025\/03\/Captura-de-pantalla-2025-03-24-094908-231x300.png 231w, https:\/\/agora.xtec.cat\/ins-sarriadeter\/wp-content\/uploads\/usu333\/2025\/03\/Captura-de-pantalla-2025-03-24-094908.png 627w\" sizes=\"auto, (max-width: 231px) 100vw, 231px\" \/><\/a><\/p>\n<p>&nbsp;<\/p>\n<p>&nbsp;<\/p>\n<p>&nbsp;<\/p>\n<p>&nbsp;<\/p>\n<p>&nbsp;<\/p>\n<p>&nbsp;<\/p>\n<p>&nbsp;<\/p>\n<p><a href=\"https:\/\/drive.google.com\/file\/d\/1hKZjMbqZPvyNbR1kmyYRxTWZlfnw86Wo\/view?usp=sharing\" target=\"_blank\" rel=\"noopener\">N\u00famero 3<\/a><\/p>\n<p><a href=\"https:\/\/drive.google.com\/file\/d\/1hKZjMbqZPvyNbR1kmyYRxTWZlfnw86Wo\/view?usp=sharing\"><img loading=\"lazy\" decoding=\"async\" class=\"alignleft wp-image-3752 size-medium\" src=\"https:\/\/agora.xtec.cat\/ins-sarriadeter\/wp-content\/uploads\/usu333\/2025\/06\/Captura-de-pantalla-2025-06-25-090937-234x300.png\" alt=\"\" width=\"234\" height=\"300\" srcset=\"https:\/\/agora.xtec.cat\/ins-sarriadeter\/wp-content\/uploads\/usu333\/2025\/06\/Captura-de-pantalla-2025-06-25-090937-234x300.png 234w, https:\/\/agora.xtec.cat\/ins-sarriadeter\/wp-content\/uploads\/usu333\/2025\/06\/Captura-de-pantalla-2025-06-25-090937.png 537w\" sizes=\"auto, (max-width: 234px) 100vw, 234px\" \/><\/a><\/p>\n","protected":false},"excerpt":{"rendered":"<p>Des de l&#8217;optativa de Comunicaci\u00f3 de 4t d&#8217;ESO del curs 2024-2025 hem creat, amb molt d&#8217;esfor\u00e7 i dedicaci\u00f3, una revista sobre l&#8217;institut i per a l&#8217;institut. Com veureu, cada n\u00famero desenvolupa una tem\u00e0tica concreta.<br \/>\n<a href=\"https:\/\/drive.google.com\/file\/d\/1KwvvK7z6V6Sg3RZZ8NBmcVhheO0vKB-B\/view?usp=sharing\" target=\"_blank\" rel=\"noopener\">N\u00famero 1<\/a><br \/>\n<a href=\"https:\/\/drive.google.com\/file\/d\/1KwvvK7z6V6Sg3RZZ8NBmcVhheO0vKB-B\/view?usp=sharing\"><\/a><br \/>\n&nbsp;<br \/>\n&nbsp;<br \/>\n&nbsp;<br \/>\n&nbsp;<br \/>\n&nbsp;<br \/>\n&nbsp;<br \/>\n&nbsp;<br \/>\n<a href=\"https:\/\/drive.google.com\/file\/d\/1vAOxRdLmHkTBm1mdAqB3_-jTsGBny3gf\/view?usp=sharing\" target=\"_blank\" rel=\"noopener\">N\u00famero 2<\/a><br \/>\n<a href=\"https:\/\/drive.google.com\/file\/d\/1vAOxRdLmHkTBm1mdAqB3_-jTsGBny3gf\/view?usp=sharing\"><\/a><br \/>\n&nbsp;<br \/>\n&nbsp;<br \/>\n&nbsp;<br \/>\n&nbsp;<br \/>\n&nbsp;<br \/>\n&nbsp;<br \/>\n&nbsp;<br \/>\n<a href=\"https:\/\/drive.google.com\/file\/d\/1hKZjMbqZPvyNbR1kmyYRxTWZlfnw86Wo\/view?usp=sharing\"&hellip;  <a href=\"https:\/\/agora.xtec.cat\/ins-sarriadeter\/revista-sarria-expres\/\" title=\"Read Revista Sarri\u00e0 Expr\u00e9s\">Llegeix m\u00e9s\u00bb<\/a><\/p>\n","protected":false},"author":1,"featured_media":0,"parent":0,"menu_order":0,"comment_status":"closed","ping_status":"closed","template":"","meta":{"_bbp_topic_count":0,"_bbp_reply_count":0,"_bbp_total_topic_count":0,"_bbp_total_reply_count":0,"_bbp_voice_count":0,"_bbp_anonymous_reply_count":0,"_bbp_topic_count_hidden":0,"_bbp_reply_count_hidden":0,"_bbp_forum_subforum_count":0,"footnotes":""},"class_list":["post-3423","page","type-page","status-publish","hentry"],"post_mailing_queue_ids":[],"_links":{"self":[{"href":"https:\/\/agora.xtec.cat\/ins-sarriadeter\/wp-json\/wp\/v2\/pages\/3423","targetHints":{"allow":["GET"]}}],"collection":[{"href":"https:\/\/agora.xtec.cat\/ins-sarriadeter\/wp-json\/wp\/v2\/pages"}],"about":[{"href":"https:\/\/agora.xtec.cat\/ins-sarriadeter\/wp-json\/wp\/v2\/types\/page"}],"author":[{"embeddable":true,"href":"https:\/\/agora.xtec.cat\/ins-sarriadeter\/wp-json\/wp\/v2\/users\/1"}],"replies":[{"embeddable":true,"href":"https:\/\/agora.xtec.cat\/ins-sarriadeter\/wp-json\/wp\/v2\/comments?post=3423"}],"version-history":[{"count":4,"href":"https:\/\/agora.xtec.cat\/ins-sarriadeter\/wp-json\/wp\/v2\/pages\/3423\/revisions"}],"predecessor-version":[{"id":3753,"href":"https:\/\/agora.xtec.cat\/ins-sarriadeter\/wp-json\/wp\/v2\/pages\/3423\/revisions\/3753"}],"wp:attachment":[{"href":"https:\/\/agora.xtec.cat\/ins-sarriadeter\/wp-json\/wp\/v2\/media?parent=3423"}],"curies":[{"name":"wp","href":"https:\/\/api.w.org\/{rel}","templated":true}]}}