{"id":2964,"date":"2024-07-01T12:05:14","date_gmt":"2024-07-01T10:05:14","guid":{"rendered":"https:\/\/agora.xtec.cat\/ins-sarriadeter\/?page_id=2964"},"modified":"2025-03-24T09:47:07","modified_gmt":"2025-03-24T08:47:07","slug":"revista-is4","status":"publish","type":"page","link":"https:\/\/agora.xtec.cat\/ins-sarriadeter\/revista-is4\/","title":{"rendered":"Revista IS4"},"content":{"rendered":"<p>Des de l&#8217;optativa de Comunicaci\u00f3 de 4t d&#8217;ESO del curs 2023-2024 hem creat, amb molt d&#8217;esfor\u00e7 i dedicaci\u00f3, una revista sobre l&#8217;institut i per a l&#8217;institut. Com veureu, cada n\u00famero desenvolupa una tem\u00e0tica concreta.<\/p>\n<p><a href=\"https:\/\/drive.google.com\/file\/d\/1q9OP2RVjjtT5e4xSYbJQWts8m80gnu3a\/view?usp=drive_link\" target=\"_blank\" rel=\"noopener\"><strong>N\u00famero 3<\/strong><\/a><\/p>\n<p><a href=\"https:\/\/drive.google.com\/file\/d\/1q9OP2RVjjtT5e4xSYbJQWts8m80gnu3a\/view?usp=drive_link\"><img loading=\"lazy\" decoding=\"async\" class=\"alignleft wp-image-2969 size-medium\" src=\"https:\/\/agora.xtec.cat\/ins-sarriadeter\/wp-content\/uploads\/usu333\/2024\/07\/IS4-3-232x300.png\" alt=\"\" width=\"232\" height=\"300\" srcset=\"https:\/\/agora.xtec.cat\/ins-sarriadeter\/wp-content\/uploads\/usu333\/2024\/07\/IS4-3-232x300.png 232w, https:\/\/agora.xtec.cat\/ins-sarriadeter\/wp-content\/uploads\/usu333\/2024\/07\/IS4-3.png 688w\" sizes=\"auto, (max-width: 232px) 100vw, 232px\" \/><\/a><\/p>\n<p>&nbsp;<\/p>\n<p>&nbsp;<\/p>\n<p>&nbsp;<\/p>\n<p>&nbsp;<\/p>\n<p>&nbsp;<\/p>\n<p>&nbsp;<\/p>\n<p>&nbsp;<\/p>\n<p><a href=\"https:\/\/drive.google.com\/file\/d\/1qL31ISPzHH_gh7bnK3oPjSe_uXpH0VBQ\/view?usp=drive_link\" target=\"_blank\" rel=\"noopener\"><strong>N\u00famero 2<\/strong><\/a><\/p>\n<p><a href=\"https:\/\/drive.google.com\/file\/d\/1qL31ISPzHH_gh7bnK3oPjSe_uXpH0VBQ\/view?usp=drive_link\"><img loading=\"lazy\" decoding=\"async\" class=\"alignleft wp-image-2968 size-medium\" src=\"https:\/\/agora.xtec.cat\/ins-sarriadeter\/wp-content\/uploads\/usu333\/2024\/07\/IS4-2-242x300.png\" alt=\"\" width=\"242\" height=\"300\" srcset=\"https:\/\/agora.xtec.cat\/ins-sarriadeter\/wp-content\/uploads\/usu333\/2024\/07\/IS4-2-242x300.png 242w, https:\/\/agora.xtec.cat\/ins-sarriadeter\/wp-content\/uploads\/usu333\/2024\/07\/IS4-2.png 687w\" sizes=\"auto, (max-width: 242px) 100vw, 242px\" \/><\/a><\/p>\n<p>&nbsp;<\/p>\n<p>&nbsp;<\/p>\n<p>&nbsp;<\/p>\n<p>&nbsp;<\/p>\n<p>&nbsp;<\/p>\n<p>&nbsp;<\/p>\n<p>&nbsp;<\/p>\n<p><a href=\"https:\/\/drive.google.com\/file\/d\/1rnJ72vPrPG4fla-BSvFdLYqS3993txos\/view?usp=sharing\" target=\"_blank\" rel=\"noopener\"><strong>N\u00famero 1<\/strong><\/a><\/p>\n<p><a href=\"https:\/\/drive.google.com\/file\/d\/1rnJ72vPrPG4fla-BSvFdLYqS3993txos\/view?usp=sharing\"><img loading=\"lazy\" decoding=\"async\" class=\"alignleft wp-image-2970 size-medium\" src=\"https:\/\/agora.xtec.cat\/ins-sarriadeter\/wp-content\/uploads\/usu333\/2024\/07\/is4-1-231x300.png\" alt=\"\" width=\"231\" height=\"300\" srcset=\"https:\/\/agora.xtec.cat\/ins-sarriadeter\/wp-content\/uploads\/usu333\/2024\/07\/is4-1-231x300.png 231w, https:\/\/agora.xtec.cat\/ins-sarriadeter\/wp-content\/uploads\/usu333\/2024\/07\/is4-1.png 685w\" sizes=\"auto, (max-width: 231px) 100vw, 231px\" \/><\/a><\/p>\n","protected":false},"excerpt":{"rendered":"<p>Des de l&#8217;optativa de Comunicaci\u00f3 de 4t d&#8217;ESO del curs 2023-2024 hem creat, amb molt d&#8217;esfor\u00e7 i dedicaci\u00f3, una revista sobre l&#8217;institut i per a l&#8217;institut. Com veureu, cada n\u00famero desenvolupa una tem\u00e0tica concreta.<br \/>\n<a href=\"https:\/\/drive.google.com\/file\/d\/1q9OP2RVjjtT5e4xSYbJQWts8m80gnu3a\/view?usp=drive_link\" target=\"_blank\" rel=\"noopener\">N\u00famero 3<\/a><br \/>\n<a href=\"https:\/\/drive.google.com\/file\/d\/1q9OP2RVjjtT5e4xSYbJQWts8m80gnu3a\/view?usp=drive_link\"><\/a><br \/>\n&nbsp;<br \/>\n&nbsp;<br \/>\n&nbsp;<br \/>\n&nbsp;<br \/>\n&nbsp;<br \/>\n&nbsp;<br \/>\n&nbsp;<br \/>\n<a href=\"https:\/\/drive.google.com\/file\/d\/1qL31ISPzHH_gh7bnK3oPjSe_uXpH0VBQ\/view?usp=drive_link\" target=\"_blank\" rel=\"noopener\">N\u00famero 2<\/a><br \/>\n<a href=\"https:\/\/drive.google.com\/file\/d\/1qL31ISPzHH_gh7bnK3oPjSe_uXpH0VBQ\/view?usp=drive_link\"><\/a><br \/>\n&nbsp;<br \/>\n&nbsp;<br \/>\n&nbsp;<br \/>\n&nbsp;<br \/>\n&nbsp;<br \/>\n&nbsp;<br \/>\n&nbsp;<br \/>\n<a href=\"https:\/\/drive.google.com\/file\/d\/1rnJ72vPrPG4fla-BSvFdLYqS3993txos\/view?usp=sharing\"&hellip;  <a href=\"https:\/\/agora.xtec.cat\/ins-sarriadeter\/revista-is4\/\" title=\"Read Revista IS4\">Llegeix m\u00e9s\u00bb<\/a><\/p>\n","protected":false},"author":1,"featured_media":0,"parent":0,"menu_order":0,"comment_status":"closed","ping_status":"closed","template":"","meta":{"_bbp_topic_count":0,"_bbp_reply_count":0,"_bbp_total_topic_count":0,"_bbp_total_reply_count":0,"_bbp_voice_count":0,"_bbp_anonymous_reply_count":0,"_bbp_topic_count_hidden":0,"_bbp_reply_count_hidden":0,"_bbp_forum_subforum_count":0,"footnotes":""},"class_list":["post-2964","page","type-page","status-publish","hentry"],"post_mailing_queue_ids":[],"_links":{"self":[{"href":"https:\/\/agora.xtec.cat\/ins-sarriadeter\/wp-json\/wp\/v2\/pages\/2964","targetHints":{"allow":["GET"]}}],"collection":[{"href":"https:\/\/agora.xtec.cat\/ins-sarriadeter\/wp-json\/wp\/v2\/pages"}],"about":[{"href":"https:\/\/agora.xtec.cat\/ins-sarriadeter\/wp-json\/wp\/v2\/types\/page"}],"author":[{"embeddable":true,"href":"https:\/\/agora.xtec.cat\/ins-sarriadeter\/wp-json\/wp\/v2\/users\/1"}],"replies":[{"embeddable":true,"href":"https:\/\/agora.xtec.cat\/ins-sarriadeter\/wp-json\/wp\/v2\/comments?post=2964"}],"version-history":[{"count":4,"href":"https:\/\/agora.xtec.cat\/ins-sarriadeter\/wp-json\/wp\/v2\/pages\/2964\/revisions"}],"predecessor-version":[{"id":3422,"href":"https:\/\/agora.xtec.cat\/ins-sarriadeter\/wp-json\/wp\/v2\/pages\/2964\/revisions\/3422"}],"wp:attachment":[{"href":"https:\/\/agora.xtec.cat\/ins-sarriadeter\/wp-json\/wp\/v2\/media?parent=2964"}],"curies":[{"name":"wp","href":"https:\/\/api.w.org\/{rel}","templated":true}]}}