{"id":1909,"date":"2022-07-03T19:59:16","date_gmt":"2022-07-03T17:59:16","guid":{"rendered":"https:\/\/agora.xtec.cat\/ins-sarriadeter\/?page_id=1909"},"modified":"2022-08-31T13:03:28","modified_gmt":"2022-08-31T11:03:28","slug":"politica-proteccio-de-dades","status":"publish","type":"page","link":"https:\/\/agora.xtec.cat\/ins-sarriadeter\/politica-proteccio-de-dades\/","title":{"rendered":"Pol\u00edtica protecci\u00f3 de dades"},"content":{"rendered":"<p>En compliment del principi de transpar\u00e8ncia i deure d\u2019informaci\u00f3 establert per la normativa comunit\u00e0ria i nacional en mat\u00e8ria de protecci\u00f3 de dades, l\u2019AFA de l\u2019IES Sarri\u00e0 de Ter informa els seus socis sobre les circumst\u00e0ncies i condicions del tractament de les seves dades, aix\u00ed com dels drets que l\u2019assisteixen a cada interessat.<\/p>\n<p><strong>Qui \u00e9s el responsable del tractament de les seves dades?<\/strong><\/p>\n<ul>\n<li>Identitat: ASSOCIACI\u00d3 DE FAM\u00cdLIES D&#8217;ALUMNES DE L&#8217;IES DE SARRI\u00c0 DE TER<\/li>\n<li>CIF: G55348098<\/li>\n<li>Adre\u00e7a postal: C\/ JOAN FUSTER I ORTELL N\u00daM. 45 17840 SARRI\u00c0 DE TER<\/li>\n<li>Correu electr\u00f2nic: afainstitutsarriadeter@gmail.com<\/li>\n<\/ul>\n<p><strong>Amb quina finalitat tractem les seves dades personals?<\/strong><\/p>\n<p>L\u00b4 ASSOCIACI\u00d3 DE FAM\u00cdLIES D&#8217;ALUMNES DE L&#8217;IES DE SARRI\u00c0 DE TER tracta les dades personals dels interessats per les seg\u00fcents finalitats:<\/p>\n<ul>\n<li>Poder oferir els serveis com a fam\u00edlia s\u00f2cia<\/li>\n<li>Informar de les activitats\/esdeveniments\/reunions de l\u2019associaci\u00f3.<\/li>\n<li>Informar de not\u00edcies d\u2019inter\u00e8s per a les fam\u00edlies s\u00f2cies.<\/li>\n<\/ul>\n<p><strong>\u00a0Durant quant de temps conservem les seves dades?<\/strong><\/p>\n<p>Les dades personals es conservaran durant el temps necessari per complir amb la finalitat per a la qual es van demanar i per determinar les possibles responsabilitats que es puguin derivar d\u2019aquesta finalitat i del tractament de les dades. Si \u00e9s el cas, es conservaran les dades personals mentre no se sol\u00b7liciti la seva supressi\u00f3.<\/p>\n<p><strong>Com hem obtingut les seves dades?<\/strong><\/p>\n<p>Les dades personals que tractem procedeixen del mateix interessat, qui garanteix que les dades personals facilitades s\u00f3n certes i es fa responsable de comunicar-ne qualsevol modificaci\u00f3. Les dades que estiguin marcades amb un asterisc s\u00f3n obligat\u00f2ries per poder donar-li el servei sol\u00b7licitat.<\/p>\n<p><strong>Quines dades tractem?<\/strong><\/p>\n<p>Les categories de dades que podem tractar s\u00f3n:<\/p>\n<ul>\n<li>Dades de car\u00e0cter identificatiu.<\/li>\n<li>Adreces postals o electr\u00f2niques.<\/li>\n<li>Altres dades sol\u00b7licitades en els nostres formularis.<\/li>\n<\/ul>\n<p>Les dades s\u00f3n limitades, at\u00e8s que \u00fanicament tractem les dades necess\u00e0ries per a la prestaci\u00f3 dels nostres serveis i la gesti\u00f3 de la nostra activitat.<\/p>\n<p><strong>\u00a0<\/strong><\/p>\n<p><strong>Quina \u00e9s la legitimaci\u00f3 pel tractament de les seves dades?<\/strong><\/p>\n<p>La base legal pel tractament de les seves dades personals estar\u00e0 relacionat amb la finalitat per a la qual les dades van ser recollides. En aquest sentit, el tractament de les seves dades personals estar\u00e0 legitimat per alguna de les seg\u00fcents condicions:<\/p>\n<ul>\n<li>L\u2019execuci\u00f3 del contracte de prestaci\u00f3 de serveis.<\/li>\n<li>El compliment d\u2019una obligaci\u00f3 legal.<\/li>\n<li>El compliment d\u2019una missi\u00f3 realitzada en inter\u00e8s p\u00fablic.<\/li>\n<li>El consentiment atorgat mitjan\u00e7ant una clara acci\u00f3 afirmativa per part de l\u2019interessat.<\/li>\n<\/ul>\n<p><strong>A quins destinataris es comunicaran les seves dades?<\/strong><\/p>\n<p>Amb car\u00e0cter general no es comunicaran les dades personals a tercers, excepte obligaci\u00f3 legal.<\/p>\n<p><strong>Quins s\u00f3n els seus drets quan ens facilita les seves dades?<\/strong><\/p>\n<p>Qualsevol persona t\u00e9 dret a obtenir confirmaci\u00f3 sobre si en l\u2019ASSOCIACI\u00d3 DE FAM\u00cdLIES D&#8217;ALUMNES DE L&#8217;IES DE SARRI\u00c0 DE TER estem tractant dades personals que els concerneixin.<\/p>\n<p>Les persones interessades tenen dret a accedir a les seves dades personals, aix\u00ed com a sol\u00b7licitar la rectificaci\u00f3 de les dades inexactes o,\u00a0si escau, sol\u00b7licitar la seva supressi\u00f3 quan, entre\u00a0altres\u00a0motius, les dades ja no siguin\u00a0necess\u00e0ries\u00a0per als fins que van ser recollides.<\/p>\n<p>En determinades circumst\u00e0ncies, els interessats podran sol\u00b7licitar la limitaci\u00f3 del tractament de les seves dades, en aquest cas, \u00fanicament les conservarem per a l\u2019exercici o la defensa de possibles reclamacions.<\/p>\n<p>En determinades circumst\u00e0ncies, i per motius relacionats amb la seva situaci\u00f3 particular, els interessats podran oposar-se al tractament de les seves dades. L\u2019AFA IES Sarri\u00e0 de Ter\u00a0deixar\u00e0 de tractar les dades, excepte motius leg\u00edtims imperiosos o l\u2019exercici de defensa de possibles reclamacions.<\/p>\n<p>Els interessats tenen dret a rebre les dades personals que li incumbeixin, que hagin facilitat a l\u2019AFA IES Sarri\u00e0 de Ter, en un format estructurat, d\u2019\u00fas com\u00fa i lectura mec\u00e0nica.<\/p>\n<p>Per a l\u2019exercici dels drets esmentats en els apartats anteriors, els usuaris poden dirigir una comunicaci\u00f3 per escrit al domicili social de l\u2019AFA IES Sarri\u00e0 de Ter o les adreces de correu electr\u00f2nic, incloent-hi, en ambd\u00f3s casos, fotoc\u00f2pia del seu DNI o un altre document identificatiu similar.<\/p>\n<p>Tamb\u00e9 l\u2019informem del seu dret a presentar una reclamaci\u00f3 davant l\u2019Ag\u00e8ncia Espanyola de Protecci\u00f3 de Dades, si considera que en el tractament de les seves dades no s\u2019estan respectant els seus drets.<\/p>\n<p>Quines mesures de seguretat tenim implantades?<\/p>\n<p>L\u2019AFA IES Sarri\u00e0 de Ter\u00a0l\u2019informa que t\u00e9 implantades les mesures de seguretat d\u2019\u00edndole t\u00e8cnica i organitzatives necess\u00e0ries per garantir la seguretat de les seves dades de car\u00e0cter personal i evitar la seva alteraci\u00f3, p\u00e8rdua i tractament o acc\u00e9s no autoritzat.<\/p>\n<p>Aix\u00ed mateix, l\u2019AFA IES Sarri\u00e0 de Ter\u00a0ha establert mesures per refor\u00e7ar la confidencialitat i integritat de la informaci\u00f3 en la seva organitzaci\u00f3. Mantenint cont\u00ednuament la supervisi\u00f3, control i avaluaci\u00f3 dels processos per assegurar el respecte a la privacitat de les dades.<\/p>\n<div><\/div>\n","protected":false},"excerpt":{"rendered":"<p>En compliment del principi de transpar\u00e8ncia i deure d\u2019informaci\u00f3 establert per la normativa comunit\u00e0ria i nacional en mat\u00e8ria de protecci\u00f3 de dades, l\u2019AFA de l\u2019IES Sarri\u00e0 de Ter informa els seus socis sobre les circumst\u00e0ncies i condicions del tractament de les seves dades, aix\u00ed com&hellip;  <a href=\"https:\/\/agora.xtec.cat\/ins-sarriadeter\/politica-proteccio-de-dades\/\" title=\"Read Pol\u00edtica protecci\u00f3 de dades\">Llegeix m\u00e9s\u00bb<\/a><\/p>\n","protected":false},"author":1,"featured_media":0,"parent":0,"menu_order":0,"comment_status":"closed","ping_status":"closed","template":"","meta":{"_bbp_topic_count":0,"_bbp_reply_count":0,"_bbp_total_topic_count":0,"_bbp_total_reply_count":0,"_bbp_voice_count":0,"_bbp_anonymous_reply_count":0,"_bbp_topic_count_hidden":0,"_bbp_reply_count_hidden":0,"_bbp_forum_subforum_count":0,"footnotes":""},"class_list":["post-1909","page","type-page","status-publish","hentry"],"post_mailing_queue_ids":[],"_links":{"self":[{"href":"https:\/\/agora.xtec.cat\/ins-sarriadeter\/wp-json\/wp\/v2\/pages\/1909","targetHints":{"allow":["GET"]}}],"collection":[{"href":"https:\/\/agora.xtec.cat\/ins-sarriadeter\/wp-json\/wp\/v2\/pages"}],"about":[{"href":"https:\/\/agora.xtec.cat\/ins-sarriadeter\/wp-json\/wp\/v2\/types\/page"}],"author":[{"embeddable":true,"href":"https:\/\/agora.xtec.cat\/ins-sarriadeter\/wp-json\/wp\/v2\/users\/1"}],"replies":[{"embeddable":true,"href":"https:\/\/agora.xtec.cat\/ins-sarriadeter\/wp-json\/wp\/v2\/comments?post=1909"}],"version-history":[{"count":3,"href":"https:\/\/agora.xtec.cat\/ins-sarriadeter\/wp-json\/wp\/v2\/pages\/1909\/revisions"}],"predecessor-version":[{"id":1935,"href":"https:\/\/agora.xtec.cat\/ins-sarriadeter\/wp-json\/wp\/v2\/pages\/1909\/revisions\/1935"}],"wp:attachment":[{"href":"https:\/\/agora.xtec.cat\/ins-sarriadeter\/wp-json\/wp\/v2\/media?parent=1909"}],"curies":[{"name":"wp","href":"https:\/\/api.w.org\/{rel}","templated":true}]}}