{"id":19,"date":"2014-09-17T14:56:56","date_gmt":"2014-09-17T14:56:56","guid":{"rendered":"http:\/\/agora.xtec.cat\/ins-sarriadeter\/?page_id=19"},"modified":"2019-06-20T14:20:13","modified_gmt":"2019-06-20T12:20:13","slug":"linstitut","status":"publish","type":"page","link":"https:\/\/agora.xtec.cat\/ins-sarriadeter\/linstitut\/","title":{"rendered":"L&#8217;institut"},"content":{"rendered":"<div><strong><span style=\"color: #0000ff;\">MISSI\u00d3 DE L&#8217;INSTITUT DE SARRI\u00c0 DE TER<\/span><\/strong><\/div>\n<p dir=\"ltr\">L&#8217;Institut de Sarri\u00e0 de Ter, \u00a0com a centre p\u00fablic que pertany a la xarxa d&#8217;equipament\u00a0escolars del Departament d\u2019Educaci\u00f3 de la Generalitat de Catalunya, es regeix per la\u00a0Llei d&#8217;Educaci\u00f3 de Catalunya (LEC). Ara b\u00e9, d\u2019acord amb la seva identitat pr\u00f2pia, la missi\u00f3 del centre es concretar\u00e0 en:<\/p>\n<p dir=\"ltr\">1. Una vocaci\u00f3 clara de ser socialment \u00fatil al municipi on es troba situat i als municipis a qu\u00e8 pertanyen les escoles adscrites, i per esdevenir un punt de refer\u00e8ncia a la vida educativa, cultural, industrial i associativa d\u2019aquesta zona.<br \/>\n2. El foment de la pluralitat, la inclusi\u00f3, la igualtat d\u2019oportunitats i l\u2019educaci\u00f3 d&#8217;acord\u00a0a principis democr\u00e0tics.<br \/>\n3. L\u2019aposta per una educaci\u00f3 integral que formi persones \u00edntegres, cr\u00edtiques, aut\u00f2nomes i competents en un m\u00f3n canviant.<br \/>\n4. La voluntat d\u2019oferir una formaci\u00f3 s\u00f2lida, global i interdisciplin\u00e0ria.<\/p>\n<p dir=\"ltr\">5. La necessitat de connectar l&#8217;educaci\u00f3 amb el m\u00f3n real canviant, que permeti als\u00a0alumnes aprendre SABER, SABER FER, i SABER SER O ESTAR.<\/p>\n<p dir=\"ltr\"><span style=\"color: #0000ff;\"><strong>VISI\u00d3 DE L\u2019INSTITUT DE SARRI\u00c0 DE TER<br \/>\n<\/strong><\/span>D&#8217;acord amb els valors i la missi\u00f3 exposada i despr\u00e9s de l&#8217;an\u00e0lisi i la reflexi\u00f3 sobre les necessitats del moment actual, VOLEM SER un centre de refer\u00e8ncia en:<\/p>\n<p dir=\"ltr\">1. La tasca educativa i formativa en un marc acollidor i inclusiu, on es respecti la individualitat de cada alumne\/a i en qu\u00e8 la resoluci\u00f3 de conflictes es basi en el di\u00e0leg.<br \/>\n2. La vinculaci\u00f3 amb l\u2019entorn, funcionant com a dinamitzador cultural dins de la\u00a0poblaci\u00f3 que ens acull, les poblacions d\u2019on prov\u00e9 l\u2019alumnat \u00a0i la comarca.<br \/>\n3. La utilitzaci\u00f3 de les TIC com a complement formatiu indispensable.<br \/>\n4. La formaci\u00f3 en recerca i l\u2019aprenentatge basat en l\u2019experi\u00e8ncia.<br \/>\n5. El bon \u00fas de les lleng\u00fces i l\u2019impuls de les lleng\u00fces estrangeres.<br \/>\n6. El bon clima, l\u2019acolliment i la cura de l\u2019equip hum\u00e0 que hi treballa.<br \/>\n7. La formaci\u00f3 art\u00edstica s\u00f2lida.<br \/>\n8. La projecci\u00f3 exterior amb intercanvis amb alumnat.<br \/>\n9. La capacitat per propiciar l\u2019excel\u00b7l\u00e8ncia.<br \/>\n10. La innovaci\u00f3 educativa, feta amb rigor i basada en constatacions de millora.<\/p>\n<p>&nbsp;<\/p>\n","protected":false},"excerpt":{"rendered":"<p>MISSI\u00d3 DE L&#8217;INSTITUT DE SARRI\u00c0 DE TER<br \/>\nL&#8217;Institut de Sarri\u00e0 de Ter, \u00a0com a centre p\u00fablic que pertany a la xarxa d&#8217;equipament\u00a0escolars del Departament d\u2019Educaci\u00f3 de la Generalitat de Catalunya, es regeix per la\u00a0Llei d&#8217;Educaci\u00f3 de Catalunya (LEC). Ara b\u00e9, d\u2019acord amb la seva identitat pr\u00f2pia,&hellip;  <a href=\"https:\/\/agora.xtec.cat\/ins-sarriadeter\/linstitut\/\" title=\"Read L&#8217;institut\">Llegeix m\u00e9s\u00bb<\/a><\/p>\n","protected":false},"author":1,"featured_media":0,"parent":0,"menu_order":0,"comment_status":"closed","ping_status":"closed","template":"page-templates\/side-menu.php","meta":{"_bbp_topic_count":0,"_bbp_reply_count":0,"_bbp_total_topic_count":0,"_bbp_total_reply_count":0,"_bbp_voice_count":0,"_bbp_anonymous_reply_count":0,"_bbp_topic_count_hidden":0,"_bbp_reply_count_hidden":0,"_bbp_forum_subforum_count":0,"footnotes":""},"class_list":["post-19","page","type-page","status-publish","hentry"],"post_mailing_queue_ids":[],"_links":{"self":[{"href":"https:\/\/agora.xtec.cat\/ins-sarriadeter\/wp-json\/wp\/v2\/pages\/19","targetHints":{"allow":["GET"]}}],"collection":[{"href":"https:\/\/agora.xtec.cat\/ins-sarriadeter\/wp-json\/wp\/v2\/pages"}],"about":[{"href":"https:\/\/agora.xtec.cat\/ins-sarriadeter\/wp-json\/wp\/v2\/types\/page"}],"author":[{"embeddable":true,"href":"https:\/\/agora.xtec.cat\/ins-sarriadeter\/wp-json\/wp\/v2\/users\/1"}],"replies":[{"embeddable":true,"href":"https:\/\/agora.xtec.cat\/ins-sarriadeter\/wp-json\/wp\/v2\/comments?post=19"}],"version-history":[{"count":1,"href":"https:\/\/agora.xtec.cat\/ins-sarriadeter\/wp-json\/wp\/v2\/pages\/19\/revisions"}],"predecessor-version":[{"id":530,"href":"https:\/\/agora.xtec.cat\/ins-sarriadeter\/wp-json\/wp\/v2\/pages\/19\/revisions\/530"}],"wp:attachment":[{"href":"https:\/\/agora.xtec.cat\/ins-sarriadeter\/wp-json\/wp\/v2\/media?parent=19"}],"curies":[{"name":"wp","href":"https:\/\/api.w.org\/{rel}","templated":true}]}}