{"id":1094,"date":"2020-10-22T18:31:59","date_gmt":"2020-10-22T16:31:59","guid":{"rendered":"https:\/\/agora.xtec.cat\/ins-sarriadeter\/?page_id=1094"},"modified":"2025-06-10T11:25:56","modified_gmt":"2025-06-10T09:25:56","slug":"radio-sarria","status":"publish","type":"page","link":"https:\/\/agora.xtec.cat\/ins-sarriadeter\/radio-sarria\/","title":{"rendered":"R\u00e0dio Sarri\u00e0: Les veus de l&#8217;institut i L&#8217;institut a la r\u00e0dio"},"content":{"rendered":"<p><img loading=\"lazy\" decoding=\"async\" class=\" wp-image-3578 alignleft\" src=\"https:\/\/agora.xtec.cat\/ins-sarriadeter\/wp-content\/uploads\/usu333\/2025\/04\/Logo-Les-veus-de-linstitut-300x300.png\" alt=\"\" width=\"213\" height=\"213\" srcset=\"https:\/\/agora.xtec.cat\/ins-sarriadeter\/wp-content\/uploads\/usu333\/2025\/04\/Logo-Les-veus-de-linstitut-300x300.png 300w, https:\/\/agora.xtec.cat\/ins-sarriadeter\/wp-content\/uploads\/usu333\/2025\/04\/Logo-Les-veus-de-linstitut-150x150.png 150w, https:\/\/agora.xtec.cat\/ins-sarriadeter\/wp-content\/uploads\/usu333\/2025\/04\/Logo-Les-veus-de-linstitut-768x768.png 768w, https:\/\/agora.xtec.cat\/ins-sarriadeter\/wp-content\/uploads\/usu333\/2025\/04\/Logo-Les-veus-de-linstitut.png 1024w\" sizes=\"auto, (max-width: 213px) 100vw, 213px\" \/><\/p>\n<p>Des del curs 2023-2024, <strong><em>Les veus de l&#8217;institut<\/em><\/strong> ha substitu\u00eft <em>L&#8217;institut a la r\u00e0dio<\/em>, l&#8217;antic programa creat i gestionat per l&#8217;alumnat de l&#8217;optativa de r\u00e0dio de 2n d&#8217;ESO.<\/p>\n<p>El nou programa, est\u00e0 editat i liderat per l&#8217;alumnat de la nova <strong>optativa de comunicaci\u00f3<\/strong>, que des del curs 2023-2024 permet a l&#8217;alumnat de 2n d&#8217;ESO con\u00e8ixer tots els aspectes que implica la gravaci\u00f3 d&#8217;un magaz\u00edn de r\u00e0dio: des de la confecci\u00f3 de l&#8217;escaleta, fins a la selecci\u00f3 de sintonies i m\u00fasiques i l&#8217;edici\u00f3 de talls i entrevistes.<\/p>\n<p>De car\u00e0cter informatiu i d&#8217;entreteniment, Les veus de l&#8217;institut pret\u00e9n acostar l&#8217;actualitat del centre als oients de R\u00e0dio Sarri\u00e0, sempre amb un to formal per\u00f2 desenfadat. D&#8217;entre d&#8217;altres, destaquen les seccions d&#8217;informatiu, d&#8217;entrevistes, de sortides i viatges i d&#8217;esports.<\/p>\n<p>Programes:<\/p>\n<ul>\n<li><a href=\"https:\/\/drive.google.com\/file\/d\/16mhVScV3Ch3SIoCjNtOZHnQnS8ckxZfX\/view?usp=sharing\" target=\"_blank\" rel=\"noopener\">Les veus de l&#8217;institut 1 &#8211; abril 2024<\/a><\/li>\n<li><a href=\"https:\/\/drive.google.com\/file\/d\/1Sps5wKnB11KqFwQVZDGbO5Y6ZlxvQewR\/view?usp=sharing\" target=\"_blank\" rel=\"noopener\">Les veus de l&#8217;institut 2 &#8211; novembre 2024<\/a><\/li>\n<li><a href=\"https:\/\/drive.google.com\/file\/d\/1MGJh0GZt1GHnY2EQjNFYdWSwYAJmNOeW\/view?usp=sharing\" target=\"_blank\" rel=\"noopener\">Les veus de l&#8217;institut 3 &#8211; gener 2025<\/a><\/li>\n<li><a href=\"https:\/\/drive.google.com\/file\/d\/1llSZKYB5zo3d7SDqspIQY62JvLxHGjHb\/view?usp=sharing\" target=\"_blank\" rel=\"noopener\">Les veus de l&#8217;institut 4 &#8211; mar\u00e7 2025 (monogr\u00e0fic autoeditat sobre l&#8217;esquiada de 2n d&#8217;ESO)<\/a><\/li>\n<li><a href=\"https:\/\/drive.google.com\/file\/d\/1eQewvkS7_-krIoxfSHjpF5sZ_QKEVXJH\/view?usp=sharing\" target=\"_blank\" rel=\"noopener\">Les veus de l&#8217;institut 5 &#8211; abril 2025<\/a><\/li>\n<li><a href=\"https:\/\/drive.google.com\/file\/d\/1K7AvVDaG2uEyAMP4HRGuI2AfjEe4CJAU\/view?usp=sharing\" target=\"_blank\" rel=\"noopener\">Les veus de l&#8217;institut 6 &#8211; juny 2025<\/a><\/li>\n<\/ul>\n<p>&nbsp;<\/p>\n<hr \/>\n<p>&nbsp;<\/p>\n<p><a href=\"https:\/\/listaradio.com\/sarria\" target=\"_blank\" rel=\"noopener\"><img loading=\"lazy\" decoding=\"async\" class=\"wp-image-1997 alignleft\" src=\"https:\/\/agora.xtec.cat\/ins-sarriadeter\/wp-content\/uploads\/usu333\/2022\/09\/radio-sarria.jpg\" alt=\"\" width=\"184\" height=\"132\" srcset=\"https:\/\/agora.xtec.cat\/ins-sarriadeter\/wp-content\/uploads\/usu333\/2022\/09\/radio-sarria.jpg 441w, https:\/\/agora.xtec.cat\/ins-sarriadeter\/wp-content\/uploads\/usu333\/2022\/09\/radio-sarria-300x215.jpg 300w\" sizes=\"auto, (max-width: 184px) 100vw, 184px\" \/><\/a>\u201cL\u2019institut a la r\u00e0dio\u201d, un programa sobre l\u2019actualitat educativa a Sarri\u00e0 de Ter, \u00e9s un projecte compartit per l\u2019Institut i <a href=\"https:\/\/listaradio.com\/sarria\" target=\"_blank\" rel=\"noopener\">R\u00e0dio S<\/a><a href=\"https:\/\/listaradio.com\/sarria\" target=\"_blank\" rel=\"noopener\">arri\u00e0<\/a> que pret\u00e9n introduir els m\u00e9s joves als mitjans de comunicaci\u00f3 i a la narraci\u00f3 period\u00edstica. Els alumnes de l\u2019optativa de Periodisme de 2n d\u2019ESO creen i locuten els continguts d\u2019aquest programa, mig informatiu mig magaz\u00edn. En aquest primer quadrimestre, els periodistes s\u00f3n <strong>Nour Dioum, Ia Bernal, Naidelin Servell\u00f3n, Iu Bosch, Jordi Bodgan Ioanid, Charlotte Bosch, Ian Font i Ainhoa Varela.<\/strong><\/p>\n<p>Els alumnes preparen el gui\u00f3 del programa a classe per, finalment, anar als estudis de <a href=\"https:\/\/listaradio.com\/sarria\" target=\"_blank\" rel=\"noopener\">R\u00e0dio Sarri\u00e0<\/a> i gravar-hi les seccions corresponents.\u00a0 Cada quinze dies hi haur\u00e0 una nova edici\u00f3, sempre a les 7 de la tarda, i el programa es tornar\u00e0 a emetre els dimecres a 2\/4 de 2 del migdia i en una tercera emissi\u00f3, els dimecres a les 17.30.<\/p>\n<h3>Programes curs 2022 \/ 2023<\/h3>\n<ul>\n<li>04\/10\/2022 <a href=\"https:\/\/www.ivoox.com\/l-institut-a-radio-dimarts-4-d-octubre-del-audios-mp3_rf_93428943_1.html\" target=\"_blank\" rel=\"noopener\">Comencem curs\u00a0 i ja som 500!<\/a><\/li>\n<li>25\/10\/2022 <a href=\"https:\/\/www.ivoox.com\/l-institut-a-radio-dimarts-25-d-octubre-del-audios-mp3_rf_94898184_1.html\" target=\"_blank\" rel=\"noopener\">Ets m\u00e9s de Halloween o de Castanyada?<\/a><\/li>\n<li>15\/11\/2022 <a href=\"https:\/\/www.ivoox.com\/l-institut-a-radio-dimarts-15-novembre-audios-mp3_rf_96494824_1.html\" target=\"_blank\" rel=\"noopener\">Les Fires d&#8217;avui i les Fires d&#8217;abans<\/a><\/li>\n<li>13\/12\/2022 <a href=\"https:\/\/www.ivoox.com\/l-institut-a-radio-dimarts-13-desembre-audios-mp3_rf_99829773_1.html\" target=\"_blank\" rel=\"noopener\">La nostra ci\u00e8ncia de cada dia<\/a><\/li>\n<\/ul>\n<h3>Programes curs 2021 \/ 2022<\/h3>\n<p>El programes del curs 2021-2022, tenen un bloc informatiu i un altre de magaz\u00edn, els van conduir els onze alumnes que van cursar l\u2019assignatura optativa de Periodisme de 2n d\u2019ESO: <strong>Mohamed Marzouk, Yuri Gonz\u00e1lez, Jana P\u00e9rez, Lola Preignan, Paula Valldosera, Santi Pay\u00e1n, Albert Santana, Estefany Hern\u00e1ndez, Aby Cruz, Elsa Gonz\u00e1lez i Abril Nadal.<\/strong><\/p>\n<ul>\n<li>05\/10\/2021 <a href=\"https:\/\/www.ivoox.com\/l-institut-a-radio-dimarts-5-d-octubre-del-audios-mp3_rf_76460305_1.html\" target=\"_blank\" rel=\"noopener\">L&#8217;institut es fa gran<\/a><\/li>\n<li>19\/10\/2021 <a href=\"https:\/\/www.ivoox.com\/l-institut-a-radio-dimarts-19-d-octubre-del-audios-mp3_rf_77088082_1.html\" target=\"_blank\" rel=\"noopener\">Delegats tradicionals i delegats digitals<\/a><\/li>\n<li>09\/11\/2021 <a href=\"https:\/\/www.ivoox.com\/l-institut-a-radio-dimarts-9-novembre-audios-mp3_rf_78059197_1.html\" target=\"_blank\" rel=\"noopener\">Un programa de por<\/a><\/li>\n<li>30\/11\/2021 <a href=\"https:\/\/go.ivoox.com\/rf\/79046819\" target=\"_blank\" rel=\"noopener\">La setmana de la ci\u00e8ncia<\/a><\/li>\n<li>18\/01\/2022 <a href=\"https:\/\/go.ivoox.com\/rf\/81077839\" target=\"_blank\" rel=\"noopener\">Un final de trimestre diferent<\/a><\/li>\n<li>01\/02\/2022 <a href=\"https:\/\/www.ivoox.com\/player_ej_81709877_4_1.html?c1=ff6600\" target=\"_blank\" rel=\"noopener\">L&#8217;h\u00e0bit lector<\/a><\/li>\n<li>08\/03\/2022 <a href=\"https:\/\/www.ivoox.com\/l-institut-a-radio-dimarts-8-marc-audios-mp3_rf_83300426_1.html\" target=\"_blank\" rel=\"noopener\">Parlem del feixisme<\/a><\/li>\n<li>22\/03\/2022 <a href=\"https:\/\/www.ivoox.com\/l-institut-a-radio-dimarts-22-marc-audios-mp3_rf_83922903_1.html\" target=\"_blank\" rel=\"noopener\">Les lleng\u00fces a l&#8217;institut i la commemoraci\u00f3 del Dia Internacional de les Dones<\/a><\/li>\n<li>05\/04\/2022 <a href=\"https:\/\/www.ivoox.com\/l-institut-a-radio-dimarts-5-d-abril-del-audios-mp3_rf_85232744_1.html\" target=\"_blank\" rel=\"noopener\">Com est\u00e0 el m\u00f3n?<\/a><\/li>\n<li>03\/05\/2022 <a href=\"https:\/\/www.ivoox.com\/l-institut-a-radio-dimarts-3-maig-audios-mp3_rf_86651755_1.html\" target=\"_blank\" rel=\"noopener\">Descobrint el nostre entorn i diada de Sant Jordi<\/a><\/li>\n<li>18\/05\/2022 <a href=\"https:\/\/www.ivoox.com\/l-institut-a-radio-dimecres-18-maig-audios-mp3_rf_87223288_1.html\" target=\"_blank\" rel=\"noopener\">Encarem el final de curs<\/a><\/li>\n<li>07\/06\/2022 <a href=\"https:\/\/www.ivoox.com\/l-institut-a-radio-dimarts-7-juny-audios-mp3_rf_88207459_1.html\" target=\"_blank\" rel=\"noopener\">Gamificaci\u00f3, gran matinal de combos i la gran sort de poder fer r\u00e0dio<\/a><\/li>\n<\/ul>\n<h3>Programes curs 2020 \/ 2021<\/h3>\n<p>Els programes <span style=\"font-family: inherit; font-size: 1em;\">del curs 2020-2021 tenien un contingut monogr\u00e0fic a cada edici\u00f3. Els van conduir els alumnes que van cursar l\u2019assignatura optativa de Periodisme de 2n d\u2019ESO: <\/span><b style=\"font-family: inherit; font-size: 1em;\">Alba Padr\u00e9s, Aleix Morales, Laia Robledillo, Joel Vidal, Mart\u00ed Sasanedas, Martina Arana, Pau Serrano, Pol Gispert i Roger Farroni<\/b><span style=\"font-family: inherit; font-size: 1em;\">\u00a0(primer quadrimestre);\u00a0<\/span><strong style=\"font-family: inherit; font-size: 1em;\">Clara Ant\u00f3n, Lluc Fajula, Ainara Fern\u00e1ndez, Ari Junc\u00e0, J\u00falia Lorca, Vitali Marqu\u00e8s i Lluc Mart\u00ed\u00a0<\/strong><span style=\"font-family: inherit; font-size: 1em;\">(segon quadrimestre)<\/span><strong style=\"font-family: inherit; font-size: 1em;\">.<\/strong><\/p>\n<p>20\/10\/2020_<a href=\"https:\/\/www.ivoox.com\/l-institut-a-radio-dimarts-20-d-octubre-del-audios-mp3_rf_58247496_1.html\">Un comen\u00e7ament de curs at\u00edpic<\/a><br \/>\n03\/11\/2020_<a href=\"https:\/\/go.ivoox.com\/rf\/59686085\">Les optatives: camins de futur<\/a><br \/>\n17\/11\/2020_<a href=\"https:\/\/www.ivoox.com\/l-institut-a-radio-dimarts-17-novembre-audios-mp3_rf_60584965_1.html\">Una setmana molt cient\u00edfica<\/a><br \/>\n30\/11\/2020_<a href=\"https:\/\/www.ivoox.com\/l-institut-a-radio-dimarts-1-desembre-audios-mp3_rf_61246525_1.html\">L&#8217;institut no dorm a les tardes<\/a><br \/>\n15\/12\/2020_<a href=\"https:\/\/www.ivoox.com\/l-institut-a-radio-dimarts-15-desembre-audios-mp3_rf_62453849_1.html\">L&#8217;educaci\u00f3 que fa cultura<\/a><br \/>\n19\/01\/2021_<a href=\"https:\/\/www.ivoox.com\/l-institut-a-radio-dimarts-19-gener-audios-mp3_rf_64209463_1.html\">L&#8217;art a l&#8217;institut i la Zona Jove: formaci\u00f3 que transforma<\/a><br \/>\n02\/02\/2021_<a href=\"https:\/\/www.ivoox.com\/l-institut-a-radio-dimarts-2-febrer-audios-mp3_rf_64881358_1.html\">L&#8217;institut es fa gran<\/a><br \/>\n16\/02\/2021_<a href=\"https:\/\/www.ivoox.com\/l-institut-a-radio-dimarts-16-febrer-audios-mp3_rf_65561871_1.html\">Estudiants competents<\/a><br \/>\n02\/03\/2021_<a href=\"https:\/\/www.ivoox.com\/l-institut-a-radio-dimarts-2-marc-audios-mp3_rf_66270952_1.html\">Despr\u00e9s del segon, el tercer<\/a><br \/>\n16\/03\/2021_<a href=\"https:\/\/www.ivoox.com\/l-institut-a-radio-dimarts-16-marc-audios-mp3_rf_66969528_1.html\">Som tecnol\u00f2giques&#8230; i liles!<\/a><br \/>\n20\/04\/2021_<a href=\"https:\/\/www.ivoox.com\/l-institut-a-radio-dimarts-20-d-abril-del-audios-mp3_rf_68909442_1.html\">Estudiants que ensenyen, professors que aprenen<\/a><br \/>\n05\/05\/2021_<a href=\"https:\/\/www.ivoox.com\/l-institut-a-radio-dimarts-4-maig-audios-mp3_rf_69589116_1.html\">Mens sana in corpore sano<\/a><br \/>\n18\/05\/2021_<a href=\"https:\/\/www.ivoox.com\/l-institut-a-radio-dimarts-18-maig-audios-mp3_rf_70238703_1.html\">Rock a l&#8217;institut<\/a><br \/>\n08\/06\/2021_<a href=\"https:\/\/www.ivoox.com\/l-institut-a-radio-dimarts-8-juny-audios-mp3_rf_71182789_1.html\">Acabem el curs de la Covid<\/a><br \/>\n22\/06\/2021_<a href=\"https:\/\/www.ivoox.com\/l-institut-a-radio-dimarts-22-juny-audios-mp3_rf_71824630_1.html\">Per acabar, gamifiquem<\/a><\/p>\n","protected":false},"excerpt":{"rendered":"<p>Des del curs 2023-2024, Les veus de l&#8217;institut ha substitu\u00eft L&#8217;institut a la r\u00e0dio, l&#8217;antic programa creat i gestionat per l&#8217;alumnat de l&#8217;optativa de r\u00e0dio de 2n d&#8217;ESO.<br \/>\nEl nou programa, est\u00e0 editat i liderat per l&#8217;alumnat de la nova optativa de comunicaci\u00f3, que des del&hellip;  <a href=\"https:\/\/agora.xtec.cat\/ins-sarriadeter\/radio-sarria\/\" title=\"Read R\u00e0dio Sarri\u00e0: Les veus de l&#8217;institut i L&#8217;institut a la r\u00e0dio\">Llegeix m\u00e9s\u00bb<\/a><\/p>\n","protected":false},"author":1,"featured_media":0,"parent":0,"menu_order":0,"comment_status":"closed","ping_status":"closed","template":"","meta":{"_bbp_topic_count":0,"_bbp_reply_count":0,"_bbp_total_topic_count":0,"_bbp_total_reply_count":0,"_bbp_voice_count":0,"_bbp_anonymous_reply_count":0,"_bbp_topic_count_hidden":0,"_bbp_reply_count_hidden":0,"_bbp_forum_subforum_count":0,"footnotes":""},"class_list":["post-1094","page","type-page","status-publish","hentry"],"post_mailing_queue_ids":[],"_links":{"self":[{"href":"https:\/\/agora.xtec.cat\/ins-sarriadeter\/wp-json\/wp\/v2\/pages\/1094","targetHints":{"allow":["GET"]}}],"collection":[{"href":"https:\/\/agora.xtec.cat\/ins-sarriadeter\/wp-json\/wp\/v2\/pages"}],"about":[{"href":"https:\/\/agora.xtec.cat\/ins-sarriadeter\/wp-json\/wp\/v2\/types\/page"}],"author":[{"embeddable":true,"href":"https:\/\/agora.xtec.cat\/ins-sarriadeter\/wp-json\/wp\/v2\/users\/1"}],"replies":[{"embeddable":true,"href":"https:\/\/agora.xtec.cat\/ins-sarriadeter\/wp-json\/wp\/v2\/comments?post=1094"}],"version-history":[{"count":6,"href":"https:\/\/agora.xtec.cat\/ins-sarriadeter\/wp-json\/wp\/v2\/pages\/1094\/revisions"}],"predecessor-version":[{"id":3694,"href":"https:\/\/agora.xtec.cat\/ins-sarriadeter\/wp-json\/wp\/v2\/pages\/1094\/revisions\/3694"}],"wp:attachment":[{"href":"https:\/\/agora.xtec.cat\/ins-sarriadeter\/wp-json\/wp\/v2\/media?parent=1094"}],"curies":[{"name":"wp","href":"https:\/\/api.w.org\/{rel}","templated":true}]}}