{"id":1076,"date":"2020-10-19T14:35:56","date_gmt":"2020-10-19T12:35:56","guid":{"rendered":"https:\/\/agora.xtec.cat\/ins-sarriadeter\/?page_id=1076"},"modified":"2024-08-29T11:45:42","modified_gmt":"2024-08-29T09:45:42","slug":"personal","status":"publish","type":"page","link":"https:\/\/agora.xtec.cat\/ins-sarriadeter\/linstitut\/personal\/","title":{"rendered":"Personal del centre"},"content":{"rendered":"<h3><span style=\"text-decoration: underline;\"><strong>EQUIP DIRECTIU<\/strong><\/span><\/h3>\n<table style=\"height: 91px; width: 86.8914%;\" width=\"897\">\n<tbody>\n<tr style=\"height: 55px;\">\n<td style=\"width: 22.8346%; height: 10px;\">Albert Bayot i Fuertes<\/td>\n<td style=\"width: 21.4848%; height: 10px;\">DIRECTOR<\/td>\n<td style=\"width: 26.9966%; height: 10px;\"><a href=\"mailto:albert.bayot@ins-sarria.cat\">albert.bayot@ins-sarria.cat<\/a><\/td>\n<\/tr>\n<tr style=\"height: 55px;\">\n<td style=\"width: 22.8346%; height: 25px;\">Judith Cuadras Rodr\u00edguez<\/td>\n<td style=\"width: 21.4848%; height: 25px;\">CAP D\u2019ESTUDIS<\/td>\n<td style=\"width: 26.9966%; height: 25px;\"><a href=\"mailto:judith.cuadras@ins-sarria.cat\">judith.cuadras@ins-sarria.cat<\/a><\/td>\n<\/tr>\n<tr style=\"height: 55px;\">\n<td style=\"width: 22.8346%; height: 26px;\">Txell Mallorqu\u00ed \u00a0 Serrats<\/td>\n<td style=\"width: 21.4848%; height: 26px;\">COORD. PEDAG\u00d2GICA<\/td>\n<td style=\"width: 26.9966%; height: 26px;\"><a href=\"mailto:txell.mallorqui@ins-sarria.cat\">txell.mallorqui@ins-sarria.cat<\/a><\/td>\n<\/tr>\n<tr style=\"height: 40px;\">\n<td style=\"width: 22.8346%; height: 30px;\">Xevi Fuster Escoi<\/td>\n<td style=\"width: 21.4848%; height: 30px;\">SECRETARI<\/td>\n<td style=\"width: 26.9966%; height: 30px;\"><a href=\"mailto:xevi.fuster@ins-sarria.cat\">xevi.fuster@ins-sarria.cat<\/a><\/td>\n<\/tr>\n<\/tbody>\n<\/table>\n<h4><strong>CURR\u00cdCULUM DELS COMPONENTS DE L&#8217;EQUIP DIRECTIU<\/strong><\/h4>\n<ul>\n<li><span style=\"text-decoration: underline;\"><b>DIRECTOR<\/b><\/span><\/li>\n<\/ul>\n<p><b>Nom i cognoms: <\/b><span style=\"font-weight: 400;\">Albert Bayot i Fuertes<\/span><\/p>\n<p><b>Titulaci\u00f3 acad\u00e8mica:<\/b><span style=\"font-weight: 400;\"><br \/>\n<\/span><span style=\"font-weight: 400;\">&#8211; Llicenciat en Filosofia i Lletres per la Universitat Aut\u00f2noma de Barcelona i Postgraduat en Psicologia de l\u2019Adolescent<br \/>\n<\/span><span style=\"font-weight: 400;\">&#8211; Funcionari de les especialitats d\u2019Orientaci\u00f3 Educativa i de Llengua catalana i literatura<\/span><\/p>\n<p><b>Traject\u00f2ria professional:<br \/>\n<\/b><span style=\"font-weight: 400;\">&#8211; Professor de Secund\u00e0ria des del curs 1996-97 fins a l\u2019actualitat<br \/>\n<\/span><span style=\"font-weight: 400;\">&#8211; Coordinador pedag\u00f2gic de l\u2019INS Josep Brugulat de Banyoles (2000-2002)<br \/>\n<\/span><span style=\"font-weight: 400;\">&#8211; Director de l\u2019INS Josep Brugulat de Banyoles (2002-2010)<br \/>\n<\/span><span style=\"font-weight: 400;\">&#8211; Director dels Serveis Territorials d\u2019Ensenyament a Girona (2011-2016)<br \/>\n<\/span><span style=\"font-weight: 400;\">&#8211; Coordinador de Batxillerat de l\u2019INS Josep Brugulat de Banyoles (2017 a 2019)<br \/>\n<\/span><span style=\"font-weight: 400;\">&#8211; Director de l\u2019INS de Sarri\u00e0 de Ter (2019 fins a l\u2019actualitat)<br \/>\n&#8211; Membre de la Junta del Col\u00b7legi de Doctors i Llicenciats &#8211; Col\u00b7legi de docents\u00a0 de Catalunya<br \/>\n<\/span><span style=\"font-weight: 400;\">&#8211; Professor associat a la Facultat d\u2019Educaci\u00f3 i Psicologia de la UdG per\u00edodes (2000-2007 i de 2017 a 2020)<br \/>\n&#8211; Membre del Grup Impulsor de Mesures de Millora Educativa de la Generalitat de Catalunya<\/span><\/p>\n<ul>\n<li><span style=\"text-decoration: underline;\"><b>CAP D\u2019ESTUDIS<\/b><\/span><\/li>\n<\/ul>\n<p><b>Nom i cognoms: <\/b><span style=\"font-weight: 400;\">Judith Cuadras Rodr\u00edguez<\/span><\/p>\n<p><b>Titulaci\u00f3 acad\u00e8mica:<br \/>\n<\/b><span style=\"font-weight: 400;\">&#8211; Llicenciada en Filosofia i Lletres per la Universitat Aut\u00f2noma de Barcelona<br \/>\n<\/span><span style=\"font-weight: 400;\">&#8211; Funcion\u00e0ria de l\u2019especialitat de Llengua castellana i literatura<\/span><\/p>\n<p><b>Traject\u00f2ria professional:<br \/>\n<\/b><span style=\"font-weight: 400;\">&#8211; Professora de Secund\u00e0ria des del curs (1996-97 fins a l\u2019actualitat)<br \/>\n<\/span><span style=\"font-weight: 400;\">&#8211; Secret\u00e0ria de l\u2019INS Josep Brugulat de Banyoles (2006-2009)<br \/>\n<\/span><span style=\"font-weight: 400;\">&#8211; Cap d\u2019estudis de l\u2019INS Josep Brugulat de Banyoles (2009-2010)<br \/>\n<\/span><span style=\"font-weight: 400;\">&#8211; Directora de l\u2019INS Josep Brugulat de Banyoles (2010-2016)<br \/>\n<\/span><span style=\"font-weight: 400;\">&#8211; Cap d\u2019estudis de l\u2019INS de Sarri\u00e0 de Ter de (2019 fins a l\u2019actualitat)<\/span><\/p>\n<ul>\n<li><span style=\"text-decoration: underline;\"><b>SECRETARI<\/b><\/span><\/li>\n<\/ul>\n<p><b>Nom i cognoms: <\/b><span style=\"font-weight: 400;\">Xavier Fuster Escoi<\/span><\/p>\n<p><b>Formaci\u00f3 acad\u00e8mica:<br \/>\n<\/b><span style=\"font-weight: 400;\">&#8211; Llicenciat en Ci\u00e8ncies de l\u2019Activitat F\u00edsica i l\u2019Esport per la Universitat de Lleida<br \/>\n<\/span><span style=\"font-weight: 400;\">&#8211; M\u00e0ster en Formaci\u00f3 del Professorat de Secund\u00e0ria: Especialitat en Educaci\u00f3 F\u00edsica per la Universitat de Vic<br \/>\n&#8211; Funcionari de l\u2019especialitat d&#8217;Educaci\u00f3 F\u00edsica<\/span><\/p>\n<p><b>Traject\u00f2ria professional:<br \/>\n<\/b><span style=\"font-family: inherit; font-size: 1em;\">&#8211; Treballador aut\u00f2nom en l\u2019\u00e0mbit de la preparaci\u00f3 f\u00edsica i l\u2019entrenament esportiu (2015-2020)<br \/>\n<\/span><span style=\"font-weight: 400;\">&#8211; Professor de Secund\u00e0ria (especialitat d\u2019Educaci\u00f3 F\u00edsica) del Departament d\u2019Educaci\u00f3 de la Generalitat de Catalunya (2017 fins a l\u2019actualitat)<br \/>\n<\/span><span style=\"font-weight: 400;\">&#8211; Secretari de l\u2019Institut de Sarri\u00e0 de Ter (2019 fins a l\u2019actualitat)<\/span><\/p>\n<ul>\n<li><span style=\"text-decoration: underline;\"><b>COORDINACI\u00d3 PEDAG\u00d2GICA<\/b><\/span><\/li>\n<\/ul>\n<p><b>Nom i cognoms: <\/b><span style=\"font-weight: 400;\">Meritxell Mallorqu\u00ed Serrats<\/span><\/p>\n<p><b>Titulaci\u00f3 acad\u00e8mica:<br \/>\n<\/b><span style=\"font-family: inherit; font-size: 1em;\">&#8211; <span style=\"font-weight: 400;\">Llicenciada en Qu\u00edmica per la Universitat de Girona<\/span><br \/>\n<\/span><span style=\"font-weight: 400;\">&#8211; Funcion\u00e0ria de l\u2019especialitat de Qu\u00edmica<\/span><\/p>\n<p><b>Traject\u00f2ria professional:<br \/>\n<\/b><span style=\"font-family: inherit; font-size: 1em;\">&#8211; Professora de Secund\u00e0ria (2004 fins a l\u2019actualitat)<br \/>\n<\/span><span style=\"font-weight: 400;\">&#8211; Coordinadora pedag\u00f2gica de l\u2019INS de Sarri\u00e0 de Ter (2019 fins a l\u2019actualitat)<\/span><\/p>\n<h3><\/h3>\n<h3><span style=\"text-decoration: underline;\"><strong>PERSONAL NO DOCENT<\/strong><\/span><\/h3>\n<table style=\"border-collapse: collapse; width: 112.159%; height: 63px;\">\n<tbody>\n<tr style=\"height: 32px;\">\n<td style=\"width: 27.0946%; height: 19px;\">Anna Ferr\u00e9 Llaunes<\/td>\n<td style=\"width: 10.0274%; height: 19px;\">CONSERGERIA<\/td>\n<td style=\"width: 37.4524%; height: 19px;\">De 7.45h a 15.15h<\/td>\n<td style=\"width: 38.6239%; height: 19px;\"><a href=\"mailto:consergeria@ins-sarria.cat\">consergeria@ins-sarria.cat<\/a><\/td>\n<\/tr>\n<tr style=\"height: 47px;\">\n<td style=\"width: 27.0946%; height: 10px;\">Eusebi Vila Canals<\/td>\n<td style=\"width: 10.0274%; height: 10px;\">CONSERGERIA<\/td>\n<td style=\"width: 37.4524%; height: 10px;\">De 9h a 13.30h i de 14.30h a 17.30h<\/td>\n<td style=\"width: 38.6239%; height: 10px;\"><a href=\"mailto:consergeria@ins-sarria.cat\">consergeria@ins-sarria.cat<\/a><\/td>\n<\/tr>\n<tr style=\"height: 32px;\">\n<td style=\"width: 27.0946%; height: 16px;\">Ma. Bel\u00e9n Segura Olivares<\/td>\n<td style=\"width: 10.0274%; height: 16px;\">SECRETARIA<\/td>\n<td style=\"width: 37.4524%; height: 16px;\">De 8h a 15h i dimarts de 16h a 18.30h<\/td>\n<td style=\"width: 38.6239%; height: 16px;\"><a href=\"mailto:secretaria@ins-sarria.cat\">secretaria@ins-sarria.cat<\/a><\/td>\n<\/tr>\n<tr style=\"height: 32px;\">\n<td style=\"width: 27.0946%; height: 18px;\">Fina Casillas Mart\u00ednez<\/td>\n<td style=\"width: 10.0274%; height: 18px;\">SECRETARIA<\/td>\n<td style=\"width: 37.4524%; height: 18px;\">De 8h a 15h i dimecres de 16h a 18.30h<\/td>\n<td style=\"width: 38.6239%; height: 18px;\"><a href=\"mailto:secretaria@ins-sarria.cat\">secretaria@ins-sarria.cat<\/a><\/td>\n<\/tr>\n<\/tbody>\n<\/table>\n<h3><\/h3>\n<h3><span style=\"text-decoration: underline;\"><strong>PROFESSORAT DE CENTRE &#8211; CURS 2024\/25<\/strong><\/span><\/h3>\n<p><a href=\"https:\/\/agora.xtec.cat\/ins-sarriadeter\/wp-content\/uploads\/usu333\/2024\/08\/24-25-LLISTAT-PROFES-i-PAS-LLISTA-WEB.pdf\">Plantilla curs 2024\/25<\/a><\/p>\n<p><em>* Actualitzat el 29 d&#8217;agost de 2024<\/em><\/p>\n","protected":false},"excerpt":{"rendered":"<p>EQUIP DIRECTIU<\/p>\n<p>Albert Bayot i Fuertes<br \/>\nDIRECTOR<br \/>\n<a href=\"mailto:albert.bayot@ins-sarria.cat\">albert.bayot@ins-sarria.cat<\/a><\/p>\n<p>Judith Cuadras Rodr\u00edguez<br \/>\nCAP D\u2019ESTUDIS<br \/>\n<a href=\"mailto:judith.cuadras@ins-sarria.cat\">judith.cuadras@ins-sarria.cat<\/a><\/p>\n<p>Txell Mallorqu\u00ed \u00a0 Serrats<br \/>\nCOORD. PEDAG\u00d2GICA<br \/>\n<a href=\"mailto:txell.mallorqui@ins-sarria.cat\">txell.mallorqui@ins-sarria.cat<\/a><\/p>\n<p>Xevi Fuster Escoi<br \/>\nSECRETARI<br \/>\n<a href=\"mailto:xevi.fuster@ins-sarria.cat\">xevi.fuster@ins-sarria.cat<\/a><\/p>\n<p>CURR\u00cdCULUM DELS COMPONENTS DE L&#8217;EQUIP DIRECTIU<\/p>\n<ul>\n<li>DIRECTOR<\/li>\n<\/ul>\n<p>Nom i cognoms: Albert Bayot i Fuertes<br \/>\nTitulaci\u00f3 acad\u00e8mica:<br \/>\n&#8211; Llicenciat en Filosofia i Lletres per la Universitat Aut\u00f2noma de Barcelona i Postgraduat en Psicologia&hellip;  <a href=\"https:\/\/agora.xtec.cat\/ins-sarriadeter\/linstitut\/personal\/\" title=\"Read Personal del centre\">Llegeix m\u00e9s\u00bb<\/a><\/p>\n","protected":false},"author":1,"featured_media":0,"parent":19,"menu_order":2,"comment_status":"closed","ping_status":"closed","template":"page-templates\/side-menu.php","meta":{"_bbp_topic_count":0,"_bbp_reply_count":0,"_bbp_total_topic_count":0,"_bbp_total_reply_count":0,"_bbp_voice_count":0,"_bbp_anonymous_reply_count":0,"_bbp_topic_count_hidden":0,"_bbp_reply_count_hidden":0,"_bbp_forum_subforum_count":0,"footnotes":""},"class_list":["post-1076","page","type-page","status-publish","hentry"],"post_mailing_queue_ids":[],"_links":{"self":[{"href":"https:\/\/agora.xtec.cat\/ins-sarriadeter\/wp-json\/wp\/v2\/pages\/1076","targetHints":{"allow":["GET"]}}],"collection":[{"href":"https:\/\/agora.xtec.cat\/ins-sarriadeter\/wp-json\/wp\/v2\/pages"}],"about":[{"href":"https:\/\/agora.xtec.cat\/ins-sarriadeter\/wp-json\/wp\/v2\/types\/page"}],"author":[{"embeddable":true,"href":"https:\/\/agora.xtec.cat\/ins-sarriadeter\/wp-json\/wp\/v2\/users\/1"}],"replies":[{"embeddable":true,"href":"https:\/\/agora.xtec.cat\/ins-sarriadeter\/wp-json\/wp\/v2\/comments?post=1076"}],"version-history":[{"count":7,"href":"https:\/\/agora.xtec.cat\/ins-sarriadeter\/wp-json\/wp\/v2\/pages\/1076\/revisions"}],"predecessor-version":[{"id":3045,"href":"https:\/\/agora.xtec.cat\/ins-sarriadeter\/wp-json\/wp\/v2\/pages\/1076\/revisions\/3045"}],"up":[{"embeddable":true,"href":"https:\/\/agora.xtec.cat\/ins-sarriadeter\/wp-json\/wp\/v2\/pages\/19"}],"wp:attachment":[{"href":"https:\/\/agora.xtec.cat\/ins-sarriadeter\/wp-json\/wp\/v2\/media?parent=1076"}],"curies":[{"name":"wp","href":"https:\/\/api.w.org\/{rel}","templated":true}]}}