{"id":799,"date":"2016-06-04T17:34:03","date_gmt":"2016-06-04T15:34:03","guid":{"rendered":"http:\/\/salasixandri.cat\/?page_id=799"},"modified":"2025-02-15T20:28:46","modified_gmt":"2025-02-15T19:28:46","slug":"materials-dels-projectes","status":"publish","type":"page","link":"https:\/\/agora.xtec.cat\/ins-salasixandri\/materials-dels-projectes\/","title":{"rendered":"Materials dels projectes"},"content":{"rendered":"<p style=\"text-align: justify;\">Es realitzen projectes <a href=\"..\/com-treballem\/\">projectes d\u2019\u00e0mbit<b>\u00a0<\/b>i projectes trimestrals. <\/a>El professorat de les diverses mat\u00e8ries i\/o \u00e0mbits es coordinen per tal de desenvolupar els projectes.<\/p>\n<p>Aquests projectes:<\/p>\n<ul>\n<li>S\u00f3n projectes aut\u00e8ntics, connectats amb el m\u00f3n real.<\/li>\n<li>S\u00f3n rigorosos, basant-se en els continguts i compet\u00e8ncies que marquen els decrets del Departament d\u2019Ensenyament.<\/li>\n<li>S\u00f3n vers\u00e0tils, partint del que l\u2019alumne sap i permetent adquirir m\u00e9s coneixements i compet\u00e8ncies.<\/li>\n<li>S\u00f3n atractius, fomentant la participaci\u00f3 activa de l\u2019alumnat.<\/li>\n<li>S\u00f3n avaluables, per tal de mesurar si cada alumne ha assolit els objectius establerts.<\/li>\n<li>Tenen socialitzaci\u00f3 rica: els projectes surten de l\u2019aula (sortides, visites&#8230;) i experts externs entren a l\u2019aula.<\/li>\n<\/ul>\n<div style=\"text-align: justify;\">\n<p>A continuaci\u00f3 podeu trobar els enlla\u00e7os als webs on es descriuen les compet\u00e8ncies, continguts i activitats que els alumnes treballen per cada un dels projectes. Tots els materials han estat desenvolupats pels professors de l&#8217;institut Salas i Xandri i els compartim amb una llic\u00e8ncia Creative Commons Reconeixement &#8211; No Comercial &#8211; Compartir igual.<\/p>\n<div><img loading=\"lazy\" decoding=\"async\" class=\"alignnone size-full wp-image-855\" src=\"http:\/\/agora.xtec.cat\/ins-salasixandri\/wp-content\/uploads\/usu1444\/2016\/06\/by-nc-sa.eu_petit.png\" alt=\"by-nc-sa.eu_petit\" width=\"118\" height=\"41\" \/><\/div>\n<p>&nbsp;<\/p>\n<table style=\"border-collapse: collapse; border-color: #888888; border-width: 1px; height: 494px; width: 100%;\" border=\"1\" width=\"100%\" cellspacing=\"0\">\n<tbody align=\"left\">\n<tr style=\"height: 64px;\">\n<td style=\"width: 33.1529%; height: 64px;\">\n<h3><strong>1r d&#8217;ESO<\/strong><\/h3>\n<\/td>\n<td style=\"width: 32.0704%; height: 64px;\">\n<h3><strong>2n d&#8217;ESO<\/strong><\/h3>\n<\/td>\n<td style=\"width: 34.5061%; height: 64px;\">\n<h3><strong>3r d&#8217;ESO<\/strong><\/h3>\n<\/td>\n<\/tr>\n<tr style=\"height: 30px;\">\n<td style=\"height: 30px; width: 33.1529%;\"><strong>Primer trimestre<\/strong><\/td>\n<td style=\"height: 30px; width: 32.0704%;\"><strong>Primer trimestre<\/strong><\/td>\n<td style=\"height: 30px; width: 34.5061%;\">\u00a0<strong>Primer trimestre<\/strong><\/td>\n<\/tr>\n<tr style=\"height: 30px;\">\n<td style=\"width: 33.1529%; height: 30px;\">\u00a0\u00c0mbit Ling:\u00a0<a href=\"https:\/\/sites.google.com\/salasixandri.cat\/juguem-v20-21\/home\" target=\"_blank\" rel=\"noopener\"><i>Juguem<\/i><\/a><\/td>\n<td style=\"width: 32.0704%; height: 30px;\">\u00a0\u00c0mbit CT: <a href=\"https:\/\/sites.google.com\/d\/1IV-jQfRnK96x6hn1kElZzPQMS7qHyXlj\/p\/1CpjYnuu-XdRpUtzy0A8fYrWs4A1xal2h\/edit\" target=\"_blank\" rel=\"noopener noreferrer\"><em>La cursa dels cotxes el\u00e8ctrics<\/em><\/a><\/td>\n<td style=\"width: 34.5061%; height: 30px;\">\u00a0\u00c0mbit AS: <a href=\"https:\/\/sites.google.com\/d\/0B76uDKBBg9FgVEdyWUNXLWdjRUE\/p\/0B76uDKBBg9Fgek5yTkRJQ1VDaFE\/edit?resourcekey=0-ix1Fs-DSg7CSzsY1oYQOWA\">Fem mem\u00f2ria<\/a><\/td>\n<\/tr>\n<tr style=\"height: 30px;\">\n<td style=\"width: 33.1529%; height: 30px;\">\u00c0mbit CT: <a href=\"https:\/\/sites.google.com\/salasixandri.cat\/natusferabiodiversitycongress2\/home\" target=\"_blank\" rel=\"noopener\"><em>Natusfera Biodversity Congress<\/em><\/a><\/td>\n<td style=\"width: 32.0704%; height: 30px;\">\u00a0\u00c0mbit AS: <a href=\"https:\/\/sites.google.com\/salasixandri.cat\/olympic\" target=\"_blank\" rel=\"noopener noreferrer\"><em>Olympic SiX<\/em><\/a><\/td>\n<td style=\"width: 34.5061%; height: 30px;\">\u00a0\u00c0mbit Ling:<em><a href=\"https:\/\/sites.google.com\/salasixandri.cat\/netsix23-24\/presentaci%C3%B3\" target=\"_blank\" rel=\"noopener noreferrer\"><i>T<\/i><\/a><\/em><em><a href=\"https:\/\/sites.google.com\/salasixandri.cat\/netsix23-24\/presentaci%C3%B3\" target=\"_blank\" rel=\"noopener noreferrer\"><i>he NetSiX<\/i><\/a><\/em><\/td>\n<\/tr>\n<tr style=\"height: 30px;\">\n<td style=\"width: 33.1529%; height: 30px;\">\u00a0Trimestral: <a href=\"https:\/\/sites.google.com\/salasixandri.cat\/que-comenci-lespectacle\/home\" target=\"_blank\" rel=\"noopener\"><em>Que comenci l&#8217;espectacle<\/em><\/a><\/td>\n<td style=\"width: 32.0704%; height: 30px;\">\u00a0Trimestral: <a href=\"https:\/\/sites.google.com\/salasixandri.cat\/digues-mho-en-glosa\/inici\" target=\"_blank\" rel=\"noopener noreferrer\"><em>Digues-m&#8217;ho en glosa!<\/em><\/a><\/td>\n<td style=\"width: 34.5061%; height: 30px;\">\u00a0Trimestral: <a href=\"https:\/\/sites.google.com\/salasixandri.cat\/sommagics\/inici\" target=\"_blank\" rel=\"noopener noreferrer\"><em>Som m\u00e0gics!<\/em><\/a><\/td>\n<\/tr>\n<tr style=\"height: 30px;\">\n<td style=\"width: 33.1529%; height: 30px;\"><\/td>\n<td style=\"width: 32.0704%; height: 30px;\"><\/td>\n<td style=\"width: 34.5061%; height: 30px;\"><\/td>\n<\/tr>\n<tr style=\"height: 30px;\">\n<td style=\"width: 33.1529%; height: 30px;\"><strong>Segon trimestre<\/strong><\/td>\n<td style=\"width: 32.0704%; height: 30px;\"><strong>Segon trimestre<\/strong><\/td>\n<td style=\"width: 34.5061%; height: 30px;\">\u00a0<strong>Segon trimestre<\/strong><\/td>\n<\/tr>\n<tr style=\"height: 30px;\">\n<td style=\"width: 33.1529%; height: 30px;\">\u00a0\u00c0mbit AS: <a href=\"https:\/\/www.google.com\/url?q=https%3A%2F%2Fsites.google.com%2Fsalasixandri.cat%2Ftornemalaprehistoria%2Finici-conceptes-claus-i-compet%25C3%25A8ncies%3Fauthuser%3D0&amp;sa=D&amp;sntz=1&amp;usg=AFQjCNFJrbYSS4YkPG1ePRPO9WMBtV-4rg\" target=\"_blank\" rel=\"noopener\">Tornem a la prehist\u00f2ria<\/a><\/td>\n<td style=\"width: 32.0704%; height: 30px;\">\u00c0mbit Ling: <a href=\"https:\/\/sites.google.com\/salasixandri.cat\/en-directe-des-de-ledat-mitjan\" target=\"_blank\" rel=\"noopener\">En directe des de l&#8217;edat mitjana<\/a><\/td>\n<td style=\"width: 34.5061%; height: 30px;\">\u00a0\u00c0mbit CT: <a href=\"https:\/\/sites.google.com\/salasixandri.cat\/la-teva-resposta\/inici\" target=\"_blank\" rel=\"noopener noreferrer\"><em>La teva resposta<\/em><\/a><\/td>\n<\/tr>\n<tr style=\"height: 30px;\">\n<td style=\"width: 33.1529%; height: 10px;\">\u00a0\u00c0mbit CT: <a href=\"https:\/\/sites.google.com\/salasixandri.cat\/bee-at-home\/inici\" target=\"_blank\" rel=\"noopener\">Be(e) at home<\/a><\/td>\n<td style=\"width: 32.0704%; height: 10px;\">\u00a0\u00c0mbit AS: <a href=\"https:\/\/sites.google.com\/salasixandri.cat\/en-directe-des-de-ledat-mitjan\" target=\"_blank\" rel=\"noopener\">En directe des de l&#8217;edat mitjana<\/a><\/td>\n<td style=\"width: 34.5061%; height: 10px;\">\u00c0mbit Ling: <a href=\"https:\/\/sites.google.com\/salasixandri.cat\/behindthecurtainswithshakespea\/home\" target=\"_blank\" rel=\"noopener\">Behind the curtains with Shakespeare<\/a><\/td>\n<\/tr>\n<tr style=\"height: 30px;\">\n<td style=\"width: 33.1529%; height: 30px;\">Trimestral: <a href=\"https:\/\/sites.google.com\/salasixandri.cat\/discoveringthevolcanoes\/beginning\" target=\"_blank\" rel=\"noopener noreferrer\"><em>Discovering the Volcanoes<\/em><\/a><\/td>\n<td style=\"width: 32.0704%; height: 30px;\">Trimestral: <a href=\"https:\/\/sites.google.com\/salasixandri.cat\/un-viatge-a-lpoca-dels-grecs\/inici\" target=\"_blank\" rel=\"noopener noreferrer\"><em>Un viatge a l&#8217;\u00e8poca dels grecs<\/em><\/a><\/td>\n<td style=\"width: 34.5061%; height: 30px;\">\u00a0Trimestral:\u00a0<a href=\"https:\/\/sites.google.com\/salasixandri.cat\/femequilibris\/inici\" target=\"_blank\" rel=\"noopener noreferrer\"><em>Fem equilibris<\/em><\/a> \/\u00a0 <a href=\"https:\/\/www.google.com\/url?q=https%3A%2F%2Fsites.google.com%2Fs%2F1FRrSiNDPE5lyi3MIcqBAaZgoVQVfGleo%2Fedit%3Fusp%3Dsites_home%26authuser%3D0&amp;sa=D&amp;sntz=1&amp;usg=AFQjCNFETWUcgWE8AXnv7YzyhVbA3wMIGg\">We exchange<\/a><\/td>\n<\/tr>\n<tr style=\"height: 30px;\">\n<td style=\"width: 33.1529%; height: 30px;\"><\/td>\n<td style=\"width: 32.0704%; height: 30px;\"><\/td>\n<td style=\"width: 34.5061%; height: 30px;\"><\/td>\n<\/tr>\n<tr style=\"height: 30px;\">\n<td style=\"width: 33.1529%; height: 30px;\"><strong>Tercer trimestre<\/strong><\/td>\n<td style=\"width: 32.0704%; height: 30px;\"><strong>Tercer trimestre<\/strong><\/td>\n<td style=\"width: 34.5061%; height: 30px;\"><strong>Tercer trimestre<\/strong><\/td>\n<\/tr>\n<tr style=\"height: 30px;\">\n<td style=\"width: 33.1529%; height: 30px;\">\u00c0mbit Ling: <i><a href=\"https:\/\/sites.google.com\/salasixandri.cat\/donem-la-volta-als-contes-21\" target=\"_blank\" rel=\"noopener noreferrer\">Donem la volta als nostres contes!<\/a><\/i><\/td>\n<td style=\"width: 32.0704%; height: 30px;\">\u00c0mbit CT: <a href=\"https:\/\/sites.google.com\/salasixandri.cat\/made-by-six-20-21-2neso\/inici\" target=\"_blank\" rel=\"noopener noreferrer\"><em>Made by SIX<\/em><\/a><\/td>\n<td style=\"width: 34.5061%; height: 30px;\">\u00c0mbit AS: <em><a href=\"https:\/\/sites.google.com\/d\/10ggLBjRARQLFJA8jWFitcyVInHNF4nHY\/p\/13zB4NOItfqz12g3wZ1MP5QyBUgpmJ4tb\/edit\" target=\"_blank\" rel=\"noopener noreferrer\">Ens adaptem<\/a><\/em><\/td>\n<\/tr>\n<tr style=\"height: 30px;\">\n<td style=\"width: 33.1529%; height: 30px;\">\u00c0mbit AS: <a href=\"https:\/\/sites.google.com\/salasixandri.cat\/exploremstquirze\/home?authuser=0\"><em>Explorem Sant Quirze<\/em><\/a><\/td>\n<td style=\"width: 32.0704%; height: 30px;\">\u00c0mbit Ling: <a href=\"https:\/\/sites.google.com\/salasixandri.cat\/entre-bambalinas-con-lorca\/inici\">Entre bambalinas con Lorca<\/a><\/td>\n<td style=\"width: 34.5061%; height: 30px;\">\u00a0\u00c0mbit CT: <a href=\"https:\/\/sites.google.com\/salasixandri.cat\/clepsidra\/inici\" target=\"_blank\" rel=\"noopener\">Clepsidra<\/a><\/td>\n<\/tr>\n<tr style=\"height: 30px;\">\n<td style=\"width: 33.1529%; height: 30px; text-align: center;\" colspan=\"3\"><strong>Projectes INTERNIVELL 2n trimestre<\/strong>-&gt; proposta de projectes transversals de 2n trimestre, rebent petici\u00f3 enc\u00e0rrec extern.<\/td>\n<\/tr>\n<tr style=\"height: 30px;\">\n<td style=\"width: 33.1529%; height: 30px;\" colspan=\"3\">\n<p class=\"zfr3Q CDt4Ke \" dir=\"ltr\" style=\"text-align: center;\" role=\"presentation\"><a class=\"XqQF9c\" href=\"https:\/\/sites.google.com\/salasixandri.cat\/pt2-intersix\/presentaci%C3%B3\" target=\"_blank\" rel=\"noopener\"><span class=\"C9DxTc aw5Odc \">Let&#8217;s escape<\/span><\/a> &#8211; <a class=\"XqQF9c\" style=\"font-family: inherit; font-size: 1em; text-align: justify;\" href=\"https:\/\/sites.google.com\/salasixandri.cat\/be-engaged-in-your-world\/presentaci%C3%B3\" target=\"_blank\" rel=\"noopener\"><span class=\"C9DxTc aw5Odc \">Be engaged in your world &#8211;<\/span><\/a>\u00a0<a class=\"XqQF9c\" style=\"font-family: inherit; font-size: 1em; text-align: justify;\" href=\"https:\/\/sites.google.com\/salasixandri.cat\/cuinem-amb-sentit\/presentaci%C3%B3\" target=\"_blank\" rel=\"noopener\"><span class=\"C9DxTc aw5Odc \">Cuinem amb sentit &#8211;<\/span><\/a><a class=\"XqQF9c\" style=\"font-family: inherit; font-size: 1em; text-align: justify;\" href=\"https:\/\/sites.google.com\/salasixandri.cat\/dinamitzem-primaria\/presentaci%C3%B3\" target=\"_blank\" rel=\"noopener\"><span class=\"C9DxTc aw5Odc \">Dinamitzem prim\u00e0ria &#8211;<\/span><\/a><a class=\"XqQF9c\" style=\"font-family: inherit; font-size: 1em; text-align: justify;\" href=\"https:\/\/sites.google.com\/salasixandri.cat\/pt2--intersix-coeducacio\/presentaci%C3%B3\" target=\"_blank\" rel=\"noopener\"><span class=\"C9DxTc aw5Odc \">Fem-ho visible?- <\/span><\/a><a class=\"XqQF9c\" href=\"https:\/\/sites.google.com\/salasixandri.cat\/pt2-intersixtelecos\/presentaci%C3%B3\" target=\"_blank\" rel=\"noopener\"><span class=\"C9DxTc aw5Odc \">Telecos<\/span><\/a><\/p>\n<p class=\"zfr3Q CDt4Ke \" dir=\"ltr\" style=\"text-align: center;\" role=\"presentation\">\n<\/td>\n<\/tr>\n<\/tbody>\n<\/table>\n<\/div>\n<div style=\"text-align: justify;\">\n<table style=\"border-collapse: collapse; border-color: #888888; border-width: 1px; width: 100%;\" border=\"1\" width=\"100%\" cellspacing=\"0\">\n<tbody>\n<tr>\n<td style=\"width: 100%;\" colspan=\"3\">\n<h3><strong>4t d&#8217;ESO<\/strong><\/h3>\n<\/td>\n<\/tr>\n<tr style=\"height: 30px;\">\n<td style=\"height: 30px; width: 32.2057%;\"><strong>Primer trimestre<\/strong><\/td>\n<td style=\"height: 30px; width: 35.0474%;\"><strong>Segon trimestre<\/strong><\/td>\n<td style=\"height: 30px; width: 32.7469%;\"><strong>\u00a0Tercer\u00a0trimestre<\/strong><\/td>\n<\/tr>\n<tr>\n<td style=\"width: 32.2057%;\">Cient\u00edfic i Tecnol\u00f2gic:<\/p>\n<p><a href=\"https:\/\/www.google.com\/url?q=https%3A%2F%2Fsites.google.com%2Fsalasixandri.cat%2Fenscatapultem%2F&amp;sa=D&amp;sntz=1&amp;usg=AFQjCNFkoZD345lyfKsF5Uha77uVCcO81w\" target=\"_blank\" rel=\"noopener noreferrer\"><em>Ens catapultem<\/em><\/a><\/p>\n<p>Art\u00edstic i Social:<\/p>\n<p><a href=\"https:\/\/www.google.com\/url?q=https%3A%2F%2Fsites.google.com%2Fsalasixandri.cat%2Fcreaci-duna-empresa%2F&amp;sa=D&amp;sntz=1&amp;usg=AFQjCNHkMBMrBNXhhGB9Ry3w-WSXxbNdTQ\" target=\"_blank\" rel=\"noopener noreferrer\"><em>Som empresaris<\/em><\/a><\/p>\n<p>Cient\u00edfic i Art\u00edstic:<\/p>\n<p><a href=\"https:\/\/sites.google.com\/salasixandri.cat\/lighting-fields-4t-eso\/presentaci%C3%B3\"><em>Lighting Fields<\/em><\/a><\/p>\n<p>Social i Tecnol\u00f2gic:<\/p>\n<p><a href=\"https:\/\/www.google.com\/url?q=https%3A%2F%2Fsites.google.com%2Fsalasixandri.cat%2Ffinances-personals%2F&amp;sa=D&amp;sntz=1&amp;usg=AFQjCNEL-f1A9HRTz9VhVCukOc_Szol2yA\" target=\"_blank\" rel=\"noopener noreferrer\"><em>Finances personals<\/em><\/a><\/td>\n<td style=\"width: 35.0474%;\">Tecnol\u00f2gic:<\/p>\n<p><em><a href=\"https:\/\/sites.google.com\/salasixandri.cat\/mobilitzemlainformtica\/presentaci%C3%B3\" target=\"_blank\" rel=\"noopener noreferrer\">Mobilitzem la inform\u00e0tica<\/a><\/em><\/p>\n<p>Cient\u00edfic i Art\u00edstic:<\/p>\n<p><a href=\"https:\/\/sites.google.com\/salasixandri.cat\/tobeornotobe4teso\/presentaci%C3%B3\" target=\"_blank\" rel=\"noopener noreferrer\"><em>To be or not to be<\/em><\/a><\/p>\n<p>Cient\u00edfic i Art\u00edstic:<\/p>\n<p><a href=\"https:\/\/www.google.com\/url?q=https%3A%2F%2Fsites.google.com%2Fsalasixandri.cat%2Fgenomasqv4teso%2F&amp;sa=D&amp;sntz=1&amp;usg=AFQjCNH7JVvdgekd6-DpmUuyzrVCyDSiZg\" target=\"_blank\" rel=\"noopener noreferrer\"><em>Genoma SQV<\/em><\/a><\/td>\n<td style=\"width: 32.7469%;\">Cient\u00edfic i Tecnol\u00f2gic:<\/p>\n<p><a href=\"https:\/\/sites.google.com\/salasixandri.cat\/bonding-carbon-for-life\/launching\" target=\"_blank\" rel=\"noopener noreferrer\"><em>Projecting Science<\/em><\/a><\/p>\n<p>Art\u00edstic i Social:<\/p>\n<p><em><a href=\"https:\/\/sites.google.com\/salasixandri.cat\/vendreaqualsevolpreu\" target=\"_blank\" rel=\"noopener noreferrer\">Vendre a qualsevol preu?<\/a><\/em><\/p>\n<p>Cient\u00edfic i Art\u00edstic:<\/p>\n<p><a href=\"https:\/\/sites.google.com\/salasixandri.cat\/ecosistemes-hd-4t-eso-coronavi\/presentaci%C3%B3\" target=\"_blank\" rel=\"noopener noreferrer\"><em>Ecosistemes HD<\/em><\/a><\/p>\n<p>Social i Tecnol\u00f2gic:<\/p>\n<p><em><a href=\"https:\/\/sites.google.com\/salasixandri.cat\/bigdata\/presentaci%C3%B3\" target=\"_blank\" rel=\"noopener noreferrer\">Ens endinsem en el Big data<\/a><\/em><\/td>\n<\/tr>\n<tr>\n<td style=\"width: 32.2057%;\">Trimestral:<\/p>\n<p><a href=\"https:\/\/sites.google.com\/salasixandri.cat\/planificoelmeufutur2020\/home\"><em>Planifico el meu futur<\/em><\/a><\/td>\n<td style=\"width: 35.0474%;\">Trimestral:<\/p>\n<p><em><a href=\"https:\/\/sites.google.com\/d\/1aJt4FQPAJAtLmhmpXdKLGZBNiWRUnUMh\/p\/1JUeUzXhkIvAM4dUSSShLHQ8X2DuAumjn\/edit\" target=\"_blank\" rel=\"noopener noreferrer\">Projecte de recerca<\/a><\/em><\/td>\n<td style=\"width: 32.7469%;\">Trimestral:<\/p>\n<p><a href=\"https:\/\/sites.google.com\/salasixandri.cat\/firadeturismedeberlin\/presentaci%C3%B3\" target=\"_blank\" rel=\"noopener noreferrer\"><em>Fira de turisme de Berl\u00edn<\/em><\/a><\/td>\n<\/tr>\n<\/tbody>\n<\/table>\n<p>Els projectes es repeteixen cada curs, fent adaptacions i modificacions a partir de l&#8217;experi\u00e8ncia. Tot i aix\u00f2, alguns projectes els retirem i els alumne no els realitzen. Els enllacem aqu\u00ed per si poden servir a altres professors com a inspiraci\u00f3.<\/p>\n<p style=\"text-align: center;\"><a href=\"http:\/\/agora.xtec.cat\/ins-salasixandri\/projectes-arxivats\/\">PROJECTES ARXIVATS<\/a><\/p>\n<\/div>\n","protected":false},"excerpt":{"rendered":"<p>Es realitzen projectes <a href=\"..\/com-treballem\/\">projectes d\u2019\u00e0mbit\u00a0i projectes trimestrals. <\/a>El professorat de les diverses mat\u00e8ries i\/o \u00e0mbits es coordinen per tal de desenvolupar els projectes.<br \/>\nAquests projectes:<\/p>\n<ul>\n<li>S\u00f3n projectes aut\u00e8ntics, connectats amb el m\u00f3n real.<\/li>\n<li>S\u00f3n rigorosos, basant-se en els continguts i compet\u00e8ncies que marquen els decrets del Departament&hellip;  <a href=\"https:\/\/agora.xtec.cat\/ins-salasixandri\/materials-dels-projectes\/\" title=\"Read Materials dels projectes\">Llegeix m\u00e9s\u00bb<\/a><br \/>\n","protected":false},"author":1,"featured_media":0,"parent":0,"menu_order":0,"comment_status":"closed","ping_status":"closed","template":"","meta":{"_bbp_topic_count":0,"_bbp_reply_count":0,"_bbp_total_topic_count":0,"_bbp_total_reply_count":0,"_bbp_voice_count":0,"_bbp_anonymous_reply_count":0,"_bbp_topic_count_hidden":0,"_bbp_reply_count_hidden":0,"_bbp_forum_subforum_count":0,"footnotes":""},"class_list":["post-799","page","type-page","status-publish","hentry"],"post_mailing_queue_ids":[],"_links":{"self":[{"href":"https:\/\/agora.xtec.cat\/ins-salasixandri\/wp-json\/wp\/v2\/pages\/799","targetHints":{"allow":["GET"]}}],"collection":[{"href":"https:\/\/agora.xtec.cat\/ins-salasixandri\/wp-json\/wp\/v2\/pages"}],"about":[{"href":"https:\/\/agora.xtec.cat\/ins-salasixandri\/wp-json\/wp\/v2\/types\/page"}],"author":[{"embeddable":true,"href":"https:\/\/agora.xtec.cat\/ins-salasixandri\/wp-json\/wp\/v2\/users\/1"}],"replies":[{"embeddable":true,"href":"https:\/\/agora.xtec.cat\/ins-salasixandri\/wp-json\/wp\/v2\/comments?post=799"}],"version-history":[{"count":7,"href":"https:\/\/agora.xtec.cat\/ins-salasixandri\/wp-json\/wp\/v2\/pages\/799\/revisions"}],"predecessor-version":[{"id":6611,"href":"https:\/\/agora.xtec.cat\/ins-salasixandri\/wp-json\/wp\/v2\/pages\/799\/revisions\/6611"}],"wp:attachment":[{"href":"https:\/\/agora.xtec.cat\/ins-salasixandri\/wp-json\/wp\/v2\/media?parent=799"}],"curies":[{"name":"wp","href":"https:\/\/api.w.org\/{rel}","templated":true}]}}