{"id":7701,"date":"2025-09-22T10:04:20","date_gmt":"2025-09-22T08:04:20","guid":{"rendered":"https:\/\/agora.xtec.cat\/ins-salasixandri\/?page_id=7701"},"modified":"2025-09-22T10:04:20","modified_gmt":"2025-09-22T08:04:20","slug":"normativa-i-protocol-de-convalidacions-2025-2026","status":"publish","type":"page","link":"https:\/\/agora.xtec.cat\/ins-salasixandri\/secretaria-2\/normativa-i-protocol-de-convalidacions-2025-2026\/","title":{"rendered":"NORMATIVA I PROTOCOL DE CONVALIDACIONS 2025-2026"},"content":{"rendered":"<p style=\"text-align: center;\"><b>CONVALIDACIONS\u00a0<\/b><\/p>\n<p><b>NORMATIVA I PROTOCOL DE CONVALIDACIONS D\u2019EDUCACI\u00d3 F\u00cdSICA<\/b><\/p>\n<p><b>Marc normatiu organitzaci\u00f3 i gesti\u00f3 de centres Departament Educaci\u00f3 :\u00a0<\/b><\/p>\n<p><span style=\"font-weight: 400;\">Documents per a l\u2019organitzaci\u00f3 i la gesti\u00f3 dels centres.<\/span><a href=\"https:\/\/drive.google.com\/file\/d\/1hc3uGF3K5wh-dzWgr_Du3v4nARWpj6A-\/view?usp=sharing\"><span style=\"font-weight: 400;\"> Concreci\u00f3 i desenvolupament del curr\u00edculum competencial i l\u2019orientaci\u00f3 educativa a l\u2019ESO <\/span><\/a><span style=\"font-weight: 400;\">actualitzat el 10 de juny de 2025 (p\u00e0g.38).\u00a0<\/span><\/p>\n<ul>\n<li style=\"font-weight: 400;\" aria-level=\"1\"><span style=\"font-weight: 400;\">L\u2019alumnat presentar\u00e0 el model de sol\u00b7licitud oficial a principi de curs entre setembre-octubre. No s\u2019acceptaran sol\u00b7licituds m\u00e9s enll\u00e0 d\u2019aquest termini.<\/span><\/li>\n<li style=\"font-weight: 400;\" aria-level=\"1\"><span style=\"font-weight: 400;\">Les sol\u00b7licituds de les fam\u00edlies han d\u2019anar acompanyades d\u2019un certificat oficial del Consell Catal\u00e0 de l\u2019esport. Els alumnes poden obtenir aquest certificat quan siguin esportistes que figuren en el programa de tecnificaci\u00f3 (ARC) de la federaci\u00f3 catalana corresponent.<\/span><\/li>\n<li style=\"font-weight: 400;\" aria-level=\"1\"><span style=\"font-weight: 400;\">Es convalidar\u00e0 l\u2019Educaci\u00f3 F\u00edsica a l\u2019ESO \u00fanicament a aquells alumnes que acreditin correctament les condicions exposades en els punts anteriors.<\/span><\/li>\n<li style=\"font-weight: 400;\" aria-level=\"1\"><span style=\"font-weight: 400;\">La direcci\u00f3 del centre un cop escoltades les propostes a la CAD, resoldr\u00e0 les sol\u00b7licituds com a m\u00e0xim quinze dies despr\u00e9s de la presentaci\u00f3 de la sol\u00b7licitud i s\u2019enviar\u00e0 el document de la resoluci\u00f3 a les fam\u00edlies.<\/span><\/li>\n<li style=\"font-weight: 400;\" aria-level=\"1\"><span style=\"font-weight: 400;\">L\u2019alumnat continuar\u00e0 assistint a classe en l\u2019horari complet fins al moment que obtingui la convalidaci\u00f3. A partir d\u2019aleshores, la fam\u00edlia podr\u00e0 sol\u00b7licitar la sortida del centre (caldr\u00e0 signar una <\/span><a href=\"https:\/\/drive.google.com\/open?id=1GQdcYpCbMl5sFh4YKgwNokMNAoqt5qGD3hanVhas5T4\"><span style=\"font-weight: 400;\">autoritzaci\u00f3<\/span><\/a><span style=\"font-weight: 400;\">) abans del marc horari general o b\u00e9 entrar m\u00e9s tard si s\u2019escau, segons l\u2019afectaci\u00f3 hor\u00e0ria que suposi la convalidaci\u00f3 d\u2019Educaci\u00f3 F\u00edsica. En cas que resti al centre en l\u2019horari d\u2019Ed. F\u00edsica, es buscar\u00e0 un espai per tal que l\u2019alumne\/a pugui fer tasques personals, tenint en compte que no hi haur\u00e0 cap docent assignat directament al seu c\u00e0rrec.<\/span><\/li>\n<li style=\"font-weight: 400;\" aria-level=\"1\"><span style=\"font-weight: 400;\">Durant els per\u00edodes lectius en qu\u00e8 es facin projectes d\u2019\u00e0mbit art\u00edsticosocial i projectes trimestrals l\u2019alumnat que gaudeix de convalidaci\u00f3 assistir\u00e0 a totes les classes sense reducci\u00f3 hor\u00e0ria per tal de no perjudicar el desenvolupament del projecte.<\/span><\/li>\n<\/ul>\n<p><b>Alumnes amb dedicaci\u00f3 significativa a l&#8217;esport inclosos en algun dels programes ARC (esportistes d\u2019alt rendiment catal\u00e0)<\/b><\/p>\n<p><span style=\"font-weight: 400;\">Els i les alumnes amb dedicaci\u00f3 significativa a l&#8217;esport avalada pel Consell Catal\u00e0 de l&#8217;Esport, matriculats en centres que no siguin centres educatius d&#8217;especial atenci\u00f3 a la pr\u00e0ctica esportiva, poden sol\u00b7licitar al director o directora del centre educatiu, en el primer trimestre del curs, que els reconeguin la mat\u00e8ria d\u2019Educaci\u00f3 F\u00edsica.<\/span><\/p>\n<p><span style=\"font-weight: 400;\">Per sol\u00b7licitar-ho, cal adjuntar a la <\/span><a href=\"https:\/\/documents.espai.educacio.gencat.cat\/FormularisModels\/CentresDocumentacioAcademica\/APR545.pdf\"><b>sol\u00b7licitud<\/b><\/a><span style=\"font-weight: 400;\">, que ha d&#8217;estar signada pel pare, mare o tutors legals de l&#8217;alumne o alumna, el <\/span><b>certificat del Consell Catal\u00e0 de l&#8217;Esport<\/b><span style=\"font-weight: 400;\"> (av. dels Pa\u00efsos Catalans, 12, 08950, Esplugues de Llobregat). <\/span><b>Els i les alumnes poden obtenir aquest certificat quan siguin esportistes que figuren en el programa de tecnificaci\u00f3 (ARC) de la federaci\u00f3 catalana corresponent.<\/b><\/p>\n<p><span style=\"font-weight: 400;\">El reconeixement de la mat\u00e8ria d&#8217;Educaci\u00f3 F\u00edsica implica que no t\u00e9 qualificaci\u00f3 ni computa a l&#8217;efecte del c\u00e0lcul de la mitjana, i a les actes cal indicar \u201cconvalidat\u201d.<\/span><\/p>\n<p><span style=\"font-weight: 400;\">Quant al seguiment en la resta de mat\u00e8ries, per a aquests alumnes es pot valorar la conveni\u00e8ncia d&#8217;adoptar mesures i suports addicionals d&#8217;atenci\u00f3 educativa, d&#8217;acord amb l&#8217;article 9.2.c del Decret 150\/2017, de 17 d&#8217;octubre, de l&#8217;atenci\u00f3 educativa a l&#8217;alumnat en el marc d&#8217;un sistema educatiu inclusiu, a fi de promoure que avancin en l&#8217;assoliment de les compet\u00e8ncies de l&#8217;etapa de totes les mat\u00e8ries, afavorir el seu desenvolupament personal i social i facilitar-los la m\u00e0xima participaci\u00f3 en les activitats o accions educatives del seu grup de refer\u00e8ncia, sempre que sigui possible, aix\u00ed com en la resta d&#8217;activitats de centre. La Comissi\u00f3 d&#8217;Atenci\u00f3 a la Diversitat (CAD), o l&#8217;\u00f2rgan equivalent, ha d&#8217;acordar aquestes mesures, que han de quedar establertes en un pla de suport individualitzat (PI), tal com estableix l&#8217;article 12.2.f del Decret 150\/2017, de 17 d&#8217;octubre, de l&#8217;atenci\u00f3 educativa a l&#8217;alumnat en el marc d&#8217;un sistema educatiu inclusiu. En el PI s&#8217;han de recollir totes les decisions que es prenguin relatives als diferents elements curriculars, entre d&#8217;altres, activitats d&#8217;aprenentatge, criteris d&#8217;avaluaci\u00f3, temporitzaci\u00f3 de les activitats i orientacions metodol\u00f2giques, per donar resposta a les necessitats educatives que presenti aquest alumnat derivades d&#8217;aquesta situaci\u00f3. El PI l&#8217;ha d&#8217;aprovar la direcci\u00f3 del centre.<\/span><\/p>\n<p><b>Alumnes amb dedicaci\u00f3 significativa a l&#8217;esport que no pertanyen a cap dels programes ARC<\/b><\/p>\n<p><span style=\"font-weight: 400;\">Es poden donar dos situacions:<\/span><\/p>\n<ol>\n<li><span style=\"font-weight: 400;\"> Alumnes amb dedicaci\u00f3 intensiva a l&#8217;esport que no s&#8217;absenten habitualment del centre per participaci\u00f3 en tornejos o competicions.<\/span><\/li>\n<\/ol>\n<p><span style=\"font-weight: 400;\">Els casos en qu\u00e8 l&#8217;alumnat participa regularment en competicions que impliquen una alta exig\u00e8ncia personal es pot valorar la conveni\u00e8ncia d&#8217;adoptar mesures i suports addicionals d&#8217;atenci\u00f3 educativa, d&#8217;acord amb l&#8217;article 9-2c del Decret 150\/2017, de 17 d&#8217;octubre, de l&#8217;atenci\u00f3 educativa a l&#8217;alumnat en el marc d&#8217;un sistema educatiu inclusiu, a fi de promoure que avancin en l&#8217;assoliment de les compet\u00e8ncies de l&#8217;etapa de totes les mat\u00e8ries, afavorir el seu desenvolupament personal i social i facilitar-los la m\u00e0xima participaci\u00f3 en les activitats\/accions educatives del seu grup de refer\u00e8ncia, sempre que sigui possible, aix\u00ed com en la resta d&#8217;activitats de centre.<\/span><\/p>\n<p><span style=\"font-weight: 400;\">La Comissi\u00f3 d&#8217;atenci\u00f3 a la diversitat (CAD), o \u00f2rgan equivalent, ha d&#8217;acordar aquestes mesures que han de quedar establertes en un Pla de suport individualitzat (PI), tal com estableix l&#8217;article 12-2f del Decret 150\/2017, de 17 d&#8217;octubre, de l&#8217;atenci\u00f3 educativa a l&#8217;alumnat en el marc d&#8217;un sistema educatiu inclusiu.\u00a0<\/span><\/p>\n<p><span style=\"font-weight: 400;\">En el PI s&#8217;han de recollir totes les decisions que es prenguin relatives als diferents elements curriculars, entre d&#8217;altres: activitats d&#8217;aprenentatge, criteris d&#8217;avaluaci\u00f3, temporitzaci\u00f3 de les activitats, orientacions metodol\u00f2giques, per donar resposta a les necessitats educatives que presenti aquest alumnat derivades d&#8217;aquesta situaci\u00f3. El PI, que no comporta en cap cas el reconeixement de la mat\u00e8ria d&#8217;Educaci\u00f3 F\u00edsica, l&#8217;ha d&#8217;aprovar la Direcci\u00f3 del centre.<\/span><\/p>\n<p><span style=\"font-weight: 400;\">Per iniciar el proc\u00e9s d&#8217;elaboraci\u00f3 del PI cal que els pares, mares o tutors legals presentin,<\/span><b> durant el primer trimestre,<\/b><span style=\"font-weight: 400;\"> una sol\u00b7licitud al centre on l&#8217;alumna o alumne cursa l&#8217;ESO, acompanyada de la documentaci\u00f3 seg\u00fcent:<\/span><\/p>\n<p><span style=\"font-weight: 400;\">&#8211; El <\/span><b>certificat acreditatiu del pla d&#8217;entrenament i competicions<\/b><span style=\"font-weight: 400;\">, em\u00e8s pel club esportiu o pel centre de tecnificaci\u00f3 amb el que s&#8217;entrena i competeix. Hi ha de constar el nivell i\/o categoria competitiva, el calendari i l&#8217;horari del pla d&#8217;entrenament i competicions, el temps de despla\u00e7aments i la previsi\u00f3 anual de concentracions o d&#8217;altres circumst\u00e0ncies que es considerin rellevants.<\/span><\/p>\n<p><span style=\"font-weight: 400;\">&#8211; <\/span><b>Declaraci\u00f3 responsable<\/b><span style=\"font-weight: 400;\"> dels pares, mares o tutors legals amb els compromisos de col\u00b7laborar en el seguiment acad\u00e8mic i comunicar al centre de secund\u00e0ria els canvis que es puguin produir en els horaris de la pr\u00e0ctica esportiva de l&#8217;alumne o alumna (situacions d&#8217;abandonament de l&#8217;activitat esportiva, lesions o altres circumst\u00e0ncies).<\/span><\/p>\n<ol start=\"2\">\n<li><span style=\"font-weight: 400;\"> Alumnes que s&#8217;absenten del centre per participaci\u00f3 en tornejos o competicions<\/span><\/li>\n<\/ol>\n<p><span style=\"font-weight: 400;\">Si l\u2019alumne o alumna, per motius de participaci\u00f3 en tornejos, competicions o finals esportives, ha d&#8217;estar absent del centre educatiu durant un per\u00edode superior a 15 dies i inferior a 30 de forma continuada, es pot valorar la conveni\u00e8ncia d&#8217;adoptar mesures i suports addicionals d&#8217;atenci\u00f3 educativa, d&#8217;acord amb l&#8217;article 9.2.c del Decret 150\/2017, de 17 d&#8217;octubre, de l&#8217;atenci\u00f3 educativa a l&#8217;alumnat en el marc d&#8217;un sistema educatiu inclusiu, a fi de promoure que avanci en l&#8217;assoliment de les compet\u00e8ncies de l&#8217;etapa de totes les mat\u00e8ries, afavorir-ne el desenvolupament personal i social i facilitar-li la m\u00e0xima participaci\u00f3 en les activitats o accions educatives del seu grup de refer\u00e8ncia, sempre que sigui possible, aix\u00ed com en la resta d&#8217;activitats del centre.<\/span><\/p>\n<p><span style=\"font-weight: 400;\">La Comissi\u00f3 d&#8217;Atenci\u00f3 a la Diversitat (CAD), o \u00f2rgan equivalent, ha d&#8217;acordar aquestes mesures, que han de quedar establertes en un pla de suport individualitzat (PI), tal com estableix l&#8217;article 12.2.f del Decret 150\/2017, de 17 d&#8217;octubre, de l&#8217;atenci\u00f3 educativa a l&#8217;alumnat en el marc d&#8217;un sistema educatiu inclusiu. En el PI s&#8217;han de recollir totes les decisions que es prenguin relatives als diferents elements curriculars, entre d&#8217;altres: activitats d&#8217;aprenentatge, criteris d&#8217;avaluaci\u00f3, temporitzaci\u00f3 de les activitats, orientacions metodol\u00f2giques, per donar resposta a les necessitats educatives que presenti l\u2019alumne o alumna derivades d&#8217;aquesta situaci\u00f3. El PI, que no comporta en cap cas el reconeixement de la mat\u00e8ria d&#8217;Educaci\u00f3 F\u00edsica, l&#8217;ha d&#8217;aprovar la direcci\u00f3 del centre.<\/span><\/p>\n<p><span style=\"font-weight: 400;\">Per facilitar la presa de decisions sobre els plans de suport individualitzats es pot consultar el document Orientacions per a l&#8217;elaboraci\u00f3 del pla de suport individualitzat. Per iniciar el proc\u00e9s d&#8217;elaboraci\u00f3 del PI cal que els pares, mares o tutors legals presentin,<\/span><b> durant el primer trimestre<\/b><span style=\"font-weight: 400;\">, una sol\u00b7licitud al centre on l&#8217;alumna o alumne cursa l&#8217;ESO, acompanyada de la documentaci\u00f3 seg\u00fcent:<\/span><\/p>\n<p><span style=\"font-weight: 400;\">&#8211; El<\/span><b> certificat acreditatiu de les jornades esportives em\u00e8s pel club o pel centre de tecnificaci\u00f3<\/b><span style=\"font-weight: 400;\"> amb qu\u00e8 s&#8217;entrena i competeix. Hi ha de constar el nivell i\/o categoria competitiva i el calendari i els horaris d&#8217;aquestes jornades.<\/span><\/p>\n<p><span style=\"font-weight: 400;\">El certificat acreditatiu del pla d&#8217;entrenament i competicions em\u00e8s pel club esportiu o pel centre de tecnificaci\u00f3 amb qu\u00e8 s&#8217;entrena i competeix. Hi ha de constar el nivell i\/o categoria competitiva, el calendari i l&#8217;horari del pla d&#8217;entrenament i competicions, el temps de despla\u00e7aments i la previsi\u00f3 anual de concentracions o d&#8217;altres circumst\u00e0ncies que es considerin rellevants.<\/span><\/p>\n<p><span style=\"font-weight: 400;\">&#8211; <\/span><b>Declaraci\u00f3 responsable<\/b><span style=\"font-weight: 400;\"> dels pares, mares o tutors legals amb els compromisos de col\u00b7laborar en el seguiment acad\u00e8mic durant els per\u00edodes d&#8217;abs\u00e8ncia al centre i de comunicar al centre de secund\u00e0ria els canvis que es puguin produir en els horaris de la pr\u00e0ctica esportiva de l&#8217;alumne o alumna (situacions d&#8217;abandonament de l&#8217;activitat esportiva, lesions o altres circumst\u00e0ncies).<\/span><\/p>\n<p><span style=\"font-weight: 400;\">Per facilitar la presa de decisions sobre els plans de suport individualitzats es pot consultar el document Orientacions per a l&#8217;elaboraci\u00f3 del pla de suport individualitzat.<\/span><\/p>\n<p>&nbsp;<\/p>\n<p><b>NORMATIVA I PROTOCOL DE CONVALIDACIONS DE M\u00daSICA<\/b><\/p>\n<p><span style=\"font-weight: 400;\">El document d&#8217;Organitzaci\u00f3 i gesti\u00f3 de centres que aprova cada any el Departament d\u2019educaci\u00f3, indica que l&#8217;alumnat que cursa simult\u00e0niament l&#8217;ESO o el batxillerat amb estudis en una escola de dansa o m\u00fasica autoritzada pot gaudir de les mesures de simultane\u00eftat en els termes<\/span><\/p>\n<p><span style=\"font-weight: 400;\">que estableix la normativa corresponent, les quals es recullen al document:<\/span><b> &#8220;<\/b><a href=\"https:\/\/documents.espai.educacio.gencat.cat\/IPCNormativa\/DOIGC\/CUR_Simultaneitat_musica.pdf\"><b>Simultane\u00eftat d&#8217;estudis d&#8217;ESO o de batxillerat amb estudis de m\u00fasica &#8220;<\/b><\/a><\/p>\n<p><span style=\"font-weight: 400;\">Els passos a seguir per a l\u2019obtenci\u00f3 d\u2019aquesta convalidaci\u00f3 s\u00f3n els seg\u00fcents:<\/span><\/p>\n<ul>\n<li style=\"font-weight: 400;\" aria-level=\"1\"><span style=\"font-weight: 400;\">L\u2019alumnat presentar\u00e0 el model de <\/span><a href=\"https:\/\/drive.google.com\/file\/d\/1YLpVVvOLWnpWE78wo8S75WWbhxFm1MiE\/view\"><span style=\"font-weight: 400;\">sol\u00b7licitud oficial EMU1<\/span><\/a><span style=\"font-weight: 400;\"> a principi de curs entre setembre-octubre. No s\u2019acceptaran sol\u00b7licituds m\u00e9s enll\u00e0 d\u2019aquest termini.<\/span><\/li>\n<li style=\"font-weight: 400;\" aria-level=\"1\"><span style=\"font-weight: 400;\">Les sol\u00b7licituds de les fam\u00edlies han d\u2019anar acompanyades d\u2019un certificat oficial del Conservatori o centre concertat corresponent, fent constar el n\u00ba d\u2019hores setmanals de classes impartides (CMU1 \/ CMU2)<\/span><\/li>\n<li style=\"font-weight: 400;\" aria-level=\"1\"><span style=\"font-weight: 400;\">La direcci\u00f3 del centre resoldr\u00e0 les sol\u00b7licituds com a m\u00e0xim quinze dies despr\u00e9s de la presentaci\u00f3 de la sol\u00b7licitud i s\u2019enviar\u00e0 el document de la resoluci\u00f3 a les fam\u00edlies.<\/span><\/li>\n<li style=\"font-weight: 400;\" aria-level=\"1\"><span style=\"font-weight: 400;\">S\u2019elaborar\u00e0 un Pla individualitzat que reculli la convalidaci\u00f3 i s\u2019introduir\u00e0 al seu expedient digital de Sag@ per tal de no comptabilitzar l\u2019avaluaci\u00f3 de la mat\u00e8ria \/optativa convalidada.<\/span><\/li>\n<li style=\"font-weight: 400;\" aria-level=\"1\"><span style=\"font-weight: 400;\">L\u2019alumnat continuar\u00e0 assistint a classe en l\u2019horari complet fins el moment que obtingui la convalidaci\u00f3. A partir d\u2019aleshores, la fam\u00edlia podr\u00e0 sol\u00b7licitar la sortida del centre (caldr\u00e0 signar una <\/span><a href=\"https:\/\/drive.google.com\/open?id=1GQdcYpCbMl5sFh4YKgwNokMNAoqt5qGD3hanVhas5T4\"><span style=\"font-weight: 400;\">autoritzaci\u00f3<\/span><\/a><span style=\"font-weight: 400;\">) abans del marc horari general o b\u00e9 entrar m\u00e9s tard si s\u2019escau, segons l\u2019afectaci\u00f3 hor\u00e0ria que suposi la convalidaci\u00f3 de m\u00fasica. En cas que resti al centre en l\u2019horari de la mat\u00e8ria de m\u00fasica o de l\u2019optativa convalidada, es buscar\u00e0 un espai per tal que l\u2019alumne\/a pugui fer tasques personals, tenint en compte que no hi haur\u00e0 cap docent assignat directament al seu c\u00e0rrec.<\/span><\/li>\n<li style=\"font-weight: 400;\" aria-level=\"1\"><span style=\"font-weight: 400;\">Durant els per\u00edodes lectius en qu\u00e8 es <\/span><b>facin projectes d\u2019\u00e0mbit art\u00edsticosocial i projectes trimestrals <\/b><span style=\"font-weight: 400;\">l\u2019alumnat que gaudeix de convalidaci\u00f3 assistir\u00e0 a totes les classes sense reducci\u00f3 hor\u00e0ria per tal de no perjudicar el desenvolupament del projecte.<\/span><\/li>\n<\/ul>\n","protected":false},"excerpt":{"rendered":"<p>CONVALIDACIONS\u00a0<br \/>\nNORMATIVA I PROTOCOL DE CONVALIDACIONS D\u2019EDUCACI\u00d3 F\u00cdSICA<br \/>\nMarc normatiu organitzaci\u00f3 i gesti\u00f3 de centres Departament Educaci\u00f3 :\u00a0<br \/>\nDocuments per a l\u2019organitzaci\u00f3 i la gesti\u00f3 dels centres.<a href=\"https:\/\/drive.google.com\/file\/d\/1hc3uGF3K5wh-dzWgr_Du3v4nARWpj6A-\/view?usp=sharing\"> Concreci\u00f3 i desenvolupament del curr\u00edculum competencial i l\u2019orientaci\u00f3 educativa a l\u2019ESO <\/a>actualitzat el 10 de juny de 2025 (p\u00e0g.38).\u00a0<\/p>\n<ul>\n<li style=\"font-weight:&hellip;  <a href=\"https:\/\/agora.xtec.cat\/ins-salasixandri\/secretaria-2\/normativa-i-protocol-de-convalidacions-2025-2026\/\" title=\"Read NORMATIVA I PROTOCOL DE CONVALIDACIONS 2025-2026\">Llegeix m\u00e9s\u00bb<\/a><br \/>\n","protected":false},"author":1,"featured_media":0,"parent":7386,"menu_order":0,"comment_status":"closed","ping_status":"closed","template":"","meta":{"_bbp_topic_count":0,"_bbp_reply_count":0,"_bbp_total_topic_count":0,"_bbp_total_reply_count":0,"_bbp_voice_count":0,"_bbp_anonymous_reply_count":0,"_bbp_topic_count_hidden":0,"_bbp_reply_count_hidden":0,"_bbp_forum_subforum_count":0,"footnotes":""},"class_list":["post-7701","page","type-page","status-publish","hentry"],"post_mailing_queue_ids":[],"_links":{"self":[{"href":"https:\/\/agora.xtec.cat\/ins-salasixandri\/wp-json\/wp\/v2\/pages\/7701","targetHints":{"allow":["GET"]}}],"collection":[{"href":"https:\/\/agora.xtec.cat\/ins-salasixandri\/wp-json\/wp\/v2\/pages"}],"about":[{"href":"https:\/\/agora.xtec.cat\/ins-salasixandri\/wp-json\/wp\/v2\/types\/page"}],"author":[{"embeddable":true,"href":"https:\/\/agora.xtec.cat\/ins-salasixandri\/wp-json\/wp\/v2\/users\/1"}],"replies":[{"embeddable":true,"href":"https:\/\/agora.xtec.cat\/ins-salasixandri\/wp-json\/wp\/v2\/comments?post=7701"}],"version-history":[{"count":2,"href":"https:\/\/agora.xtec.cat\/ins-salasixandri\/wp-json\/wp\/v2\/pages\/7701\/revisions"}],"predecessor-version":[{"id":7703,"href":"https:\/\/agora.xtec.cat\/ins-salasixandri\/wp-json\/wp\/v2\/pages\/7701\/revisions\/7703"}],"up":[{"embeddable":true,"href":"https:\/\/agora.xtec.cat\/ins-salasixandri\/wp-json\/wp\/v2\/pages\/7386"}],"wp:attachment":[{"href":"https:\/\/agora.xtec.cat\/ins-salasixandri\/wp-json\/wp\/v2\/media?parent=7701"}],"curies":[{"name":"wp","href":"https:\/\/api.w.org\/{rel}","templated":true}]}}