{"id":7418,"date":"2025-02-26T14:24:49","date_gmt":"2025-02-26T13:24:49","guid":{"rendered":"https:\/\/agora.xtec.cat\/ins-salasixandri\/?page_id=7418"},"modified":"2025-02-26T14:24:49","modified_gmt":"2025-02-26T13:24:49","slug":"preinscripcio-i-matricula","status":"publish","type":"page","link":"https:\/\/agora.xtec.cat\/ins-salasixandri\/preinscripcio-i-matricula\/","title":{"rendered":"Preinscripci\u00f3 i matr\u00edcula"},"content":{"rendered":"<p><strong>CODI CENTRE: <\/strong>08067211 INSTITUT SALAS I XANDRI<\/p>\n<p><strong>Centres adscrits:<\/strong><\/p>\n<p>08067201 Escola Lola Anglada (Sant Quirze del Vall\u00e8s)<\/p>\n<p>08033407 Escola Purificaci\u00f3 Salas i Xandri (Sant Quirze del Vall\u00e8s)<\/p>\n<p>08044454 Escola Pilar\u00edn Bay\u00e9s (Sant Quirze del Vall\u00e8s)<\/p>\n<p>08060484 Escola Taula Rodona (Sant Quirze del Vall\u00e8s)<\/p>\n<p>08044910 Escola El Turonet (Sant Quirze del Vall\u00e8s)<\/p>\n<p><strong>1.\u00a0\u00a0\u00a0\u00a0\u00a0 ABANS DE LA PREINSCRIPCI\u00d3<\/strong><\/p>\n<table style=\"border-collapse: collapse; width: 38.9413%;\">\n<tbody>\n<tr>\n<td style=\"width: 7.14286%;\"><img loading=\"lazy\" decoding=\"async\" class=\"alignleft size-full wp-image-7395\" src=\"https:\/\/agora.xtec.cat\/ins-salasixandri\/wp-content\/uploads\/usu1444\/2025\/02\/calendari.png\" alt=\"\" width=\"45\" height=\"45\" \/><\/td>\n<td style=\"width: 31.7984%;\"><a href=\"https:\/\/preinscripcio.gencat.cat\/ca\/estudis\/eso\/informat\/calendari\/\">Coneix les dates clau del calendari i les accions associades<\/a><\/td>\n<\/tr>\n<tr>\n<td style=\"width: 7.14286%;\"><img loading=\"lazy\" decoding=\"async\" class=\"alignleft size-full wp-image-7396\" src=\"https:\/\/agora.xtec.cat\/ins-salasixandri\/wp-content\/uploads\/usu1444\/2025\/02\/criteris.png\" alt=\"\" width=\"45\" height=\"45\" \/><\/td>\n<td style=\"width: 31.7984%;\"><a href=\"https:\/\/preinscripcio.gencat.cat\/ca\/estudis\/eso\/informat\/criteris-assignacio\/\">Ent\u00e9n els criteris de selecci\u00f3, prioritzaci\u00f3 i desempat<\/a><\/td>\n<\/tr>\n<tr>\n<td style=\"width: 7.14286%;\"><img loading=\"lazy\" decoding=\"async\" class=\"alignleft size-full wp-image-7394\" src=\"https:\/\/agora.xtec.cat\/ins-salasixandri\/wp-content\/uploads\/usu1444\/2025\/02\/busca-escola.png\" alt=\"\" width=\"45\" height=\"45\" \/><\/td>\n<td style=\"width: 31.7984%;\"><a href=\"https:\/\/preinscripcio.gencat.cat\/ca\/estudis\/eso\/informat\/busca-centre\/\">Busca l\u2019escola o centre educatiu<\/a><\/td>\n<\/tr>\n<tr>\n<td style=\"width: 7.14286%;\"><img loading=\"lazy\" decoding=\"async\" class=\"alignleft size-full wp-image-7399\" src=\"https:\/\/agora.xtec.cat\/ins-salasixandri\/wp-content\/uploads\/usu1444\/2025\/02\/prepara-documentacio.png\" alt=\"\" width=\"45\" height=\"45\" \/><\/td>\n<td style=\"width: 31.7984%;\"><a href=\"https:\/\/preinscripcio.gencat.cat\/ca\/estudis\/eso\/informat\/prepara-documentacio\/\">Prepara la documentaci\u00f3 que, si escau, haur\u00e0s d\u2019adjuntar a la sol\u00b7licitud<\/a><\/td>\n<\/tr>\n<\/tbody>\n<\/table>\n<p>&nbsp;<\/p>\n<p><strong>2. PRESENTA LA SOL\u00b7LICITUD DE PREINSCRIPCI\u00d3 I FES-NE EL SEGUIMENT<\/strong><\/p>\n<table>\n<tbody>\n<tr>\n<td width=\"73\"><img loading=\"lazy\" decoding=\"async\" class=\"alignleft size-full wp-image-7400\" src=\"https:\/\/agora.xtec.cat\/ins-salasixandri\/wp-content\/uploads\/usu1444\/2025\/02\/presenta-sollicitud.png\" alt=\"\" width=\"45\" height=\"45\" \/><\/td>\n<td width=\"461\"><a href=\"https:\/\/preinscripcio.gencat.cat\/ca\/estudis\/eso\/preinscriute\/sollicitud\/\">Fes la sol\u00b7licitud de preinscripci\u00f3 i presenta-la<\/a><\/td>\n<\/tr>\n<tr>\n<td width=\"73\"><img loading=\"lazy\" decoding=\"async\" class=\"alignleft size-full wp-image-7402\" src=\"https:\/\/agora.xtec.cat\/ins-salasixandri\/wp-content\/uploads\/usu1444\/2025\/02\/Seguiment.png\" alt=\"\" width=\"45\" height=\"45\" \/><\/td>\n<td width=\"461\"><a href=\"https:\/\/preinscripcio.gencat.cat\/ca\/estudis\/eso\/preinscriute\/seguiment-sollicitud\/\">Fes el seguiment de la teva sol\u00b7licitud<\/a><\/td>\n<\/tr>\n<tr>\n<td width=\"73\"><img loading=\"lazy\" decoding=\"async\" class=\"alignleft size-full wp-image-7404\" src=\"https:\/\/agora.xtec.cat\/ins-salasixandri\/wp-content\/uploads\/usu1444\/2025\/02\/Teva-placa.png\" alt=\"\" width=\"45\" height=\"45\" \/><\/td>\n<td width=\"461\"><a href=\"https:\/\/preinscripcio.gencat.cat\/ca\/estudis\/eso\/preinscriute\/consulta\/\">Consulta la teva pla\u00e7a<\/a><\/td>\n<\/tr>\n<\/tbody>\n<\/table>\n<p>&nbsp;<\/p>\n<p><strong>3. JA POTS FORMALITZAR LA MATR\u00cdCULA!<\/strong><\/p>\n<table>\n<tbody>\n<tr>\n<td width=\"73\"><img loading=\"lazy\" decoding=\"async\" class=\"alignleft size-full wp-image-7397\" src=\"https:\/\/agora.xtec.cat\/ins-salasixandri\/wp-content\/uploads\/usu1444\/2025\/02\/formalitza-matricula.png\" alt=\"\" width=\"45\" height=\"45\" \/><\/td>\n<td width=\"461\"><a href=\"https:\/\/preinscripcio.gencat.cat\/ca\/estudis\/eso\/matriculat\/formalitzacio\/\">Formalitza la matr\u00edcula al centre educatiu assignat<\/a><\/td>\n<\/tr>\n<tr>\n<td width=\"73\"><img loading=\"lazy\" decoding=\"async\" class=\"alignleft size-full wp-image-7404\" src=\"https:\/\/agora.xtec.cat\/ins-salasixandri\/wp-content\/uploads\/usu1444\/2025\/02\/Teva-placa.png\" alt=\"\" width=\"45\" height=\"45\" \/><\/td>\n<td width=\"461\"><a href=\"https:\/\/preinscripcio.gencat.cat\/ca\/estudis\/eso\/matriculat\/consulta\/\">Consulta la llista d\u2019alumnes matriculats<\/a><\/td>\n<\/tr>\n<\/tbody>\n<\/table>\n<p>&nbsp;<\/p>\n<h4><a href=\"https:\/\/preinscripcio.gencat.cat\/ca\/estudis\/eso\/inici\/\">Tota la informaci\u00f3 de la preinscripci\u00f3 escolar a l\u2019educaci\u00f3 secund\u00e0ria obligat\u00f2ria<\/a> (ESO)<\/h4>\n<h4><\/h4>\n","protected":false},"excerpt":{"rendered":"<p>CODI CENTRE: 08067211 INSTITUT SALAS I XANDRI<br \/>\nCentres adscrits:<br \/>\n08067201 Escola Lola Anglada (Sant Quirze del Vall\u00e8s)<br \/>\n08033407 Escola Purificaci\u00f3 Salas i Xandri (Sant Quirze del Vall\u00e8s)<br \/>\n08044454 Escola Pilar\u00edn Bay\u00e9s (Sant Quirze del Vall\u00e8s)<br \/>\n08060484 Escola Taula Rodona (Sant Quirze del Vall\u00e8s)<br \/>\n08044910 Escola El Turonet (Sant Quirze del Vall\u00e8s)<br \/>\n1.\u00a0\u00a0\u00a0\u00a0\u00a0&hellip;  <a href=\"https:\/\/agora.xtec.cat\/ins-salasixandri\/preinscripcio-i-matricula\/\" title=\"Read Preinscripci\u00f3 i matr\u00edcula\">Llegeix m\u00e9s\u00bb<\/a><\/p>\n","protected":false},"author":1,"featured_media":0,"parent":0,"menu_order":0,"comment_status":"closed","ping_status":"closed","template":"","meta":{"_bbp_topic_count":0,"_bbp_reply_count":0,"_bbp_total_topic_count":0,"_bbp_total_reply_count":0,"_bbp_voice_count":0,"_bbp_anonymous_reply_count":0,"_bbp_topic_count_hidden":0,"_bbp_reply_count_hidden":0,"_bbp_forum_subforum_count":0,"footnotes":""},"class_list":["post-7418","page","type-page","status-publish","hentry"],"post_mailing_queue_ids":[],"_links":{"self":[{"href":"https:\/\/agora.xtec.cat\/ins-salasixandri\/wp-json\/wp\/v2\/pages\/7418","targetHints":{"allow":["GET"]}}],"collection":[{"href":"https:\/\/agora.xtec.cat\/ins-salasixandri\/wp-json\/wp\/v2\/pages"}],"about":[{"href":"https:\/\/agora.xtec.cat\/ins-salasixandri\/wp-json\/wp\/v2\/types\/page"}],"author":[{"embeddable":true,"href":"https:\/\/agora.xtec.cat\/ins-salasixandri\/wp-json\/wp\/v2\/users\/1"}],"replies":[{"embeddable":true,"href":"https:\/\/agora.xtec.cat\/ins-salasixandri\/wp-json\/wp\/v2\/comments?post=7418"}],"version-history":[{"count":1,"href":"https:\/\/agora.xtec.cat\/ins-salasixandri\/wp-json\/wp\/v2\/pages\/7418\/revisions"}],"predecessor-version":[{"id":7419,"href":"https:\/\/agora.xtec.cat\/ins-salasixandri\/wp-json\/wp\/v2\/pages\/7418\/revisions\/7419"}],"wp:attachment":[{"href":"https:\/\/agora.xtec.cat\/ins-salasixandri\/wp-json\/wp\/v2\/media?parent=7418"}],"curies":[{"name":"wp","href":"https:\/\/api.w.org\/{rel}","templated":true}]}}