{"id":7413,"date":"2025-02-26T14:06:32","date_gmt":"2025-02-26T13:06:32","guid":{"rendered":"https:\/\/agora.xtec.cat\/ins-salasixandri\/?page_id=7413"},"modified":"2025-02-26T14:09:10","modified_gmt":"2025-02-26T13:09:10","slug":"certificats-catala","status":"publish","type":"page","link":"https:\/\/agora.xtec.cat\/ins-salasixandri\/certificats-catala\/","title":{"rendered":"Certificats catal\u00e0"},"content":{"rendered":"<p><strong>Normativa aplicable <a href=\"http:\/\/dogc.gencat.cat\/ca\/pdogc_canals_interns\/pdogc_resultats_fitxa\/?action=fitxa&amp;documentId=519344\">aqu\u00ed<\/a><\/strong><\/p>\n<p><strong>A qui va dirigit<\/strong><\/p>\n<p>A les persones nascudes a partir del 1972 que volen obtenir aquest reconeixement. Concretament, les que van iniciar l&#8217;educaci\u00f3 general b\u00e0sica (EGB) el\u00a0<strong>curs 1978-1979<\/strong> (a partir d&#8217;aquest curs l&#8217;ensenyament del catal\u00e0 va ser oficial al sistema educatiu de Catalunya)<\/p>\n<p><strong>Documentaci\u00f3<\/strong><\/p>\n<ul>\n<li>Llibre d&#8217;escolaritat o certificat del centre o centres on has cursat els estudis (EGB, BUP, FP, prim\u00e0ria, ESO o batxillerat).<\/li>\n<li>T\u00edtol, resguard del t\u00edtol o certificat que acrediti que has obtingut la titulaci\u00f3 superior sense cap mat\u00e8ria suspesa o, en el cas de l&#8217;ESO, que has superat la mat\u00e8ria de llengua catalana.<\/li>\n<\/ul>\n<p>Si no tens aquesta documentaci\u00f3 i el centre que la va emetre ja no existeix,\u00a0demana a la\u00a0Inspecci\u00f3 d&#8217;Educaci\u00f3 dels serveis territorials\u00a0de la teva demarcaci\u00f3 quin \u00e9s el centre que t\u00e9 la documentaci\u00f3 del centre educatiu tancat.<\/p>\n<p><strong>Requisits<\/strong><\/p>\n<ol>\n<li>Haver nascut a partir de l&#8217;any 1972.<\/li>\n<li>Haver cursat els estudis:\n<ul>\n<li>\u00edntegrament a Catalunya, o<\/li>\n<li>parcialment en altres territoris on el catal\u00e0 era llengua curricular avaluable, i\u00a0haver obtingut la titulaci\u00f3 al sistema educatiu de Catalunya.<\/li>\n<\/ul>\n<\/li>\n<li>Haver obtingut una de les\u00a0titulacions\u00a0seg\u00fcents:\n<ul>\n<li>graduat\/ada escolar, t\u00e8cnic\/a auxiliar, t\u00e8cnic\/a especialista o BUP, de l&#8217;anterior sistema educatiu;<\/li>\n<li>graduat\/ada d&#8217;educaci\u00f3 secund\u00e0ria obligat\u00f2ria o batxillerat, de l&#8217;actual sistema educatiu.<\/li>\n<\/ul>\n<\/li>\n<\/ol>\n<p>No es tenen en compte:<\/p>\n<ul>\n<li>les proves d&#8217;acc\u00e9s per a m\u00e9s grans de 25 anys,<\/li>\n<li>les proves d&#8217;acc\u00e9s a la universitat,<\/li>\n<li>l&#8217;acc\u00e9s als cicles formatius,<\/li>\n<li>els cicles formatius de grau mitj\u00e0 o de grau superior,<\/li>\n<li>les equival\u00e8ncies a les titulacions.<\/li>\n<\/ul>\n<p><strong>Quadre d\u2019equival\u00e8ncies<\/strong><\/p>\n<table>\n<tbody>\n<tr>\n<td width=\"193\"><strong>Nivell B2 (intermedi)<\/strong><\/td>\n<td width=\"205\"><strong>Cal haver estudiat a Catalunya<\/strong><\/td>\n<td width=\"164\"><strong>Documents que cal presentar<\/strong><\/td>\n<\/tr>\n<tr>\n<td width=\"193\">T\u00edtol de graduat escolar (EGB) i FP1<\/td>\n<td width=\"205\">Tota l\u2019EGB a Catalunya i cursat la mat\u00e8ria de la llengua catalana en la\u00a0<strong>totalitat\u00a0<\/strong>dels estudis esmentats a partir del curs 1978\/1979<\/td>\n<td width=\"164\">Original i fotoc\u00f2pia DNI<\/p>\n<p>Original i fotoc\u00f2pia de les p\u00e0gines del llibre d\u2019escolaritat o certificat acreditatiu*<\/td>\n<\/tr>\n<\/tbody>\n<\/table>\n<p>*Certificat que indiqui els anys i els cursos d\u2019escolaritat i al frase \u201cl\u2019alumne ha cursat i aprovat la mat\u00e8ria de llengua catalana<\/p>\n<table>\n<tbody>\n<tr>\n<td width=\"189\"><strong>Nivell C1 (sufici\u00e8ncia)<\/strong><\/td>\n<td width=\"187\"><strong>Cal haver estudiat a Catalunya<\/strong><\/td>\n<td width=\"187\"><strong>Documents que cal presentar<\/strong><\/td>\n<\/tr>\n<tr>\n<td width=\"189\">T\u00edtol BUP<\/td>\n<td width=\"187\">Tota l\u2019EGB i BUP a Catalunya i s\u2019hagi cursat de manera oficial la mat\u00e8ria de llengua catalana en la\u00a0<strong>totalitat\u00a0<\/strong>dels estudis esmentats a partir del curs 1978\/1979 (curs d\u2019inici d\u2019EGB)<\/td>\n<td width=\"187\">Original i fotoc\u00f2pia DNI<\/p>\n<p>Original i fotoc\u00f2pia de les p\u00e0gines del llibre d\u2019escolaritat de l\u2019EGB o certificat acreditatiu*<\/p>\n<p>Original i fotoc\u00f2pia de les notes finals de tots els cursos de BUP o certificat acreditatiu*<\/td>\n<\/tr>\n<tr>\n<td width=\"189\">FP2<\/td>\n<td width=\"187\">Tota l\u2019EGB, FP1 i FP2 a Catalunya i s\u2019hagi cursat de manera oficial la mat\u00e8ria de llengua catalana en la\u00a0<strong>totalitat<\/strong>\u00a0dels estudis esmentats a partir del curs 1978\/1979 (curs d\u2019inici d\u2019EGB)<\/td>\n<td width=\"187\">Original i fotoc\u00f2pia DNI<\/p>\n<p>Original i fotoc\u00f2pia de les p\u00e0gines del llibre d\u2019escolaritat de l\u2019EGB o certificat acreditatiu*<\/p>\n<p>Original i fotoc\u00f2pia de les notes finals de tots els cursos de FP1 i FP2 o certificat acreditatiu*<\/td>\n<\/tr>\n<tr>\n<td width=\"189\">BATXILLERAT<\/td>\n<td width=\"187\">Almenys 3 cursos de PRIM\u00c0RIA i 5 entre ESO i BATX a Catalunya i cursat la mat\u00e8ria de llengua catalana en la\u00a0<strong>totalitat\u00a0<\/strong>dels estudis m\u00ednims esmentats.<\/td>\n<td width=\"187\">Original i fotoc\u00f2pia DNI<\/p>\n<p>Original i fotoc\u00f2pia de les p\u00e0gines del llibre d\u2019escolaritat de Prim\u00e0ria i Secund\u00e0ria o certificat acreditatiu*<\/p>\n<p>Original i fotoc\u00f2pia de les notes finals de tots els cursos de Batxillerat o certificat acreditatiu*<\/td>\n<\/tr>\n<tr>\n<td width=\"189\">ESO<\/td>\n<td width=\"187\">Almenys 3 cursos de PRIM\u00c0RIA i tota l\u2019ESO a Catalunya i\u00a0<strong>cursat i aprovat\u00a0<\/strong>la mat\u00e8ria de llengua catalana en la totalitat dels estudis m\u00ednims esmentats. El requisit d\u2019acreditaci\u00f3 d\u2019haver aprovat la mat\u00e8ria de llengua catalana, \u00e9s d\u2019aplicaci\u00f3 als t\u00edtols de graduat en educaci\u00f3 secund\u00e0ria obtinguts a partir del curs 2007\/2008<\/td>\n<td width=\"187\">Original i fotoc\u00f2pia DNI<\/p>\n<p>Original i fotoc\u00f2pia de les p\u00e0gines del llibre d\u2019escolaritat de Prim\u00e0ria i Secund\u00e0ria o certificat acreditatiu*<\/p>\n<p>&nbsp;<\/td>\n<\/tr>\n<\/tbody>\n<\/table>\n<p>*Certificat que indiqui els anys i els cursos d\u2019escolaritat i al frase \u201cl\u2019alumne ha cursat i aprovat la mat\u00e8ria de llengua catalana<\/p>\n<p><strong>Sol\u00b7licitud de certificat <a href=\"https:\/\/docs.google.com\/forms\/d\/1OkOZaZqkl0ehLFH_oCNS9B2DNhbAMCLUrKsphCO-9tE\/edit?ouid=118041037843537105566&amp;usp=mail_response_notification\">aqu\u00ed\u00a0<\/a><\/strong><\/p>\n","protected":false},"excerpt":{"rendered":"<p>Normativa aplicable <a href=\"http:\/\/dogc.gencat.cat\/ca\/pdogc_canals_interns\/pdogc_resultats_fitxa\/?action=fitxa&amp;documentId=519344\">aqu\u00ed<\/a><br \/>\nA qui va dirigit<br \/>\nA les persones nascudes a partir del 1972 que volen obtenir aquest reconeixement. Concretament, les que van iniciar l&#8217;educaci\u00f3 general b\u00e0sica (EGB) el\u00a0curs 1978-1979 (a partir d&#8217;aquest curs l&#8217;ensenyament del catal\u00e0 va ser oficial al sistema educatiu de Catalunya)<br \/>\nDocumentaci\u00f3<\/p>\n<ul>\n<li>Llibre&hellip;  <a href=\"https:\/\/agora.xtec.cat\/ins-salasixandri\/certificats-catala\/\" title=\"Read Certificats catal\u00e0\">Llegeix m\u00e9s\u00bb<\/a><br \/>\n","protected":false},"author":1,"featured_media":0,"parent":0,"menu_order":0,"comment_status":"closed","ping_status":"closed","template":"","meta":{"_bbp_topic_count":0,"_bbp_reply_count":0,"_bbp_total_topic_count":0,"_bbp_total_reply_count":0,"_bbp_voice_count":0,"_bbp_anonymous_reply_count":0,"_bbp_topic_count_hidden":0,"_bbp_reply_count_hidden":0,"_bbp_forum_subforum_count":0,"footnotes":""},"class_list":["post-7413","page","type-page","status-publish","hentry"],"post_mailing_queue_ids":[],"_links":{"self":[{"href":"https:\/\/agora.xtec.cat\/ins-salasixandri\/wp-json\/wp\/v2\/pages\/7413","targetHints":{"allow":["GET"]}}],"collection":[{"href":"https:\/\/agora.xtec.cat\/ins-salasixandri\/wp-json\/wp\/v2\/pages"}],"about":[{"href":"https:\/\/agora.xtec.cat\/ins-salasixandri\/wp-json\/wp\/v2\/types\/page"}],"author":[{"embeddable":true,"href":"https:\/\/agora.xtec.cat\/ins-salasixandri\/wp-json\/wp\/v2\/users\/1"}],"replies":[{"embeddable":true,"href":"https:\/\/agora.xtec.cat\/ins-salasixandri\/wp-json\/wp\/v2\/comments?post=7413"}],"version-history":[{"count":2,"href":"https:\/\/agora.xtec.cat\/ins-salasixandri\/wp-json\/wp\/v2\/pages\/7413\/revisions"}],"predecessor-version":[{"id":7417,"href":"https:\/\/agora.xtec.cat\/ins-salasixandri\/wp-json\/wp\/v2\/pages\/7413\/revisions\/7417"}],"wp:attachment":[{"href":"https:\/\/agora.xtec.cat\/ins-salasixandri\/wp-json\/wp\/v2\/media?parent=7413"}],"curies":[{"name":"wp","href":"https:\/\/api.w.org\/{rel}","templated":true}]}}