{"id":7373,"date":"2025-02-19T00:25:52","date_gmt":"2025-02-18T23:25:52","guid":{"rendered":"https:\/\/agora.xtec.cat\/ins-salasixandri\/?page_id=7373"},"modified":"2026-02-02T14:18:37","modified_gmt":"2026-02-02T13:18:37","slug":"linstitut","status":"publish","type":"page","link":"https:\/\/agora.xtec.cat\/ins-salasixandri\/linstitut\/","title":{"rendered":"L&#8217;institut"},"content":{"rendered":"<p><img loading=\"lazy\" decoding=\"async\" class=\"wp-image-6626 alignleft\" style=\"text-align: start;\" src=\"https:\/\/agora.xtec.cat\/ins-salasixandri\/wp-content\/uploads\/usu1444\/2025\/02\/teamwork.webp\" alt=\"\" width=\"442\" height=\"249\" srcset=\"https:\/\/agora.xtec.cat\/ins-salasixandri\/wp-content\/uploads\/usu1444\/2025\/02\/teamwork.webp 1920w, https:\/\/agora.xtec.cat\/ins-salasixandri\/wp-content\/uploads\/usu1444\/2025\/02\/teamwork-300x169.webp 300w, https:\/\/agora.xtec.cat\/ins-salasixandri\/wp-content\/uploads\/usu1444\/2025\/02\/teamwork-1024x576.webp 1024w, https:\/\/agora.xtec.cat\/ins-salasixandri\/wp-content\/uploads\/usu1444\/2025\/02\/teamwork-768x432.webp 768w, https:\/\/agora.xtec.cat\/ins-salasixandri\/wp-content\/uploads\/usu1444\/2025\/02\/teamwork-1536x864.webp 1536w\" sizes=\"auto, (max-width: 442px) 100vw, 442px\" \/><\/p>\n<p style=\"text-align: justify;\">L\u2019institut Salas i Xandri, d&#8217;en\u00e7\u00e0 que va obrir les portes fa 10 anys, s\u2019ha anat adaptant als reptes que la societat proposa per donar resposta a les necessitats de tot l&#8217;alumnat.<\/p>\n<p style=\"text-align: justify;\"><span style=\"font-family: inherit; font-size: 1em;\">S&#8217;ofereixen dues l\u00ednies de <strong>primer a quart d\u2019ESO<\/strong>. El tracte proper i el benestar emocional del nostre alumnat s\u00f3n punts forts del nostre projecte. Els acompanyem en moments clau, com la transici\u00f3 entre etapes o l\u2019orientaci\u00f3 cap als estudis postobligatoris, per aconseguir el seu \u00e8xit educatiu.<\/span><\/p>\n<p>La nostra <strong>metodologia<\/strong> combina el treball propi de les <strong>mat\u00e8ries<\/strong> amb els <strong>projectes<\/strong> interdisciplinaris per a aplicar el coneixement i rigor cient\u00edfic en situacions reals. El centre s\u2019organitza en <strong>\u00e0mbits<\/strong>: el ling\u00fc\u00edstic, l\u2019artisticosocial i el cientificotecnol\u00f2gic i els nostres materials did\u00e0ctics s\u00f3n variats.<\/p>\n<p>Preparem a l\u2019alumnat per l\u2019ara, i pels <strong>reptes futurs<\/strong>, posant \u00e8mfasi en la programaci\u00f3 i la rob\u00f2tica, la seguretat digital, el raonament matem\u00e0tic i computacional, les lleng\u00fces pr\u00f2pies, en l\u2019angl\u00e8s i franc\u00e8s, l\u2019emprenedoria, la compet\u00e8ncia social, aix\u00ed com en l\u2019art i l\u2019esport. L\u2019alumnat, fam\u00edlies i entorn formen part activa de la nostra comunitat educativa.<\/p>\n<p>L\u2019institut est\u00e0 en un entorn privilegiat envoltat de natura i disposa d\u2019espais amplis i llum natural que afavoreixen els aprenentatges.<\/p>\n","protected":false},"excerpt":{"rendered":"<p>L\u2019institut Salas i Xandri, d&#8217;en\u00e7\u00e0 que va obrir les portes fa 10 anys, s\u2019ha anat adaptant als reptes que la societat proposa per donar resposta a les necessitats de tot l&#8217;alumnat.<br \/>\nS&#8217;ofereixen dues l\u00ednies de primer a quart d\u2019ESO. El tracte proper i el benestar emocional&hellip;  <a href=\"https:\/\/agora.xtec.cat\/ins-salasixandri\/linstitut\/\" title=\"Read L&#8217;institut\">Llegeix m\u00e9s\u00bb<\/a><\/p>\n","protected":false},"author":1,"featured_media":0,"parent":0,"menu_order":0,"comment_status":"closed","ping_status":"closed","template":"","meta":{"_bbp_topic_count":0,"_bbp_reply_count":0,"_bbp_total_topic_count":0,"_bbp_total_reply_count":0,"_bbp_voice_count":0,"_bbp_anonymous_reply_count":0,"_bbp_topic_count_hidden":0,"_bbp_reply_count_hidden":0,"_bbp_forum_subforum_count":0,"footnotes":""},"class_list":["post-7373","page","type-page","status-publish","hentry"],"post_mailing_queue_ids":[],"_links":{"self":[{"href":"https:\/\/agora.xtec.cat\/ins-salasixandri\/wp-json\/wp\/v2\/pages\/7373","targetHints":{"allow":["GET"]}}],"collection":[{"href":"https:\/\/agora.xtec.cat\/ins-salasixandri\/wp-json\/wp\/v2\/pages"}],"about":[{"href":"https:\/\/agora.xtec.cat\/ins-salasixandri\/wp-json\/wp\/v2\/types\/page"}],"author":[{"embeddable":true,"href":"https:\/\/agora.xtec.cat\/ins-salasixandri\/wp-json\/wp\/v2\/users\/1"}],"replies":[{"embeddable":true,"href":"https:\/\/agora.xtec.cat\/ins-salasixandri\/wp-json\/wp\/v2\/comments?post=7373"}],"version-history":[{"count":5,"href":"https:\/\/agora.xtec.cat\/ins-salasixandri\/wp-json\/wp\/v2\/pages\/7373\/revisions"}],"predecessor-version":[{"id":7921,"href":"https:\/\/agora.xtec.cat\/ins-salasixandri\/wp-json\/wp\/v2\/pages\/7373\/revisions\/7921"}],"wp:attachment":[{"href":"https:\/\/agora.xtec.cat\/ins-salasixandri\/wp-json\/wp\/v2\/media?parent=7373"}],"curies":[{"name":"wp","href":"https:\/\/api.w.org\/{rel}","templated":true}]}}