{"id":6618,"date":"2025-02-15T21:33:25","date_gmt":"2025-02-15T20:33:25","guid":{"rendered":"https:\/\/agora.xtec.cat\/ins-salasixandri\/?page_id=6618"},"modified":"2025-02-15T22:21:20","modified_gmt":"2025-02-15T21:21:20","slug":"orientacio-i-convivencia","status":"publish","type":"page","link":"https:\/\/agora.xtec.cat\/ins-salasixandri\/orientacio-i-convivencia\/","title":{"rendered":"Orientaci\u00f3 i conviv\u00e8ncia"},"content":{"rendered":"<p><strong>Conviv\u00e8ncia de qualitat<\/strong><\/p>\n<p>L\u2019acompanyament i l\u2019acci\u00f3 tutorial s\u00f3n fonamentals. Per poder fer un seguiment de l&#8217;alumnat i vetllar pel seu benestar emocional, disposem de l\u2019<strong>equip d\u2019orientaci\u00f3<\/strong> que els donen <strong>suport psicopedag\u00f2gic<\/strong> i els acompanyen en la seva evoluci\u00f3 personal i acad\u00e8mica.<\/p>\n<p>Disposem de dues orientadores que es coordinen setmanalment amb l&#8217;EAP en la CAEI. Organitzen els Plans Individuals i supervisen les mesures i suports universals que s&#8217;apliquen en les programacions de centre.<\/p>\n<ul>\n<li>Coordinadora de primer i segon d&#8217;ESO.<\/li>\n<li>Coordinadora de tercer i quart d&#8217;ESO.<\/li>\n<\/ul>\n<p>La <strong>comissi\u00f3 de conviv\u00e8ncia<\/strong> vetlla pel benestar emocional de tota la comunitat educativa. S\u2019assegura del compliment de les normes del centre i desenvolupa estrat\u00e8gies preventives i de mediaci\u00f3 escolar per crear un entorn positiu d&#8217;aprenentatge i creixement personal.<\/p>\n<p>&nbsp;<\/p>\n","protected":false},"excerpt":{"rendered":"<p>Conviv\u00e8ncia de qualitat<br \/>\nL\u2019acompanyament i l\u2019acci\u00f3 tutorial s\u00f3n fonamentals. Per poder fer un seguiment de l&#8217;alumnat i vetllar pel seu benestar emocional, disposem de l\u2019equip d\u2019orientaci\u00f3 que els donen suport psicopedag\u00f2gic i els acompanyen en la seva evoluci\u00f3 personal i acad\u00e8mica.<br \/>\nDisposem de dues orientadores que es&hellip;  <a href=\"https:\/\/agora.xtec.cat\/ins-salasixandri\/orientacio-i-convivencia\/\" title=\"Read Orientaci\u00f3 i conviv\u00e8ncia\">Llegeix m\u00e9s\u00bb<\/a><\/p>\n","protected":false},"author":1,"featured_media":0,"parent":0,"menu_order":0,"comment_status":"closed","ping_status":"closed","template":"","meta":{"_bbp_topic_count":0,"_bbp_reply_count":0,"_bbp_total_topic_count":0,"_bbp_total_reply_count":0,"_bbp_voice_count":0,"_bbp_anonymous_reply_count":0,"_bbp_topic_count_hidden":0,"_bbp_reply_count_hidden":0,"_bbp_forum_subforum_count":0,"footnotes":""},"class_list":["post-6618","page","type-page","status-publish","hentry"],"post_mailing_queue_ids":[],"_links":{"self":[{"href":"https:\/\/agora.xtec.cat\/ins-salasixandri\/wp-json\/wp\/v2\/pages\/6618","targetHints":{"allow":["GET"]}}],"collection":[{"href":"https:\/\/agora.xtec.cat\/ins-salasixandri\/wp-json\/wp\/v2\/pages"}],"about":[{"href":"https:\/\/agora.xtec.cat\/ins-salasixandri\/wp-json\/wp\/v2\/types\/page"}],"author":[{"embeddable":true,"href":"https:\/\/agora.xtec.cat\/ins-salasixandri\/wp-json\/wp\/v2\/users\/1"}],"replies":[{"embeddable":true,"href":"https:\/\/agora.xtec.cat\/ins-salasixandri\/wp-json\/wp\/v2\/comments?post=6618"}],"version-history":[{"count":3,"href":"https:\/\/agora.xtec.cat\/ins-salasixandri\/wp-json\/wp\/v2\/pages\/6618\/revisions"}],"predecessor-version":[{"id":6635,"href":"https:\/\/agora.xtec.cat\/ins-salasixandri\/wp-json\/wp\/v2\/pages\/6618\/revisions\/6635"}],"wp:attachment":[{"href":"https:\/\/agora.xtec.cat\/ins-salasixandri\/wp-json\/wp\/v2\/media?parent=6618"}],"curies":[{"name":"wp","href":"https:\/\/api.w.org\/{rel}","templated":true}]}}